{"id":92,"date":"2020-10-09T15:29:56","date_gmt":"2020-10-09T13:29:56","guid":{"rendered":"http:\/\/www.dubisthlwhollabrunn.at\/?page_id=92"},"modified":"2022-03-08T22:28:20","modified_gmt":"2022-03-08T21:28:20","slug":"buchhaltungsprogramm-bmd","status":"publish","type":"page","link":"https:\/\/hlwhollabrunn.ac.at\/web2\/hlw\/zusatzqualifikationen\/buchhaltungsprogramm-bmd\/","title":{"rendered":"BMD"},"content":{"rendered":"\n<p>BMD ist eine <span class=\"hervor\">Buchhaltungssoftware<\/span>, die gr\u00f6\u00dftenteils von Steuerberatern, Klein- und Mittelbetrieben verwendet wird.&nbsp;<\/p>\n\n\n\n<div class=\"wp-block-image is-style-rounded\"><figure class=\"alignright size-large is-resized\"><img decoding=\"async\" src=\"https:\/\/hlwhollabrunn.ac.at\/web2\/wp-content\/uploads\/2022\/02\/BMD_Logo-936x342.png\" alt=\"BMD Business Software\" class=\"wp-image-16189\" width=\"260\" srcset=\"https:\/\/hlwhollabrunn.ac.at\/web2\/wp-content\/uploads\/2022\/02\/BMD_Logo-936x342.png 936w, https:\/\/hlwhollabrunn.ac.at\/web2\/wp-content\/uploads\/2022\/02\/BMD_Logo-632x231.png 632w, https:\/\/hlwhollabrunn.ac.at\/web2\/wp-content\/uploads\/2022\/02\/BMD_Logo-200x73.png 200w, https:\/\/hlwhollabrunn.ac.at\/web2\/wp-content\/uploads\/2022\/02\/BMD_Logo-768x280.png 768w, https:\/\/hlwhollabrunn.ac.at\/web2\/wp-content\/uploads\/2022\/02\/BMD_Logo.png 1200w\" sizes=\"(max-width: 936px) 100vw, 936px\" \/><\/figure><\/div>\n\n\n\n<p>Immer h\u00e4ufiger werden bei Stellenanzeigen Kenntnisse der BMD Business Software vorausgesetzt. Daher erh\u00e4ltst du durch die Zusatzqualifikation \u201eBMD Zertifizierung\u201c eine optimale Berufsvorbereitung, da das theoretische Fachwissen vom Unterrichtsfach Rechnungswesen und Controlling in die Praxis umgesetzt werden kann.&nbsp;<\/p>\n\n\n\n<div class=\"wp-block-image is-style-rounded\"><figure class=\"alignleft size-full\"><img loading=\"lazy\" decoding=\"async\" width=\"330\" height=\"330\" src=\"https:\/\/hlwhollabrunn.ac.at\/web2\/wp-content\/uploads\/2022\/02\/bmd_330_compressed.jpg\" alt=\"BMD-Award\" class=\"wp-image-16856\" srcset=\"https:\/\/hlwhollabrunn.ac.at\/web2\/wp-content\/uploads\/2022\/02\/bmd_330_compressed.jpg 330w, https:\/\/hlwhollabrunn.ac.at\/web2\/wp-content\/uploads\/2022\/02\/bmd_330_compressed-200x200.jpg 200w\" sizes=\"auto, (max-width: 330px) 100vw, 330px\" \/><\/figure><\/div>\n\n\n\n<p>Der Unterricht, der im Ausma\u00df von zwei Wochenstunden im 5. Jahrgang in geblockter Form stattfindet, ist in einzelne Lehreinheiten aufgebaut, in denen jeweils die im Buch dargestellten Praxisf\u00e4lle in den Bereichen Finanzbuchhaltung, Warenwirtschaft und Personalverrechnung mit der BMD Software&nbsp;bearbeitet werden.&nbsp;<\/p>\n\n\n\n<p>Du hast zus\u00e4tzlich die M\u00f6glichkeit, das erworbene Fachwissen in diesen&nbsp;drei Fachbereichen bei einer <span class=\"hervor\">Online-Zertifizierung<\/span>&nbsp;unter Beweis zu stellen.&nbsp;<\/p>\n\n\n\n<p>Nach bestandener Pr\u00fcfung erh\u00e4ltst du ein Original BMD-Zertifikat, welches in Wirtschaftskreisen bereits einen hohen Stellenwert hat und sich in jedem Bewerbungsschreiben gut macht.&nbsp;<\/p>\n\n\n\n<hr class=\"wp-block-separator is-style-dots\"\/>\n\n\n\n<div class=\"wp-block-uagb-testimonial uagb-testomonial__outer-wrap uagb-slick-carousel uagb-tm__arrow-outside uagb-block-4ba52074\"><div class=\"is-carousel uagb-tm__columns-1 uagb-tm__items\"><div class=\"uagb-testimonial__wrap  uagb-tm__imgicon-style-circle uagb-tm__image-position-left uagb-tm__image-aligned-top uagb-tm-stacked-tablet uagb-tm__bg-type-undefined \"><div class=\"uagb-tm__content\"><div class=\"uagb-tm__overlay\"><\/div><div class=\"uagb-tm__image-content\"><div class=\"uagb-tm__image\"><img decoding=\"async\" class=\"uagb-tm-img-src\" src=\"https:\/\/hlwhollabrunn.ac.at\/web2\/wp-content\/uploads\/2022\/02\/kienzl_laura_compressed.jpg\" alt=\"Laura Kienzl\"\/><\/div><\/div><div class=\"uagb-tm__text-wrap\"><div class=\"uagb-testinomial-text-wrap\"><div class=\"uagb-tm__desc\">Die Zusatzqualifikation BMD ist eine sehr gute Einstiegsm\u00f6glichkeit in das Wirtschaftsleben. Die Pr\u00fcfung am Ende des Jahres, macht sich dann dementsprechend gut im Lebenslauf!<\/div><\/div><div class=\"uagb-tm__meta\"><div class=\"uagb-tm__meta-inner\"><div class=\"uagb-testimonial-details\"><span class=\"uagb-tm__author-name\">Laura<\/span><span class=\"uagb-tm__company\">5BHLW<\/span><\/div><\/div><\/div><\/div><\/div><\/div><\/div><\/div>\n\n\n\n<p><a href=\"https:\/\/hlwhollabrunn.ac.at\/web2\/hlw\/zusatzqualifikationen\/buchhaltungsprogramm-bmd\/\">ZQ BMD<\/a> | <a href=\"https:\/\/hlwhollabrunn.ac.at\/web2\/hlw\/zusatzqualifikationen\/business-english\/\">ZQ Business English<\/a> | <a href=\"https:\/\/hlwhollabrunn.ac.at\/web2\/hlw\/zusatzqualifikationen\/instruktor-fit-animation\/\">ZQ Instruktur Fit Animation<\/a> | <a href=\"https:\/\/hlwhollabrunn.ac.at\/web2\/hlw\/zusatzqualifikationen\/jungbarkeeper-in\/\">ZQ Jungbaarkeeper:in<\/a> | <a href=\"https:\/\/hlwhollabrunn.ac.at\/web2\/hlw\/zusatzqualifikationen\/jungpatissier-iere\/\">Jungpatissier:i\u00e8re<\/a> | <a href=\"https:\/\/hlwhollabrunn.ac.at\/web2\/hlw\/zusatzqualifikationen\/jungsommelier\/\">ZQ Jungsommelier:i\u00e8re<\/a> | <a href=\"https:\/\/hlwhollabrunn.ac.at\/web2\/hlw\/zusatzqualifikationen\/kaffeekenner\/\">Kaffeekenner:in<\/a> | <a href=\"https:\/\/hlwhollabrunn.ac.at\/web2\/hlw\/zusatzqualifikationen\/kulturvermittler\/\">Kulturvermittler:in<\/a> | <a href=\"https:\/\/hlwhollabrunn.ac.at\/web2\/hlw\/zusatzqualifikationen\/peer-mediation\/\">ZQ Peer-Mediation<\/a> | <a href=\"https:\/\/hlwhollabrunn.ac.at\/web2\/hlw\/zusatzqualifikationen\/vegan-vegetarische-fachkraft\/\">ZQ Vegan-vegetarische Fachkraft<\/a><\/p>\n","protected":false},"excerpt":{"rendered":"<p>BMD ist eine Buchhaltungssoftware, die gr\u00f6\u00dftenteils von Steuerberatern, Klein- und Mittelbetrieben verwendet wird.&nbsp; Immer h\u00e4ufiger werden bei Stellenanzeigen Kenntnisse der BMD Business Software vorausgesetzt. Daher &#8230; <\/p>\n<p class=\"read-more-container\"><a title=\"BMD\" class=\"read-more button\" href=\"https:\/\/hlwhollabrunn.ac.at\/web2\/hlw\/zusatzqualifikationen\/buchhaltungsprogramm-bmd\/#more-92\" aria-label=\"Mehr Informationen \u00fcber BMD\">Weiterlesen &#8230;<\/a><\/p>\n","protected":false},"author":1,"featured_media":0,"parent":544,"menu_order":8,"comment_status":"closed","ping_status":"closed","template":"","meta":{"_uag_custom_page_level_css":"","footnotes":""},"wf_page_folders":[112],"class_list":{"0":"post-92","1":"page","2":"type-page","3":"status-publish","5":"no-featured-image-padding"},"uagb_featured_image_src":{"full":false,"thumbnail":false,"medium":false,"medium_large":false,"large":false,"1536x1536":false,"2048x2048":false,"sow-carousel-default":false},"uagb_author_info":{"display_name":"Leo Ertl - HLW Hollabrunn","author_link":"https:\/\/hlwhollabrunn.ac.at\/web2\/author\/leoertl_cupar_17\/"},"uagb_comment_info":0,"uagb_excerpt":"BMD ist eine Buchhaltungssoftware, die gr\u00f6\u00dftenteils von Steuerberatern, Klein- und Mittelbetrieben verwendet wird.&nbsp; Immer h\u00e4ufiger werden bei Stellenanzeigen Kenntnisse der BMD Business Software vorausgesetzt. Daher ... Weiterlesen ...","_links":{"self":[{"href":"https:\/\/hlwhollabrunn.ac.at\/web2\/wp-json\/wp\/v2\/pages\/92","targetHints":{"allow":["GET"]}}],"collection":[{"href":"https:\/\/hlwhollabrunn.ac.at\/web2\/wp-json\/wp\/v2\/pages"}],"about":[{"href":"https:\/\/hlwhollabrunn.ac.at\/web2\/wp-json\/wp\/v2\/types\/page"}],"author":[{"embeddable":true,"href":"https:\/\/hlwhollabrunn.ac.at\/web2\/wp-json\/wp\/v2\/users\/1"}],"replies":[{"embeddable":true,"href":"https:\/\/hlwhollabrunn.ac.at\/web2\/wp-json\/wp\/v2\/comments?post=92"}],"version-history":[{"count":12,"href":"https:\/\/hlwhollabrunn.ac.at\/web2\/wp-json\/wp\/v2\/pages\/92\/revisions"}],"predecessor-version":[{"id":17189,"href":"https:\/\/hlwhollabrunn.ac.at\/web2\/wp-json\/wp\/v2\/pages\/92\/revisions\/17189"}],"up":[{"embeddable":true,"href":"https:\/\/hlwhollabrunn.ac.at\/web2\/wp-json\/wp\/v2\/pages\/544"}],"wp:attachment":[{"href":"https:\/\/hlwhollabrunn.ac.at\/web2\/wp-json\/wp\/v2\/media?parent=92"}],"wp:term":[{"taxonomy":"wf_page_folders","embeddable":true,"href":"https:\/\/hlwhollabrunn.ac.at\/web2\/wp-json\/wp\/v2\/wf_page_folders?post=92"}],"curies":[{"name":"wp","href":"https:\/\/api.w.org\/{rel}","templated":true}]}}