{"id":554,"date":"2020-10-09T15:28:03","date_gmt":"2020-10-09T13:28:03","guid":{"rendered":"http:\/\/www.dubisthlwhollabrunn.at\/?page_id=88"},"modified":"2022-03-08T22:27:40","modified_gmt":"2022-03-08T21:27:40","slug":"instruktor-fit-animation","status":"publish","type":"page","link":"https:\/\/hlwhollabrunn.ac.at\/web2\/hlw\/zusatzqualifikationen\/instruktor-fit-animation\/","title":{"rendered":"Instruktor Fit Animation"},"content":{"rendered":"\n<p>Wenn du die Vertiefung \u201eWellness\u201c gew\u00e4hlt hast, gibt es f\u00fcr dich die M\u00f6glichkeit,&nbsp;die Ausbildung&nbsp;zum&nbsp;<span class=\"hervor\">Instruktor Fit Animation<\/span> an der Bundessportakademie Linz&nbsp;zu machen.<\/p>\n\n\n\n<p>Die Ausbildung schlie\u00dft mit einem staatlichen Zeugnis ab.&nbsp;Diese Qualifikation erm\u00f6glicht die Arbeit in Vereinen, in&nbsp;Wellnessbetrieben, bei Gemeinden, Fitnessstudios,&nbsp;etc.&nbsp;Auf die erforderlichen Pr\u00fcfungen wird im 3. und 4. Jahrgang in einer Doppelstunde vorbereitet und trainiert.<\/p>\n\n\n\n<p>Am Beginn des&nbsp;4. Jahrgangs&nbsp;findet die 1. Ausbildungswoche im Bundessportzentrum&nbsp;Obertraun&nbsp;statt. Die 2. Ausbildungswoche ist dann in der Woche der Semesterferien in der Bundessportakademie Linz und die abschlie\u00dfende, staatliche Pr\u00fcfung folgt im M\u00e4rz.&nbsp;<\/p>\n\n\n\n<figure class=\"wp-block-gallery has-nested-images columns-4 is-cropped wp-block-gallery-1 is-layout-flex wp-block-gallery-is-layout-flex\">\n<figure class=\"wp-block-image size-large is-style-rounded\"><img loading=\"lazy\" decoding=\"async\" width=\"330\" height=\"330\" data-id=\"16226\" src=\"https:\/\/hlwhollabrunn.ac.at\/web2\/wp-content\/uploads\/2022\/02\/Fit1_compressed.jpg\" alt=\"Instruktur Fit Animation\" class=\"wp-image-16226\" srcset=\"https:\/\/hlwhollabrunn.ac.at\/web2\/wp-content\/uploads\/2022\/02\/Fit1_compressed.jpg 330w, https:\/\/hlwhollabrunn.ac.at\/web2\/wp-content\/uploads\/2022\/02\/Fit1_compressed-200x200.jpg 200w\" sizes=\"auto, (max-width: 330px) 100vw, 330px\" \/><\/figure>\n\n\n\n<figure class=\"wp-block-image size-large is-style-rounded\"><img loading=\"lazy\" decoding=\"async\" width=\"330\" height=\"330\" data-id=\"16227\" src=\"https:\/\/hlwhollabrunn.ac.at\/web2\/wp-content\/uploads\/2022\/02\/fit2_compressed.jpg\" alt=\"Instruktur Fit Animation\" class=\"wp-image-16227\" srcset=\"https:\/\/hlwhollabrunn.ac.at\/web2\/wp-content\/uploads\/2022\/02\/fit2_compressed.jpg 330w, https:\/\/hlwhollabrunn.ac.at\/web2\/wp-content\/uploads\/2022\/02\/fit2_compressed-200x200.jpg 200w\" sizes=\"auto, (max-width: 330px) 100vw, 330px\" \/><\/figure>\n\n\n\n<figure class=\"wp-block-image size-large is-style-rounded\"><img loading=\"lazy\" decoding=\"async\" width=\"330\" height=\"330\" data-id=\"16228\" src=\"https:\/\/hlwhollabrunn.ac.at\/web2\/wp-content\/uploads\/2022\/02\/Fit3_compressed.jpg\" alt=\"Instruktur Fit Animation\" class=\"wp-image-16228\" srcset=\"https:\/\/hlwhollabrunn.ac.at\/web2\/wp-content\/uploads\/2022\/02\/Fit3_compressed.jpg 330w, https:\/\/hlwhollabrunn.ac.at\/web2\/wp-content\/uploads\/2022\/02\/Fit3_compressed-200x200.jpg 200w\" sizes=\"auto, (max-width: 330px) 100vw, 330px\" \/><\/figure>\n\n\n\n<figure class=\"wp-block-image size-large is-style-rounded\"><img loading=\"lazy\" decoding=\"async\" width=\"330\" height=\"330\" data-id=\"16229\" src=\"https:\/\/hlwhollabrunn.ac.at\/web2\/wp-content\/uploads\/2022\/02\/fit4_compressed.jpg\" alt=\"Instruktur Fit Animation\" class=\"wp-image-16229\" srcset=\"https:\/\/hlwhollabrunn.ac.at\/web2\/wp-content\/uploads\/2022\/02\/fit4_compressed.jpg 330w, https:\/\/hlwhollabrunn.ac.at\/web2\/wp-content\/uploads\/2022\/02\/fit4_compressed-200x200.jpg 200w\" sizes=\"auto, (max-width: 330px) 100vw, 330px\" \/><\/figure>\n<\/figure>\n\n\n\n<hr class=\"wp-block-separator is-style-dots\"\/>\n\n\n\n<div class=\"wp-block-uagb-testimonial uagb-testomonial__outer-wrap uagb-slick-carousel uagb-tm__arrow-outside uagb-block-457f6c5d\"><div class=\"is-carousel uagb-tm__columns-1 uagb-tm__items\"><div class=\"uagb-testimonial__wrap  uagb-tm__imgicon-style-circle uagb-tm__image-position-left uagb-tm__image-aligned-top uagb-tm-stacked-tablet uagb-tm__bg-type-undefined \"><div class=\"uagb-tm__content\"><div class=\"uagb-tm__overlay\"><\/div><div class=\"uagb-tm__image-content\"><div class=\"uagb-tm__image\"><img decoding=\"async\" class=\"uagb-tm-img-src\" src=\"https:\/\/hlwhollabrunn.ac.at\/web2\/wp-content\/uploads\/2022\/02\/puchwein_felix_430_compressed.jpg\" alt=\"Felix Puchwein\"\/><\/div><\/div><div class=\"uagb-tm__text-wrap\"><div class=\"uagb-testinomial-text-wrap\"><div class=\"uagb-tm__desc\">Ich habe die Fitness Instruktor Pr\u00fcfung gemacht, weil ich nachher Physiotherapie studieren will. Man lernt sehr viel \u00fcber Sport, den K\u00f6rper und nimmt sehr viel menschlich mit. W\u00e4hrend dieser Ausbildung lernt man viel im sportlichen Bereich und kann sich auf diesen Grundlagen gut weiterentwickeln.<\/div><\/div><div class=\"uagb-tm__meta\"><div class=\"uagb-tm__meta-inner\"><div class=\"uagb-testimonial-details\"><span class=\"uagb-tm__author-name\">Felix<\/span><span class=\"uagb-tm__company\">5AHLW<\/span><\/div><\/div><\/div><\/div><\/div><\/div><\/div><\/div>\n\n\n\n<p><a href=\"https:\/\/hlwhollabrunn.ac.at\/web2\/hlw\/zusatzqualifikationen\/buchhaltungsprogramm-bmd\/\">ZQ BMD<\/a> | <a href=\"https:\/\/hlwhollabrunn.ac.at\/web2\/hlw\/zusatzqualifikationen\/business-english\/\">ZQ Business English<\/a> | <a href=\"https:\/\/hlwhollabrunn.ac.at\/web2\/hlw\/zusatzqualifikationen\/instruktor-fit-animation\/\">ZQ Instruktur Fit Animation<\/a> | <a href=\"https:\/\/hlwhollabrunn.ac.at\/web2\/hlw\/zusatzqualifikationen\/jungbarkeeper-in\/\">ZQ Jungbaarkeeper:in<\/a> | <a href=\"https:\/\/hlwhollabrunn.ac.at\/web2\/hlw\/zusatzqualifikationen\/jungpatissier-iere\/\">Jungpatissier:i\u00e8re<\/a> | <a href=\"https:\/\/hlwhollabrunn.ac.at\/web2\/hlw\/zusatzqualifikationen\/jungsommelier\/\">ZQ Jungsommelier:i\u00e8re<\/a> | <a href=\"https:\/\/hlwhollabrunn.ac.at\/web2\/hlw\/zusatzqualifikationen\/kaffeekenner\/\">Kaffeekenner:in<\/a> | <a href=\"https:\/\/hlwhollabrunn.ac.at\/web2\/hlw\/zusatzqualifikationen\/kulturvermittler\/\">Kulturvermittler:in<\/a> | <a href=\"https:\/\/hlwhollabrunn.ac.at\/web2\/hlw\/zusatzqualifikationen\/peer-mediation\/\">ZQ Peer-Mediation<\/a> | <a href=\"https:\/\/hlwhollabrunn.ac.at\/web2\/hlw\/zusatzqualifikationen\/vegan-vegetarische-fachkraft\/\">ZQ Vegan-vegetarische Fachkraft<\/a><\/p>\n","protected":false},"excerpt":{"rendered":"<p>Wenn du die Vertiefung \u201eWellness\u201c gew\u00e4hlt hast, gibt es f\u00fcr dich die M\u00f6glichkeit,&nbsp;die Ausbildung&nbsp;zum&nbsp;Instruktor Fit Animation an der Bundessportakademie Linz&nbsp;zu machen. Die Ausbildung schlie\u00dft mit &#8230; <\/p>\n<p class=\"read-more-container\"><a title=\"Instruktor Fit Animation\" class=\"read-more button\" href=\"https:\/\/hlwhollabrunn.ac.at\/web2\/hlw\/zusatzqualifikationen\/instruktor-fit-animation\/#more-554\" aria-label=\"Mehr Informationen \u00fcber Instruktor Fit Animation\">Weiterlesen &#8230;<\/a><\/p>\n","protected":false},"author":1,"featured_media":0,"parent":544,"menu_order":6,"comment_status":"closed","ping_status":"closed","template":"","meta":{"_uag_custom_page_level_css":"","footnotes":""},"wf_page_folders":[112],"class_list":{"0":"post-554","1":"page","2":"type-page","3":"status-publish","5":"no-featured-image-padding"},"uagb_featured_image_src":{"full":false,"thumbnail":false,"medium":false,"medium_large":false,"large":false,"1536x1536":false,"2048x2048":false,"sow-carousel-default":false},"uagb_author_info":{"display_name":"Leo Ertl - HLW Hollabrunn","author_link":"https:\/\/hlwhollabrunn.ac.at\/web2\/author\/leoertl_cupar_17\/"},"uagb_comment_info":0,"uagb_excerpt":"Wenn du die Vertiefung \u201eWellness\u201c gew\u00e4hlt hast, gibt es f\u00fcr dich die M\u00f6glichkeit,&nbsp;die Ausbildung&nbsp;zum&nbsp;Instruktor Fit Animation an der Bundessportakademie Linz&nbsp;zu machen. Die Ausbildung schlie\u00dft mit ... Weiterlesen ...","_links":{"self":[{"href":"https:\/\/hlwhollabrunn.ac.at\/web2\/wp-json\/wp\/v2\/pages\/554","targetHints":{"allow":["GET"]}}],"collection":[{"href":"https:\/\/hlwhollabrunn.ac.at\/web2\/wp-json\/wp\/v2\/pages"}],"about":[{"href":"https:\/\/hlwhollabrunn.ac.at\/web2\/wp-json\/wp\/v2\/types\/page"}],"author":[{"embeddable":true,"href":"https:\/\/hlwhollabrunn.ac.at\/web2\/wp-json\/wp\/v2\/users\/1"}],"replies":[{"embeddable":true,"href":"https:\/\/hlwhollabrunn.ac.at\/web2\/wp-json\/wp\/v2\/comments?post=554"}],"version-history":[{"count":11,"href":"https:\/\/hlwhollabrunn.ac.at\/web2\/wp-json\/wp\/v2\/pages\/554\/revisions"}],"predecessor-version":[{"id":17187,"href":"https:\/\/hlwhollabrunn.ac.at\/web2\/wp-json\/wp\/v2\/pages\/554\/revisions\/17187"}],"up":[{"embeddable":true,"href":"https:\/\/hlwhollabrunn.ac.at\/web2\/wp-json\/wp\/v2\/pages\/544"}],"wp:attachment":[{"href":"https:\/\/hlwhollabrunn.ac.at\/web2\/wp-json\/wp\/v2\/media?parent=554"}],"wp:term":[{"taxonomy":"wf_page_folders","embeddable":true,"href":"https:\/\/hlwhollabrunn.ac.at\/web2\/wp-json\/wp\/v2\/wf_page_folders?post=554"}],"curies":[{"name":"wp","href":"https:\/\/api.w.org\/{rel}","templated":true}]}}