{"id":553,"date":"2020-10-09T15:27:00","date_gmt":"2020-10-09T13:27:00","guid":{"rendered":"http:\/\/www.dubisthlwhollabrunn.at\/?page_id=86"},"modified":"2022-03-08T23:03:23","modified_gmt":"2022-03-08T22:03:23","slug":"peer-mediation","status":"publish","type":"page","link":"https:\/\/hlwhollabrunn.ac.at\/web2\/hlw\/zusatzqualifikationen\/peer-mediation\/","title":{"rendered":"Peer-Mediation"},"content":{"rendered":"\n<div class=\"wp-block-image is-style-rounded\"><figure class=\"alignleft size-full is-resized\"><img loading=\"lazy\" decoding=\"async\" src=\"https:\/\/hlwhollabrunn.ac.at\/web2\/wp-content\/uploads\/2022\/02\/mediation2_compressed.jpg\" alt=\"Peer_Mediation\" class=\"wp-image-16314\" width=\"330\" height=\"330\" srcset=\"https:\/\/hlwhollabrunn.ac.at\/web2\/wp-content\/uploads\/2022\/02\/mediation2_compressed.jpg 439w, https:\/\/hlwhollabrunn.ac.at\/web2\/wp-content\/uploads\/2022\/02\/mediation2_compressed-200x200.jpg 200w, https:\/\/hlwhollabrunn.ac.at\/web2\/wp-content\/uploads\/2022\/02\/mediation2_compressed-400x400.jpg 400w\" sizes=\"auto, (max-width: 330px) 100vw, 330px\" \/><\/figure><\/div>\n\n\n\n<p>Die Zusatzqualifikation Peer Mediation erm\u00f6glicht den Sch\u00fclerinnen und Sch\u00fclern eine zus\u00e4tzliche Qualifikation im sozialen Bereich. Im Rahmen der Ausbildung lernen die Sch\u00fclerinnen und Sch\u00fcler, wie man gewaltfrei miteinander kommuniziert und konstruktiv mit Konflikten&nbsp;umgeht.&nbsp;Den Sch\u00fclerinnen und Sch\u00fclern wird der Ablauf eines Mediationsgespr\u00e4ches in Theorie und Praxis (Rollenspiele) n\u00e4hergebracht.&nbsp;Im Bedarfsfall f\u00fchren die ausgebildeten Peers in der Schule selbst Mediationsgespr\u00e4che durch.&nbsp;Nach erfolgreichem Abschluss der Zusatzqualifikation k\u00f6nnen sich die Sch\u00fclerinnen und Sch\u00fcler vom \u00d6BM (\u00d6sterreichischer Bundesverband f\u00fcr Mediation) zertifizieren lassen.&nbsp;&nbsp;<\/p>\n\n\n\n<p>Durch die Ausbildung lernen sich die Sch\u00fcler und Sch\u00fclerinnen selbst besser kennen, gehen achtsamer miteinander um und k\u00f6nnen daher in Konfliktsituationen deeskalierend handeln. Diese Schl\u00fcsselkompetenzen sind in den unterschiedlichsten Berufen gefragt und erleichtern das Arbeiten in Teams.&nbsp;<\/p>\n\n\n\n<div class=\"wp-block-image is-style-rounded\"><figure class=\"alignright size-full is-resized\"><img loading=\"lazy\" decoding=\"async\" src=\"https:\/\/hlwhollabrunn.ac.at\/web2\/wp-content\/uploads\/2022\/02\/mediation1_compressed.jpg\" alt=\"Peer_Mediation\" class=\"wp-image-16316\" width=\"222\" height=\"222\" srcset=\"https:\/\/hlwhollabrunn.ac.at\/web2\/wp-content\/uploads\/2022\/02\/mediation1_compressed.jpg 396w, https:\/\/hlwhollabrunn.ac.at\/web2\/wp-content\/uploads\/2022\/02\/mediation1_compressed-200x200.jpg 200w\" sizes=\"auto, (max-width: 222px) 100vw, 222px\" \/><\/figure><\/div>\n\n\n\n<p>Die Ausbildung zum Peer Mediator\/zur Peer Mediatorin erfolgt im zweiten Semester des 3. Jahrganges sowie im 1. Semester des 4. Jahrganges und umfasst 60 Unterrichtseinheiten.&nbsp;Der Unterricht findet geblockt in unregelm\u00e4\u00dfigen Abst\u00e4nden statt. Ein wichtiger Bestandteil der Ausbildung ist ein zweit\u00e4giges Blockseminar, das nicht in der Schule stattfindet und an dem jede\/r teilnehmen muss.&nbsp;&nbsp;<\/p>\n\n\n\n<p>Zwei der Hauptaufgaben der Peer-Mediationsgruppe sind&nbsp;zum&nbsp;einen die Organisation und Durchf\u00fchrung des Buddy Days in den ersten Klassen sowie zum anderen die Betreuung der Schnuppersch\u00fcler und -sch\u00fclerinnen.&nbsp;&nbsp;<\/p>\n\n\n\n<div class=\"wp-block-uagb-testimonial uagb-testomonial__outer-wrap uagb-slick-carousel uagb-tm__arrow-outside uagb-block-74ba3a49\"><div class=\"is-carousel uagb-tm__columns-1 uagb-tm__items\"><div class=\"uagb-testimonial__wrap  uagb-tm__imgicon-style-circle uagb-tm__image-position-left uagb-tm__image-aligned-top uagb-tm-stacked-tablet uagb-tm__bg-type-undefined \"><div class=\"uagb-tm__content\"><div class=\"uagb-tm__overlay\"><\/div><div class=\"uagb-tm__image-content\"><div class=\"uagb-tm__image\"><img decoding=\"async\" class=\"uagb-tm-img-src\" src=\"https:\/\/hlwhollabrunn.ac.at\/web2\/wp-content\/uploads\/2022\/02\/ibi_jasmin_compressed.jpg\" alt=\"Jasmin Ibi\"\/><\/div><\/div><div class=\"uagb-tm__text-wrap\"><div class=\"uagb-testinomial-text-wrap\"><div class=\"uagb-tm__desc\">Ich finde Peer Mediation gro\u00dfartig, weil man lernt, in einer Gruppe zu arbeiten und wie man zwei Streitpartner zu einer L\u00f6sung f\u00fchren kann. Auch f\u00fcr meine Zukunft kann diese Ausbildung sehr wichtig sein.<\/div><\/div><div class=\"uagb-tm__meta\"><div class=\"uagb-tm__meta-inner\"><div class=\"uagb-testimonial-details\"><span class=\"uagb-tm__author-name\">Jasmin<\/span><span class=\"uagb-tm__company\">5BHLW<br><\/span><\/div><\/div><\/div><\/div><\/div><\/div><div class=\"uagb-testimonial__wrap  uagb-tm__imgicon-style-circle uagb-tm__image-position-left uagb-tm__image-aligned-top uagb-tm-stacked-tablet uagb-tm__bg-type-undefined \"><div class=\"uagb-tm__content\"><div class=\"uagb-tm__overlay\"><\/div><div class=\"uagb-tm__image-content\"><div class=\"uagb-tm__image\"><img decoding=\"async\" class=\"uagb-tm-img-src\" src=\"https:\/\/hlwhollabrunn.ac.at\/web2\/wp-content\/uploads\/2022\/02\/binder_carina_compressed.jpg\" alt=\"Carina Binder\"\/><\/div><\/div><div class=\"uagb-tm__text-wrap\"><div class=\"uagb-testinomial-text-wrap\"><div class=\"uagb-tm__desc\">Als Peer Mediator habe ich die F\u00e4higkeit, Konflikte zwischen anderen Sch\u00fclern konstruktiv und unparteiisch zu l\u00f6sen. Durch die Ausbildung habe ich ein h\u00f6heres Selbstwertgef\u00fchl.<\/div><\/div><div class=\"uagb-tm__meta\"><div class=\"uagb-tm__meta-inner\"><div class=\"uagb-testimonial-details\"><span class=\"uagb-tm__author-name\">Carina<\/span><span class=\"uagb-tm__company\">5BHLW<\/span><\/div><\/div><\/div><\/div><\/div><\/div><\/div><\/div>\n\n\n\n<p><a href=\"https:\/\/hlwhollabrunn.ac.at\/web2\/hlw\/zusatzqualifikationen\/buchhaltungsprogramm-bmd\/\">ZQ BMD<\/a> | <a href=\"https:\/\/hlwhollabrunn.ac.at\/web2\/hlw\/zusatzqualifikationen\/business-english\/\">ZQ Business English<\/a> | <a href=\"https:\/\/hlwhollabrunn.ac.at\/web2\/hlw\/zusatzqualifikationen\/instruktor-fit-animation\/\">ZQ Instruktur Fit Animation<\/a> | <a href=\"https:\/\/hlwhollabrunn.ac.at\/web2\/hlw\/zusatzqualifikationen\/jungbarkeeper-in\/\">ZQ Jungbaarkeeper:in<\/a> | <a href=\"https:\/\/hlwhollabrunn.ac.at\/web2\/hlw\/zusatzqualifikationen\/jungpatissier-iere\/\">Jungpatissier:i\u00e8re<\/a> | <a href=\"https:\/\/hlwhollabrunn.ac.at\/web2\/hlw\/zusatzqualifikationen\/jungsommelier\/\">ZQ Jungsommelier:i\u00e8re<\/a> | <a href=\"https:\/\/hlwhollabrunn.ac.at\/web2\/hlw\/zusatzqualifikationen\/kaffeekenner\/\">Kaffeekenner:in<\/a> | <a href=\"https:\/\/hlwhollabrunn.ac.at\/web2\/hlw\/zusatzqualifikationen\/kulturvermittler\/\">Kulturvermittler:in<\/a> | <a href=\"https:\/\/hlwhollabrunn.ac.at\/web2\/hlw\/zusatzqualifikationen\/peer-mediation\/\">ZQ Peer-Mediation<\/a> | <a href=\"https:\/\/hlwhollabrunn.ac.at\/web2\/hlw\/zusatzqualifikationen\/vegan-vegetarische-fachkraft\/\">ZQ Vegan-vegetarische Fachkraft<\/a><\/p>\n","protected":false},"excerpt":{"rendered":"<p>Die Zusatzqualifikation Peer Mediation erm\u00f6glicht den Sch\u00fclerinnen und Sch\u00fclern eine zus\u00e4tzliche Qualifikation im sozialen Bereich. Im Rahmen der Ausbildung lernen die Sch\u00fclerinnen und Sch\u00fcler, wie &#8230; <\/p>\n<p class=\"read-more-container\"><a title=\"Peer-Mediation\" class=\"read-more button\" href=\"https:\/\/hlwhollabrunn.ac.at\/web2\/hlw\/zusatzqualifikationen\/peer-mediation\/#more-553\" aria-label=\"Mehr Informationen \u00fcber Peer-Mediation\">Weiterlesen &#8230;<\/a><\/p>\n","protected":false},"author":1,"featured_media":0,"parent":544,"menu_order":5,"comment_status":"closed","ping_status":"closed","template":"","meta":{"_uag_custom_page_level_css":"","footnotes":""},"wf_page_folders":[112],"class_list":{"0":"post-553","1":"page","2":"type-page","3":"status-publish","5":"no-featured-image-padding"},"uagb_featured_image_src":{"full":false,"thumbnail":false,"medium":false,"medium_large":false,"large":false,"1536x1536":false,"2048x2048":false,"sow-carousel-default":false},"uagb_author_info":{"display_name":"Leo Ertl - HLW Hollabrunn","author_link":"https:\/\/hlwhollabrunn.ac.at\/web2\/author\/leoertl_cupar_17\/"},"uagb_comment_info":0,"uagb_excerpt":"Die Zusatzqualifikation Peer Mediation erm\u00f6glicht den Sch\u00fclerinnen und Sch\u00fclern eine zus\u00e4tzliche Qualifikation im sozialen Bereich. Im Rahmen der Ausbildung lernen die Sch\u00fclerinnen und Sch\u00fcler, wie ... Weiterlesen ...","_links":{"self":[{"href":"https:\/\/hlwhollabrunn.ac.at\/web2\/wp-json\/wp\/v2\/pages\/553","targetHints":{"allow":["GET"]}}],"collection":[{"href":"https:\/\/hlwhollabrunn.ac.at\/web2\/wp-json\/wp\/v2\/pages"}],"about":[{"href":"https:\/\/hlwhollabrunn.ac.at\/web2\/wp-json\/wp\/v2\/types\/page"}],"author":[{"embeddable":true,"href":"https:\/\/hlwhollabrunn.ac.at\/web2\/wp-json\/wp\/v2\/users\/1"}],"replies":[{"embeddable":true,"href":"https:\/\/hlwhollabrunn.ac.at\/web2\/wp-json\/wp\/v2\/comments?post=553"}],"version-history":[{"count":12,"href":"https:\/\/hlwhollabrunn.ac.at\/web2\/wp-json\/wp\/v2\/pages\/553\/revisions"}],"predecessor-version":[{"id":17216,"href":"https:\/\/hlwhollabrunn.ac.at\/web2\/wp-json\/wp\/v2\/pages\/553\/revisions\/17216"}],"up":[{"embeddable":true,"href":"https:\/\/hlwhollabrunn.ac.at\/web2\/wp-json\/wp\/v2\/pages\/544"}],"wp:attachment":[{"href":"https:\/\/hlwhollabrunn.ac.at\/web2\/wp-json\/wp\/v2\/media?parent=553"}],"wp:term":[{"taxonomy":"wf_page_folders","embeddable":true,"href":"https:\/\/hlwhollabrunn.ac.at\/web2\/wp-json\/wp\/v2\/wf_page_folders?post=553"}],"curies":[{"name":"wp","href":"https:\/\/api.w.org\/{rel}","templated":true}]}}