{"id":552,"date":"2020-10-09T15:24:28","date_gmt":"2020-10-09T14:24:28","guid":{"rendered":"http:\/\/www.dubisthlwhollabrunn.at\/?page_id=81"},"modified":"2022-03-08T22:47:08","modified_gmt":"2022-03-08T21:47:08","slug":"jungpatissier-iere","status":"publish","type":"page","link":"https:\/\/hlwhollabrunn.ac.at\/web2\/hlw\/zusatzqualifikationen\/jungpatissier-iere\/","title":{"rendered":"Jungpatissier:i\u00e8re"},"content":{"rendered":"\n<p>Die Ausbildung findet im 3. Jahrgang der HLW&nbsp;statt. In&nbsp;jeweils zwei Wochenstunden&nbsp;erh\u00e4ltst du nicht nur Einblick in die Arbeit&nbsp;des Patissiers bzw. der Patissi\u00e8re, sondern wirst auch&nbsp;selber&nbsp;praktisch darin ausgebildet.&nbsp;Du lernst&nbsp;viele <span class=\"hervor\">Grundzubereitungsarten<\/span>&nbsp;kennen und stellst verschiedenste <span class=\"hervor\">Torten, Kuchen, St\u00fcckdesserts, warme und kalte Desserts<\/span> her. Diese St\u00fccke werden nachher mit Fondant, Marzipan, Schokolade bzw. Eiwei\u00dfglasuren dekoriert. <\/p>\n\n\n\n<p>Weitere wesentliche Teile der Ausbildung sind das Anrichten und nat\u00fcrlich das <span class=\"hervor\">Pr\u00e4sentieren der&nbsp;s\u00fc\u00dfen Kunstwerke<\/span>. Es werden, wenn m\u00f6glich, Exkursionen wie z.B. in eine Konditorei oder in eine&nbsp;Zuckerlwerkstatt&nbsp;durchgef\u00fchrt.&nbsp;<\/p>\n\n\n\n<p>Die&nbsp;abschlie\u00dfende&nbsp;Pr\u00fcfung besteht aus drei Teilen: Beim schriftlichen Teil wird das&nbsp;theoretische Grundwissen der Patisserie gefragt. Beim praktischen Teil musst du&nbsp;ein Schaust\u00fcck zubereiten und dieses anschlie\u00dfend samt deiner&nbsp;selbst erstellten Konzepte bei der m\u00fcndlichen Pr\u00fcfung pr\u00e4sentieren.&nbsp;<\/p>\n\n\n\n<figure class=\"wp-block-gallery has-nested-images columns-default is-cropped wp-block-gallery-1 is-layout-flex wp-block-gallery-is-layout-flex\">\n<figure class=\"wp-block-image size-large\"><img loading=\"lazy\" decoding=\"async\" width=\"400\" height=\"400\" data-id=\"16250\" src=\"https:\/\/hlwhollabrunn.ac.at\/web2\/wp-content\/uploads\/2022\/02\/patissiere_1_compressed.jpg\" alt=\"Jungpatissier:i\u00e8re\" class=\"wp-image-16250\" srcset=\"https:\/\/hlwhollabrunn.ac.at\/web2\/wp-content\/uploads\/2022\/02\/patissiere_1_compressed.jpg 400w, https:\/\/hlwhollabrunn.ac.at\/web2\/wp-content\/uploads\/2022\/02\/patissiere_1_compressed-200x200.jpg 200w\" sizes=\"auto, (max-width: 400px) 100vw, 400px\" \/><\/figure>\n\n\n\n<figure class=\"wp-block-image size-large\"><img loading=\"lazy\" decoding=\"async\" width=\"400\" height=\"400\" data-id=\"16251\" src=\"https:\/\/hlwhollabrunn.ac.at\/web2\/wp-content\/uploads\/2022\/02\/patissiere2_compressed.jpg\" alt=\"Jungpatissier:i\u00e8re\" class=\"wp-image-16251\" srcset=\"https:\/\/hlwhollabrunn.ac.at\/web2\/wp-content\/uploads\/2022\/02\/patissiere2_compressed.jpg 400w, https:\/\/hlwhollabrunn.ac.at\/web2\/wp-content\/uploads\/2022\/02\/patissiere2_compressed-200x200.jpg 200w\" sizes=\"auto, (max-width: 400px) 100vw, 400px\" \/><\/figure>\n\n\n\n<figure class=\"wp-block-image size-large\"><img loading=\"lazy\" decoding=\"async\" width=\"400\" height=\"400\" data-id=\"16252\" src=\"https:\/\/hlwhollabrunn.ac.at\/web2\/wp-content\/uploads\/2022\/02\/patissiere3_compressed.jpg\" alt=\"Jungpatissier:i\u00e8re\" class=\"wp-image-16252\" srcset=\"https:\/\/hlwhollabrunn.ac.at\/web2\/wp-content\/uploads\/2022\/02\/patissiere3_compressed.jpg 400w, https:\/\/hlwhollabrunn.ac.at\/web2\/wp-content\/uploads\/2022\/02\/patissiere3_compressed-200x200.jpg 200w\" sizes=\"auto, (max-width: 400px) 100vw, 400px\" \/><\/figure>\n<\/figure>\n\n\n\n<hr class=\"wp-block-separator is-style-dots\"\/>\n\n\n\n<div class=\"wp-block-uagb-testimonial uagb-testomonial__outer-wrap uagb-slick-carousel uagb-tm__arrow-outside uagb-block-02c0f72a\"><div class=\"is-carousel uagb-tm__columns-1 uagb-tm__items\"><div class=\"uagb-testimonial__wrap  uagb-tm__imgicon-style-circle uagb-tm__image-position-left uagb-tm__image-aligned-top uagb-tm-stacked-tablet uagb-tm__bg-type-undefined \"><div class=\"uagb-tm__content\"><div class=\"uagb-tm__overlay\"><\/div><div class=\"uagb-tm__image-content\"><div class=\"uagb-tm__image\"><img decoding=\"async\" class=\"uagb-tm-img-src\" src=\"https:\/\/hlwhollabrunn.ac.at\/web2\/wp-content\/uploads\/2022\/02\/pfeifer_elena_compressed.jpg\" alt=\"Elena Pfeifer\"\/><\/div><\/div><div class=\"uagb-tm__text-wrap\"><div class=\"uagb-testinomial-text-wrap\"><div class=\"uagb-tm__desc\">Jungpatisserie macht immer Spa\u00df und man lernt laufend dazu. Bisher haben wir die verschiedensten Teige &amp; Massen gebacken, gelernt, mit Marzipan zu modellieren und wie man S\u00fc\u00dfspeisen ansprechend und sch\u00f6n verzieren kann.<\/div><\/div><div class=\"uagb-tm__meta\"><div class=\"uagb-tm__meta-inner\"><div class=\"uagb-testimonial-details\"><span class=\"uagb-tm__author-name\">Elena<\/span><span class=\"uagb-tm__company\">4BHLW<br><\/span><\/div><\/div><\/div><\/div><\/div><\/div><\/div><\/div>\n\n\n\n<p><a href=\"https:\/\/hlwhollabrunn.ac.at\/web2\/hlw\/zusatzqualifikationen\/buchhaltungsprogramm-bmd\/\">ZQ BMD<\/a> | <a href=\"https:\/\/hlwhollabrunn.ac.at\/web2\/hlw\/zusatzqualifikationen\/business-english\/\">ZQ Business English<\/a> | <a href=\"https:\/\/hlwhollabrunn.ac.at\/web2\/hlw\/zusatzqualifikationen\/instruktor-fit-animation\/\">ZQ Instruktur Fit Animation<\/a> | <a href=\"https:\/\/hlwhollabrunn.ac.at\/web2\/hlw\/zusatzqualifikationen\/jungbarkeeper-in\/\">ZQ Jungbaarkeeper:in<\/a> | <a href=\"https:\/\/hlwhollabrunn.ac.at\/web2\/hlw\/zusatzqualifikationen\/jungpatissier-iere\/\">Jungpatissier:i\u00e8re<\/a> | <a href=\"https:\/\/hlwhollabrunn.ac.at\/web2\/hlw\/zusatzqualifikationen\/jungsommelier\/\">ZQ Jungsommelier:i\u00e8re<\/a> | <a href=\"https:\/\/hlwhollabrunn.ac.at\/web2\/hlw\/zusatzqualifikationen\/kaffeekenner\/\">Kaffeekenner:in<\/a> | <a href=\"https:\/\/hlwhollabrunn.ac.at\/web2\/hlw\/zusatzqualifikationen\/kulturvermittler\/\">Kulturvermittler:in<\/a> | <a href=\"https:\/\/hlwhollabrunn.ac.at\/web2\/hlw\/zusatzqualifikationen\/peer-mediation\/\">ZQ Peer-Mediation<\/a> | <a href=\"https:\/\/hlwhollabrunn.ac.at\/web2\/hlw\/zusatzqualifikationen\/vegan-vegetarische-fachkraft\/\">ZQ Vegan-vegetarische Fachkraft<\/a><\/p>\n","protected":false},"excerpt":{"rendered":"<p>Die Ausbildung findet im 3. Jahrgang der HLW&nbsp;statt. In&nbsp;jeweils zwei Wochenstunden&nbsp;erh\u00e4ltst du nicht nur Einblick in die Arbeit&nbsp;des Patissiers bzw. der Patissi\u00e8re, sondern wirst auch&nbsp;selber&nbsp;praktisch &#8230; <\/p>\n<p class=\"read-more-container\"><a title=\"Jungpatissier:i\u00e8re\" class=\"read-more button\" href=\"https:\/\/hlwhollabrunn.ac.at\/web2\/hlw\/zusatzqualifikationen\/jungpatissier-iere\/#more-552\" aria-label=\"Mehr Informationen \u00fcber Jungpatissier:i\u00e8re\">Weiterlesen &#8230;<\/a><\/p>\n","protected":false},"author":1,"featured_media":0,"parent":544,"menu_order":3,"comment_status":"closed","ping_status":"closed","template":"","meta":{"_uag_custom_page_level_css":"","footnotes":""},"wf_page_folders":[112],"class_list":{"0":"post-552","1":"page","2":"type-page","3":"status-publish","5":"no-featured-image-padding"},"uagb_featured_image_src":{"full":false,"thumbnail":false,"medium":false,"medium_large":false,"large":false,"1536x1536":false,"2048x2048":false,"sow-carousel-default":false},"uagb_author_info":{"display_name":"Leo Ertl - HLW Hollabrunn","author_link":"https:\/\/hlwhollabrunn.ac.at\/web2\/author\/leoertl_cupar_17\/"},"uagb_comment_info":0,"uagb_excerpt":"Die Ausbildung findet im 3. Jahrgang der HLW&nbsp;statt. In&nbsp;jeweils zwei Wochenstunden&nbsp;erh\u00e4ltst du nicht nur Einblick in die Arbeit&nbsp;des Patissiers bzw. der Patissi\u00e8re, sondern wirst auch&nbsp;selber&nbsp;praktisch ... Weiterlesen ...","_links":{"self":[{"href":"https:\/\/hlwhollabrunn.ac.at\/web2\/wp-json\/wp\/v2\/pages\/552","targetHints":{"allow":["GET"]}}],"collection":[{"href":"https:\/\/hlwhollabrunn.ac.at\/web2\/wp-json\/wp\/v2\/pages"}],"about":[{"href":"https:\/\/hlwhollabrunn.ac.at\/web2\/wp-json\/wp\/v2\/types\/page"}],"author":[{"embeddable":true,"href":"https:\/\/hlwhollabrunn.ac.at\/web2\/wp-json\/wp\/v2\/users\/1"}],"replies":[{"embeddable":true,"href":"https:\/\/hlwhollabrunn.ac.at\/web2\/wp-json\/wp\/v2\/comments?post=552"}],"version-history":[{"count":14,"href":"https:\/\/hlwhollabrunn.ac.at\/web2\/wp-json\/wp\/v2\/pages\/552\/revisions"}],"predecessor-version":[{"id":17200,"href":"https:\/\/hlwhollabrunn.ac.at\/web2\/wp-json\/wp\/v2\/pages\/552\/revisions\/17200"}],"up":[{"embeddable":true,"href":"https:\/\/hlwhollabrunn.ac.at\/web2\/wp-json\/wp\/v2\/pages\/544"}],"wp:attachment":[{"href":"https:\/\/hlwhollabrunn.ac.at\/web2\/wp-json\/wp\/v2\/media?parent=552"}],"wp:term":[{"taxonomy":"wf_page_folders","embeddable":true,"href":"https:\/\/hlwhollabrunn.ac.at\/web2\/wp-json\/wp\/v2\/wf_page_folders?post=552"}],"curies":[{"name":"wp","href":"https:\/\/api.w.org\/{rel}","templated":true}]}}