{"id":551,"date":"2020-10-09T15:21:42","date_gmt":"2020-10-09T13:21:42","guid":{"rendered":"http:\/\/www.dubisthlwhollabrunn.at\/?page_id=79"},"modified":"2022-03-08T22:54:38","modified_gmt":"2022-03-08T21:54:38","slug":"kaffeekenner","status":"publish","type":"page","link":"https:\/\/hlwhollabrunn.ac.at\/web2\/hlw\/zusatzqualifikationen\/kaffeekenner\/","title":{"rendered":"Kaffeekenner:in"},"content":{"rendered":"\n<div class=\"wp-block-image is-style-rounded\"><figure class=\"alignright size-full is-resized\"><img loading=\"lazy\" decoding=\"async\" src=\"https:\/\/hlwhollabrunn.ac.at\/web2\/wp-content\/uploads\/2022\/02\/kaffeekennerin1_compressed.jpg\" alt=\"Kaffeekenner:in\" class=\"wp-image-16286\" width=\"333\" height=\"333\" srcset=\"https:\/\/hlwhollabrunn.ac.at\/web2\/wp-content\/uploads\/2022\/02\/kaffeekennerin1_compressed.jpg 330w, https:\/\/hlwhollabrunn.ac.at\/web2\/wp-content\/uploads\/2022\/02\/kaffeekennerin1_compressed-200x200.jpg 200w\" sizes=\"auto, (max-width: 333px) 100vw, 333px\" \/><\/figure><\/div>\n\n\n\n<p>Die Ausbildung zur KaffeekennerIn findet im 3. Jahrgang der HLW mit jeweils zwei Wochenstunden, geblockt zu vier Stunden im ersten Semester, statt. <\/p>\n\n\n\n<p>Du erf\u00e4hrst nicht nur Wissenswertes \u00fcber die <span class=\"hervor\">Geschichte und die Herkunft des Kaffees<\/span>, sondern lernst au\u00dferdem den richtigen Umgang mit einer <span class=\"hervor\">Espressomaschine<\/span>, wie sie auch h\u00e4ufig in gastronomischen Betrieben eingesetzt wird. Zudem kannst du am Ende der Ausbildung richtig Milch sch\u00e4umen und wei\u00dft, wie die einzelnen Kaffeegetr\u00e4nke zubereitet bzw. angerichtet werden. Nach den ersten Einheiten schnupperst du als angehende Kaffeekenner:in in die Welt des <span class=\"hervor\">Verkostens bzw. Cuppings<\/span> und erschmeckst die verschiedensten Geschmacksrichtungen der Kaffees.<\/p>\n\n\n\n<p>Besuche in traditionellen Wiener und modernen Kaffeeh\u00e4usern runden das Programm ab. Dabei werden die unterschiedlichen Konzepte beider Formen, das Kaffeeangebot und die angebotene Kulinarik unter die Lupe genommen. Zus\u00e4tzlich besuchen wir, wenn m\u00f6glich, das Vienna Coffee Festival und das Kaffeemuseum.&nbsp;<\/p>\n\n\n\n<div class=\"wp-block-image is-style-default\"><figure class=\"alignleft size-full is-resized\"><img loading=\"lazy\" decoding=\"async\" src=\"https:\/\/hlwhollabrunn.ac.at\/web2\/wp-content\/uploads\/2022\/02\/kaffeekennerin2_compressed.jpg\" alt=\"Kaffeekenner:in\" class=\"wp-image-16288\" width=\"222\" height=\"222\" srcset=\"https:\/\/hlwhollabrunn.ac.at\/web2\/wp-content\/uploads\/2022\/02\/kaffeekennerin2_compressed.jpg 300w, https:\/\/hlwhollabrunn.ac.at\/web2\/wp-content\/uploads\/2022\/02\/kaffeekennerin2_compressed-200x200.jpg 200w\" sizes=\"auto, (max-width: 222px) 100vw, 222px\" \/><\/figure><\/div>\n\n\n\n<p>Die Ausbildung schlie\u00dft mit einer schriftlichen, sensorischen und praktischen Pr\u00fcfung ab und wird mit dem Zertifikat \u201eKaffeekenner\u201c best\u00e4tigt.&nbsp;<\/p>\n\n\n\n<p>Du kannst dein erworbenes\u00a0Wissen im bevorstehenden Praktikum einsetzen und hast\u00a0von Anfang an einen\u00a0guten\u00a0Einblick in die Welt des Kaffees und kannst\u00a0diverse Kaffeekreationen\u00a0auch richtig zubereiten. Au\u00dferdem kann dir das\u00a0Wissen auch privat nutzen, wenn\u00a0du\u00a0mit Freunden oder der Familie Kaffee\u00a0trinkst\u00a0bzw. im Urlaub verschiedene Kaffeeh\u00e4user besuchst.\u00a0<\/p>\n\n\n\n<hr class=\"wp-block-separator is-style-dots\"\/>\n\n\n\n<div class=\"wp-block-uagb-testimonial uagb-testomonial__outer-wrap uagb-slick-carousel uagb-tm__arrow-outside uagb-block-bb484c6d\"><div class=\"is-carousel uagb-tm__columns-1 uagb-tm__items\"><div class=\"uagb-testimonial__wrap  uagb-tm__imgicon-style-circle uagb-tm__image-position-left uagb-tm__image-aligned-top uagb-tm-stacked-tablet uagb-tm__bg-type-undefined \"><div class=\"uagb-tm__content\"><div class=\"uagb-tm__overlay\"><\/div><div class=\"uagb-tm__image-content\"><div class=\"uagb-tm__image\"><img decoding=\"async\" class=\"uagb-tm-img-src\" src=\"https:\/\/hlwhollabrunn.ac.at\/web2\/wp-content\/uploads\/2022\/02\/sturm_aline_compressed.jpg\" alt=\"Aline Sturm\"\/><\/div><\/div><div class=\"uagb-tm__text-wrap\"><div class=\"uagb-testinomial-text-wrap\"><div class=\"uagb-tm__desc\">F\u00fcr die Ausbildung zum Kaffeekenner habe ich mich entschieden, weil ich die Geschichte von Kaffee sehr interessant finde und das Zubereiten der verschiedenen Kaffeevarianten viel Spa\u00df macht.<\/div><\/div><div class=\"uagb-tm__meta\"><div class=\"uagb-tm__meta-inner\"><div class=\"uagb-testimonial-details\"><span class=\"uagb-tm__author-name\">Aline<\/span><span class=\"uagb-tm__company\">5BHLW<br><\/span><\/div><\/div><\/div><\/div><\/div><\/div><div class=\"uagb-testimonial__wrap  uagb-tm__imgicon-style-circle uagb-tm__image-position-left uagb-tm__image-aligned-top uagb-tm-stacked-tablet uagb-tm__bg-type-undefined \"><div class=\"uagb-tm__content\"><div class=\"uagb-tm__overlay\"><\/div><div class=\"uagb-tm__image-content\"><div class=\"uagb-tm__image\"><img decoding=\"async\" class=\"uagb-tm-img-src\" src=\"https:\/\/hlwhollabrunn.ac.at\/web2\/wp-content\/uploads\/2022\/02\/groetzl_lena_compressed.jpg\" alt=\"Lena Gr\u00f6tzl\"\/><\/div><\/div><div class=\"uagb-tm__text-wrap\"><div class=\"uagb-testinomial-text-wrap\"><div class=\"uagb-tm__desc\">Ich habe mich f\u00fcr die Zusatzqualifikation Kaffeekenner entschieden, weil ich mich sehr f\u00fcr Kaffee interessiere. Man lernt alles rund um Kaffee und der Weg von der Bohne bis zum endg\u00fcltigen Produkt.<\/div><\/div><div class=\"uagb-tm__meta\"><div class=\"uagb-tm__meta-inner\"><div class=\"uagb-testimonial-details\"><span class=\"uagb-tm__author-name\">Lena<\/span><span class=\"uagb-tm__company\">5BHLW<\/span><\/div><\/div><\/div><\/div><\/div><\/div><\/div><\/div>\n\n\n\n<p><a href=\"https:\/\/hlwhollabrunn.ac.at\/web2\/hlw\/zusatzqualifikationen\/buchhaltungsprogramm-bmd\/\">ZQ BMD<\/a> | <a href=\"https:\/\/hlwhollabrunn.ac.at\/web2\/hlw\/zusatzqualifikationen\/business-english\/\">ZQ Business English<\/a> | <a href=\"https:\/\/hlwhollabrunn.ac.at\/web2\/hlw\/zusatzqualifikationen\/instruktor-fit-animation\/\">ZQ Instruktur Fit Animation<\/a> | <a href=\"https:\/\/hlwhollabrunn.ac.at\/web2\/hlw\/zusatzqualifikationen\/jungbarkeeper-in\/\">ZQ Jungbaarkeeper:in<\/a> | <a href=\"https:\/\/hlwhollabrunn.ac.at\/web2\/hlw\/zusatzqualifikationen\/jungpatissier-iere\/\">Jungpatissier:i\u00e8re<\/a> | <a href=\"https:\/\/hlwhollabrunn.ac.at\/web2\/hlw\/zusatzqualifikationen\/jungsommelier\/\">ZQ Jungsommelier:i\u00e8re<\/a> | <a href=\"https:\/\/hlwhollabrunn.ac.at\/web2\/hlw\/zusatzqualifikationen\/kaffeekenner\/\">Kaffeekenner:in<\/a> | <a href=\"https:\/\/hlwhollabrunn.ac.at\/web2\/hlw\/zusatzqualifikationen\/kulturvermittler\/\">Kulturvermittler:in<\/a> | <a href=\"https:\/\/hlwhollabrunn.ac.at\/web2\/hlw\/zusatzqualifikationen\/peer-mediation\/\">ZQ Peer-Mediation<\/a> | <a href=\"https:\/\/hlwhollabrunn.ac.at\/web2\/hlw\/zusatzqualifikationen\/vegan-vegetarische-fachkraft\/\">ZQ Vegan-vegetarische Fachkraft<\/a><\/p>\n","protected":false},"excerpt":{"rendered":"<p>Die Ausbildung zur KaffeekennerIn findet im 3. Jahrgang der HLW mit jeweils zwei Wochenstunden, geblockt zu vier Stunden im ersten Semester, statt. Du erf\u00e4hrst nicht &#8230; <\/p>\n<p class=\"read-more-container\"><a title=\"Kaffeekenner:in\" class=\"read-more button\" href=\"https:\/\/hlwhollabrunn.ac.at\/web2\/hlw\/zusatzqualifikationen\/kaffeekenner\/#more-551\" aria-label=\"Mehr Informationen \u00fcber Kaffeekenner:in\">Weiterlesen &#8230;<\/a><\/p>\n","protected":false},"author":1,"featured_media":0,"parent":544,"menu_order":3,"comment_status":"closed","ping_status":"closed","template":"","meta":{"_uag_custom_page_level_css":"","footnotes":""},"wf_page_folders":[112],"class_list":{"0":"post-551","1":"page","2":"type-page","3":"status-publish","5":"no-featured-image-padding"},"uagb_featured_image_src":{"full":false,"thumbnail":false,"medium":false,"medium_large":false,"large":false,"1536x1536":false,"2048x2048":false,"sow-carousel-default":false},"uagb_author_info":{"display_name":"Leo Ertl - HLW Hollabrunn","author_link":"https:\/\/hlwhollabrunn.ac.at\/web2\/author\/leoertl_cupar_17\/"},"uagb_comment_info":0,"uagb_excerpt":"Die Ausbildung zur KaffeekennerIn findet im 3. Jahrgang der HLW mit jeweils zwei Wochenstunden, geblockt zu vier Stunden im ersten Semester, statt. Du erf\u00e4hrst nicht ... Weiterlesen ...","_links":{"self":[{"href":"https:\/\/hlwhollabrunn.ac.at\/web2\/wp-json\/wp\/v2\/pages\/551","targetHints":{"allow":["GET"]}}],"collection":[{"href":"https:\/\/hlwhollabrunn.ac.at\/web2\/wp-json\/wp\/v2\/pages"}],"about":[{"href":"https:\/\/hlwhollabrunn.ac.at\/web2\/wp-json\/wp\/v2\/types\/page"}],"author":[{"embeddable":true,"href":"https:\/\/hlwhollabrunn.ac.at\/web2\/wp-json\/wp\/v2\/users\/1"}],"replies":[{"embeddable":true,"href":"https:\/\/hlwhollabrunn.ac.at\/web2\/wp-json\/wp\/v2\/comments?post=551"}],"version-history":[{"count":17,"href":"https:\/\/hlwhollabrunn.ac.at\/web2\/wp-json\/wp\/v2\/pages\/551\/revisions"}],"predecessor-version":[{"id":17208,"href":"https:\/\/hlwhollabrunn.ac.at\/web2\/wp-json\/wp\/v2\/pages\/551\/revisions\/17208"}],"up":[{"embeddable":true,"href":"https:\/\/hlwhollabrunn.ac.at\/web2\/wp-json\/wp\/v2\/pages\/544"}],"wp:attachment":[{"href":"https:\/\/hlwhollabrunn.ac.at\/web2\/wp-json\/wp\/v2\/media?parent=551"}],"wp:term":[{"taxonomy":"wf_page_folders","embeddable":true,"href":"https:\/\/hlwhollabrunn.ac.at\/web2\/wp-json\/wp\/v2\/wf_page_folders?post=551"}],"curies":[{"name":"wp","href":"https:\/\/api.w.org\/{rel}","templated":true}]}}