{"id":550,"date":"2020-10-09T15:21:19","date_gmt":"2020-10-09T13:21:19","guid":{"rendered":"http:\/\/www.dubisthlwhollabrunn.at\/?page_id=77"},"modified":"2022-03-08T22:49:20","modified_gmt":"2022-03-08T21:49:20","slug":"jungsommelier","status":"publish","type":"page","link":"https:\/\/hlwhollabrunn.ac.at\/web2\/hlw\/zusatzqualifikationen\/jungsommelier\/","title":{"rendered":"Jungsommelier:i\u00e8re"},"content":{"rendered":"\n<div class=\"wp-block-image is-style-rounded\"><figure class=\"alignleft size-full\"><img loading=\"lazy\" decoding=\"async\" width=\"330\" height=\"330\" src=\"https:\/\/hlwhollabrunn.ac.at\/web2\/wp-content\/uploads\/2022\/02\/jungsommeliere1_compressed.jpg\" alt=\"Jungsommelier:i\u00e8re\" class=\"wp-image-16261\" srcset=\"https:\/\/hlwhollabrunn.ac.at\/web2\/wp-content\/uploads\/2022\/02\/jungsommeliere1_compressed.jpg 330w, https:\/\/hlwhollabrunn.ac.at\/web2\/wp-content\/uploads\/2022\/02\/jungsommeliere1_compressed-200x200.jpg 200w\" sizes=\"auto, (max-width: 330px) 100vw, 330px\" \/><\/figure><\/div>\n\n\n\n<p>Bei der Zusatzqualifikation Jungsommelier:i\u00e8re&nbsp;erwirbst du nicht nur&nbsp;Kompetenzen im Bereich <span class=\"hervor\">Weinbau und Kellertechnik<\/span>, sondern eignest dir auch Know-how \u00fcber das <span class=\"hervor\">Weinbauland \u00d6sterreich und das Ausland<\/span>&nbsp;an. Ein Schwerpunkt der Ausbildung ist die <span class=\"hervor\">Harmonie von Speisen und Wein<\/span>, die in Verkostungen gepr\u00fcft wird. Du&nbsp;verkostest&nbsp;die Weine und musst&nbsp;diese im Anschluss bewerten und zu Speisen empfehlen. Au\u00dferdem muss f\u00fcr die praktische Pr\u00fcfung eine Weinkarte erstellt werden, f\u00fcr die die Getr\u00e4nke kalkuliert werden m\u00fcssen.&nbsp;<\/p>\n\n\n\n<div class=\"wp-block-image is-style-rounded\"><figure class=\"alignright size-full\"><img loading=\"lazy\" decoding=\"async\" width=\"330\" height=\"330\" src=\"https:\/\/hlwhollabrunn.ac.at\/web2\/wp-content\/uploads\/2022\/02\/jungsommeliere2_compressed.jpg\" alt=\"\" class=\"wp-image-16264\" srcset=\"https:\/\/hlwhollabrunn.ac.at\/web2\/wp-content\/uploads\/2022\/02\/jungsommeliere2_compressed.jpg 330w, https:\/\/hlwhollabrunn.ac.at\/web2\/wp-content\/uploads\/2022\/02\/jungsommeliere2_compressed-200x200.jpg 200w\" sizes=\"auto, (max-width: 330px) 100vw, 330px\" \/><\/figure><\/div>\n\n\n\n<p>In diesem Kurs werden Weinbaubetriebe besucht und du&nbsp;schnupperst bereits&nbsp;am Anfang des Jahres Weingartenluft, da wir bei&nbsp;verschiedensten Winzer:innen mithelfen, die Lese einzuholen. Je nach M\u00f6glichkeit werden auch Veranstaltungen wie z.B. die Weinviertel DAC Verkostung in der Hofburg Wien besucht.&nbsp;<\/p>\n\n\n\n<p>Die Ausbildung schlie\u00dft mit einer schriftlichen, sensorischen und praktischen Pr\u00fcfung ab und wird mit dem Zertifikat \u201eJungsommelier\/-i\u00e8re\u201c best\u00e4tigt.&nbsp;&nbsp;<\/p>\n\n\n\n<p>Du kannst dein\u00a0Wissen und das erworbene Zertifikat nicht nur in der Arbeitswelt, bei gastronomischen T\u00e4tigkeiten am Wochenende oder in den Ferien nutzen, sondern damit privat in der Familie oder mit Freunden professionell Weine verkosten und beschreiben.\u00a0<\/p>\n\n\n\n<hr class=\"wp-block-separator is-style-dots\"\/>\n\n\n\n<div class=\"wp-block-uagb-testimonial uagb-testomonial__outer-wrap uagb-slick-carousel uagb-tm__arrow-outside uagb-block-0e1dbedc\"><div class=\"is-carousel uagb-tm__columns-1 uagb-tm__items\"><div class=\"uagb-testimonial__wrap  uagb-tm__imgicon-style-circle uagb-tm__image-position-left uagb-tm__image-aligned-top uagb-tm-stacked-tablet uagb-tm__bg-type-undefined \"><div class=\"uagb-tm__content\"><div class=\"uagb-tm__overlay\"><\/div><div class=\"uagb-tm__image-content\"><div class=\"uagb-tm__image\"><img decoding=\"async\" class=\"uagb-tm-img-src\" src=\"https:\/\/hlwhollabrunn.ac.at\/web2\/wp-content\/uploads\/2022\/02\/mayr_alexandra_compressed.jpg\" alt=\"Alexandra Mayr\"\/><\/div><\/div><div class=\"uagb-tm__text-wrap\"><div class=\"uagb-testinomial-text-wrap\"><div class=\"uagb-tm__desc\">Ich habe mich f\u00fcr die Zusatzqualifikation \u201eJungsommelier \u00d6sterreich\u201c entschieden, weil es nicht nur spannend ist, die Arbeit hinter einem Gl\u00e4schen Wein kennenzulernen, sondern auch, weil ich lernen wollte, bestimmte Geschmacks- und Geruchsnoten eines Weines zu bestimmen.<\/div><\/div><div class=\"uagb-tm__meta\"><div class=\"uagb-tm__meta-inner\"><div class=\"uagb-testimonial-details\"><span class=\"uagb-tm__author-name\">Alexandra<\/span><span class=\"uagb-tm__company\">5BHLW<br><\/span><\/div><\/div><\/div><\/div><\/div><\/div><\/div><\/div>\n\n\n\n<p><a href=\"https:\/\/hlwhollabrunn.ac.at\/web2\/hlw\/zusatzqualifikationen\/buchhaltungsprogramm-bmd\/\">ZQ BMD<\/a> | <a href=\"https:\/\/hlwhollabrunn.ac.at\/web2\/hlw\/zusatzqualifikationen\/business-english\/\">ZQ Business English<\/a> | <a href=\"https:\/\/hlwhollabrunn.ac.at\/web2\/hlw\/zusatzqualifikationen\/instruktor-fit-animation\/\">ZQ Instruktur Fit Animation<\/a> | <a href=\"https:\/\/hlwhollabrunn.ac.at\/web2\/hlw\/zusatzqualifikationen\/jungbarkeeper-in\/\">ZQ Jungbaarkeeper:in<\/a> | <a href=\"https:\/\/hlwhollabrunn.ac.at\/web2\/hlw\/zusatzqualifikationen\/jungpatissier-iere\/\">Jungpatissier:i\u00e8re<\/a> | <a href=\"https:\/\/hlwhollabrunn.ac.at\/web2\/hlw\/zusatzqualifikationen\/jungsommelier\/\">ZQ Jungsommelier:i\u00e8re<\/a> | <a href=\"https:\/\/hlwhollabrunn.ac.at\/web2\/hlw\/zusatzqualifikationen\/kaffeekenner\/\">Kaffeekenner:in<\/a> | <a href=\"https:\/\/hlwhollabrunn.ac.at\/web2\/hlw\/zusatzqualifikationen\/kulturvermittler\/\">Kulturvermittler:in<\/a> | <a href=\"https:\/\/hlwhollabrunn.ac.at\/web2\/hlw\/zusatzqualifikationen\/peer-mediation\/\">ZQ Peer-Mediation<\/a> | <a href=\"https:\/\/hlwhollabrunn.ac.at\/web2\/hlw\/zusatzqualifikationen\/vegan-vegetarische-fachkraft\/\">ZQ Vegan-vegetarische Fachkraft<\/a><\/p>\n","protected":false},"excerpt":{"rendered":"<p>Bei der Zusatzqualifikation Jungsommelier:i\u00e8re&nbsp;erwirbst du nicht nur&nbsp;Kompetenzen im Bereich Weinbau und Kellertechnik, sondern eignest dir auch Know-how \u00fcber das Weinbauland \u00d6sterreich und das Ausland&nbsp;an. Ein &#8230; <\/p>\n<p class=\"read-more-container\"><a title=\"Jungsommelier:i\u00e8re\" class=\"read-more button\" href=\"https:\/\/hlwhollabrunn.ac.at\/web2\/hlw\/zusatzqualifikationen\/jungsommelier\/#more-550\" aria-label=\"Mehr Informationen \u00fcber Jungsommelier:i\u00e8re\">Weiterlesen &#8230;<\/a><\/p>\n","protected":false},"author":1,"featured_media":0,"parent":544,"menu_order":2,"comment_status":"closed","ping_status":"closed","template":"","meta":{"_uag_custom_page_level_css":"","footnotes":""},"wf_page_folders":[112],"class_list":{"0":"post-550","1":"page","2":"type-page","3":"status-publish","5":"no-featured-image-padding"},"uagb_featured_image_src":{"full":false,"thumbnail":false,"medium":false,"medium_large":false,"large":false,"1536x1536":false,"2048x2048":false,"sow-carousel-default":false},"uagb_author_info":{"display_name":"Leo Ertl - HLW Hollabrunn","author_link":"https:\/\/hlwhollabrunn.ac.at\/web2\/author\/leoertl_cupar_17\/"},"uagb_comment_info":0,"uagb_excerpt":"Bei der Zusatzqualifikation Jungsommelier:i\u00e8re&nbsp;erwirbst du nicht nur&nbsp;Kompetenzen im Bereich Weinbau und Kellertechnik, sondern eignest dir auch Know-how \u00fcber das Weinbauland \u00d6sterreich und das Ausland&nbsp;an. Ein ... Weiterlesen ...","_links":{"self":[{"href":"https:\/\/hlwhollabrunn.ac.at\/web2\/wp-json\/wp\/v2\/pages\/550","targetHints":{"allow":["GET"]}}],"collection":[{"href":"https:\/\/hlwhollabrunn.ac.at\/web2\/wp-json\/wp\/v2\/pages"}],"about":[{"href":"https:\/\/hlwhollabrunn.ac.at\/web2\/wp-json\/wp\/v2\/types\/page"}],"author":[{"embeddable":true,"href":"https:\/\/hlwhollabrunn.ac.at\/web2\/wp-json\/wp\/v2\/users\/1"}],"replies":[{"embeddable":true,"href":"https:\/\/hlwhollabrunn.ac.at\/web2\/wp-json\/wp\/v2\/comments?post=550"}],"version-history":[{"count":10,"href":"https:\/\/hlwhollabrunn.ac.at\/web2\/wp-json\/wp\/v2\/pages\/550\/revisions"}],"predecessor-version":[{"id":17202,"href":"https:\/\/hlwhollabrunn.ac.at\/web2\/wp-json\/wp\/v2\/pages\/550\/revisions\/17202"}],"up":[{"embeddable":true,"href":"https:\/\/hlwhollabrunn.ac.at\/web2\/wp-json\/wp\/v2\/pages\/544"}],"wp:attachment":[{"href":"https:\/\/hlwhollabrunn.ac.at\/web2\/wp-json\/wp\/v2\/media?parent=550"}],"wp:term":[{"taxonomy":"wf_page_folders","embeddable":true,"href":"https:\/\/hlwhollabrunn.ac.at\/web2\/wp-json\/wp\/v2\/wf_page_folders?post=550"}],"curies":[{"name":"wp","href":"https:\/\/api.w.org\/{rel}","templated":true}]}}