{"id":549,"date":"2020-10-09T15:20:41","date_gmt":"2020-10-09T13:20:41","guid":{"rendered":"http:\/\/www.dubisthlwhollabrunn.at\/?page_id=75"},"modified":"2022-03-08T22:56:28","modified_gmt":"2022-03-08T21:56:28","slug":"kulturvermittler","status":"publish","type":"page","link":"https:\/\/hlwhollabrunn.ac.at\/web2\/hlw\/zusatzqualifikationen\/kulturvermittler\/","title":{"rendered":"Kulturvermittler:in"},"content":{"rendered":"\n<div class=\"wp-block-image is-style-rounded\"><figure class=\"alignright size-full is-resized\"><img loading=\"lazy\" decoding=\"async\" src=\"https:\/\/hlwhollabrunn.ac.at\/web2\/wp-content\/uploads\/2022\/02\/kulturvermittler1_430_compressed.jpg\" alt=\"Kulturvermittler:in\" class=\"wp-image-16303\" width=\"330\" height=\"330\" srcset=\"https:\/\/hlwhollabrunn.ac.at\/web2\/wp-content\/uploads\/2022\/02\/kulturvermittler1_430_compressed.jpg 430w, https:\/\/hlwhollabrunn.ac.at\/web2\/wp-content\/uploads\/2022\/02\/kulturvermittler1_430_compressed-200x200.jpg 200w, https:\/\/hlwhollabrunn.ac.at\/web2\/wp-content\/uploads\/2022\/02\/kulturvermittler1_430_compressed-400x400.jpg 400w\" sizes=\"auto, (max-width: 330px) 100vw, 330px\" \/><\/figure><\/div>\n\n\n\n<p>In der Zusatzqualifikation Kulturvermittler:in, die nur von Sch\u00fcler:innen der Vertiefung Kreativwerkstatt belegt werden kann, lernst du Prozesse der Kulturvermittlung kennen, indem du den Weg vom kreativen Produkt zur zielgruppenorientierten Pr\u00e4sentation authentisch kennenlernst.<\/p>\n\n\n\n<p>Der Lehrgang erfolgt&nbsp;in Kooperation mit dem <span class=\"hervor\">Museumsmanagement Nieder\u00f6sterreich<\/span> als Dachorganisation f\u00fcr Event- und Vermittlungsprogramme in bundeslandweiten kulturellen Institutionen.&nbsp;&nbsp;<br><\/p>\n\n\n\n<div class=\"wp-block-image is-style-rounded\"><figure class=\"alignleft size-full is-resized\"><img loading=\"lazy\" decoding=\"async\" src=\"https:\/\/hlwhollabrunn.ac.at\/web2\/wp-content\/uploads\/2022\/02\/kulturvermittler2_430_compressed.jpg\" alt=\"Kulturvermittler:in\" class=\"wp-image-16306\" width=\"330\" height=\"330\" srcset=\"https:\/\/hlwhollabrunn.ac.at\/web2\/wp-content\/uploads\/2022\/02\/kulturvermittler2_430_compressed.jpg 430w, https:\/\/hlwhollabrunn.ac.at\/web2\/wp-content\/uploads\/2022\/02\/kulturvermittler2_430_compressed-200x200.jpg 200w, https:\/\/hlwhollabrunn.ac.at\/web2\/wp-content\/uploads\/2022\/02\/kulturvermittler2_430_compressed-400x400.jpg 400w\" sizes=\"auto, (max-width: 330px) 100vw, 330px\" \/><\/figure><\/div>\n\n\n\n<p>Damit die Sch\u00fclerInnen das Zertifikat zur&nbsp;Kulturvermittler:in&nbsp;erwerben k\u00f6nnen, muss ein bereits vom Museumsmanagement Nieder\u00f6sterreich vorgefertigter Anforderungskatalog erf\u00fcllt werden.&nbsp;Zus\u00e4tzlich zu&nbsp;Inhalten im&nbsp;planm\u00e4\u00dfigen Unterricht&nbsp;bieten&nbsp;HLW-Fachkolleg:innen&nbsp;aus den Bereichen Bildnerische Erziehung, Musikerziehung und Performance sowie Sprache und Kommunikation deshalb vertiefende Inputs mit \u00dcbungen und vielf\u00e4ltigen Exkursionen&nbsp;an.&nbsp;&nbsp;<br>&nbsp;<br>Durch das Hinzuziehen einer zertifizierten&nbsp;Kulturvermittler:in&nbsp;wird dir eine&nbsp;kulturelle&nbsp;Methodenvermittlung auf praktischer Ebene erm\u00f6glicht.&nbsp;Sie begleitet das Team der jungen Kulturvermittler:innen als&nbsp;Expert:in&nbsp;auf dem Weg zu einem praxisfundierten Ergebnis&nbsp;(beispielsweise in einer Galerie).&nbsp;<\/p>\n\n\n\n<p>Im Rahmen\u00a0dieser Zusatzqualifikation eignest\u00a0du\u00a0dir\u00a0Methoden der Vermittlungsarbeit und Pr\u00e4sentationsm\u00f6glichkeiten an,\u00a0die das Fundament f\u00fcr eine erfolgreiche Berufslaufbahn im Kunst- und Kulturbereich sein k\u00f6nnen.<\/p>\n\n\n\n<hr class=\"wp-block-separator is-style-dots\"\/>\n\n\n\n<div class=\"wp-block-uagb-testimonial uagb-testomonial__outer-wrap uagb-slick-carousel uagb-tm__arrow-outside uagb-block-a72fead0\"><div class=\"is-carousel uagb-tm__columns-1 uagb-tm__items\"><div class=\"uagb-testimonial__wrap  uagb-tm__imgicon-style-circle uagb-tm__image-position-left uagb-tm__image-aligned-top uagb-tm-stacked-tablet uagb-tm__bg-type-undefined \"><div class=\"uagb-tm__content\"><div class=\"uagb-tm__overlay\"><\/div><div class=\"uagb-tm__image-content\"><div class=\"uagb-tm__image\"><img decoding=\"async\" class=\"uagb-tm-img-src\" src=\"https:\/\/hlwhollabrunn.ac.at\/web2\/wp-content\/uploads\/2022\/02\/zeitlberger_annika_compressed.jpg\" alt=\"Annika Zeitlberger\"\/><\/div><\/div><div class=\"uagb-tm__text-wrap\"><div class=\"uagb-testinomial-text-wrap\"><div class=\"uagb-tm__desc\">Ich finde die Zusatzqualifikation \u201eKulturvermittler\u201c toll, weil du tolle Einblicke wie z.B. hinter die Kulissen einer Vernissage bekommst. Hier lernst du viel \u00fcber Kunst und das Pr\u00e4sentieren von Kunst.<\/div><\/div><div class=\"uagb-tm__meta\"><div class=\"uagb-tm__meta-inner\"><div class=\"uagb-testimonial-details\"><span class=\"uagb-tm__author-name\">Annika<\/span><span class=\"uagb-tm__company\">5BHLW<br><\/span><\/div><\/div><\/div><\/div><\/div><\/div><\/div><\/div>\n\n\n\n<p><a href=\"https:\/\/hlwhollabrunn.ac.at\/web2\/hlw\/zusatzqualifikationen\/buchhaltungsprogramm-bmd\/\">ZQ BMD<\/a> | <a href=\"https:\/\/hlwhollabrunn.ac.at\/web2\/hlw\/zusatzqualifikationen\/business-english\/\">ZQ Business English<\/a> | <a href=\"https:\/\/hlwhollabrunn.ac.at\/web2\/hlw\/zusatzqualifikationen\/instruktor-fit-animation\/\">ZQ Instruktur Fit Animation<\/a> | <a href=\"https:\/\/hlwhollabrunn.ac.at\/web2\/hlw\/zusatzqualifikationen\/jungbarkeeper-in\/\">ZQ Jungbaarkeeper:in<\/a> | <a href=\"https:\/\/hlwhollabrunn.ac.at\/web2\/hlw\/zusatzqualifikationen\/jungpatissier-iere\/\">Jungpatissier:i\u00e8re<\/a> | <a href=\"https:\/\/hlwhollabrunn.ac.at\/web2\/hlw\/zusatzqualifikationen\/jungsommelier\/\">ZQ Jungsommelier:i\u00e8re<\/a> | <a href=\"https:\/\/hlwhollabrunn.ac.at\/web2\/hlw\/zusatzqualifikationen\/kaffeekenner\/\">Kaffeekenner:in<\/a> | <a href=\"https:\/\/hlwhollabrunn.ac.at\/web2\/hlw\/zusatzqualifikationen\/kulturvermittler\/\">Kulturvermittler:in<\/a> | <a href=\"https:\/\/hlwhollabrunn.ac.at\/web2\/hlw\/zusatzqualifikationen\/peer-mediation\/\">ZQ Peer-Mediation<\/a> | <a href=\"https:\/\/hlwhollabrunn.ac.at\/web2\/hlw\/zusatzqualifikationen\/vegan-vegetarische-fachkraft\/\">ZQ Vegan-vegetarische Fachkraft<\/a><\/p>\n","protected":false},"excerpt":{"rendered":"<p>In der Zusatzqualifikation Kulturvermittler:in, die nur von Sch\u00fcler:innen der Vertiefung Kreativwerkstatt belegt werden kann, lernst du Prozesse der Kulturvermittlung kennen, indem du den Weg vom &#8230; <\/p>\n<p class=\"read-more-container\"><a title=\"Kulturvermittler:in\" class=\"read-more button\" href=\"https:\/\/hlwhollabrunn.ac.at\/web2\/hlw\/zusatzqualifikationen\/kulturvermittler\/#more-549\" aria-label=\"Mehr Informationen \u00fcber Kulturvermittler:in\">Weiterlesen &#8230;<\/a><\/p>\n","protected":false},"author":1,"featured_media":0,"parent":544,"menu_order":1,"comment_status":"closed","ping_status":"closed","template":"","meta":{"_uag_custom_page_level_css":"","footnotes":""},"wf_page_folders":[112],"class_list":{"0":"post-549","1":"page","2":"type-page","3":"status-publish","5":"no-featured-image-padding"},"uagb_featured_image_src":{"full":false,"thumbnail":false,"medium":false,"medium_large":false,"large":false,"1536x1536":false,"2048x2048":false,"sow-carousel-default":false},"uagb_author_info":{"display_name":"Leo Ertl - HLW Hollabrunn","author_link":"https:\/\/hlwhollabrunn.ac.at\/web2\/author\/leoertl_cupar_17\/"},"uagb_comment_info":0,"uagb_excerpt":"In der Zusatzqualifikation Kulturvermittler:in, die nur von Sch\u00fcler:innen der Vertiefung Kreativwerkstatt belegt werden kann, lernst du Prozesse der Kulturvermittlung kennen, indem du den Weg vom ... Weiterlesen ...","_links":{"self":[{"href":"https:\/\/hlwhollabrunn.ac.at\/web2\/wp-json\/wp\/v2\/pages\/549","targetHints":{"allow":["GET"]}}],"collection":[{"href":"https:\/\/hlwhollabrunn.ac.at\/web2\/wp-json\/wp\/v2\/pages"}],"about":[{"href":"https:\/\/hlwhollabrunn.ac.at\/web2\/wp-json\/wp\/v2\/types\/page"}],"author":[{"embeddable":true,"href":"https:\/\/hlwhollabrunn.ac.at\/web2\/wp-json\/wp\/v2\/users\/1"}],"replies":[{"embeddable":true,"href":"https:\/\/hlwhollabrunn.ac.at\/web2\/wp-json\/wp\/v2\/comments?post=549"}],"version-history":[{"count":16,"href":"https:\/\/hlwhollabrunn.ac.at\/web2\/wp-json\/wp\/v2\/pages\/549\/revisions"}],"predecessor-version":[{"id":17210,"href":"https:\/\/hlwhollabrunn.ac.at\/web2\/wp-json\/wp\/v2\/pages\/549\/revisions\/17210"}],"up":[{"embeddable":true,"href":"https:\/\/hlwhollabrunn.ac.at\/web2\/wp-json\/wp\/v2\/pages\/544"}],"wp:attachment":[{"href":"https:\/\/hlwhollabrunn.ac.at\/web2\/wp-json\/wp\/v2\/media?parent=549"}],"wp:term":[{"taxonomy":"wf_page_folders","embeddable":true,"href":"https:\/\/hlwhollabrunn.ac.at\/web2\/wp-json\/wp\/v2\/wf_page_folders?post=549"}],"curies":[{"name":"wp","href":"https:\/\/api.w.org\/{rel}","templated":true}]}}