{"id":548,"date":"2020-10-08T16:43:22","date_gmt":"2020-10-08T14:43:22","guid":{"rendered":"http:\/\/www.dubisthlwhollabrunn.at\/?page_id=47"},"modified":"2022-02-13T22:57:23","modified_gmt":"2022-02-13T21:57:23","slug":"sozial","status":"publish","type":"page","link":"https:\/\/hlwhollabrunn.ac.at\/web2\/hlw\/vertiefungen\/sozial\/","title":{"rendered":"Soziales"},"content":{"rendered":"\n<h5 class=\"sketch petrol wp-block-heading\" id=\"du-interessierst-dich-fur-themen-die-das-zusammenleben-von-menschen-in-gesellschaft-und-staat-betreffen\">Du interessierst Dich f\u00fcr Themen,  die das Zusammenleben von Menschen in Gesellschaft und Staat betreffen?<\/h5>\n\n\n\n<p>Die Vertiefung Soziales bietet ein weitgef\u00e4chertes Angebot an interessanten Themen, die das Zusammenleben von Menschen in Gesellschaft und Staat betreffen.&nbsp;<\/p>\n\n\n\n<p>Die&nbsp;Vermittlung von fachlichem&nbsp;Wissen hinsichtlich sozialer, wirtschaftlicher, psychologischer und rechtskundlicher Kompetenzen geht dabei Hand in Hand mit einer Sensibilisierung f\u00fcr ethische Werte&nbsp;und&nbsp;Pers\u00f6nlichkeitsbildung.&nbsp;Eine unerl\u00e4ssliche Schl\u00fcsselkompetenz, die Sch\u00fclerinnen und Sch\u00fclern mit auf den Weg gegeben wird, ist die F\u00f6rderung der F\u00e4higkeit, sich in ein Team eingliedern zu k\u00f6nnen.<\/p>\n\n\n\n<div class=\"wp-block-image is-style-rounded\"><figure class=\"alignright size-full is-resized\"><img loading=\"lazy\" decoding=\"async\" src=\"https:\/\/hlwhollabrunn.ac.at\/web2\/wp-content\/uploads\/2022\/02\/Soziales3_compressed.jpg\" alt=\"\" class=\"wp-image-16033\" width=\"300\" height=\"300\" srcset=\"https:\/\/hlwhollabrunn.ac.at\/web2\/wp-content\/uploads\/2022\/02\/Soziales3_compressed.jpg 395w, https:\/\/hlwhollabrunn.ac.at\/web2\/wp-content\/uploads\/2022\/02\/Soziales3_compressed-200x200.jpg 200w\" sizes=\"auto, (max-width: 300px) 100vw, 300px\" \/><\/figure><\/div>\n\n\n\n<p>F\u00fcr Unterrichtsprojekte oder vorwissenschaftliches Arbeiten ist es au\u00dferdem von gro\u00dfem Vorteil, Kompetenzen wie Verl\u00e4sslichkeit, Ausdauer und Solidarit\u00e4t im Unterricht zu st\u00e4rken und weiterzuentwickeln. Gefragt ist nicht zuletzt, sich mit traditionellen Grundhaltungen wie H\u00f6flichkeit und wertsch\u00e4tzendem Umgang zu befassen. Dies alles sind Kompetenzen, die in der modernen Arbeitswelt mit ihren oft fachlich und pers\u00f6nlich herausfordernden Facetten von immer gr\u00f6\u00dferer Bedeutung sind.&nbsp;<\/p>\n\n\n\n<p>Soziales ist&nbsp;weiters&nbsp;eine interessante M\u00f6glichkeit, sich einen \u00dcberblick \u00fcber Berufsm\u00f6glichkeiten im Sozialbereich zu verschaffen und so das eigene Interesse und die Eignung f\u00fcr einen Sozialberuf auszuloten.&nbsp;&nbsp;<\/p>\n\n\n\n<div class=\"wp-block-image is-style-rounded\"><figure class=\"alignleft size-full is-resized\"><img loading=\"lazy\" decoding=\"async\" src=\"https:\/\/hlwhollabrunn.ac.at\/web2\/wp-content\/uploads\/2022\/02\/Soziales2_compressed-1.jpg\" alt=\"\" class=\"wp-image-16037\" width=\"222\" height=\"222\" srcset=\"https:\/\/hlwhollabrunn.ac.at\/web2\/wp-content\/uploads\/2022\/02\/Soziales2_compressed-1.jpg 387w, https:\/\/hlwhollabrunn.ac.at\/web2\/wp-content\/uploads\/2022\/02\/Soziales2_compressed-1-200x200.jpg 200w\" sizes=\"auto, (max-width: 222px) 100vw, 222px\" \/><\/figure><\/div>\n\n\n\n<p>Im&nbsp;2. und 3.&nbsp;Jahrgang&nbsp;werden aus dem Blickwinkel der Psychologie und Rechtskunde soziale Themen&nbsp;beleuchtet, dies betrifft im&nbsp;2.&nbsp;Jahrgang <span class=\"hervor\">Kinder und Jugendliche<\/span> (z.B. Intelligenz- und Sprachentwicklung, Jugendschutz) und im&nbsp;3.&nbsp;Jahrgang das <span class=\"hervor\">Gesundheitswesen<\/span> (z.B. Gesundheitspsychologie, Sanit\u00e4tsrecht). <\/p>\n\n\n\n<p>Im&nbsp;4.&nbsp;und&nbsp;5.&nbsp;Jahrgang besteht die M\u00f6glichkeit, in jedem Semester zwischen zwei Unterrichtsmodulen auszuw\u00e4hlen, die von anderen F\u00e4chern (z.B. Deutsch, Ern\u00e4hrung, Geschichte, Geographie, Informatik, Religion&nbsp;etc.) angeboten werden, wobei ein bestimmtes soziales Thema aus deren Perspektive&nbsp;interdisziplin\u00e4r&nbsp;behandelt wird. Peer-Mediation ist eine erg\u00e4nzende Zusatzqualifikation zur Vertiefung.&nbsp;<\/p>\n\n\n\n<div class=\"wp-block-image is-style-rounded\"><figure class=\"alignright size-full is-resized\"><img loading=\"lazy\" decoding=\"async\" src=\"https:\/\/hlwhollabrunn.ac.at\/web2\/wp-content\/uploads\/2022\/02\/Soziales1_compressed.jpg\" alt=\"\" class=\"wp-image-16035\" width=\"222\" height=\"222\" srcset=\"https:\/\/hlwhollabrunn.ac.at\/web2\/wp-content\/uploads\/2022\/02\/Soziales1_compressed.jpg 363w, https:\/\/hlwhollabrunn.ac.at\/web2\/wp-content\/uploads\/2022\/02\/Soziales1_compressed-200x200.jpg 200w\" sizes=\"auto, (max-width: 222px) 100vw, 222px\" \/><\/figure><\/div>\n\n\n\n<p>Neben\u00a0der im Unterricht gelernten Theorie ist vor allem die Praxis ein wesentliches Element in diesem Vertiefungsbereich.\u00a0Die Palette der Exkursions- und Lehrausgangsziele reicht vom Besuch eines Landeskindergartens, des Mutter-Kind-Hauses, des Johanneshauses, des M\u00fctterstudios, des Rehab-Zentrums \u201eWei\u00dfer Hof\u201c, der Ausstellung \u201eDialog im Dunklen\u201c, des Bestattungsmuseums bis hin zu berufspraktischen Tagen in einer sozialen Einrichtung.\u00a0<\/p>\n\n\n\n<p><a href=\"https:\/\/hlwhollabrunn.ac.at\/web2\/hlw\/vertiefungen\/kreativwerkstatt\/\">Vertiefung Kreativwerkstatt<\/a> | <a href=\"https:\/\/hlwhollabrunn.ac.at\/web2\/hlw\/vertiefungen\/wellness\/\">Vertiefung Wellness<\/a><\/p>\n","protected":false},"excerpt":{"rendered":"<p>Du interessierst Dich f\u00fcr Themen, die das Zusammenleben von Menschen in Gesellschaft und Staat betreffen? Die Vertiefung Soziales bietet ein weitgef\u00e4chertes Angebot an interessanten Themen, &#8230; <\/p>\n<p class=\"read-more-container\"><a title=\"Soziales\" class=\"read-more button\" href=\"https:\/\/hlwhollabrunn.ac.at\/web2\/hlw\/vertiefungen\/sozial\/#more-548\" aria-label=\"Mehr Informationen \u00fcber Soziales\">Weiterlesen &#8230;<\/a><\/p>\n","protected":false},"author":1,"featured_media":0,"parent":2758,"menu_order":2,"comment_status":"closed","ping_status":"closed","template":"","meta":{"_uag_custom_page_level_css":"","footnotes":""},"wf_page_folders":[112],"class_list":{"0":"post-548","1":"page","2":"type-page","3":"status-publish","5":"no-featured-image-padding"},"uagb_featured_image_src":{"full":false,"thumbnail":false,"medium":false,"medium_large":false,"large":false,"1536x1536":false,"2048x2048":false,"sow-carousel-default":false},"uagb_author_info":{"display_name":"Leo Ertl - HLW Hollabrunn","author_link":"https:\/\/hlwhollabrunn.ac.at\/web2\/author\/leoertl_cupar_17\/"},"uagb_comment_info":0,"uagb_excerpt":"Du interessierst Dich f\u00fcr Themen, die das Zusammenleben von Menschen in Gesellschaft und Staat betreffen? Die Vertiefung Soziales bietet ein weitgef\u00e4chertes Angebot an interessanten Themen, ... Weiterlesen ...","_links":{"self":[{"href":"https:\/\/hlwhollabrunn.ac.at\/web2\/wp-json\/wp\/v2\/pages\/548","targetHints":{"allow":["GET"]}}],"collection":[{"href":"https:\/\/hlwhollabrunn.ac.at\/web2\/wp-json\/wp\/v2\/pages"}],"about":[{"href":"https:\/\/hlwhollabrunn.ac.at\/web2\/wp-json\/wp\/v2\/types\/page"}],"author":[{"embeddable":true,"href":"https:\/\/hlwhollabrunn.ac.at\/web2\/wp-json\/wp\/v2\/users\/1"}],"replies":[{"embeddable":true,"href":"https:\/\/hlwhollabrunn.ac.at\/web2\/wp-json\/wp\/v2\/comments?post=548"}],"version-history":[{"count":14,"href":"https:\/\/hlwhollabrunn.ac.at\/web2\/wp-json\/wp\/v2\/pages\/548\/revisions"}],"predecessor-version":[{"id":16998,"href":"https:\/\/hlwhollabrunn.ac.at\/web2\/wp-json\/wp\/v2\/pages\/548\/revisions\/16998"}],"up":[{"embeddable":true,"href":"https:\/\/hlwhollabrunn.ac.at\/web2\/wp-json\/wp\/v2\/pages\/2758"}],"wp:attachment":[{"href":"https:\/\/hlwhollabrunn.ac.at\/web2\/wp-json\/wp\/v2\/media?parent=548"}],"wp:term":[{"taxonomy":"wf_page_folders","embeddable":true,"href":"https:\/\/hlwhollabrunn.ac.at\/web2\/wp-json\/wp\/v2\/wf_page_folders?post=548"}],"curies":[{"name":"wp","href":"https:\/\/api.w.org\/{rel}","templated":true}]}}