{"id":547,"date":"2020-10-08T16:43:04","date_gmt":"2020-10-08T14:43:04","guid":{"rendered":"http:\/\/www.dubisthlwhollabrunn.at\/?page_id=45"},"modified":"2024-09-19T09:16:07","modified_gmt":"2024-09-19T08:16:07","slug":"wellness","status":"publish","type":"page","link":"https:\/\/hlwhollabrunn.ac.at\/web2\/hlw\/vertiefungen\/wellness\/","title":{"rendered":"Wellness"},"content":{"rendered":"<div class=\"wp-block-image is-style-rounded\">\n<figure class=\"alignright size-full is-resized\"><img loading=\"lazy\" decoding=\"async\" width=\"598\" height=\"598\" src=\"https:\/\/hlwhollabrunn.ac.at\/web2\/wp-content\/uploads\/2022\/02\/wellness01_Fit3_compressed.jpg\" alt=\"Wellness\" class=\"wp-image-16042\" style=\"width:330px;height:330px\" srcset=\"https:\/\/hlwhollabrunn.ac.at\/web2\/wp-content\/uploads\/2022\/02\/wellness01_Fit3_compressed.jpg 598w, https:\/\/hlwhollabrunn.ac.at\/web2\/wp-content\/uploads\/2022\/02\/wellness01_Fit3_compressed-200x200.jpg 200w, https:\/\/hlwhollabrunn.ac.at\/web2\/wp-content\/uploads\/2022\/02\/wellness01_Fit3_compressed-400x400.jpg 400w\" sizes=\"auto, (max-width: 598px) 100vw, 598px\" \/><\/figure><\/div>\n\n\n<h5 class=\"wp-block-heading sketch petrol\" id=\"du-bist-an-einer-sportlichen-gesunden-lebensfuhrung-interessiert\">Du bist an einer sportlichen, gesunden Lebensf\u00fchrung interessiert?<\/h5>\n\n\n\n<p>Wir bieten dir theoretische und praktische Ausbildung in Sport- und Ern\u00e4hrungswissenschaft und vermitteln dir Kenntnisse \u00fcber die Anatomie und Physiologie des Menschen, Zugang zu diversen Trendsportarten und Einblicke in moderne Ern\u00e4hrungsformen.<br>Wenn du Freude an Bewegung und eine gute Kondition hast, wenn du bereit bist, k\u00f6rperliche Leistungen zu erbringen und dich bewusst zu ern\u00e4hren, dann freuen wir uns, dich in der Vertiefung Wellness begr\u00fc\u00dfen zu d\u00fcrfen!<\/p>\n\n\n<div class=\"wp-block-image is-style-rounded\">\n<figure class=\"alignleft size-full is-resized\"><img loading=\"lazy\" decoding=\"async\" width=\"391\" height=\"391\" src=\"https:\/\/hlwhollabrunn.ac.at\/web2\/wp-content\/uploads\/2022\/02\/wellness03_Sport4_compressed.jpg\" alt=\"Wellness\" class=\"wp-image-16045\" style=\"width:222px;height:222px\" srcset=\"https:\/\/hlwhollabrunn.ac.at\/web2\/wp-content\/uploads\/2022\/02\/wellness03_Sport4_compressed.jpg 391w, https:\/\/hlwhollabrunn.ac.at\/web2\/wp-content\/uploads\/2022\/02\/wellness03_Sport4_compressed-200x200.jpg 200w\" sizes=\"auto, (max-width: 391px) 100vw, 391px\" \/><\/figure><\/div>\n\n\n<p>Im Sportunterricht des 1. Jahrgangs wirst du gezielt auf die <a href=\"https:\/\/hlwhollabrunn.ac.at\/web2\/wp-content\/uploads\/2024\/09\/wellness_voraussetzungen_ab_2024_.pdf\" target=\"_blank\" rel=\"noreferrer noopener\">Anforderungen <\/a>dieser Vertiefung vorbereitet. Nimmst du auch an der Zusatzqualifikation Instruktor FIT Animation teil, wirst du im 3. und 4. Jahrgang f\u00fcr die <span class=\"hervor\">Aufnahme- und Abschlusspr\u00fcfung<\/span> vorbereitet und trainiert.<\/p>\n\n\n\n<p><\/p>\n\n\n\n<p><\/p>\n\n\n\n<p><\/p>\n\n\n\n<div style=\"height:20px\" aria-hidden=\"true\" class=\"wp-block-spacer\"><\/div>\n\n\n<div class=\"wp-block-image is-style-rounded\">\n<figure class=\"alignright size-full is-resized\"><img loading=\"lazy\" decoding=\"async\" width=\"568\" height=\"568\" src=\"https:\/\/hlwhollabrunn.ac.at\/web2\/wp-content\/uploads\/2022\/02\/wellness04_Fit2_compressed.jpg\" alt=\"Wellness\" class=\"wp-image-16047\" style=\"width:222px;height:222px\" srcset=\"https:\/\/hlwhollabrunn.ac.at\/web2\/wp-content\/uploads\/2022\/02\/wellness04_Fit2_compressed.jpg 568w, https:\/\/hlwhollabrunn.ac.at\/web2\/wp-content\/uploads\/2022\/02\/wellness04_Fit2_compressed-200x200.jpg 200w, https:\/\/hlwhollabrunn.ac.at\/web2\/wp-content\/uploads\/2022\/02\/wellness04_Fit2_compressed-400x400.jpg 400w\" sizes=\"auto, (max-width: 568px) 100vw, 568px\" \/><\/figure><\/div>\n\n\n<h3 class=\"wp-block-heading\" id=\"hlw-vertiefung-wellness-sport-highlights\">HLW: Vertiefung Wellness- &amp; Sport-Highlights<\/h3>\n\n\n\n<ul class=\"wp-block-list\">\n<li>Mehrfache Gewinnerinnen des Frauenlaufs<\/li>\n\n\n\n<li>Landesmeisterinnen M\u00e4dchen-Fu\u00dfball<\/li>\n\n\n\n<li>Landesmeisterinnen und Bundesmeisterinnen Cross-Country-Lauf<\/li>\n\n\n\n<li>Erfolgreiche Teilnahme an den Landesmeisterschaften im Handball und Volleyball<\/li>\n\n\n\n<li>Sommer- und Wintersportwochen<\/li>\n<\/ul>\n\n\n\n<div class=\"wp-block-uagb-info-box uagb-block-652ee1f5 uagb-infobox__content-wrap  uagb-infobox-icon-left-title uagb-infobox-left uagb-infobox-image-valign-top rahmen_petrol uagb-infobox__outer-wrap\"><div class=\"uagb-ifb-content\"><div class=\"uagb-ifb-left-title-image\"><div class=\"uagb-ifb-icon-wrap\"><svg xmlns=\"https:\/\/www.w3.org\/2000\/svg\" viewBox=\"0 0 384 512\"><path d=\"M288 358.3c13.98-8.088 17.53-30.04 28.88-41.39c11.35-11.35 33.3-14.88 41.39-28.87c7.98-13.79 .1658-34.54 4.373-50.29C366.7 222.5 383.1 208.5 383.1 192c0-16.5-17.27-30.52-21.34-45.73c-4.207-15.75 3.612-36.5-4.365-50.29c-8.086-13.98-30.03-17.52-41.38-28.87c-11.35-11.35-14.89-33.3-28.87-41.39c-13.79-7.979-34.54-.1637-50.29-4.375C222.5 17.27 208.5 0 192 0C175.5 0 161.5 17.27 146.3 21.34C130.5 25.54 109.8 17.73 95.98 25.7C82 33.79 78.46 55.74 67.11 67.08C55.77 78.43 33.81 81.97 25.72 95.95C17.74 109.7 25.56 130.5 21.35 146.2C17.27 161.5 .0008 175.5 .0008 192c0 16.5 17.27 30.52 21.34 45.73c4.207 15.75-3.615 36.5 4.361 50.29C33.8 302 55.74 305.5 67.08 316.9c11.35 11.35 14.89 33.3 28.88 41.4c13.79 7.979 34.53 .1582 50.28 4.369C161.5 366.7 175.5 384 192 384c16.5 0 30.52-17.27 45.74-21.34C253.5 358.5 274.2 366.3 288 358.3zM112 192c0-44.27 35.81-80 80-80s80 35.73 80 80c0 44.17-35.81 80-80 80S112 236.2 112 192zM1.719 433.2c-3.25 8.188-1.781 17.48 3.875 24.25c5.656 6.75 14.53 9.898 23.12 8.148l45.19-9.035l21.43 42.27C99.46 507 107.6 512 116.7 512c.3438 0 .6641-.0117 1.008-.0273c9.5-.375 17.65-6.082 21.24-14.88l33.58-82.08c-53.71-4.639-102-28.12-138.2-63.95L1.719 433.2zM349.6 351.1c-36.15 35.83-84.45 59.31-138.2 63.95l33.58 82.08c3.594 8.797 11.74 14.5 21.24 14.88C266.6 511.1 266.1 512 267.3 512c9.094 0 17.23-4.973 21.35-13.14l21.43-42.28l45.19 9.035c8.594 1.75 17.47-1.398 23.12-8.148c5.656-6.766 7.125-16.06 3.875-24.25L349.6 351.1z\"><\/path><\/svg><\/div><div class=\"uagb-ifb-title-wrap\"><h3 class=\"uagb-ifb-title\"><strong><mark style=\"background-color:rgba(0, 0, 0, 0)\" class=\"has-inline-color has-black-color\"><a href=\"http:\/\/www.dubisthlwhollabrunn.at\/zusatzqualifikationen\/instruktor-fit-animation\/\" data-type=\"URL\" data-id=\"http:\/\/www.dubisthlwhollabrunn.at\/zusatzqualifikationen\/instruktor-fit-animation\/\"><strong><mark style=\"background-color:rgba(0, 0, 0, 0)\" class=\"has-inline-color has-black-color\">Instruktor FIT Animation<\/mark><\/strong><\/a><\/mark><\/strong><\/h3><\/div><\/div><p class=\"uagb-ifb-desc\"><mark style=\"background-color:rgba(0, 0, 0, 0)\" class=\"has-inline-color has-black-color\"><mark style=\"background-color:rgba(0, 0, 0, 0)\" class=\"has-inline-color has-black-color\">Bei uns hast du die M\u00f6glichkeit, die Ausbildung zum Instruktor FIT Animation an der Bundessportakademie Linz zu machen. Die Ausbildung schlie\u00dft mit einem staatlichen Zeugnis ab.<br>Diese Qualifikation erm\u00f6glicht die Arbeit in Vereinen, in Wellnessbetrieben, bei Gemeinden, Fitnessstudios, etc. Zu Beginn des 4. Jahrgangs findet die 1. Ausbildungswoche im Bundessportzentrum Obertraun statt.<br>Die 2. Ausbildungswoche absolvierst du w\u00e4hrend der Semesterferien in der Bundessportakademie Linz. Die abschlie\u00dfende staatliche Pr\u00fcfung folgt im M\u00e4rz. <\/mark><br><mark style=\"background-color:rgba(0, 0, 0, 0)\" class=\"has-inline-color has-black-color\">Achtung: Nur f\u00fcr Sch\u00fclerInnen der Vertiefung Wellness<\/mark><\/mark><br><a href=\"https:\/\/hlwhollabrunn.ac.at\/web2\/hlw\/zusatzqualifikationen\/instruktor-fit-animation\/\">Mehr &#8230;<\/a><\/p><\/div><\/div>\n\n\n\n<div class=\"wp-block-uagb-info-box uagb-block-647ebf1c uagb-infobox__content-wrap  uagb-infobox-icon-left-title uagb-infobox-left uagb-infobox-image-valign-top rahmen_coralle uagb-infobox__outer-wrap\"><div class=\"uagb-ifb-content\"><div class=\"uagb-ifb-left-title-image\"><div class=\"uagb-ifb-icon-wrap\"><svg xmlns=\"https:\/\/www.w3.org\/2000\/svg\" viewBox=\"0 0 512 512\"><path d=\"M20.04 317.3C18 317.3 16 315.8 16 313.3V150.5c0-2.351 1.91-4.012 4.001-4.012c.6882 0 1.396 .18 2.062 .5748l76.62 45.1l-75.28 122.3C22.59 316.8 21.31 317.3 20.04 317.3zM231.4 405.2l-208.2-22.06c-4.27-.4821-7.123-4.117-7.123-7.995c0-1.401 .3725-2.834 1.185-4.161L122.7 215.1L231.4 405.2zM31.1 420.1c0-2.039 1.508-4.068 3.93-4.068c.1654 0 .3351 .0095 .5089 .0291l203.6 22.31v65.66C239.1 508.6 236.2 512 232 512c-1.113 0-2.255-.2387-3.363-.7565L34.25 423.6C32.69 422.8 31.1 421.4 31.1 420.1zM33.94 117.1c-1.289-.7641-1.938-2.088-1.938-3.417c0-1.281 .6019-2.567 1.813-3.364l150.8-98.59C185.1 10.98 187.3 10.64 188.6 10.64c4.32 0 8.003 3.721 8.003 8.022c0 1.379-.3788 2.818-1.237 4.214L115.5 165.8L33.94 117.1zM146.8 175.1l95.59-168.4C245.5 2.53 250.7 0 255.1 0s10.5 2.53 13.62 7.624l95.59 168.4H146.8zM356.4 207.1l-100.4 175.7L155.6 207.1H356.4zM476.1 415.1c2.422 0 3.93 2.029 3.93 4.068c0 1.378-.6893 2.761-2.252 3.524l-194.4 87.66c-1.103 .5092-2.241 .7443-3.35 .7443c-4.2 0-7.994-3.371-7.994-7.994v-65.69l203.6-22.28C475.7 416 475.9 415.1 476.1 415.1zM494.8 370.9C495.6 372.3 496 373.7 496 375.1c0 3.872-2.841 7.499-7.128 7.98l-208.2 22.06l108.6-190.1L494.8 370.9zM316.6 22.87c-.8581-1.395-1.237-2.834-1.237-4.214c0-4.301 3.683-8.022 8.003-8.022c1.308 0 2.675 .3411 4.015 1.11l150.8 98.59c1.211 .7973 1.813 2.076 1.813 3.353c0 1.325-.6488 2.649-1.938 3.429L396.5 165.8L316.6 22.87zM491.1 146.5c2.091 0 4.001 1.661 4.001 4.012v162.8c0 2.483-2.016 4.006-4.053 4.006c-1.27 0-2.549-.5919-3.353-1.912l-75.28-122.3l76.62-45.1C490.6 146.7 491.3 146.5 491.1 146.5z\"><\/path><\/svg><\/div><div class=\"uagb-ifb-title-wrap\"><h3 class=\"uagb-ifb-title\"><strong><mark style=\"background-color:rgba(0, 0, 0, 0)\" class=\"has-inline-color has-black-color\"><strong><mark style=\"background-color:rgba(0, 0, 0, 0)\" class=\"has-inline-color has-black-color\">Fu\u00dfball<\/mark><\/strong><\/mark><\/strong><\/h3><\/div><\/div><p class=\"uagb-ifb-desc\"><mark style=\"background-color:rgba(0, 0, 0, 0)\" class=\"has-inline-color has-black-color\"><mark style=\"background-color:rgba(0, 0, 0, 0)\" class=\"has-inline-color has-black-color\">Du spielst gerne Fu\u00dfball? Dann melde dich zur unverbindlichen \u00dcbung Fu\u00dfball an! Sowohl f\u00fcr M\u00e4dchen als auch f\u00fcr Burschen bieten wir die M\u00f6glichkeit, in der Schule zu kicken. Alle Klassen und Jahrg\u00e4nge sind willkommen!<\/mark><\/mark><\/p><\/div><\/div>\n\n\n\n<hr class=\"wp-block-separator has-text-color has-css-opacity has-background is-style-wide\" style=\"background-color:#1d94a0;color:#1d94a0\"\/>\n\n\n\n<h2 class=\"wp-block-heading\" id=\"teste-dein-sportliches-wissen-hier-geht-s-zum-sportquiz\">Teste dein sportliches Wissen!<\/h2>\n\n\n\n<h3 class=\"wp-block-heading\" id=\"teste-dein-sportliches-wissen-hier-geht-s-zum-sportquiz\"><a href=\"https:\/\/hlwhollabrunn.ac.at\/web2\/hlw\/vertiefungen\/wellness\/sportquiz\/\">Hier geht&#8217;s zum Sportquiz<\/a><\/h3>\n\n\n\n<hr class=\"wp-block-separator has-text-color has-css-opacity has-background is-style-wide\" style=\"background-color:#1d94a0;color:#1d94a0\"\/>\n\n\n\n<div class=\"wp-block-uagb-testimonial uagb-slick-carousel uagb-tm__arrow-outside uagb-block-ab782fbf uagb-post__carousel_notset\"><div class=\"is-carousel uagb-tm__columns-2 uagb-tm__items\"><div class=\"uagb-testimonial__wrap  uagb-tm__imgicon-style-circle uagb-tm__image-position-top uagb-tm__bg-type-none \"><div class=\"uagb-tm__content\"><div class=\"uagb-tm__overlay\"><\/div><div class=\"uagb-tm__image-content\"><div class=\"uagb-tm__image\"><img decoding=\"async\" class=\"uagb-tm-img-src\" src=\"https:\/\/hlwhollabrunn.ac.at\/web2\/wp-content\/uploads\/2022\/01\/Pfeiffer_Stefan_430_compressed.jpg\" alt=\"Stefan Pfeiffer\" width=\"140\" height=\"140\" loading=\"lazy\"\/><\/div><\/div><div class=\"uagb-tm__text-wrap\"><div class=\"uagb-tm__desc\">F\u00fcr mich ist der Wellnesszweig sehr interessant, da wir hier sehr viel \u00fcber Sport und gesunde Ern\u00e4hrung lernen.<\/div><div class=\"uagb-tm__meta-inner\"><div class=\"uagb-testimonial-details\"><span class=\"uagb-tm__author-name\">Stefan<\/span><span class=\"uagb-tm__company\">3AHLW<\/span><\/div><\/div><\/div><\/div><\/div><div class=\"uagb-testimonial__wrap  uagb-tm__imgicon-style-circle uagb-tm__image-position-top uagb-tm__bg-type-none \"><div class=\"uagb-tm__content\"><div class=\"uagb-tm__overlay\"><\/div><div class=\"uagb-tm__image-content\"><div class=\"uagb-tm__image\"><img decoding=\"async\" class=\"uagb-tm-img-src\" src=\"https:\/\/hlwhollabrunn.ac.at\/web2\/wp-content\/uploads\/2022\/01\/hogl_fabian_430_compressed.jpg\" alt=\"Fabian Hogl\" width=\"140\" height=\"140\" loading=\"lazy\"\/><\/div><\/div><div class=\"uagb-tm__text-wrap\"><div class=\"uagb-tm__desc\">Ich habe den Wellnesszweig und die damit verbundenen M\u00f6glichkeiten sehr ansprechend gefunden.<\/div><div class=\"uagb-tm__meta-inner\"><div class=\"uagb-testimonial-details\"><span class=\"uagb-tm__author-name\">Fabian<\/span><span class=\"uagb-tm__company\">4AHLW<\/span><\/div><\/div><\/div><\/div><\/div><\/div><\/div>\n\n\n\n<hr class=\"wp-block-separator has-css-opacity is-style-dots\"\/>\n\n\n\n<figure class=\"wp-block-gallery has-nested-images columns-2 is-cropped wp-block-gallery-1 is-layout-flex wp-block-gallery-is-layout-flex\">\n<figure class=\"wp-block-image size-large\"><img loading=\"lazy\" decoding=\"async\" width=\"600\" height=\"1062\" data-id=\"16030\" src=\"https:\/\/hlwhollabrunn.ac.at\/web2\/wp-content\/uploads\/2022\/02\/d_IMG_20190910_145849_compressed.jpg\" alt=\"\" class=\"wp-image-16030\" srcset=\"https:\/\/hlwhollabrunn.ac.at\/web2\/wp-content\/uploads\/2022\/02\/d_IMG_20190910_145849_compressed.jpg 600w, https:\/\/hlwhollabrunn.ac.at\/web2\/wp-content\/uploads\/2022\/02\/d_IMG_20190910_145849_compressed-200x354.jpg 200w\" sizes=\"auto, (max-width: 600px) 100vw, 600px\" \/><figcaption class=\"wp-element-caption\">sdr<\/figcaption><\/figure>\n\n\n\n<figure class=\"wp-block-image size-large\"><img loading=\"lazy\" decoding=\"async\" width=\"600\" height=\"338\" data-id=\"16029\" src=\"https:\/\/hlwhollabrunn.ac.at\/web2\/wp-content\/uploads\/2022\/02\/d_Turnstunde_compressed.jpg\" alt=\"\" class=\"wp-image-16029\" srcset=\"https:\/\/hlwhollabrunn.ac.at\/web2\/wp-content\/uploads\/2022\/02\/d_Turnstunde_compressed.jpg 600w, https:\/\/hlwhollabrunn.ac.at\/web2\/wp-content\/uploads\/2022\/02\/d_Turnstunde_compressed-200x113.jpg 200w\" sizes=\"auto, (max-width: 600px) 100vw, 600px\" \/><figcaption class=\"wp-element-caption\">dav<\/figcaption><\/figure>\n\n\n\n<figure class=\"wp-block-image size-large\"><img loading=\"lazy\" decoding=\"async\" width=\"600\" height=\"338\" data-id=\"16027\" src=\"https:\/\/hlwhollabrunn.ac.at\/web2\/wp-content\/uploads\/2022\/02\/d_Wellnesstunge_compressed.jpg\" alt=\"\" class=\"wp-image-16027\" srcset=\"https:\/\/hlwhollabrunn.ac.at\/web2\/wp-content\/uploads\/2022\/02\/d_Wellnesstunge_compressed.jpg 600w, https:\/\/hlwhollabrunn.ac.at\/web2\/wp-content\/uploads\/2022\/02\/d_Wellnesstunge_compressed-200x113.jpg 200w\" sizes=\"auto, (max-width: 600px) 100vw, 600px\" \/><\/figure>\n\n\n\n<figure class=\"wp-block-image size-large\"><img loading=\"lazy\" decoding=\"async\" width=\"600\" height=\"400\" data-id=\"16026\" src=\"https:\/\/hlwhollabrunn.ac.at\/web2\/wp-content\/uploads\/2022\/02\/d_trampolin_compressed.jpg\" alt=\"\" class=\"wp-image-16026\" srcset=\"https:\/\/hlwhollabrunn.ac.at\/web2\/wp-content\/uploads\/2022\/02\/d_trampolin_compressed.jpg 600w, https:\/\/hlwhollabrunn.ac.at\/web2\/wp-content\/uploads\/2022\/02\/d_trampolin_compressed-200x133.jpg 200w, https:\/\/hlwhollabrunn.ac.at\/web2\/wp-content\/uploads\/2022\/02\/d_trampolin_compressed-272x182.jpg 272w\" sizes=\"auto, (max-width: 600px) 100vw, 600px\" \/><\/figure>\n\n\n\n<figure class=\"wp-block-image size-large\"><img loading=\"lazy\" decoding=\"async\" width=\"600\" height=\"400\" data-id=\"16028\" src=\"https:\/\/hlwhollabrunn.ac.at\/web2\/wp-content\/uploads\/2022\/02\/d_turnen_compressed.jpg\" alt=\"\" class=\"wp-image-16028\" srcset=\"https:\/\/hlwhollabrunn.ac.at\/web2\/wp-content\/uploads\/2022\/02\/d_turnen_compressed.jpg 600w, https:\/\/hlwhollabrunn.ac.at\/web2\/wp-content\/uploads\/2022\/02\/d_turnen_compressed-200x133.jpg 200w, https:\/\/hlwhollabrunn.ac.at\/web2\/wp-content\/uploads\/2022\/02\/d_turnen_compressed-272x182.jpg 272w\" sizes=\"auto, (max-width: 600px) 100vw, 600px\" \/><\/figure>\n\n\n\n<figure class=\"wp-block-image size-large\"><img loading=\"lazy\" decoding=\"async\" width=\"600\" height=\"450\" data-id=\"16024\" src=\"https:\/\/hlwhollabrunn.ac.at\/web2\/wp-content\/uploads\/2022\/02\/d_klettern19_compressed.jpg\" alt=\"\" class=\"wp-image-16024\" srcset=\"https:\/\/hlwhollabrunn.ac.at\/web2\/wp-content\/uploads\/2022\/02\/d_klettern19_compressed.jpg 600w, https:\/\/hlwhollabrunn.ac.at\/web2\/wp-content\/uploads\/2022\/02\/d_klettern19_compressed-200x150.jpg 200w\" sizes=\"auto, (max-width: 600px) 100vw, 600px\" \/><\/figure>\n\n\n\n<figure class=\"wp-block-image size-large\"><img loading=\"lazy\" decoding=\"async\" width=\"600\" height=\"450\" data-id=\"16023\" src=\"https:\/\/hlwhollabrunn.ac.at\/web2\/wp-content\/uploads\/2022\/02\/d_fliplab_compressed.jpg\" alt=\"\" class=\"wp-image-16023\" srcset=\"https:\/\/hlwhollabrunn.ac.at\/web2\/wp-content\/uploads\/2022\/02\/d_fliplab_compressed.jpg 600w, https:\/\/hlwhollabrunn.ac.at\/web2\/wp-content\/uploads\/2022\/02\/d_fliplab_compressed-200x150.jpg 200w\" sizes=\"auto, (max-width: 600px) 100vw, 600px\" \/><\/figure>\n\n\n\n<figure class=\"wp-block-image size-large\"><img loading=\"lazy\" decoding=\"async\" width=\"600\" height=\"338\" data-id=\"16025\" src=\"https:\/\/hlwhollabrunn.ac.at\/web2\/wp-content\/uploads\/2022\/02\/d_Kletterwand_compressed.jpg\" alt=\"\" class=\"wp-image-16025\" srcset=\"https:\/\/hlwhollabrunn.ac.at\/web2\/wp-content\/uploads\/2022\/02\/d_Kletterwand_compressed.jpg 600w, https:\/\/hlwhollabrunn.ac.at\/web2\/wp-content\/uploads\/2022\/02\/d_Kletterwand_compressed-200x113.jpg 200w\" sizes=\"auto, (max-width: 600px) 100vw, 600px\" \/><figcaption class=\"wp-element-caption\">sdr<\/figcaption><\/figure>\n<\/figure>\n\n\n\n<p><a href=\"https:\/\/hlwhollabrunn.ac.at\/web2\/hlw\/vertiefungen\/kreativwerkstatt\/\">Vertiefung Kreativwerkstatt<\/a> | <a href=\"https:\/\/hlwhollabrunn.ac.at\/web2\/hlw\/vertiefungen\/kreativwerkstatt\/\">Vertiefung Soziales<\/a><\/p>\n","protected":false},"excerpt":{"rendered":"<p>Du bist an einer sportlichen, gesunden Lebensf\u00fchrung interessiert? Wir bieten dir theoretische und praktische Ausbildung in Sport- und Ern\u00e4hrungswissenschaft und vermitteln dir Kenntnisse \u00fcber die &#8230; <\/p>\n<p class=\"read-more-container\"><a title=\"Wellness\" class=\"read-more button\" href=\"https:\/\/hlwhollabrunn.ac.at\/web2\/hlw\/vertiefungen\/wellness\/#more-547\" aria-label=\"Mehr Informationen \u00fcber Wellness\">Weiterlesen &#8230;<\/a><\/p>\n","protected":false},"author":1,"featured_media":0,"parent":2758,"menu_order":1,"comment_status":"closed","ping_status":"closed","template":"","meta":{"_uag_custom_page_level_css":"","footnotes":""},"wf_page_folders":[112],"class_list":{"0":"post-547","1":"page","2":"type-page","3":"status-publish","5":"no-featured-image-padding"},"uagb_featured_image_src":{"full":false,"thumbnail":false,"medium":false,"medium_large":false,"large":false,"1536x1536":false,"2048x2048":false,"sow-carousel-default":false},"uagb_author_info":{"display_name":"Leo Ertl - HLW Hollabrunn","author_link":"https:\/\/hlwhollabrunn.ac.at\/web2\/author\/leoertl_cupar_17\/"},"uagb_comment_info":0,"uagb_excerpt":"Du bist an einer sportlichen, gesunden Lebensf\u00fchrung interessiert? Wir bieten dir theoretische und praktische Ausbildung in Sport- und Ern\u00e4hrungswissenschaft und vermitteln dir Kenntnisse \u00fcber die ... Weiterlesen ...","_links":{"self":[{"href":"https:\/\/hlwhollabrunn.ac.at\/web2\/wp-json\/wp\/v2\/pages\/547","targetHints":{"allow":["GET"]}}],"collection":[{"href":"https:\/\/hlwhollabrunn.ac.at\/web2\/wp-json\/wp\/v2\/pages"}],"about":[{"href":"https:\/\/hlwhollabrunn.ac.at\/web2\/wp-json\/wp\/v2\/types\/page"}],"author":[{"embeddable":true,"href":"https:\/\/hlwhollabrunn.ac.at\/web2\/wp-json\/wp\/v2\/users\/1"}],"replies":[{"embeddable":true,"href":"https:\/\/hlwhollabrunn.ac.at\/web2\/wp-json\/wp\/v2\/comments?post=547"}],"version-history":[{"count":41,"href":"https:\/\/hlwhollabrunn.ac.at\/web2\/wp-json\/wp\/v2\/pages\/547\/revisions"}],"predecessor-version":[{"id":19886,"href":"https:\/\/hlwhollabrunn.ac.at\/web2\/wp-json\/wp\/v2\/pages\/547\/revisions\/19886"}],"up":[{"embeddable":true,"href":"https:\/\/hlwhollabrunn.ac.at\/web2\/wp-json\/wp\/v2\/pages\/2758"}],"wp:attachment":[{"href":"https:\/\/hlwhollabrunn.ac.at\/web2\/wp-json\/wp\/v2\/media?parent=547"}],"wp:term":[{"taxonomy":"wf_page_folders","embeddable":true,"href":"https:\/\/hlwhollabrunn.ac.at\/web2\/wp-json\/wp\/v2\/wf_page_folders?post=547"}],"curies":[{"name":"wp","href":"https:\/\/api.w.org\/{rel}","templated":true}]}}