{"id":546,"date":"2020-10-08T16:31:50","date_gmt":"2020-10-08T14:31:50","guid":{"rendered":"http:\/\/www.dubisthlwhollabrunn.at\/?page_id=40"},"modified":"2022-02-15T23:11:34","modified_gmt":"2022-02-15T22:11:34","slug":"hlw","status":"publish","type":"page","link":"https:\/\/hlwhollabrunn.ac.at\/web2\/hlw\/","title":{"rendered":"Schultyp HLW"},"content":{"rendered":"\n<h1 class=\"has-text-color wp-block-heading\" id=\"vielfalt-ist-unsere-starke\" style=\"color:#1d94a0\"><mark style=\"background-color:rgba(0, 0, 0, 0);color:#1d8ca0\" class=\"has-inline-color\"><strong>Vielfalt ist unsere St\u00e4rke<\/strong><\/mark><\/h1>\n\n\n\n<h5 class=\"sketch petrol wp-block-heading\" id=\"daher-hast-du-in-der-5-jahrigen-hoheren-lehranstalt-fur-wirtschaftliche-berufe-hlw-viele-wahlmoglichkeiten\">Daher hast du in der 5-j\u00e4hrigen h\u00f6heren Lehranstalt f\u00fcr wirtschaftliche Berufe (HLW) viele Wahlm\u00f6glichkeiten.<\/h5>\n\n\n\n<h3 class=\"wp-block-heading\" id=\"wir-bieten-dir-unterricht-in\">Wir bieten dir Unterricht in &#8230;<\/h3>\n\n\n\n<ul class=\"wp-block-list\"><li>Allgemeinbildung<\/li><li>Fremdsprachen (Englisch und 2. lebende Fremdsprache)<\/li><li>Wirtschaftliche Bildung<\/li><li>Fachpraktische Ausbildung<\/li><li>Kreativit\u00e4t<\/li><\/ul>\n\n\n\n<h3 class=\"wp-block-heading\" id=\"wahlmoglichkeiten-ganz-nach-deinen-interessen\">Wahlm\u00f6glichkeiten, ganz nach deinen Interessen:<\/h3>\n\n\n\n<section class=\"wp-block-uagb-columns uagb-columns__wrap uagb-columns__background-none uagb-columns__stack-mobile uagb-columns__valign-undefined uagb-columns__gap-5 alignundefined uagb-block-41c192f2\"><div class=\"uagb-columns__overlay\"><\/div><div class=\"uagb-columns__shape uagb-columns__shape-top\"><svg xmlns=\"http:\/\/www.w3.org\/2000\/svg\" viewbox=\"0 0 1000 20\" preserveaspectratio=\"none\"><path class=\"uagb-columns__shape-fill\" d=\"M0,0v3c0,0,393.8,0,483.4,0c9.2,0,16.6,7.4,16.6,16.6c0-9.1,7.4-16.6,16.6-16.6C606.2,3,1000,3,1000,3V0H0z\"><\/path><\/svg><\/div><div class=\"uagb-columns__inner-wrap uagb-columns__columns-3\">\n<div class=\"wp-block-uagb-column uagb-column__wrap uagb-column__background-undefined uagb-block-4360bbf6\"><div class=\"uagb-column__overlay\"><\/div><div class=\"uagb-column__inner-wrap\">\n<h3 class=\"wp-block-heading\" id=\"zweite-lebende-fremdsprache\">Zweite lebende Fremdsprache<\/h3>\n\n\n\n<ul class=\"keineinzug wp-block-list\"><li>Franz\u00f6sisch<\/li><li>Russisch<\/li><li>Spanisch<\/li><\/ul>\n\n\n\n<p><a href=\"https:\/\/hlwhollabrunn.ac.at\/web2\/hlw\/sprachen\/\">Mehr &#8230;<\/a><\/p>\n\n\n\n<div class=\"wp-block-buttons is-layout-flex wp-block-buttons-is-layout-flex\"><\/div>\n<\/div><\/div>\n\n\n\n<div class=\"wp-block-uagb-column uagb-column__wrap uagb-column__background-undefined uagb-block-76ab7a73\"><div class=\"uagb-column__overlay\"><\/div><div class=\"uagb-column__inner-wrap\">\n<h3 class=\"wp-block-heading\" id=\"vertiefungen\">Vertiefungen<\/h3>\n\n\n\n<ul class=\"keineinzug wp-block-list\"><li>Kreativwerkstatt<\/li><li>Soziales<\/li><li>Wellness<\/li><\/ul>\n\n\n\n<p><a href=\"https:\/\/hlwhollabrunn.ac.at\/web2\/hlw\/vertiefungen\/\">Mehr &#8230;<\/a><\/p>\n<\/div><\/div>\n\n\n\n<div class=\"wp-block-uagb-column uagb-column__wrap uagb-column__background-undefined uagb-block-dc5636c6\"><div class=\"uagb-column__overlay\"><\/div><div class=\"uagb-column__inner-wrap\">\n<h3 class=\"wp-block-heading\" id=\"zusatzqualifikationen\">Zusatzqualifikationen<\/h3>\n\n\n\n<ul class=\"keineinzug wp-block-list\"><li>BMD Buchhaltungs-Software<\/li><li>Business Englisch<\/li><li>Instruktor FIT Animation<\/li><li>Jungbarkeeper:in<\/li><li>Jungpatissier:iere<\/li><li>Jungsommelier:iere<\/li><li>Kaffeekenner:in<\/li><li>Kulturvermittler:in<\/li><li>Peer Mediator:in<\/li><li>Vegan-vegetarische Fachkraft<\/li><\/ul>\n\n\n\n<p><a href=\"https:\/\/hlwhollabrunn.ac.at\/web2\/hlw\/zusatzqualifikationen\/\">Mehr &#8230;<\/a><\/p>\n<\/div><\/div>\n<\/div><\/section>\n\n\n\n<div class=\"wp-block-columns is-layout-flex wp-container-core-columns-is-layout-9d6595d7 wp-block-columns-is-layout-flex\">\n<div class=\"wp-block-column is-layout-flow wp-block-column-is-layout-flow\" style=\"flex-basis:100%\">\n<div style=\"height:5px\" aria-hidden=\"true\" class=\"wp-block-spacer\"><\/div>\n<\/div>\n<\/div>\n\n\n\n<h3 class=\"wp-block-heading\" id=\"was-dann-ein-abschluss-der-hlw-ermoglicht\">Was dann? \u2013 Ein Abschluss der HLW erm\u00f6glicht&#8230;<\/h3>\n\n\n\n<ul class=\"wp-block-list\"><li>ein Studium an Universit\u00e4ten und Fachschulen<\/li><li>einen sofortigen Einstieg ins Berufsleben<\/li><li>Selbst\u00e4ndigkeit<\/li><\/ul>\n\n\n\n<h3 class=\"wp-block-heading\" id=\"der-abschluss-der-hlw-ist-mit-folgenden-lehrabschlussen-gleichgestellt\">Der Abschluss der HLW ist mit folgenden Lehrabschl\u00fcssen gleichgestellt:<\/h3>\n\n\n\n<ul class=\"wp-block-list\" id=\"block-2812e60c-2662-440f-9c96-08a08b22581d\"><li>B\u00fcrokaufmann:frau<\/li><li>Gro\u00dfhandelskaufmann:frau<\/li><li>Koch\/K\u00f6chin<\/li><li>Restaurantfachmann:frau<\/li><li>Reiseb\u00fcroassistent:in<\/li><li>Hotel- und Gastgewerbeassistent:in<\/li><li>Gleichstellung mit EU-Diplomabschluss<\/li><li>F\u00fcr andere&nbsp;Lehrberufe, die nicht der schulischen Ausbildung entsprechen, kann maximal die H\u00e4lfte der Gesamtlehrzeit angerechnet werden.<\/li><\/ul>\n\n\n\n<hr class=\"wp-block-separator has-text-color has-background has-petrol-background-color has-petrol-color is-style-dots\"\/>\n\n\n\n<div class=\"wp-block-uagb-testimonial uagb-testomonial__outer-wrap uagb-slick-carousel uagb-tm__arrow-outside uagb-block-251b79bb\"><div class=\"is-carousel uagb-tm__columns-1 uagb-tm__items\"><div class=\"uagb-testimonial__wrap  uagb-tm__imgicon-style-circle uagb-tm__image-position-left uagb-tm__image-aligned-top uagb-tm-stacked-tablet uagb-tm__bg-type-undefined \"><div class=\"uagb-tm__content\"><div class=\"uagb-tm__overlay\"><\/div><div class=\"uagb-tm__image-content\"><div class=\"uagb-tm__image\"><img decoding=\"async\" class=\"uagb-tm-img-src\" src=\"https:\/\/hlwhollabrunn.ac.at\/web2\/wp-content\/uploads\/2022\/01\/knoth_kerstin_430_compressed.jpg\" alt=\"Kerstin Knoth\"\/><\/div><\/div><div class=\"uagb-tm__text-wrap\"><div class=\"uagb-testinomial-text-wrap\"><div class=\"uagb-tm__desc\">Ich f\u00fchle mich in dieser Schule sehr wohl, da sie sch\u00f6n und farbenfroh gestaltet ist.<\/div><\/div><div class=\"uagb-tm__meta\"><div class=\"uagb-tm__meta-inner\"><div class=\"uagb-testimonial-details\"><span class=\"uagb-tm__author-name\">Kerstin<\/span><span class=\"uagb-tm__company\">5EHLW<\/span><\/div><\/div><\/div><\/div><\/div><\/div><\/div><\/div>\n","protected":false},"excerpt":{"rendered":"<p>Vielfalt ist unsere St\u00e4rke Daher hast du in der 5-j\u00e4hrigen h\u00f6heren Lehranstalt f\u00fcr wirtschaftliche Berufe (HLW) viele Wahlm\u00f6glichkeiten. Wir bieten dir Unterricht in &#8230; Allgemeinbildung &#8230; <\/p>\n<p class=\"read-more-container\"><a title=\"Schultyp HLW\" class=\"read-more button\" href=\"https:\/\/hlwhollabrunn.ac.at\/web2\/hlw\/#more-546\" aria-label=\"Mehr Informationen \u00fcber Schultyp HLW\">Weiterlesen &#8230;<\/a><\/p>\n","protected":false},"author":1,"featured_media":0,"parent":0,"menu_order":2,"comment_status":"closed","ping_status":"closed","template":"","meta":{"_uag_custom_page_level_css":"","footnotes":""},"wf_page_folders":[112],"class_list":{"0":"post-546","1":"page","2":"type-page","3":"status-publish","5":"no-featured-image-padding"},"uagb_featured_image_src":{"full":false,"thumbnail":false,"medium":false,"medium_large":false,"large":false,"1536x1536":false,"2048x2048":false,"sow-carousel-default":false},"uagb_author_info":{"display_name":"Leo Ertl - HLW Hollabrunn","author_link":"https:\/\/hlwhollabrunn.ac.at\/web2\/author\/leoertl_cupar_17\/"},"uagb_comment_info":0,"uagb_excerpt":"Vielfalt ist unsere St\u00e4rke Daher hast du in der 5-j\u00e4hrigen h\u00f6heren Lehranstalt f\u00fcr wirtschaftliche Berufe (HLW) viele Wahlm\u00f6glichkeiten. Wir bieten dir Unterricht in &#8230; Allgemeinbildung ... Weiterlesen ...","_links":{"self":[{"href":"https:\/\/hlwhollabrunn.ac.at\/web2\/wp-json\/wp\/v2\/pages\/546","targetHints":{"allow":["GET"]}}],"collection":[{"href":"https:\/\/hlwhollabrunn.ac.at\/web2\/wp-json\/wp\/v2\/pages"}],"about":[{"href":"https:\/\/hlwhollabrunn.ac.at\/web2\/wp-json\/wp\/v2\/types\/page"}],"author":[{"embeddable":true,"href":"https:\/\/hlwhollabrunn.ac.at\/web2\/wp-json\/wp\/v2\/users\/1"}],"replies":[{"embeddable":true,"href":"https:\/\/hlwhollabrunn.ac.at\/web2\/wp-json\/wp\/v2\/comments?post=546"}],"version-history":[{"count":122,"href":"https:\/\/hlwhollabrunn.ac.at\/web2\/wp-json\/wp\/v2\/pages\/546\/revisions"}],"predecessor-version":[{"id":17099,"href":"https:\/\/hlwhollabrunn.ac.at\/web2\/wp-json\/wp\/v2\/pages\/546\/revisions\/17099"}],"wp:attachment":[{"href":"https:\/\/hlwhollabrunn.ac.at\/web2\/wp-json\/wp\/v2\/media?parent=546"}],"wp:term":[{"taxonomy":"wf_page_folders","embeddable":true,"href":"https:\/\/hlwhollabrunn.ac.at\/web2\/wp-json\/wp\/v2\/wf_page_folders?post=546"}],"curies":[{"name":"wp","href":"https:\/\/api.w.org\/{rel}","templated":true}]}}