{"id":545,"date":"2020-10-08T16:16:03","date_gmt":"2020-10-08T14:16:03","guid":{"rendered":"http:\/\/www.dubisthlwhollabrunn.at\/?page_id=25"},"modified":"2022-01-31T07:45:48","modified_gmt":"2022-01-31T06:45:48","slug":"fachschule","status":"publish","type":"page","link":"https:\/\/hlwhollabrunn.ac.at\/web2\/fachschule\/","title":{"rendered":"Schultyp FW"},"content":{"rendered":"\n<h1 class=\"coralle wp-block-heading\" id=\"in-der-kurze-liegt-die-wurze\"><strong>In der K\u00fcrze liegt die W\u00fcrze<\/strong><\/h1>\n\n\n\n<h5 class=\"sketch coralle wp-block-heading\" id=\"daher-hast-du-nach-drei-jahren-deinen-abschluss\">Daher hast du nach drei Jahren deinen Abschluss.<\/h5>\n\n\n\n<h3 class=\"coralle wp-block-heading\" id=\"in-der-fachschule-fur-wirtschaft-fw-bieten-wir-dir\">In der Fachschule f\u00fcr Wirtschaft (FW) bieten wir dir &#8230;<\/h3>\n\n\n\n<ul class=\"wp-block-list\"><li>Allgemeinbildung<\/li><li>Englisch<\/li><li>Wirtschaftliche Bildung<\/li><li>Fachpraktische Ausbildung<\/li><li>Kreativit\u00e4t<\/li><li>Vertiefungsbereiche<\/li><\/ul>\n\n\n\n<p><\/p>\n\n\n\n<h3 class=\"coralle wp-block-heading\" id=\"wahlmoglichkeiten-ganz-nach-deinen-interessen\">Wahlm\u00f6glichkeiten, ganz nach deinen Interessen:<\/h3>\n\n\n\n<section class=\"wp-block-uagb-columns uagb-columns__wrap uagb-columns__background-none uagb-columns__stack-mobile uagb-columns__valign-undefined uagb-columns__gap-5 alignundefined uagb-block-aa9f5c3c\"><div class=\"uagb-columns__overlay\"><\/div><div class=\"uagb-columns__shape uagb-columns__shape-top\"><svg xmlns=\"http:\/\/www.w3.org\/2000\/svg\" viewbox=\"0 0 1000 20\" preserveaspectratio=\"none\"><path class=\"uagb-columns__shape-fill\" d=\"M0,0v3c0,0,393.8,0,483.4,0c9.2,0,16.6,7.4,16.6,16.6c0-9.1,7.4-16.6,16.6-16.6C606.2,3,1000,3,1000,3V0H0z\"><\/path><\/svg><\/div><div class=\"uagb-columns__inner-wrap uagb-columns__columns-2\">\n<div class=\"wp-block-uagb-column uagb-column__wrap uagb-column__background-undefined uagb-block-0bfbf9aa\"><div class=\"uagb-column__overlay\"><\/div><div class=\"uagb-column__inner-wrap\">\n<h3 class=\"coralle wp-block-heading\" id=\"vertiefungen-1\">Vertiefungen<\/h3>\n\n\n\n<ul class=\"keineinzug wp-block-list\"><li>Digitale Kompetenz<\/li><li>Gesundheit &amp; Soziales<\/li><\/ul>\n\n\n\n<p><a href=\"https:\/\/hlwhollabrunn.ac.at\/web2\/fachschule\/vertiefungen\/\">Mehr &#8230;<\/a><\/p>\n\n\n\n<div class=\"wp-block-buttons is-layout-flex wp-block-buttons-is-layout-flex\"><\/div>\n<\/div><\/div>\n\n\n\n<div class=\"wp-block-uagb-column uagb-column__wrap uagb-column__background-undefined uagb-block-16d441c2\"><div class=\"uagb-column__overlay\"><\/div><div class=\"uagb-column__inner-wrap\">\n<h3 class=\"coralle wp-block-heading\" id=\"zusatzqualifikationen\">Zusatzqualifikationen<\/h3>\n\n\n\n<ul class=\"keineinzug wp-block-list\"><li>Jungpatissier<\/li><li>Kaffeekenner:in<\/li><li>Kinderbetreuer:in<\/li><li>Vegan-vegetarische Fachkraft<\/li><\/ul>\n\n\n\n<p><a href=\"https:\/\/hlwhollabrunn.ac.at\/web2\/fachschule\/zusatzqualifikationen\/\">Mehr &#8230;<\/a><\/p>\n<\/div><\/div>\n<\/div><\/section>\n\n\n\n<div style=\"height:7px\" aria-hidden=\"true\" class=\"wp-block-spacer\"><\/div>\n\n\n\n<h3 class=\"coralle wp-block-heading\" id=\"was-dann-ein-abschluss-der-fw-ermoglicht\">Was dann? Ein Abschluss der FW erm\u00f6glicht&#8230;<\/h3>\n\n\n\n<ul class=\"wp-block-list\"><li>Aufbaulehrg\u00e4nge zur Matura (AUL f\u00fcr wirtschaftliche Berufe oder Tourismus)<\/li><li>einen sofortigen Einstieg ins Berufsleben (kaufm\u00e4nnische Berufe, Hotel- und Gastgewerbe)<\/li><li>Selbst\u00e4ndigkeit<\/li><\/ul>\n\n\n\n<h3 class=\"coralle wp-block-heading\" id=\"der-abschluss-der-fw-ist-mit-folgenden-lehrabschlussen-gleichgestellt\">Der Abschluss der FW ist mit folgenden Lehrabschl\u00fcssen gleichgestellt:<\/h3>\n\n\n\n<ul class=\"wp-block-list\" id=\"block-2812e60c-2662-440f-9c96-08a08b22581d\"><li>B\u00fcrokaufmann:frau<\/li><li>Restaurantfachmann:frau<\/li><\/ul>\n\n\n\n<h3 class=\"coralle wp-block-heading\" id=\"anrechnung-von-lehrzeiten-von-1-bis-2-jahren-gibt-es-bei-folgenden-lehrberufen\">Anrechnung von Lehrzeiten von 1 bis 2 Jahren gibt es bei folgenden Lehrberufen:<\/h3>\n\n\n\n<ul class=\"wp-block-list\" id=\"block-2812e60c-2662-440f-9c96-08a08b22581d\"><li>Bankkaufmann:frau<\/li><li>Finanzdienstleistung<\/li><li>Industriekaufmann:frau<\/li><li>Einzelhandel<\/li><li>Versicherungskaufmann:frau<\/li><li>Reiseb\u00fcroassistent:in<\/li><li>Koch\/K\u00f6chin<\/li><li>und viele mehr<\/li><\/ul>\n\n\n\n<hr class=\"wp-block-separator has-text-color has-background has-coralle-background-color has-coralle-color is-style-dots\"\/>\n\n\n\n<div class=\"wp-block-uagb-testimonial uagb-testomonial__outer-wrap uagb-slick-carousel uagb-tm__arrow-outside uagb-block-4b6336ba\"><div class=\"is-carousel uagb-tm__columns-1 uagb-tm__items\"><div class=\"uagb-testimonial__wrap  uagb-tm__imgicon-style-circle uagb-tm__image-position-left uagb-tm__image-aligned-top uagb-tm-stacked-tablet uagb-tm__bg-type-undefined \"><div class=\"uagb-tm__content\"><div class=\"uagb-tm__overlay\"><\/div><div class=\"uagb-tm__image-content\"><div class=\"uagb-tm__image\"><img decoding=\"async\" class=\"uagb-tm-img-src\" src=\"https:\/\/hlwhollabrunn.ac.at\/web2\/wp-content\/uploads\/2022\/01\/fiala_sarah_430_compressed.jpg\" alt=\"Sarah Fiala\"\/><\/div><\/div><div class=\"uagb-tm__text-wrap\"><div class=\"uagb-testinomial-text-wrap\"><div class=\"uagb-tm__desc\">Das Schulgeb\u00e4ude hat mich von Anfang an sehr angesprochen und ich habe mich sofort wie zuhause gef\u00fchlt.<\/div><\/div><div class=\"uagb-tm__meta\"><div class=\"uagb-tm__meta-inner\"><div class=\"uagb-testimonial-details\"><span class=\"uagb-tm__author-name\">Sarah<\/span><span class=\"uagb-tm__company\">1AFW<\/span><\/div><\/div><\/div><\/div><\/div><\/div><\/div><\/div>\n\n\n\n<p><\/p>\n","protected":false},"excerpt":{"rendered":"<p>In der K\u00fcrze liegt die W\u00fcrze Daher hast du nach drei Jahren deinen Abschluss. In der Fachschule f\u00fcr Wirtschaft (FW) bieten wir dir &#8230; Allgemeinbildung &#8230; <\/p>\n<p class=\"read-more-container\"><a title=\"Schultyp FW\" class=\"read-more button\" href=\"https:\/\/hlwhollabrunn.ac.at\/web2\/fachschule\/#more-545\" aria-label=\"Mehr Informationen \u00fcber Schultyp FW\">Weiterlesen &#8230;<\/a><\/p>\n","protected":false},"author":1,"featured_media":0,"parent":0,"menu_order":3,"comment_status":"closed","ping_status":"closed","template":"","meta":{"_uag_custom_page_level_css":"","footnotes":""},"wf_page_folders":[113],"class_list":{"0":"post-545","1":"page","2":"type-page","3":"status-publish","5":"no-featured-image-padding"},"uagb_featured_image_src":{"full":false,"thumbnail":false,"medium":false,"medium_large":false,"large":false,"1536x1536":false,"2048x2048":false,"sow-carousel-default":false},"uagb_author_info":{"display_name":"Leo Ertl - HLW Hollabrunn","author_link":"https:\/\/hlwhollabrunn.ac.at\/web2\/author\/leoertl_cupar_17\/"},"uagb_comment_info":0,"uagb_excerpt":"In der K\u00fcrze liegt die W\u00fcrze Daher hast du nach drei Jahren deinen Abschluss. In der Fachschule f\u00fcr Wirtschaft (FW) bieten wir dir &#8230; Allgemeinbildung ... Weiterlesen ...","_links":{"self":[{"href":"https:\/\/hlwhollabrunn.ac.at\/web2\/wp-json\/wp\/v2\/pages\/545","targetHints":{"allow":["GET"]}}],"collection":[{"href":"https:\/\/hlwhollabrunn.ac.at\/web2\/wp-json\/wp\/v2\/pages"}],"about":[{"href":"https:\/\/hlwhollabrunn.ac.at\/web2\/wp-json\/wp\/v2\/types\/page"}],"author":[{"embeddable":true,"href":"https:\/\/hlwhollabrunn.ac.at\/web2\/wp-json\/wp\/v2\/users\/1"}],"replies":[{"embeddable":true,"href":"https:\/\/hlwhollabrunn.ac.at\/web2\/wp-json\/wp\/v2\/comments?post=545"}],"version-history":[{"count":22,"href":"https:\/\/hlwhollabrunn.ac.at\/web2\/wp-json\/wp\/v2\/pages\/545\/revisions"}],"predecessor-version":[{"id":15996,"href":"https:\/\/hlwhollabrunn.ac.at\/web2\/wp-json\/wp\/v2\/pages\/545\/revisions\/15996"}],"wp:attachment":[{"href":"https:\/\/hlwhollabrunn.ac.at\/web2\/wp-json\/wp\/v2\/media?parent=545"}],"wp:term":[{"taxonomy":"wf_page_folders","embeddable":true,"href":"https:\/\/hlwhollabrunn.ac.at\/web2\/wp-json\/wp\/v2\/wf_page_folders?post=545"}],"curies":[{"name":"wp","href":"https:\/\/api.w.org\/{rel}","templated":true}]}}