{"id":544,"date":"2020-10-08T16:15:47","date_gmt":"2020-10-08T14:15:47","guid":{"rendered":"http:\/\/www.dubisthlwhollabrunn.at\/?page_id=23"},"modified":"2022-03-08T22:40:30","modified_gmt":"2022-03-08T21:40:30","slug":"zusatzqualifikationen","status":"publish","type":"page","link":"https:\/\/hlwhollabrunn.ac.at\/web2\/hlw\/zusatzqualifikationen\/","title":{"rendered":"Zusatzqualifikationen"},"content":{"rendered":"\n<h5 class=\"sketch petrol wp-block-heading\" id=\"du-hast-lust-auf-mehr\">Du hast Lust auf mehr?<\/h5>\n\n\n\n<p>Um deine Schulausbildung so individuell wie m\u00f6glich zu gestalten, bieten wir dir eine gro\u00dfe Auswahl an Zusatzqualifikationen. Diese sind in der regul\u00e4ren Stundentafel im Ausma\u00df von zwei Wochenstunden integriert. Ob du deine Kenntnisse im <span class=\"hervor\">kulinarischen<\/span> (Jungpatissier:iere, Jungbarkeeper:in, Jungsommelier:iere, Kaffeekenner:in), im <span class=\"hervor\">sportlichen<\/span> (Instruktor FIT Animation), im <span class=\"hervor\">sozialen<\/span> (Peer-Mediation), im <span class=\"hervor\">kreativen<\/span> (Kulturvermittler:in), im <span class=\"hervor\">wirtschaftlichen<\/span> Bereich (Buchhaltungsprogramm BMD) oder in der <span class=\"hervor\">Allgemeinbildung<\/span> (Cambridge Certificate \u2013 Business English) vertiefst, kannst du selbst entscheiden.<\/p>\n\n\n\n<div class=\"wp-block-uagb-tabs uagb-block-a16f338b uagb-tabs__wrap uagb-tabs__vstyle6-desktop uagb-tabs__vstyle6-tablet uagb-tabs__vstyle6-mobile\" data-tab-active=\"0\"><ul class=\"uagb-tabs__panel uagb-tabs__align-left\"><li class=\"uagb-tab uagb-tabs__active\"><a href=\"#uagb-tabs__tab0\" class=\"uagb-tabs-list uagb-tabs__icon-position-left\" data-tab=\"0\"><span>Kreativ<\/span><\/a><\/li><li class=\"uagb-tab \"><a href=\"#uagb-tabs__tab1\" class=\"uagb-tabs-list uagb-tabs__icon-position-left\" data-tab=\"1\"><span>Kulinarisch<\/span><\/a><\/li><li class=\"uagb-tab \"><a href=\"#uagb-tabs__tab2\" class=\"uagb-tabs-list uagb-tabs__icon-position-left\" data-tab=\"2\"><span>Sportlich<\/span><\/a><\/li><li class=\"uagb-tab \"><a href=\"#uagb-tabs__tab3\" class=\"uagb-tabs-list uagb-tabs__icon-position-left\" data-tab=\"3\"><span>Wirtschaftlich<\/span><\/a><\/li><li class=\"uagb-tab \"><a href=\"#uagb-tabs__tab4\" class=\"uagb-tabs-list uagb-tabs__icon-position-left\" data-tab=\"4\"><span>Sprachlich<\/span><\/a><\/li><li class=\"uagb-tab \"><a href=\"#uagb-tabs__tab5\" class=\"uagb-tabs-list uagb-tabs__icon-position-left\" data-tab=\"5\"><span>Sozial<\/span><\/a><\/li><\/ul><div class=\"uagb-tabs__body-wrap\">\n<div class=\"wp-block-uagb-tabs-child uagb-tabs__body-container uagb-tabs__inner-tab uagb-inner-tab-0\"><div class=\"uagb-blocks__6ee4d034 uagb-tabs__body\" aria-labelledby=\"uagb-tabs__tab0\">\n<h3 class=\"wp-block-heading\" id=\"kulturvermittler-in\">Kulturvermittler:in<\/h3>\n<\/div><\/div>\n\n\n\n<div class=\"wp-block-uagb-tabs-child uagb-tabs__body-container uagb-tabs__inner-tab uagb-inner-tab-1\"><div class=\"uagb-blocks__676774c9 uagb-tabs__body\" aria-labelledby=\"uagb-tabs__tab1\">\n<h3 class=\"wp-block-heading\" id=\"kaffeekenner-in\"> Jungbarkeeper:in<\/h3>\n\n\n\n<h3 class=\"wp-block-heading\" id=\"jungpatissier-iere\">Jungpatissier:iere <\/h3>\n\n\n\n<h3 class=\"wp-block-heading\" id=\"jungsommelier-iere\">Jungsommelier:iere<\/h3>\n\n\n\n<h3 class=\"wp-block-heading\" id=\"block-d33929fa-169e-420c-9112-798bf057cfd2\">Kaffeekenner:in<\/h3>\n\n\n\n<h3 class=\"wp-block-heading\">Vegan-vegetarische Fachkraft<\/h3>\n<\/div><\/div>\n\n\n\n<div class=\"wp-block-uagb-tabs-child uagb-tabs__body-container uagb-tabs__inner-tab uagb-inner-tab-2\"><div class=\"uagb-blocks__1a07b623 uagb-tabs__body\" aria-labelledby=\"uagb-tabs__tab2\">\n<h3 class=\"wp-block-heading\" id=\"instruktor-fit-animation\">Instruktor FIT Animation<\/h3>\n<\/div><\/div>\n\n\n\n<div class=\"wp-block-uagb-tabs-child uagb-tabs__body-container uagb-tabs__inner-tab uagb-inner-tab-3\"><div class=\"uagb-blocks__6f6e246c uagb-tabs__body\" aria-labelledby=\"uagb-tabs__tab3\">\n<h3 class=\"wp-block-heading\" id=\"bmd-software\">BMD Software<\/h3>\n<\/div><\/div>\n\n\n\n<div class=\"wp-block-uagb-tabs-child uagb-tabs__body-container uagb-tabs__inner-tab uagb-inner-tab-4\"><div class=\"uagb-blocks__fea0511c uagb-tabs__body\" aria-labelledby=\"uagb-tabs__tab4\">\n<h3 class=\"wp-block-heading\" id=\"cambridge-certificate\">Business English<\/h3>\n<\/div><\/div>\n\n\n\n<div class=\"wp-block-uagb-tabs-child uagb-tabs__body-container uagb-tabs__inner-tab uagb-inner-tab-5\"><div class=\"uagb-blocks__daa01a48 uagb-tabs__body\" aria-labelledby=\"uagb-tabs__tab5\">\n<h3 class=\"wp-block-heading\" id=\"peer-mediation\">Peer Mediation<\/h3>\n<\/div><\/div>\n<\/div><\/div>\n\n\n\n<p>F\u00fcr eine Zusatzqualifikation musst du dich im Laufe der 2. Klasse entscheiden, du darfst aber auch mehrere Angebote in Anspruch nehmen. Alle Ausbildungen schlie\u00dfen mit einer externen Zertifizierung\/Pr\u00fcfung ab und sind damit die ideale Erg\u00e4nzung f\u00fcr deine Bewerbungsunterlagen.<\/p>\n\n\n\n<figure class=\"wp-block-gallery has-nested-images columns-default is-cropped wp-block-gallery-1 is-layout-flex wp-block-gallery-is-layout-flex\">\n<figure class=\"wp-block-image size-large\"><img loading=\"lazy\" decoding=\"async\" width=\"600\" height=\"900\" data-id=\"16175\" src=\"https:\/\/hlwhollabrunn.ac.at\/web2\/wp-content\/uploads\/2022\/02\/f_01_jungbarkeeperin1_compressed.jpg\" alt=\"Zusatzqualifikationen\" class=\"wp-image-16175\" srcset=\"https:\/\/hlwhollabrunn.ac.at\/web2\/wp-content\/uploads\/2022\/02\/f_01_jungbarkeeperin1_compressed.jpg 600w, https:\/\/hlwhollabrunn.ac.at\/web2\/wp-content\/uploads\/2022\/02\/f_01_jungbarkeeperin1_compressed-200x300.jpg 200w\" sizes=\"auto, (max-width: 600px) 100vw, 600px\" \/><\/figure>\n\n\n\n<figure class=\"wp-block-image size-large\"><img loading=\"lazy\" decoding=\"async\" width=\"600\" height=\"450\" data-id=\"16176\" src=\"https:\/\/hlwhollabrunn.ac.at\/web2\/wp-content\/uploads\/2022\/02\/f_02_patissiere_compressed.jpg\" alt=\"Zusatzqualifikationen\" class=\"wp-image-16176\" srcset=\"https:\/\/hlwhollabrunn.ac.at\/web2\/wp-content\/uploads\/2022\/02\/f_02_patissiere_compressed.jpg 600w, https:\/\/hlwhollabrunn.ac.at\/web2\/wp-content\/uploads\/2022\/02\/f_02_patissiere_compressed-200x150.jpg 200w\" sizes=\"auto, (max-width: 600px) 100vw, 600px\" \/><\/figure>\n\n\n\n<figure class=\"wp-block-image size-large\"><img loading=\"lazy\" decoding=\"async\" width=\"600\" height=\"450\" data-id=\"16177\" src=\"https:\/\/hlwhollabrunn.ac.at\/web2\/wp-content\/uploads\/2022\/02\/f_03_kulturvermittler1_compressed.jpg\" alt=\"Zusatzqualifikationen\" class=\"wp-image-16177\" srcset=\"https:\/\/hlwhollabrunn.ac.at\/web2\/wp-content\/uploads\/2022\/02\/f_03_kulturvermittler1_compressed.jpg 600w, https:\/\/hlwhollabrunn.ac.at\/web2\/wp-content\/uploads\/2022\/02\/f_03_kulturvermittler1_compressed-200x150.jpg 200w\" sizes=\"auto, (max-width: 600px) 100vw, 600px\" \/><\/figure>\n\n\n\n<figure class=\"wp-block-image size-large\"><img loading=\"lazy\" decoding=\"async\" width=\"600\" height=\"900\" data-id=\"16178\" src=\"https:\/\/hlwhollabrunn.ac.at\/web2\/wp-content\/uploads\/2022\/02\/f_04_kaffeekennerin1_compressed.jpg\" alt=\"Zusatzqualifikationen\" class=\"wp-image-16178\" srcset=\"https:\/\/hlwhollabrunn.ac.at\/web2\/wp-content\/uploads\/2022\/02\/f_04_kaffeekennerin1_compressed.jpg 600w, https:\/\/hlwhollabrunn.ac.at\/web2\/wp-content\/uploads\/2022\/02\/f_04_kaffeekennerin1_compressed-200x300.jpg 200w\" sizes=\"auto, (max-width: 600px) 100vw, 600px\" \/><\/figure>\n\n\n\n<figure class=\"wp-block-image size-large\"><img loading=\"lazy\" decoding=\"async\" width=\"600\" height=\"900\" data-id=\"16179\" src=\"https:\/\/hlwhollabrunn.ac.at\/web2\/wp-content\/uploads\/2022\/02\/f_05_jungsommeliere1_compressed.jpg\" alt=\"Zusatzqualifikationen\" class=\"wp-image-16179\" srcset=\"https:\/\/hlwhollabrunn.ac.at\/web2\/wp-content\/uploads\/2022\/02\/f_05_jungsommeliere1_compressed.jpg 600w, https:\/\/hlwhollabrunn.ac.at\/web2\/wp-content\/uploads\/2022\/02\/f_05_jungsommeliere1_compressed-200x300.jpg 200w\" sizes=\"auto, (max-width: 600px) 100vw, 600px\" \/><\/figure>\n\n\n\n<figure class=\"wp-block-image size-large\"><img loading=\"lazy\" decoding=\"async\" width=\"600\" height=\"800\" data-id=\"16180\" src=\"https:\/\/hlwhollabrunn.ac.at\/web2\/wp-content\/uploads\/2022\/02\/f_06_IMG_5388_compressed.jpg\" alt=\"Zusatzqualifikationen\" class=\"wp-image-16180\" srcset=\"https:\/\/hlwhollabrunn.ac.at\/web2\/wp-content\/uploads\/2022\/02\/f_06_IMG_5388_compressed.jpg 600w, https:\/\/hlwhollabrunn.ac.at\/web2\/wp-content\/uploads\/2022\/02\/f_06_IMG_5388_compressed-200x267.jpg 200w\" sizes=\"auto, (max-width: 600px) 100vw, 600px\" \/><\/figure>\n\n\n\n<figure class=\"wp-block-image size-large\"><img loading=\"lazy\" decoding=\"async\" width=\"600\" height=\"381\" data-id=\"16181\" src=\"https:\/\/hlwhollabrunn.ac.at\/web2\/wp-content\/uploads\/2022\/02\/f_07_soziales_compressed.jpg\" alt=\"Zusatzqualifikationen\" class=\"wp-image-16181\" srcset=\"https:\/\/hlwhollabrunn.ac.at\/web2\/wp-content\/uploads\/2022\/02\/f_07_soziales_compressed.jpg 600w, https:\/\/hlwhollabrunn.ac.at\/web2\/wp-content\/uploads\/2022\/02\/f_07_soziales_compressed-200x127.jpg 200w\" sizes=\"auto, (max-width: 600px) 100vw, 600px\" \/><\/figure>\n<\/figure>\n","protected":false},"excerpt":{"rendered":"<p>Du hast Lust auf mehr? Um deine Schulausbildung so individuell wie m\u00f6glich zu gestalten, bieten wir dir eine gro\u00dfe Auswahl an Zusatzqualifikationen. Diese sind in &#8230; <\/p>\n<p class=\"read-more-container\"><a title=\"Zusatzqualifikationen\" class=\"read-more button\" href=\"https:\/\/hlwhollabrunn.ac.at\/web2\/hlw\/zusatzqualifikationen\/#more-544\" aria-label=\"Mehr Informationen \u00fcber Zusatzqualifikationen\">Weiterlesen &#8230;<\/a><\/p>\n","protected":false},"author":1,"featured_media":0,"parent":546,"menu_order":3,"comment_status":"closed","ping_status":"closed","template":"","meta":{"_uag_custom_page_level_css":"","footnotes":""},"wf_page_folders":[112],"class_list":{"0":"post-544","1":"page","2":"type-page","3":"status-publish","5":"no-featured-image-padding"},"uagb_featured_image_src":{"full":false,"thumbnail":false,"medium":false,"medium_large":false,"large":false,"1536x1536":false,"2048x2048":false,"sow-carousel-default":false},"uagb_author_info":{"display_name":"Leo Ertl - HLW Hollabrunn","author_link":"https:\/\/hlwhollabrunn.ac.at\/web2\/author\/leoertl_cupar_17\/"},"uagb_comment_info":0,"uagb_excerpt":"Du hast Lust auf mehr? Um deine Schulausbildung so individuell wie m\u00f6glich zu gestalten, bieten wir dir eine gro\u00dfe Auswahl an Zusatzqualifikationen. Diese sind in ... Weiterlesen ...","_links":{"self":[{"href":"https:\/\/hlwhollabrunn.ac.at\/web2\/wp-json\/wp\/v2\/pages\/544","targetHints":{"allow":["GET"]}}],"collection":[{"href":"https:\/\/hlwhollabrunn.ac.at\/web2\/wp-json\/wp\/v2\/pages"}],"about":[{"href":"https:\/\/hlwhollabrunn.ac.at\/web2\/wp-json\/wp\/v2\/types\/page"}],"author":[{"embeddable":true,"href":"https:\/\/hlwhollabrunn.ac.at\/web2\/wp-json\/wp\/v2\/users\/1"}],"replies":[{"embeddable":true,"href":"https:\/\/hlwhollabrunn.ac.at\/web2\/wp-json\/wp\/v2\/comments?post=544"}],"version-history":[{"count":27,"href":"https:\/\/hlwhollabrunn.ac.at\/web2\/wp-json\/wp\/v2\/pages\/544\/revisions"}],"predecessor-version":[{"id":17198,"href":"https:\/\/hlwhollabrunn.ac.at\/web2\/wp-json\/wp\/v2\/pages\/544\/revisions\/17198"}],"up":[{"embeddable":true,"href":"https:\/\/hlwhollabrunn.ac.at\/web2\/wp-json\/wp\/v2\/pages\/546"}],"wp:attachment":[{"href":"https:\/\/hlwhollabrunn.ac.at\/web2\/wp-json\/wp\/v2\/media?parent=544"}],"wp:term":[{"taxonomy":"wf_page_folders","embeddable":true,"href":"https:\/\/hlwhollabrunn.ac.at\/web2\/wp-json\/wp\/v2\/wf_page_folders?post=544"}],"curies":[{"name":"wp","href":"https:\/\/api.w.org\/{rel}","templated":true}]}}