{"id":543,"date":"2020-10-08T16:15:29","date_gmt":"2020-10-08T14:15:29","guid":{"rendered":"http:\/\/www.dubisthlwhollabrunn.at\/?page_id=21"},"modified":"2023-12-18T19:40:46","modified_gmt":"2023-12-18T18:40:46","slug":"fachpraxis","status":"publish","type":"page","link":"https:\/\/hlwhollabrunn.ac.at\/web2\/fachpraxis\/","title":{"rendered":"Fachpraxis"},"content":{"rendered":"<div class=\"wp-block-image is-style-rounded\">\n<figure class=\"alignright size-full is-resized\"><img loading=\"lazy\" decoding=\"async\" width=\"330\" height=\"330\" src=\"https:\/\/hlwhollabrunn.ac.at\/web2\/wp-content\/uploads\/2022\/02\/praxis1_compressed.jpg\" alt=\"Fachpraxis\" class=\"wp-image-16416\" style=\"width:330px;height:330px\" srcset=\"https:\/\/hlwhollabrunn.ac.at\/web2\/wp-content\/uploads\/2022\/02\/praxis1_compressed.jpg 330w, https:\/\/hlwhollabrunn.ac.at\/web2\/wp-content\/uploads\/2022\/02\/praxis1_compressed-200x200.jpg 200w\" sizes=\"auto, (max-width: 330px) 100vw, 330px\" \/><\/figure><\/div>\n\n\n<h2 class=\"wp-block-heading\" id=\"deine-praxis-ist-uns-wichtig\"><strong><span style=\"color:#1d8ca0\" class=\"has-inline-color\">Deine Praxis ist uns wichtig!<\/span><\/strong><\/h2>\n\n\n\n<p>Im praktischen Unterricht vermitteln wir dir Fachwissen in den Bereichen <strong>K\u00fcchen- und Restaurantmanagement<\/strong>. Zus\u00e4tzlich werden aber auch weitere Kompetenzen wie z. B. Teamf\u00e4higkeit, Hilfsbereitschaft, Verl\u00e4sslichkeit, Beschwerdemanagement, Konfliktmanagement, Umgangsformen, Leistungsbereitschaft und vieles mehr&nbsp;erlernt.&nbsp;<br><br>Dein Wissen im K\u00fcchen- und Restaurantmanagement kannst du im Pflichtpraktikum praktisch anwenden (HLW: 3 Monate zwischen 3. und 4. Jg., FW: 8 Wochen zwischen 2. und 3. Klasse). Am Ende des 4. Jahrgangs der HLW oder am Ende der 3. Klasse der FW hei\u00dft es: Ein Vier-G\u00e4nge-Men\u00fc bei der Pr\u00fcfung zubereiten und den G\u00e4sten professionell servieren.<\/p>\n\n\n<div class=\"wp-block-image is-style-rounded\">\n<figure class=\"alignright size-full is-resized\"><img loading=\"lazy\" decoding=\"async\" width=\"330\" height=\"330\" src=\"https:\/\/hlwhollabrunn.ac.at\/web2\/wp-content\/uploads\/2022\/02\/praxis2_compressed.jpg\" alt=\"Fachpraxis\" class=\"wp-image-16417\" style=\"width:222px;height:222px\" srcset=\"https:\/\/hlwhollabrunn.ac.at\/web2\/wp-content\/uploads\/2022\/02\/praxis2_compressed.jpg 330w, https:\/\/hlwhollabrunn.ac.at\/web2\/wp-content\/uploads\/2022\/02\/praxis2_compressed-200x200.jpg 200w\" sizes=\"auto, (max-width: 330px) 100vw, 330px\" \/><\/figure><\/div>\n\n\n<p>Im fachpraktischen Unterricht\u00a0und bei den angebotenen Zusatzqualifikationen\u00a0tragen wir alle\u00a0eine\u00a0<a href=\"https:\/\/www.derwalter.at\/hollabrunn-hlw\" target=\"_blank\" rel=\"noreferrer noopener\">einheitliche Kleidung<\/a>. F\u00fcr K\u00fcchenmanagement wird die Kleidung vor der ersten Klasse in den Ferien gekauft. Dazu erh\u00e4ltst du aber noch genauere Informationen nach der Anmeldung in unserer Schule.\u00a0<\/p>\n\n\n\n<p>Die Sch\u00fcler:innen m\u00fcssen sich au\u00dferdem vor Beginn der 1. Klasse ein Messerset bei der Firma Pascher bestellen und zur ersten Unterrichtseinheit mitbringen. Dieses wird dann in einem Klassenspind f\u00fcrs ganze Schuljahr versperrt und zu Schulende wieder mit nach Hause gegeben.<\/p>\n\n\n\n<p><strong>Das bieten wir dir noch&#8230;<\/strong><\/p>\n\n\n\n<p>Du hast nur wenig Zeit, zu Hause zu fr\u00fchst\u00fccken? Wir haben die L\u00f6sung: Das Fr\u00fchst\u00fcck im Speisesaal der Betriebsk\u00fcche &#8211; t\u00e4glich von 7.30 bis 8.20 Uhr.<\/p>\n\n\n<div class=\"wp-block-image is-style-rounded\">\n<figure class=\"alignright size-full is-resized\"><img loading=\"lazy\" decoding=\"async\" width=\"330\" height=\"330\" src=\"https:\/\/hlwhollabrunn.ac.at\/web2\/wp-content\/uploads\/2022\/02\/praxis3_compressed.jpg\" alt=\"Fachpraxis\" class=\"wp-image-16421\" style=\"width:222px;height:222px\" srcset=\"https:\/\/hlwhollabrunn.ac.at\/web2\/wp-content\/uploads\/2022\/02\/praxis3_compressed.jpg 330w, https:\/\/hlwhollabrunn.ac.at\/web2\/wp-content\/uploads\/2022\/02\/praxis3_compressed-200x200.jpg 200w\" sizes=\"auto, (max-width: 330px) 100vw, 330px\" \/><\/figure><\/div>\n\n\n<p>Du m\u00f6chtest dich nach den ersten drei Unterrichtsstunden st\u00e4rken?<br>Komm zum <strong>Schulbuffet <\/strong>um 10.30! <\/p>\n\n\n\n<p>Du willst mittags keinen Stress? Die <strong>Betriebsk\u00fcche <\/strong>bietet dir t\u00e4glich ein von den Sch\u00fclerInnen des 2. Jahrganges frisch zubereitetes Mittagessen (Vorspeise\/Hauptspeise\/Nachspeise). Zu buchen ist das einfach und unkompliziert \u00fcber einen <strong>Link<\/strong>, der immer zwei Wochen im Voraus online gestellt wird.<br><\/p>\n\n\n\n<p>Du willst mehr \u00fcber dein Essen erfahren? Was steckt drin? Wo kommt es her? Was ist gut f\u00fcr mich? Wie wird es hergestellt? Antworten bekommst du im Fach <strong>Ern\u00e4hrung und Lebensmitteltechnologie<\/strong>.<\/p>\n\n\n\n<hr class=\"wp-block-separator has-text-color has-css-opacity has-background is-style-wide\" style=\"background-color:#1d8ca0;color:#1d8ca0\"\/>\n\n\n<div class=\"wp-block-image is-style-rounded\">\n<figure class=\"alignright size-full is-resized\"><img loading=\"lazy\" decoding=\"async\" width=\"330\" height=\"330\" src=\"https:\/\/hlwhollabrunn.ac.at\/web2\/wp-content\/uploads\/2022\/02\/praxis5_compressed.jpg\" alt=\"Vegetarische Kochgruppe\" class=\"wp-image-16425\" style=\"width:222px;height:222px\" srcset=\"https:\/\/hlwhollabrunn.ac.at\/web2\/wp-content\/uploads\/2022\/02\/praxis5_compressed.jpg 330w, https:\/\/hlwhollabrunn.ac.at\/web2\/wp-content\/uploads\/2022\/02\/praxis5_compressed-200x200.jpg 200w\" sizes=\"auto, (max-width: 330px) 100vw, 330px\" \/><\/figure><\/div>\n\n\n<p><strong><span style=\"color:#1d8ca0\" class=\"has-inline-color\">HLW: Vegetarische Kochgruppe<\/span><\/strong><br>Hier kochst du vier Jahre fast ausschlie\u00dflich vegetarisch. Im 2. Jahrgang erlernst du allerdings auch den Umgang mit Fleisch und dessen Zubereitung, musst es aber nicht verspeisen, da es immer eine vegetarische Alternative dazu gibt.<\/p>\n\n\n\n<hr class=\"wp-block-separator has-text-color has-css-opacity has-background is-style-wide\" style=\"background-color:#1d8ca0;color:#1d8ca0\"\/>\n\n\n\n<hr class=\"wp-block-separator has-css-opacity is-style-dots\"\/>\n\n\n\n<div class=\"wp-block-uagb-testimonial uagb-slick-carousel uagb-tm__arrow-outside uagb-block-09ad30dd\"><div class=\"is-carousel uagb-tm__columns-1 uagb-tm__items\"><div class=\"uagb-testimonial__wrap  uagb-tm__imgicon-style-circle uagb-tm__image-position-left uagb-tm__image-aligned-top uagb-tm-stacked-tablet uagb-tm__bg-type-undefined \"><div class=\"uagb-tm__content\"><div class=\"uagb-tm__overlay\"><\/div><div class=\"uagb-tm__text-wrap\"><div class=\"uagb-tm__desc\">Mich hat die Vertiefung \u201eDigitale Kompetenz\u201c sofort angesprochen, da man sich in diesem Bereich gut weiterbilden kann.<\/div><div class=\"uagb-tm__meta-inner\"><div class=\"uagb-testimonial-details\"><span class=\"uagb-tm__author-name\">Lea<\/span><span class=\"uagb-tm__company\">2AFW<\/span><\/div><\/div><\/div><\/div><\/div><div class=\"uagb-testimonial__wrap  uagb-tm__imgicon-style-circle uagb-tm__image-position-left uagb-tm__image-aligned-top uagb-tm-stacked-tablet uagb-tm__bg-type-undefined \"><div class=\"uagb-tm__content\"><div class=\"uagb-tm__overlay\"><\/div><div class=\"uagb-tm__text-wrap\"><div class=\"uagb-tm__desc\">Ich habe mich f\u00fcr diese Vertiefung entschieden, da mich diese Sparte interessiert. Besonders gef\u00e4llt mir die Vielf\u00e4ltigkeit, sodass f\u00fcr jeden etwas dabei ist.<\/div><div class=\"uagb-tm__meta-inner\"><div class=\"uagb-testimonial-details\"><span class=\"uagb-tm__author-name\">Azran<\/span><span class=\"uagb-tm__company\">2AFW<\/span><\/div><\/div><\/div><\/div><\/div><\/div><\/div>\n","protected":false},"excerpt":{"rendered":"<p>Deine Praxis ist uns wichtig! Im praktischen Unterricht vermitteln wir dir Fachwissen in den Bereichen K\u00fcchen- und Restaurantmanagement. Zus\u00e4tzlich werden aber auch weitere Kompetenzen wie &#8230; <\/p>\n<p class=\"read-more-container\"><a title=\"Fachpraxis\" class=\"read-more button\" href=\"https:\/\/hlwhollabrunn.ac.at\/web2\/fachpraxis\/#more-543\" aria-label=\"Mehr Informationen \u00fcber Fachpraxis\">Weiterlesen &#8230;<\/a><\/p>\n","protected":false},"author":1,"featured_media":0,"parent":0,"menu_order":4,"comment_status":"closed","ping_status":"closed","template":"","meta":{"_uag_custom_page_level_css":"","footnotes":""},"wf_page_folders":[116],"class_list":{"0":"post-543","1":"page","2":"type-page","3":"status-publish","5":"no-featured-image-padding"},"uagb_featured_image_src":{"full":false,"thumbnail":false,"medium":false,"medium_large":false,"large":false,"1536x1536":false,"2048x2048":false,"sow-carousel-default":false},"uagb_author_info":{"display_name":"Leo Ertl - HLW Hollabrunn","author_link":"https:\/\/hlwhollabrunn.ac.at\/web2\/author\/leoertl_cupar_17\/"},"uagb_comment_info":0,"uagb_excerpt":"Deine Praxis ist uns wichtig! Im praktischen Unterricht vermitteln wir dir Fachwissen in den Bereichen K\u00fcchen- und Restaurantmanagement. Zus\u00e4tzlich werden aber auch weitere Kompetenzen wie ... Weiterlesen ...","_links":{"self":[{"href":"https:\/\/hlwhollabrunn.ac.at\/web2\/wp-json\/wp\/v2\/pages\/543","targetHints":{"allow":["GET"]}}],"collection":[{"href":"https:\/\/hlwhollabrunn.ac.at\/web2\/wp-json\/wp\/v2\/pages"}],"about":[{"href":"https:\/\/hlwhollabrunn.ac.at\/web2\/wp-json\/wp\/v2\/types\/page"}],"author":[{"embeddable":true,"href":"https:\/\/hlwhollabrunn.ac.at\/web2\/wp-json\/wp\/v2\/users\/1"}],"replies":[{"embeddable":true,"href":"https:\/\/hlwhollabrunn.ac.at\/web2\/wp-json\/wp\/v2\/comments?post=543"}],"version-history":[{"count":17,"href":"https:\/\/hlwhollabrunn.ac.at\/web2\/wp-json\/wp\/v2\/pages\/543\/revisions"}],"predecessor-version":[{"id":19069,"href":"https:\/\/hlwhollabrunn.ac.at\/web2\/wp-json\/wp\/v2\/pages\/543\/revisions\/19069"}],"wp:attachment":[{"href":"https:\/\/hlwhollabrunn.ac.at\/web2\/wp-json\/wp\/v2\/media?parent=543"}],"wp:term":[{"taxonomy":"wf_page_folders","embeddable":true,"href":"https:\/\/hlwhollabrunn.ac.at\/web2\/wp-json\/wp\/v2\/wf_page_folders?post=543"}],"curies":[{"name":"wp","href":"https:\/\/api.w.org\/{rel}","templated":true}]}}