{"id":540,"date":"2020-10-08T15:20:32","date_gmt":"2020-10-08T13:20:32","guid":{"rendered":"http:\/\/www.dubisthlwhollabrunn.at\/?page_id=3"},"modified":"2022-02-13T12:11:27","modified_gmt":"2022-02-13T11:11:27","slug":"datenschutzerklaerung","status":"publish","type":"page","link":"https:\/\/hlwhollabrunn.ac.at\/web2\/sonstige\/datenschutzerklaerung\/","title":{"rendered":"Datenschutzerkl\u00e4rung der Website"},"content":{"rendered":"\n<h2 class=\"wp-block-heading\" id=\"impressum\">Impressum<\/h2>\n\n\n\n<p>Informationspflicht laut \u00a75 E-Commerce Gesetz, \u00a714 Unternehmensgesetzbuch, \u00a763 Gewerbeordnung und Offenlegungspflicht laut \u00a725 Mediengesetz.<\/p>\n\n\n\n<p>HLW Hollabrunn<\/p>\n\n\n\n<p>M\u00fchlgasse 35,<br>2020 Hollabrunn,<br>\u00d6sterreich<\/p>\n\n\n\n<p><strong>Tel.:<\/strong>&nbsp;02952\/2546<br><strong>Fax:<\/strong>&nbsp;02952\/2546-16<br><strong>E-Mail:<\/strong>&nbsp;<a href=\"mailto:hlw.hollabrunn@noeschule.at\">hlw.hollabrunn@noeschule.at<\/a><\/p>\n\n\n\n<p>Quelle: Erstellt&nbsp;mit dem&nbsp;<a href=\"https:\/\/www.firmenwebseiten.at\/impressum-generator\/\" target=\"_blank\" rel=\"noreferrer noopener\">Impressum Generator von firmenwebseiten.at<\/a>&nbsp;in Kooperation mit&nbsp;<a href=\"https:\/\/www.wohnungstipps.de\/\" target=\"_blank\" rel=\"noreferrer noopener\">wohnungstipps.de<\/a><\/p>\n\n\n\n<h3 class=\"wp-block-heading\" id=\"eu-streitschlichtung\">EU-Streitschlichtung<\/h3>\n\n\n\n<p>Angaben zur Online-Streitbeilegung: Verbraucher haben die M\u00f6glichkeit, Beschwerden an die OnlineStreitbeilegungsplattform der EU zu richten:&nbsp;<a href=\"https:\/\/ec.europa.eu\/consumers\/odr\/main\/index.cfm?event=main.home2.show&amp;lng=DE\">https:\/\/ec.europa.eu\/consumers\/odr\/main\/index.cfm?event=main.home2.show&amp;lng=DE<\/a>. Sie k\u00f6nnen allf\u00e4llige Beschwerde auch an die oben angegebene E-Mail-Adresse richten.<\/p>\n\n\n\n<h3 class=\"wp-block-heading\" id=\"haftung-fur-inhalte-dieser-webseite\">Haftung f\u00fcr Inhalte dieser Webseite<\/h3>\n\n\n\n<p>Wir entwickeln die Inhalte dieser Webseite st\u00e4ndig weiter und bem\u00fchen uns korrekte und aktuelle Informationen bereitzustellen. Leider k\u00f6nnen wir keine Haftung f\u00fcr die Korrektheit aller Inhalte auf dieser Webseite \u00fcbernehmen, speziell f\u00fcr jene die seitens Dritter bereitgestellt wird. Sollten Ihnen problematische oder rechtswidrige Inhalte auffallen, bitte wir Sie uns umgehend zu kontaktieren, Sie finden die Kontaktdaten im Impressum.<\/p>\n\n\n\n<h3 class=\"wp-block-heading\" id=\"haftung-fur-links-auf-dieser-webseite\">Haftung f\u00fcr Links auf dieser Webseite<\/h3>\n\n\n\n<p>Unsere Webseite enth\u00e4lt Links zu anderen Webseiten f\u00fcr deren Inhalt wir nicht verantwortlich sind. Wenn Ihnen rechtswidrige Links auf unserer Webseite auffallen, bitte wir Sie uns zu kontaktieren, Sie finden die Kontaktdaten im Impressum.<\/p>\n\n\n\n<h3 class=\"wp-block-heading\" id=\"urheberrechtshinweis\">Urheberrechtshinweis<\/h3>\n\n\n\n<p>Alle Inhalte dieser Webseite (Bilder, Fotos, Texte, Videos) unterliegen dem Urheberrecht. Falls notwendig, werden wir die unerlaubte Nutzung von Teilen der Inhalte unserer Seite rechtlich verfolgen.<\/p>\n\n\n\n<h3 class=\"wp-block-heading\" id=\"bildernachweis\">Bildernachweis<\/h3>\n\n\n\n<p>Die Bilder, Fotos und Grafiken auf dieser Webseite sind urheberrechtlich gesch\u00fctzt.<\/p>\n\n\n\n<p>Die Bilderrechte liegen bei den folgenden FotografInnen und Unternehmen:<\/p>\n\n\n\n<ul class=\"wp-block-list\"><li>HLW Hollabrunn<\/li><li><a href=\"https:\/\/pixabay.com\/\" target=\"_blank\" rel=\"noreferrer noopener\">Pixabay<\/a>&nbsp;(Alle bereitgestellten Bilder und Videos auf Pixabay sind gemeinfrei (Public Domain) entsprechend der Verzichtserkl\u00e4rung Creative Commons CC0.)<\/li><\/ul>\n\n\n\n<h2 class=\"wp-block-heading\" id=\"datenschutzerklarung\">Datenschutzerkl\u00e4rung<\/h2>\n\n\n\n<h3 class=\"wp-block-heading\" id=\"datenschutz\">Datenschutz<\/h3>\n\n\n\n<p>Wir haben diese Datenschutzerkl\u00e4rung verfasst, um Ihnen gem\u00e4\u00df der Vorgaben der EU-Datenschutz-Grundverordnung zu erkl\u00e4ren, welche Informationen wir sammeln, wie wir Daten verwenden und welche Entscheidungsm\u00f6glichkeiten Sie als Besucher dieser Webseite haben.<\/p>\n\n\n\n<p>Leider liegt es in der Natur der Sache, dass diese Erkl\u00e4rungen sehr technisch klingen, wir haben uns bei der Erstellung jedoch bem\u00fcht die wichtigsten Dinge so einfach und klar zu beschreiben.<\/p>\n\n\n\n<h3 class=\"wp-block-heading\" id=\"automatische-datenspeicherung\">Automatische Datenspeicherung<\/h3>\n\n\n\n<p>Wenn Sie heutzutage Webseiten besuchen, werden gewisse Informationen automatisch erstellt und gespeichert, so auch auf dieser Webseite.<\/p>\n\n\n\n<p>Wenn Sie unsere Webseite so wie jetzt gerade besuchen, speichert unser Webserver (Computer auf dem diese Webseite gespeichert ist) automatisch Daten wie die IP-Adresse Ihres Ger\u00e4tes, die Adressen der besuchten Unterseiten, Details zu Ihrem Browser (z.B. Chrome, Firefox, Edge,\u2026) und Datum sowie Uhrzeit. Wir nutzen diese Daten nicht und geben Sie in der Regel nicht weiter, k\u00f6nnen jedoch nicht ausschlie\u00dfen, dass diese Daten beim Vorliegen von rechtswidrigem Verhalten eingesehen werden.<\/p>\n\n\n\n<h3 class=\"wp-block-heading\" id=\"speicherung-personlicher-daten\">Speicherung pers\u00f6nlicher Daten<\/h3>\n\n\n\n<p>Pers\u00f6nliche Daten, die Sie uns auf dieser Website elektronisch \u00fcbermitteln, wie zum Beispiel Name, E-Mail-Adresse, Adresse oder andere pers\u00f6nlichen Angaben im Rahmen der \u00dcbermittlung eines Formulars oder Kommentaren im Blog, werden von uns gemeinsam mit dem Zeitpunkt und der IP-Adresse nur zum jeweils angegebenen Zweck verwendet, sicher verwahrt und nicht an Dritte weitergegeben.<\/p>\n\n\n\n<p>Wir nutzen Ihre pers\u00f6nlichen Daten somit nur f\u00fcr die Kommunikation mit jenen Besuchern, die Kontakt ausdr\u00fccklich w\u00fcnschen und f\u00fcr die Abwicklung der auf dieser Webseite angebotenen Dienstleistungen und Produkte. Wir geben Ihre pers\u00f6nlichen Daten ohne Zustimmung nicht weiter, k\u00f6nnen jedoch nicht ausschlie\u00dfen, dass diese Daten beim Vorliegen von rechtswidrigem Verhalten eingesehen werden.<\/p>\n\n\n\n<p>Wenn Sie uns pers\u00f6nliche Daten per E-Mail schicken \u2013 somit abseits dieser Webseite \u2013 k\u00f6nnen wir keine sichere \u00dcbertragung und den Schutz Ihrer Daten garantieren. Wir empfehlen Ihnen, vertrauliche Daten niemals unverschl\u00fcsselt per E-Mail zu \u00fcbermitteln.<\/p>\n\n\n\n<h3 class=\"wp-block-heading\" id=\"ihre-rechte\">Ihre Rechte<\/h3>\n\n\n\n<p>Ihnen stehen grunds\u00e4tzlich die Rechte auf Auskunft, Berichtigung, L\u00f6schung, Einschr\u00e4nkung, Daten\u00fcbertragbarkeit, Widerruf und Widerspruch zu. Wenn Sie glauben, dass die Verarbeitung Ihrer Daten gegen das Datenschutzrecht verst\u00f6\u00dft oder Ihre datenschutzrechtlichen Anspr\u00fcche sonst in einer Weise verletzt worden sind, k\u00f6nnen Sie sich bei der Aufsichtsbeh\u00f6rde beschweren. In \u00d6sterreich ist dies die Datenschutzbeh\u00f6rde, deren Webseiten Sie unter&nbsp;<a href=\"https:\/\/www.dsb.gv.at\/\">https:\/\/www.dsb.gv.at\/<\/a>&nbsp;finden.<\/p>\n\n\n\n<h3 class=\"wp-block-heading\" id=\"newsletter-datenschutzerklarung\">Newsletter Datenschutzerkl\u00e4rung<\/h3>\n\n\n\n<p>Wenn Sie sich f\u00fcr unseren Newsletter eintragen \u00fcbermitteln Sie die oben genannten pers\u00f6nlichen Daten und geben uns das Recht Sie per E-Mail zu kontaktieren. Die im Rahmen der Anmeldung zum Newsletter gespeicherten Daten nutzen wir ausschlie\u00dflich f\u00fcr unseren Newsletter und geben diese nicht weiter.<\/p>\n\n\n\n<p>Sollten Sie sich vom Newsletter abmelden \u2013 Sie finden den Link daf\u00fcr in jedem Newsletter ganz unten \u2013 dann l\u00f6schen wir alle Daten die mit der Anmeldung zum Newsletter gespeichert wurden.<\/p>\n\n\n\n<h3 class=\"wp-block-heading\" id=\"google-maps-datenschutzerklarung\">Google Maps Datenschutzerkl\u00e4rung<\/h3>\n\n\n\n<p>Wir verwenden Google Maps der Firma Google Inc. (1600 Amphitheatre Parkway Mountain View, CA 94043, USA) auf unserer Webseite.<\/p>\n\n\n\n<p>Durch die Nutzung der Funktionen dieser Karte werden Daten an Google \u00fcbertragen. Welche Daten von Google erfasst werden und wof\u00fcr diese Daten verwendet werden, k\u00f6nnen Sie auf&nbsp;<a href=\"https:\/\/www.google.com\/intl\/de\/policies\/privacy\/\">https:\/\/www.google.com\/intl\/de\/policies\/privacy\/<\/a>&nbsp;nachlesen.<\/p>\n\n\n\n<h3 class=\"wp-block-heading\" id=\"google-fonts-datenschutzerklarung\">Google Fonts Datenschutzerkl\u00e4rung<\/h3>\n\n\n\n<p>Wir verwenden Google Fonts der Firma Google Inc. (1600 Amphitheatre Parkway Mountain View, CA 94043, USA) auf unserer Webseite. Die Verwendung von Google Fonts erfolgt ohne Authentisierung und es werden keine Cookies and die Google Fonts API gesendet. Sollten Sie ein Konto bei Google haben, werden keine Ihrer Google-Kontodaten an Google w\u00e4hrend der Nutzung von Google Fonts \u00fcbermittelt. Google erfasst lediglich die Nutzung von CSS und der verwendeten Fonts und speichert diese Daten sicher. Mehr zu diesen und weiteren Fragen finden Sie auf&nbsp;<a href=\"https:\/\/developers.google.com\/fonts\/faq\">https:\/\/developers.google.com\/fonts\/faq<\/a>.<\/p>\n\n\n\n<p>Welche Daten von Google erfasst werden und wof\u00fcr diese Daten verwendet werden, k\u00f6nnen Sie auf&nbsp;<a href=\"https:\/\/www.google.com\/intl\/de\/policies\/privacy\/\">https:\/\/www.google.com\/intl\/de\/policies\/privacy\/<\/a>&nbsp;nachlesen.<\/p>\n\n\n\n<h3 class=\"wp-block-heading\" id=\"facebook-datenschutzerklarung\">Facebook Datenschutzerkl\u00e4rung<\/h3>\n\n\n\n<p>Wir verwenden auf dieser Webseite Funktionen von Facebook, einem Social Media Network der FIrma Facebook Ireland Ltd., 4 Grand Canal Square, Grand Canal Harbour, Dublin 2 Ireland.<br>Welche Funktionen (Soziale Plug-ins) Facebook bereitstellt, k\u00f6nnen Sie auf&nbsp;<a href=\"https:\/\/developers.facebook.com\/docs\/plugins\/\">https:\/\/developers.facebook.com\/docs\/plugins\/<\/a>&nbsp;nachlesen.<br>Durch den Besuch unserer Webseite k\u00f6nnen Informationen an Facebook \u00fcbermittelt werden. Wenn Sie \u00fcber ein Facebook-Konto verf\u00fcgen, kann Facebook diese Daten Ihrem pers\u00f6nlichen Konto zuordnen. Sollten Sie das nicht w\u00fcnschen, melden Sie sich bitte von Facebook ab.<br>Die Datenschutzrichtlinien, welche Informationen Facebook sammelt und wie sie diese verwenden finden Sie auf&nbsp;<a href=\"https:\/\/www.facebook.com\/policy.php\">https:\/\/www.facebook.com\/policy.php<\/a>.<\/p>\n\n\n\n<h3 class=\"wp-block-heading\" id=\"youtube-datenschutzerklarung\">YouTube Datenschutzerkl\u00e4rung<\/h3>\n\n\n\n<p>Wir verwenden auf dieser Seite des Videodienstes YouTube, der Firma YouTube, LLC, 901 Cherry Ave., San Bruno, CA 94066, USA.<\/p>\n\n\n\n<p>Durch das Aufrufen von Seiten unserer Webseite, die YouTube Videos integriert haben, werden Daten an YouTube \u00fcbertragen, gespeichert und ausgewertet.<br>Sollten Sie ein YouTube-Konto haben und angemeldet sein, werden diese Daten Ihrem pers\u00f6nlichen Konto und den darin gespeicherten Daten zugeordnet.<\/p>\n\n\n\n<p>Welche Daten von Google erfasst werden und wof\u00fcr diese Daten verwendet werden, k\u00f6nnen Sie auf&nbsp;<a href=\"https:\/\/www.google.com\/intl\/de\/policies\/privacy\/\">https:\/\/www.google.com\/intl\/de\/policies\/privacy\/<\/a>&nbsp;nachlesen.<\/p>\n\n\n\n<h3 class=\"wp-block-heading\" id=\"twitter-datenschutzerklarung\">Twitter Datenschutzerkl\u00e4rung<\/h3>\n\n\n\n<p>Wir verwenden auf dieser Webseite Funktionen von Twitter, einem Social Network der Firma Twitter International Company, One Cumberland Place, Fenian Street, Dublin 2 D02 AX07, Irland.<\/p>\n\n\n\n<p>Dadurch k\u00f6nnen auch personenbezogene Daten an Twitter \u00fcbertragen werden. Wir \u00fcberwachen diesen Datenaustausch nicht und speichern nichts dar\u00fcber.<\/p>\n\n\n\n<p>Wenn Sie mehr \u00fcber die Nutzung Ihrer Daten durch Twitter wissen m\u00f6chten, finden Sie alle Informationen in der&nbsp;<a href=\"https:\/\/twitter.com\/de\/privacy\">Twitter Datenschutzrichtline auf https:\/\/twitter.com\/de\/privacy<\/a>.<\/p>\n\n\n\n<p>Sollten Sie ein Konto bei Twitter haben, k\u00f6nnen Sie Ihre Datenschutzeinstellungen in den Konto- Einstellungen unter&nbsp;<a href=\"https:\/\/twitter.com\/settings\/account\">https:\/\/twitter.com\/settings\/account<\/a>&nbsp;\u00e4ndern.<\/p>\n","protected":false},"excerpt":{"rendered":"<p>Impressum Informationspflicht laut \u00a75 E-Commerce Gesetz, \u00a714 Unternehmensgesetzbuch, \u00a763 Gewerbeordnung und Offenlegungspflicht laut \u00a725 Mediengesetz. HLW Hollabrunn M\u00fchlgasse 35,2020 Hollabrunn,\u00d6sterreich Tel.:&nbsp;02952\/2546Fax:&nbsp;02952\/2546-16E-Mail:&nbsp;hlw.hollabrunn@noeschule.at Quelle: Erstellt&nbsp;mit dem&nbsp;Impressum Generator &#8230; <\/p>\n<p class=\"read-more-container\"><a title=\"Datenschutzerkl\u00e4rung der Website\" class=\"read-more button\" href=\"https:\/\/hlwhollabrunn.ac.at\/web2\/sonstige\/datenschutzerklaerung\/#more-540\" aria-label=\"Mehr Informationen \u00fcber Datenschutzerkl\u00e4rung der Website\">Weiterlesen &#8230;<\/a><\/p>\n","protected":false},"author":1,"featured_media":0,"parent":16902,"menu_order":0,"comment_status":"closed","ping_status":"closed","template":"","meta":{"_uag_custom_page_level_css":"","footnotes":""},"wf_page_folders":[119],"class_list":{"0":"post-540","1":"page","2":"type-page","3":"status-publish","5":"no-featured-image-padding"},"uagb_featured_image_src":{"full":false,"thumbnail":false,"medium":false,"medium_large":false,"large":false,"1536x1536":false,"2048x2048":false,"sow-carousel-default":false},"uagb_author_info":{"display_name":"Leo Ertl - HLW Hollabrunn","author_link":"https:\/\/hlwhollabrunn.ac.at\/web2\/author\/leoertl_cupar_17\/"},"uagb_comment_info":0,"uagb_excerpt":"Impressum Informationspflicht laut \u00a75 E-Commerce Gesetz, \u00a714 Unternehmensgesetzbuch, \u00a763 Gewerbeordnung und Offenlegungspflicht laut \u00a725 Mediengesetz. HLW Hollabrunn M\u00fchlgasse 35,2020 Hollabrunn,\u00d6sterreich Tel.:&nbsp;02952\/2546Fax:&nbsp;02952\/2546-16E-Mail:&nbsp;hlw.hollabrunn@noeschule.at Quelle: Erstellt&nbsp;mit dem&nbsp;Impressum Generator ... Weiterlesen ...","_links":{"self":[{"href":"https:\/\/hlwhollabrunn.ac.at\/web2\/wp-json\/wp\/v2\/pages\/540","targetHints":{"allow":["GET"]}}],"collection":[{"href":"https:\/\/hlwhollabrunn.ac.at\/web2\/wp-json\/wp\/v2\/pages"}],"about":[{"href":"https:\/\/hlwhollabrunn.ac.at\/web2\/wp-json\/wp\/v2\/types\/page"}],"author":[{"embeddable":true,"href":"https:\/\/hlwhollabrunn.ac.at\/web2\/wp-json\/wp\/v2\/users\/1"}],"replies":[{"embeddable":true,"href":"https:\/\/hlwhollabrunn.ac.at\/web2\/wp-json\/wp\/v2\/comments?post=540"}],"version-history":[{"count":2,"href":"https:\/\/hlwhollabrunn.ac.at\/web2\/wp-json\/wp\/v2\/pages\/540\/revisions"}],"predecessor-version":[{"id":16904,"href":"https:\/\/hlwhollabrunn.ac.at\/web2\/wp-json\/wp\/v2\/pages\/540\/revisions\/16904"}],"up":[{"embeddable":true,"href":"https:\/\/hlwhollabrunn.ac.at\/web2\/wp-json\/wp\/v2\/pages\/16902"}],"wp:attachment":[{"href":"https:\/\/hlwhollabrunn.ac.at\/web2\/wp-json\/wp\/v2\/media?parent=540"}],"wp:term":[{"taxonomy":"wf_page_folders","embeddable":true,"href":"https:\/\/hlwhollabrunn.ac.at\/web2\/wp-json\/wp\/v2\/wf_page_folders?post=540"}],"curies":[{"name":"wp","href":"https:\/\/api.w.org\/{rel}","templated":true}]}}