{"id":390,"date":"2020-10-23T19:44:45","date_gmt":"2020-10-23T17:44:45","guid":{"rendered":"http:\/\/www.dubisthlwhollabrunn.at\/?page_id=390"},"modified":"2022-02-14T00:41:22","modified_gmt":"2022-02-13T23:41:22","slug":"internat","status":"publish","type":"page","link":"https:\/\/hlwhollabrunn.ac.at\/web2\/internat\/","title":{"rendered":"HLW Home"},"content":{"rendered":"\n<div class=\"wp-block-image is-style-rounded\"><figure class=\"alignright size-full\"><img loading=\"lazy\" decoding=\"async\" width=\"330\" height=\"330\" src=\"https:\/\/hlwhollabrunn.ac.at\/web2\/wp-content\/uploads\/2022\/02\/internat01_compressed.jpg\" alt=\"HlW Home\" class=\"wp-image-16552\" srcset=\"https:\/\/hlwhollabrunn.ac.at\/web2\/wp-content\/uploads\/2022\/02\/internat01_compressed.jpg 330w, https:\/\/hlwhollabrunn.ac.at\/web2\/wp-content\/uploads\/2022\/02\/internat01_compressed-200x200.jpg 200w\" sizes=\"auto, (max-width: 330px) 100vw, 330px\" \/><\/figure><\/div>\n\n\n\n<p>Ein Internat heute, insbesondere das Internat der HLW Hollabrunn, HLW Home, bedeutet <span class=\"hervor\">miteinander leben<\/span> in einer Wohngemeinschaft mit vielen \u201eGeschwistern\u201c.<\/p>\n\n\n\n<p>Die Anker unseres Zusammenlebens im M\u00e4dcheninternat sind die Freundschaften, das konzentrierte, gemeinsame Arbeiten und Lernen, die abwechslungsreiche Freizeitgestaltung, die beliebten Feiern im Jahresfestkreis und das famili\u00e4re Gef\u00fcge, das den Sch\u00fclerinnen garantiert, dass H\u00fcrden gemeinschaftlich \u00fcberwunden werden.<\/p>\n\n\n\n<p>Rund um diese Anker gestaltet jede Sch\u00fclerin ihren Tag und ihre Freir\u00e4ume selbst. Die Sozialp\u00e4dagoginnen sind dabei Anlaufstelle f\u00fcr jede Frage, jeden Kummer und jeden Wunsch. Sie steuern durch ihre individuelle Arbeit das Gruppenleben und stehen in stetem Austausch mit LehrerInnen und Eltern.<\/p>\n\n\n\n<div class=\"wp-block-image is-style-rounded\"><figure class=\"alignleft size-full\"><img loading=\"lazy\" decoding=\"async\" width=\"330\" height=\"330\" src=\"https:\/\/hlwhollabrunn.ac.at\/web2\/wp-content\/uploads\/2022\/02\/internat02_compressed.jpg\" alt=\"HlW Home\" class=\"wp-image-16553\" srcset=\"https:\/\/hlwhollabrunn.ac.at\/web2\/wp-content\/uploads\/2022\/02\/internat02_compressed.jpg 330w, https:\/\/hlwhollabrunn.ac.at\/web2\/wp-content\/uploads\/2022\/02\/internat02_compressed-200x200.jpg 200w\" sizes=\"auto, (max-width: 330px) 100vw, 330px\" \/><\/figure><\/div>\n\n\n\n<p>W\u00e4hrend in vielen Internaten der Trend zum externen Wohnen ab der 3. Klasse verzeichnet wird, bleiben die Sch\u00fclerinnen der HLW Hollabrunn stets gerne bis zur 5. Klasse im HLW Home.<\/p>\n\n\n\n<p>Sie genie\u00dfen die Schuln\u00e4he, das betreute Lernen und das gemeinsame Essen am Morgen und am Abend. Auch beim Mittagessen finden die M\u00e4dchen immer gerne zueinander.<\/p>\n\n\n\n<p>Die emotionale Intelligenz der Sch\u00fclerinnen wird in teamorientierten Lerneinheiten gef\u00f6rdert und es wird der Grundstein f\u00fcr Verantwortungsgef\u00fchl und Eigenst\u00e4ndigkeit gelegt.<\/p>\n\n\n\n<p>Im gem\u00fctlichen Garten k\u00f6nnen sich die Sch\u00fclerinnen entspannen und im hauseigenen Fitnessraum sportlich bet\u00e4tigen.<\/p>\n\n\n\n<hr class=\"wp-block-separator is-style-dots\"\/>\n\n\n\n<div class=\"wp-block-uagb-testimonial uagb-testomonial__outer-wrap uagb-slick-carousel uagb-tm__arrow-outside uagb-block-a337da05\"><div class=\"is-carousel uagb-tm__columns-1 uagb-tm__items\"><div class=\"uagb-testimonial__wrap  uagb-tm__imgicon-style-circle uagb-tm__image-position-left uagb-tm__image-aligned-top uagb-tm-stacked-tablet uagb-tm__bg-type-undefined \"><div class=\"uagb-tm__content\"><div class=\"uagb-tm__overlay\"><\/div><div class=\"uagb-tm__image-content\"><div class=\"uagb-tm__image\"><img decoding=\"async\" class=\"uagb-tm-img-src\" src=\"https:\/\/hlwhollabrunn.ac.at\/web2\/wp-content\/uploads\/2022\/02\/marchat_louisa_compressed.jpg\" alt=\"Louisa\"\/><\/div><\/div><div class=\"uagb-tm__text-wrap\"><div class=\"uagb-testinomial-text-wrap\"><div class=\"uagb-tm__desc\">Ich bin gerne im Internat, weil man nie allein ist und immer jemanden um Hilfe bitten kann. Dadurch, dass ich mir die langen Busfahrten erspare, kann ich mich fr\u00fcher meinen Schulsachen widmen und habe dadurch auch mehr Freizeit.<\/div><\/div><div class=\"uagb-tm__meta\"><div class=\"uagb-tm__meta-inner\"><div class=\"uagb-testimonial-details\"><span class=\"uagb-tm__author-name\"><strong>Louisa<\/strong><\/span><span class=\"uagb-tm__company\">4BHLW<\/span><\/div><\/div><\/div><\/div><\/div><\/div><\/div><\/div>\n\n\n\n<div style=\"height:21px\" aria-hidden=\"true\" class=\"wp-block-spacer\"><\/div>\n\n\n\n<div class=\"wp-block-columns is-layout-flex wp-container-core-columns-is-layout-9d6595d7 wp-block-columns-is-layout-flex\">\n<div class=\"wp-block-column is-layout-flow wp-block-column-is-layout-flow\">\n<figure class=\"wp-block-image size-full is-style-rounded\"><img loading=\"lazy\" decoding=\"async\" width=\"330\" height=\"330\" src=\"https:\/\/hlwhollabrunn.ac.at\/web2\/wp-content\/uploads\/2022\/02\/internat04_compressed.jpg\" alt=\"HlW Home\" class=\"wp-image-16557\" srcset=\"https:\/\/hlwhollabrunn.ac.at\/web2\/wp-content\/uploads\/2022\/02\/internat04_compressed.jpg 330w, https:\/\/hlwhollabrunn.ac.at\/web2\/wp-content\/uploads\/2022\/02\/internat04_compressed-200x200.jpg 200w\" sizes=\"auto, (max-width: 330px) 100vw, 330px\" \/><\/figure>\n<\/div>\n\n\n\n<div class=\"wp-block-column is-layout-flow wp-block-column-is-layout-flow\">\n<figure class=\"wp-block-image size-full is-style-rounded\"><img loading=\"lazy\" decoding=\"async\" width=\"330\" height=\"330\" src=\"https:\/\/hlwhollabrunn.ac.at\/web2\/wp-content\/uploads\/2022\/02\/internat03_compressed.jpg\" alt=\"HlW Home\" class=\"wp-image-16555\" srcset=\"https:\/\/hlwhollabrunn.ac.at\/web2\/wp-content\/uploads\/2022\/02\/internat03_compressed.jpg 330w, https:\/\/hlwhollabrunn.ac.at\/web2\/wp-content\/uploads\/2022\/02\/internat03_compressed-200x200.jpg 200w\" sizes=\"auto, (max-width: 330px) 100vw, 330px\" \/><\/figure>\n<\/div>\n<\/div>\n\n\n\n<figure class=\"wp-block-gallery has-nested-images columns-4 is-cropped wp-block-gallery-1 is-layout-flex wp-block-gallery-is-layout-flex\">\n<figure class=\"wp-block-image size-large\"><img loading=\"lazy\" decoding=\"async\" width=\"500\" height=\"666\" data-id=\"16571\" src=\"https:\/\/hlwhollabrunn.ac.at\/web2\/wp-content\/uploads\/2022\/02\/i_01_compressed.jpg\" alt=\"HLW Home\" class=\"wp-image-16571\" srcset=\"https:\/\/hlwhollabrunn.ac.at\/web2\/wp-content\/uploads\/2022\/02\/i_01_compressed.jpg 500w, https:\/\/hlwhollabrunn.ac.at\/web2\/wp-content\/uploads\/2022\/02\/i_01_compressed-200x266.jpg 200w\" sizes=\"auto, (max-width: 500px) 100vw, 500px\" \/><figcaption><em>Empfang Internatssch\u00fcler<\/em>innen<\/figcaption><\/figure>\n\n\n\n<figure class=\"wp-block-image size-large\"><img loading=\"lazy\" decoding=\"async\" width=\"500\" height=\"666\" data-id=\"16569\" src=\"https:\/\/hlwhollabrunn.ac.at\/web2\/wp-content\/uploads\/2022\/02\/i_02_compressed.jpg\" alt=\"HLW Home\" class=\"wp-image-16569\" srcset=\"https:\/\/hlwhollabrunn.ac.at\/web2\/wp-content\/uploads\/2022\/02\/i_02_compressed.jpg 500w, https:\/\/hlwhollabrunn.ac.at\/web2\/wp-content\/uploads\/2022\/02\/i_02_compressed-200x266.jpg 200w\" sizes=\"auto, (max-width: 500px) 100vw, 500px\" \/><figcaption><em>Sonnentor Teestation<\/em><\/figcaption><\/figure>\n\n\n\n<figure class=\"wp-block-image size-large\"><img loading=\"lazy\" decoding=\"async\" width=\"500\" height=\"666\" data-id=\"16570\" src=\"https:\/\/hlwhollabrunn.ac.at\/web2\/wp-content\/uploads\/2022\/02\/i_03_compressed.jpg\" alt=\"HLW Home\" class=\"wp-image-16570\" srcset=\"https:\/\/hlwhollabrunn.ac.at\/web2\/wp-content\/uploads\/2022\/02\/i_03_compressed.jpg 500w, https:\/\/hlwhollabrunn.ac.at\/web2\/wp-content\/uploads\/2022\/02\/i_03_compressed-200x266.jpg 200w\" sizes=\"auto, (max-width: 500px) 100vw, 500px\" \/><figcaption><em>Wei\u00dfwurstparty<\/em><\/figcaption><\/figure>\n\n\n\n<figure class=\"wp-block-image size-large\"><img loading=\"lazy\" decoding=\"async\" width=\"500\" height=\"666\" data-id=\"16572\" src=\"https:\/\/hlwhollabrunn.ac.at\/web2\/wp-content\/uploads\/2022\/02\/i_04_compressed.jpg\" alt=\"HLW Home\" class=\"wp-image-16572\" srcset=\"https:\/\/hlwhollabrunn.ac.at\/web2\/wp-content\/uploads\/2022\/02\/i_04_compressed.jpg 500w, https:\/\/hlwhollabrunn.ac.at\/web2\/wp-content\/uploads\/2022\/02\/i_04_compressed-200x266.jpg 200w\" sizes=\"auto, (max-width: 500px) 100vw, 500px\" \/><figcaption><em>Gedeckter Speisesaal f\u00fcr Weihnachtsfeier<\/em><\/figcaption><\/figure>\n<\/figure>\n","protected":false},"excerpt":{"rendered":"<p>Ein Internat heute, insbesondere das Internat der HLW Hollabrunn, HLW Home, bedeutet miteinander leben in einer Wohngemeinschaft mit vielen \u201eGeschwistern\u201c. Die Anker unseres Zusammenlebens im &#8230; <\/p>\n<p class=\"read-more-container\"><a title=\"HLW Home\" class=\"read-more button\" href=\"https:\/\/hlwhollabrunn.ac.at\/web2\/internat\/#more-390\" aria-label=\"Mehr Informationen \u00fcber HLW Home\">Weiterlesen &#8230;<\/a><\/p>\n","protected":false},"author":1,"featured_media":0,"parent":0,"menu_order":7,"comment_status":"closed","ping_status":"closed","template":"","meta":{"_uag_custom_page_level_css":"","footnotes":""},"wf_page_folders":[117],"class_list":{"0":"post-390","1":"page","2":"type-page","3":"status-publish","5":"no-featured-image-padding"},"uagb_featured_image_src":{"full":false,"thumbnail":false,"medium":false,"medium_large":false,"large":false,"1536x1536":false,"2048x2048":false,"sow-carousel-default":false},"uagb_author_info":{"display_name":"Leo Ertl - HLW Hollabrunn","author_link":"https:\/\/hlwhollabrunn.ac.at\/web2\/author\/leoertl_cupar_17\/"},"uagb_comment_info":0,"uagb_excerpt":"Ein Internat heute, insbesondere das Internat der HLW Hollabrunn, HLW Home, bedeutet miteinander leben in einer Wohngemeinschaft mit vielen \u201eGeschwistern\u201c. Die Anker unseres Zusammenlebens im ... Weiterlesen ...","_links":{"self":[{"href":"https:\/\/hlwhollabrunn.ac.at\/web2\/wp-json\/wp\/v2\/pages\/390","targetHints":{"allow":["GET"]}}],"collection":[{"href":"https:\/\/hlwhollabrunn.ac.at\/web2\/wp-json\/wp\/v2\/pages"}],"about":[{"href":"https:\/\/hlwhollabrunn.ac.at\/web2\/wp-json\/wp\/v2\/types\/page"}],"author":[{"embeddable":true,"href":"https:\/\/hlwhollabrunn.ac.at\/web2\/wp-json\/wp\/v2\/users\/1"}],"replies":[{"embeddable":true,"href":"https:\/\/hlwhollabrunn.ac.at\/web2\/wp-json\/wp\/v2\/comments?post=390"}],"version-history":[{"count":13,"href":"https:\/\/hlwhollabrunn.ac.at\/web2\/wp-json\/wp\/v2\/pages\/390\/revisions"}],"predecessor-version":[{"id":17030,"href":"https:\/\/hlwhollabrunn.ac.at\/web2\/wp-json\/wp\/v2\/pages\/390\/revisions\/17030"}],"wp:attachment":[{"href":"https:\/\/hlwhollabrunn.ac.at\/web2\/wp-json\/wp\/v2\/media?parent=390"}],"wp:term":[{"taxonomy":"wf_page_folders","embeddable":true,"href":"https:\/\/hlwhollabrunn.ac.at\/web2\/wp-json\/wp\/v2\/wf_page_folders?post=390"}],"curies":[{"name":"wp","href":"https:\/\/api.w.org\/{rel}","templated":true}]}}