{"id":2764,"date":"2020-10-25T11:33:28","date_gmt":"2020-10-25T10:33:28","guid":{"rendered":"http:\/\/www.dubisthlwhollabrunn.at\/?page_id=530"},"modified":"2022-11-08T13:34:07","modified_gmt":"2022-11-08T12:34:07","slug":"wirtschaft","status":"publish","type":"page","link":"https:\/\/hlwhollabrunn.ac.at\/web2\/fachschule\/wirtschaft\/","title":{"rendered":"Wirtschaft in der FW"},"content":{"rendered":"\n<h5 class=\"wp-block-heading\" id=\"dich-interessiert\"><strong>Dich interessiert, \u2026<\/strong><\/h5>\n\n\n\n<p>\u2026 wie du dein Geld anlegen kannst oder ob dein Gehalt richtig abgerechnet wurde<br>\u00a0\u2026 wie du private Anschaffungen (z.B. Auto, Wohnung, etc.) finanzieren kannst<br>\u00a0\u2026 welche Rechte du am Arbeitsplatz hast<br>\u00a0\u2026 wie man aussagekr\u00e4ftige Bewerbungsunterlagen erstellt<\/p>\n\n\n\n<h5 class=\"wp-block-heading\" id=\"das-alles-lernst-du-bei-uns-in-den-gegenstanden\"><strong>Das alles lernst du bei uns in den Gegenst\u00e4nden \u2026<\/strong><\/h5>\n\n\n\n<p>\u2026 Betriebswirtschaft &amp; Rechnungswesen und Wirtschaftliches Rechnen.<\/p>\n\n\n\n<h5 class=\"wp-block-heading\" id=\"du-mochtest-nach-der-schule-gleich-arbeiten-oder-jungunternehmer-in-werden-kein-problem\"><strong>Du m\u00f6chtest nach der Schule gleich arbeiten oder Jungunternehmer:in werden? Kein Problem! <\/strong><\/h5>\n\n\n\n<p>Mit unserer kaufm\u00e4nnischen Ausbildung kannst du sofort nach der Abschlusspr\u00fcfung in das Berufsleben einsteigen und deine Karriere starten. Au\u00dferdem kannst du dich nach einigen Jahren Berufspraxis selbst\u00e4ndig machen. Die wirtschaftliche Ausbildung ersetzt die dazu erforderliche Unternehmerpr\u00fcfung.<\/p>\n\n\n\n<h5 class=\"wp-block-heading\" id=\"du-mochtest-gerne-projekte-managen-und-in-die-realitat-umsetzen\"><strong>Du m\u00f6chtest gerne Projekte managen und in die Realit\u00e4t umsetzen?<\/strong><\/h5>\n\n\n\n<p>In der <mark style=\"background-color:rgba(0, 0, 0, 0);color:#ea5354\" class=\"has-inline-color\">Wirtschaftswerkstatt (FW)<\/mark> arbeitest du in einer Junior Company.<\/p>\n\n\n\n<hr class=\"wp-block-separator has-css-opacity is-style-dots\"\/>\n\n\n\n<figure class=\"wp-block-gallery has-nested-images columns-default is-cropped wp-block-gallery-1 is-layout-flex wp-block-gallery-is-layout-flex\">\n<figure class=\"wp-block-image size-large\"><img loading=\"lazy\" decoding=\"async\" width=\"600\" height=\"450\" data-id=\"16398\" src=\"https:\/\/hlwhollabrunn.ac.at\/web2\/wp-content\/uploads\/2022\/02\/wirtschaft01_compressed.jpg\" alt=\"Marketing \u2013 Werbeagentur\" class=\"wp-image-16398\" srcset=\"https:\/\/hlwhollabrunn.ac.at\/web2\/wp-content\/uploads\/2022\/02\/wirtschaft01_compressed.jpg 600w, https:\/\/hlwhollabrunn.ac.at\/web2\/wp-content\/uploads\/2022\/02\/wirtschaft01_compressed-200x150.jpg 200w\" sizes=\"auto, (max-width: 600px) 100vw, 600px\" \/><figcaption class=\"wp-element-caption\">Marketing \u2013 Werbeagentur<\/figcaption><\/figure>\n\n\n\n<figure class=\"wp-block-image size-large\"><img loading=\"lazy\" decoding=\"async\" width=\"600\" height=\"450\" data-id=\"16399\" src=\"https:\/\/hlwhollabrunn.ac.at\/web2\/wp-content\/uploads\/2022\/02\/wirtschaft02_compressed.jpg\" alt=\"Wirtschaftsmuseum\" class=\"wp-image-16399\" srcset=\"https:\/\/hlwhollabrunn.ac.at\/web2\/wp-content\/uploads\/2022\/02\/wirtschaft02_compressed.jpg 600w, https:\/\/hlwhollabrunn.ac.at\/web2\/wp-content\/uploads\/2022\/02\/wirtschaft02_compressed-200x150.jpg 200w\" sizes=\"auto, (max-width: 600px) 100vw, 600px\" \/><figcaption class=\"wp-element-caption\">Wirtschaftsmuseum<\/figcaption><\/figure>\n\n\n\n<figure class=\"wp-block-image size-large\"><img loading=\"lazy\" decoding=\"async\" width=\"600\" height=\"588\" data-id=\"16408\" src=\"https:\/\/hlwhollabrunn.ac.at\/web2\/wp-content\/uploads\/2022\/02\/wirtschaft03_compressed.jpg\" alt=\"Umweltprojekt \u2013 Vernissage\" class=\"wp-image-16408\" srcset=\"https:\/\/hlwhollabrunn.ac.at\/web2\/wp-content\/uploads\/2022\/02\/wirtschaft03_compressed.jpg 600w, https:\/\/hlwhollabrunn.ac.at\/web2\/wp-content\/uploads\/2022\/02\/wirtschaft03_compressed-200x196.jpg 200w\" sizes=\"auto, (max-width: 600px) 100vw, 600px\" \/><figcaption class=\"wp-element-caption\">Umweltprojekt \u2013 Vernissage<\/figcaption><\/figure>\n\n\n\n<figure class=\"wp-block-image size-large\"><img loading=\"lazy\" decoding=\"async\" width=\"600\" height=\"400\" data-id=\"16400\" src=\"https:\/\/hlwhollabrunn.ac.at\/web2\/wp-content\/uploads\/2022\/02\/wirtschaft04_compressed.jpg\" alt=\"Er\u00f6ffnung Vernissage\" class=\"wp-image-16400\" srcset=\"https:\/\/hlwhollabrunn.ac.at\/web2\/wp-content\/uploads\/2022\/02\/wirtschaft04_compressed.jpg 600w, https:\/\/hlwhollabrunn.ac.at\/web2\/wp-content\/uploads\/2022\/02\/wirtschaft04_compressed-200x133.jpg 200w, https:\/\/hlwhollabrunn.ac.at\/web2\/wp-content\/uploads\/2022\/02\/wirtschaft04_compressed-272x182.jpg 272w\" sizes=\"auto, (max-width: 600px) 100vw, 600px\" \/><figcaption class=\"wp-element-caption\">Er\u00f6ffnung Vernissage<\/figcaption><\/figure>\n\n\n\n<figure class=\"wp-block-image size-large\"><img loading=\"lazy\" decoding=\"async\" width=\"600\" height=\"450\" data-id=\"16401\" src=\"https:\/\/hlwhollabrunn.ac.at\/web2\/wp-content\/uploads\/2022\/02\/wirtschaft05_compressed.jpg\" alt=\"Sonnentor\" class=\"wp-image-16401\" srcset=\"https:\/\/hlwhollabrunn.ac.at\/web2\/wp-content\/uploads\/2022\/02\/wirtschaft05_compressed.jpg 600w, https:\/\/hlwhollabrunn.ac.at\/web2\/wp-content\/uploads\/2022\/02\/wirtschaft05_compressed-200x150.jpg 200w\" sizes=\"auto, (max-width: 600px) 100vw, 600px\" \/><figcaption class=\"wp-element-caption\">Sonnentor<\/figcaption><\/figure>\n\n\n\n<figure class=\"wp-block-image size-large\"><img loading=\"lazy\" decoding=\"async\" width=\"600\" height=\"400\" data-id=\"16407\" src=\"https:\/\/hlwhollabrunn.ac.at\/web2\/wp-content\/uploads\/2022\/02\/wirtschaft06_compressed.jpg\" alt=\"Schlumberger\" class=\"wp-image-16407\" srcset=\"https:\/\/hlwhollabrunn.ac.at\/web2\/wp-content\/uploads\/2022\/02\/wirtschaft06_compressed.jpg 600w, https:\/\/hlwhollabrunn.ac.at\/web2\/wp-content\/uploads\/2022\/02\/wirtschaft06_compressed-200x133.jpg 200w, https:\/\/hlwhollabrunn.ac.at\/web2\/wp-content\/uploads\/2022\/02\/wirtschaft06_compressed-272x182.jpg 272w\" sizes=\"auto, (max-width: 600px) 100vw, 600px\" \/><figcaption class=\"wp-element-caption\">Schlumberger<\/figcaption><\/figure>\n\n\n\n<figure class=\"wp-block-image size-large\"><img loading=\"lazy\" decoding=\"async\" width=\"600\" height=\"399\" data-id=\"16402\" src=\"https:\/\/hlwhollabrunn.ac.at\/web2\/wp-content\/uploads\/2022\/02\/wirtschaft07_compressed.jpg\" alt=\"Ecuadorstand\" class=\"wp-image-16402\" srcset=\"https:\/\/hlwhollabrunn.ac.at\/web2\/wp-content\/uploads\/2022\/02\/wirtschaft07_compressed.jpg 600w, https:\/\/hlwhollabrunn.ac.at\/web2\/wp-content\/uploads\/2022\/02\/wirtschaft07_compressed-200x133.jpg 200w, https:\/\/hlwhollabrunn.ac.at\/web2\/wp-content\/uploads\/2022\/02\/wirtschaft07_compressed-272x182.jpg 272w\" sizes=\"auto, (max-width: 600px) 100vw, 600px\" \/><figcaption class=\"wp-element-caption\">Ecuadorstand<\/figcaption><\/figure>\n\n\n\n<figure class=\"wp-block-image size-large\"><img loading=\"lazy\" decoding=\"async\" width=\"600\" height=\"399\" data-id=\"16403\" src=\"https:\/\/hlwhollabrunn.ac.at\/web2\/wp-content\/uploads\/2022\/02\/wirtschaft08_compressed.jpg\" alt=\"Wirtschaftswerkstatt\" class=\"wp-image-16403\" srcset=\"https:\/\/hlwhollabrunn.ac.at\/web2\/wp-content\/uploads\/2022\/02\/wirtschaft08_compressed.jpg 600w, https:\/\/hlwhollabrunn.ac.at\/web2\/wp-content\/uploads\/2022\/02\/wirtschaft08_compressed-200x133.jpg 200w, https:\/\/hlwhollabrunn.ac.at\/web2\/wp-content\/uploads\/2022\/02\/wirtschaft08_compressed-272x182.jpg 272w\" sizes=\"auto, (max-width: 600px) 100vw, 600px\" \/><figcaption class=\"wp-element-caption\">Wirtschaftswerkstatt<\/figcaption><\/figure>\n\n\n\n<figure class=\"wp-block-image size-large\"><img loading=\"lazy\" decoding=\"async\" width=\"600\" height=\"800\" data-id=\"16404\" src=\"https:\/\/hlwhollabrunn.ac.at\/web2\/wp-content\/uploads\/2022\/02\/wirtschaft09_compressed.jpg\" alt=\"Aktie\" class=\"wp-image-16404\" srcset=\"https:\/\/hlwhollabrunn.ac.at\/web2\/wp-content\/uploads\/2022\/02\/wirtschaft09_compressed.jpg 600w, https:\/\/hlwhollabrunn.ac.at\/web2\/wp-content\/uploads\/2022\/02\/wirtschaft09_compressed-200x267.jpg 200w\" sizes=\"auto, (max-width: 600px) 100vw, 600px\" \/><figcaption class=\"wp-element-caption\">Aktie<\/figcaption><\/figure>\n\n\n\n<figure class=\"wp-block-image size-large\"><img loading=\"lazy\" decoding=\"async\" width=\"600\" height=\"337\" data-id=\"16405\" src=\"https:\/\/hlwhollabrunn.ac.at\/web2\/wp-content\/uploads\/2022\/02\/wirtschaft10_compressed.jpg\" alt=\"V\u00f6slauer\" class=\"wp-image-16405\" srcset=\"https:\/\/hlwhollabrunn.ac.at\/web2\/wp-content\/uploads\/2022\/02\/wirtschaft10_compressed.jpg 600w, https:\/\/hlwhollabrunn.ac.at\/web2\/wp-content\/uploads\/2022\/02\/wirtschaft10_compressed-200x112.jpg 200w\" sizes=\"auto, (max-width: 600px) 100vw, 600px\" \/><figcaption class=\"wp-element-caption\">V\u00f6slauer<\/figcaption><\/figure>\n\n\n\n<figure class=\"wp-block-image size-large\"><img loading=\"lazy\" decoding=\"async\" width=\"600\" height=\"450\" data-id=\"16406\" src=\"https:\/\/hlwhollabrunn.ac.at\/web2\/wp-content\/uploads\/2022\/02\/wirtschaft11_compressed.jpg\" alt=\"ORF-Studios\" class=\"wp-image-16406\" srcset=\"https:\/\/hlwhollabrunn.ac.at\/web2\/wp-content\/uploads\/2022\/02\/wirtschaft11_compressed.jpg 600w, https:\/\/hlwhollabrunn.ac.at\/web2\/wp-content\/uploads\/2022\/02\/wirtschaft11_compressed-200x150.jpg 200w\" sizes=\"auto, (max-width: 600px) 100vw, 600px\" \/><figcaption class=\"wp-element-caption\">ORF-Studios<\/figcaption><\/figure>\n<\/figure>\n","protected":false},"excerpt":{"rendered":"<p>Dich interessiert, \u2026 \u2026 wie du dein Geld anlegen kannst oder ob dein Gehalt richtig abgerechnet wurde\u00a0\u2026 wie du private Anschaffungen (z.B. Auto, Wohnung, etc.) &#8230; <\/p>\n<p class=\"read-more-container\"><a title=\"Wirtschaft in der FW\" class=\"read-more button\" href=\"https:\/\/hlwhollabrunn.ac.at\/web2\/fachschule\/wirtschaft\/#more-2764\" aria-label=\"Mehr Informationen \u00fcber Wirtschaft in der FW\">Weiterlesen &#8230;<\/a><\/p>\n","protected":false},"author":1,"featured_media":0,"parent":545,"menu_order":3,"comment_status":"closed","ping_status":"closed","template":"","meta":{"_uag_custom_page_level_css":"","footnotes":""},"wf_page_folders":[113],"class_list":{"0":"post-2764","1":"page","2":"type-page","3":"status-publish","5":"no-featured-image-padding"},"uagb_featured_image_src":{"full":false,"thumbnail":false,"medium":false,"medium_large":false,"large":false,"1536x1536":false,"2048x2048":false,"sow-carousel-default":false},"uagb_author_info":{"display_name":"Leo Ertl - HLW Hollabrunn","author_link":"https:\/\/hlwhollabrunn.ac.at\/web2\/author\/leoertl_cupar_17\/"},"uagb_comment_info":0,"uagb_excerpt":"Dich interessiert, \u2026 \u2026 wie du dein Geld anlegen kannst oder ob dein Gehalt richtig abgerechnet wurde\u00a0\u2026 wie du private Anschaffungen (z.B. Auto, Wohnung, etc.) ... Weiterlesen ...","_links":{"self":[{"href":"https:\/\/hlwhollabrunn.ac.at\/web2\/wp-json\/wp\/v2\/pages\/2764","targetHints":{"allow":["GET"]}}],"collection":[{"href":"https:\/\/hlwhollabrunn.ac.at\/web2\/wp-json\/wp\/v2\/pages"}],"about":[{"href":"https:\/\/hlwhollabrunn.ac.at\/web2\/wp-json\/wp\/v2\/types\/page"}],"author":[{"embeddable":true,"href":"https:\/\/hlwhollabrunn.ac.at\/web2\/wp-json\/wp\/v2\/users\/1"}],"replies":[{"embeddable":true,"href":"https:\/\/hlwhollabrunn.ac.at\/web2\/wp-json\/wp\/v2\/comments?post=2764"}],"version-history":[{"count":19,"href":"https:\/\/hlwhollabrunn.ac.at\/web2\/wp-json\/wp\/v2\/pages\/2764\/revisions"}],"predecessor-version":[{"id":17712,"href":"https:\/\/hlwhollabrunn.ac.at\/web2\/wp-json\/wp\/v2\/pages\/2764\/revisions\/17712"}],"up":[{"embeddable":true,"href":"https:\/\/hlwhollabrunn.ac.at\/web2\/wp-json\/wp\/v2\/pages\/545"}],"wp:attachment":[{"href":"https:\/\/hlwhollabrunn.ac.at\/web2\/wp-json\/wp\/v2\/media?parent=2764"}],"wp:term":[{"taxonomy":"wf_page_folders","embeddable":true,"href":"https:\/\/hlwhollabrunn.ac.at\/web2\/wp-json\/wp\/v2\/wf_page_folders?post=2764"}],"curies":[{"name":"wp","href":"https:\/\/api.w.org\/{rel}","templated":true}]}}