{"id":2763,"date":"2020-10-24T18:42:47","date_gmt":"2020-10-24T16:42:47","guid":{"rendered":"http:\/\/www.dubisthlwhollabrunn.at\/?page_id=448"},"modified":"2022-03-08T21:35:48","modified_gmt":"2022-03-08T20:35:48","slug":"cool","status":"publish","type":"page","link":"https:\/\/hlwhollabrunn.ac.at\/web2\/hlw\/cool\/","title":{"rendered":"COOL"},"content":{"rendered":"\n<div class=\"wp-block-image is-style-rounded\"><figure class=\"alignright size-full is-resized\"><img loading=\"lazy\" decoding=\"async\" src=\"https:\/\/hlwhollabrunn.ac.at\/web2\/wp-content\/uploads\/2022\/02\/Cool2_compressed.jpg\" alt=\"COOL\" class=\"wp-image-16211\" width=\"330\" height=\"330\" srcset=\"https:\/\/hlwhollabrunn.ac.at\/web2\/wp-content\/uploads\/2022\/02\/Cool2_compressed.jpg 397w, https:\/\/hlwhollabrunn.ac.at\/web2\/wp-content\/uploads\/2022\/02\/Cool2_compressed-200x200.jpg 200w\" sizes=\"auto, (max-width: 330px) 100vw, 330px\" \/><\/figure><\/div>\n\n\n\n<h5 class=\"sketch petrol wp-block-heading\" id=\"du-bist-neugierig-gespannt-auf-neue-lernformen-und-arbeitest-gerne-mit-anderen-zusammen\">Du bist neugierig, gespannt auf neue Lernformen und arbeitest gerne mit anderen zusammen?<\/h5>\n\n\n\n<p>Dann ist der COOL-Unterricht (COOPERATIVE OPEN LEARNING) genau das Richtige f\u00fcr dich! Wir bieten dir <span class=\"hervor\">individualisiertes \u201ecooperative open learning\u201c<\/span> mit verpflichtenden und freiwilligen Aufgaben, die du in angenehmer und entspannter Atmosph\u00e4re l\u00f6sen kannst, weil du dir die Zeit selbst einteilen kannst.<br><\/p>\n\n\n\n<div class=\"wp-block-image\"><figure class=\"alignright size-full\"><img loading=\"lazy\" decoding=\"async\" width=\"213\" height=\"118\" src=\"https:\/\/hlwhollabrunn.ac.at\/web2\/wp-content\/uploads\/2022\/02\/COOL-Logo.jpg\" alt=\"COOL-Logo\" class=\"wp-image-16214\" srcset=\"https:\/\/hlwhollabrunn.ac.at\/web2\/wp-content\/uploads\/2022\/02\/COOL-Logo.jpg 213w, https:\/\/hlwhollabrunn.ac.at\/web2\/wp-content\/uploads\/2022\/02\/COOL-Logo-200x111.jpg 200w\" sizes=\"auto, (max-width: 213px) 100vw, 213px\" \/><\/figure><\/div>\n\n\n\n<div class=\"wp-block-image is-style-rounded\"><figure class=\"alignleft size-full is-resized\"><img loading=\"lazy\" decoding=\"async\" src=\"https:\/\/hlwhollabrunn.ac.at\/web2\/wp-content\/uploads\/2022\/02\/Cool1_compressed.jpg\" alt=\"COOL\" class=\"wp-image-16213\" width=\"222\" height=\"222\" srcset=\"https:\/\/hlwhollabrunn.ac.at\/web2\/wp-content\/uploads\/2022\/02\/Cool1_compressed.jpg 399w, https:\/\/hlwhollabrunn.ac.at\/web2\/wp-content\/uploads\/2022\/02\/Cool1_compressed-200x200.jpg 200w\" sizes=\"auto, (max-width: 222px) 100vw, 222px\" \/><\/figure><\/div>\n\n\n\n<p>Du hast bei vielen \u00dcbungen die Wahl, ob du sie allein oder lieber zu zweit bzw. in einer Gruppe machen m\u00f6chtest, weil dir gemeinsames Lernen  mehr Spa\u00df macht! Selbstverst\u00e4ndlich kannst du immer deine Lehrer um Rat fragen, wenn du Hilfe brauchst.<\/p>\n\n\n\n<div style=\"height:10px\" aria-hidden=\"true\" class=\"wp-block-spacer\"><\/div>\n\n\n\n<hr class=\"wp-block-separator is-style-dots\"\/>\n\n\n\n<div class=\"wp-block-uagb-testimonial uagb-testomonial__outer-wrap uagb-slick-carousel uagb-tm__arrow-outside uagb-block-5ba66566\"><div class=\"is-carousel uagb-tm__columns-1 uagb-tm__items\"><div class=\"uagb-testimonial__wrap  uagb-tm__imgicon-style-circle uagb-tm__image-position-left uagb-tm__image-aligned-top uagb-tm-stacked-tablet uagb-tm__bg-type-undefined \"><div class=\"uagb-tm__content\"><div class=\"uagb-tm__overlay\"><\/div><div class=\"uagb-tm__image-content\"><div class=\"uagb-tm__image\"><img decoding=\"async\" class=\"uagb-tm-img-src\" src=\"https:\/\/hlwhollabrunn.ac.at\/web2\/wp-content\/uploads\/2022\/02\/greil_maria_430.jpg\" alt=\"Maria Greil\"\/><\/div><\/div><div class=\"uagb-tm__text-wrap\"><div class=\"uagb-testinomial-text-wrap\"><div class=\"uagb-tm__desc\">Ich finde es super an der HLW, dass es den COOL-Unterricht gibt, da man sich frei entfalten kann und man etwas Ablenkung zum typischen Schulalltag hat.<\/div><\/div><div class=\"uagb-tm__meta\"><div class=\"uagb-tm__meta-inner\"><div class=\"uagb-testimonial-details\"><span class=\"uagb-tm__author-name\">Maria<\/span><span class=\"uagb-tm__company\">5DHLW<\/span><\/div><\/div><\/div><\/div><\/div><\/div><div class=\"uagb-testimonial__wrap  uagb-tm__imgicon-style-circle uagb-tm__image-position-left uagb-tm__image-aligned-top uagb-tm-stacked-tablet uagb-tm__bg-type-undefined \"><div class=\"uagb-tm__content\"><div class=\"uagb-tm__overlay\"><\/div><div class=\"uagb-tm__image-content\"><div class=\"uagb-tm__image\"><img decoding=\"async\" class=\"uagb-tm-img-src\" src=\"https:\/\/hlwhollabrunn.ac.at\/web2\/wp-content\/uploads\/2022\/02\/zeisel_stefanie_430.jpg\" alt=\"Stefanie Zeisel\"\/><\/div><\/div><div class=\"uagb-tm__text-wrap\"><div class=\"uagb-testinomial-text-wrap\"><div class=\"uagb-tm__desc\">Der COOL-Unterricht ist eine gute M\u00f6glichkeit die Selbstst\u00e4ndigkeit zu verbessern.<\/div><\/div><div class=\"uagb-tm__meta\"><div class=\"uagb-tm__meta-inner\"><div class=\"uagb-testimonial-details\"><span class=\"uagb-tm__author-name\">Stefanie<\/span><span class=\"uagb-tm__company\">5DHLW<\/span><\/div><\/div><\/div><\/div><\/div><\/div><\/div><\/div>\n","protected":false},"excerpt":{"rendered":"<p>Du bist neugierig, gespannt auf neue Lernformen und arbeitest gerne mit anderen zusammen? Dann ist der COOL-Unterricht (COOPERATIVE OPEN LEARNING) genau das Richtige f\u00fcr dich! &#8230; <\/p>\n<p class=\"read-more-container\"><a title=\"COOL\" class=\"read-more button\" href=\"https:\/\/hlwhollabrunn.ac.at\/web2\/hlw\/cool\/#more-2763\" aria-label=\"Mehr Informationen \u00fcber COOL\">Weiterlesen &#8230;<\/a><\/p>\n","protected":false},"author":1,"featured_media":0,"parent":546,"menu_order":4,"comment_status":"closed","ping_status":"closed","template":"","meta":{"_uag_custom_page_level_css":"","footnotes":""},"wf_page_folders":[112],"class_list":{"0":"post-2763","1":"page","2":"type-page","3":"status-publish","5":"no-featured-image-padding"},"uagb_featured_image_src":{"full":false,"thumbnail":false,"medium":false,"medium_large":false,"large":false,"1536x1536":false,"2048x2048":false,"sow-carousel-default":false},"uagb_author_info":{"display_name":"Leo Ertl - HLW Hollabrunn","author_link":"https:\/\/hlwhollabrunn.ac.at\/web2\/author\/leoertl_cupar_17\/"},"uagb_comment_info":0,"uagb_excerpt":"Du bist neugierig, gespannt auf neue Lernformen und arbeitest gerne mit anderen zusammen? Dann ist der COOL-Unterricht (COOPERATIVE OPEN LEARNING) genau das Richtige f\u00fcr dich! ... Weiterlesen ...","_links":{"self":[{"href":"https:\/\/hlwhollabrunn.ac.at\/web2\/wp-json\/wp\/v2\/pages\/2763","targetHints":{"allow":["GET"]}}],"collection":[{"href":"https:\/\/hlwhollabrunn.ac.at\/web2\/wp-json\/wp\/v2\/pages"}],"about":[{"href":"https:\/\/hlwhollabrunn.ac.at\/web2\/wp-json\/wp\/v2\/types\/page"}],"author":[{"embeddable":true,"href":"https:\/\/hlwhollabrunn.ac.at\/web2\/wp-json\/wp\/v2\/users\/1"}],"replies":[{"embeddable":true,"href":"https:\/\/hlwhollabrunn.ac.at\/web2\/wp-json\/wp\/v2\/comments?post=2763"}],"version-history":[{"count":12,"href":"https:\/\/hlwhollabrunn.ac.at\/web2\/wp-json\/wp\/v2\/pages\/2763\/revisions"}],"predecessor-version":[{"id":17127,"href":"https:\/\/hlwhollabrunn.ac.at\/web2\/wp-json\/wp\/v2\/pages\/2763\/revisions\/17127"}],"up":[{"embeddable":true,"href":"https:\/\/hlwhollabrunn.ac.at\/web2\/wp-json\/wp\/v2\/pages\/546"}],"wp:attachment":[{"href":"https:\/\/hlwhollabrunn.ac.at\/web2\/wp-json\/wp\/v2\/media?parent=2763"}],"wp:term":[{"taxonomy":"wf_page_folders","embeddable":true,"href":"https:\/\/hlwhollabrunn.ac.at\/web2\/wp-json\/wp\/v2\/wf_page_folders?post=2763"}],"curies":[{"name":"wp","href":"https:\/\/api.w.org\/{rel}","templated":true}]}}