{"id":2761,"date":"2020-10-16T16:44:04","date_gmt":"2020-10-16T14:44:04","guid":{"rendered":"http:\/\/www.dubisthlwhollabrunn.at\/?page_id=217"},"modified":"2022-02-11T19:30:45","modified_gmt":"2022-02-11T18:30:45","slug":"zusatzqualifikationen","status":"publish","type":"page","link":"https:\/\/hlwhollabrunn.ac.at\/web2\/fachschule\/zusatzqualifikationen\/","title":{"rendered":"Zusatzqualifikationen"},"content":{"rendered":"\n<div class=\"wp-block-image is-style-rounded\"><figure class=\"alignright size-full is-resized\"><img loading=\"lazy\" decoding=\"async\" src=\"https:\/\/hlwhollabrunn.ac.at\/web2\/wp-content\/uploads\/2022\/02\/kinderbetreuerin_compressed.jpg\" alt=\"Kinderbetreuerin\" class=\"wp-image-16866\" width=\"222\" height=\"222\" srcset=\"https:\/\/hlwhollabrunn.ac.at\/web2\/wp-content\/uploads\/2022\/02\/kinderbetreuerin_compressed.jpg 330w, https:\/\/hlwhollabrunn.ac.at\/web2\/wp-content\/uploads\/2022\/02\/kinderbetreuerin_compressed-200x200.jpg 200w\" sizes=\"auto, (max-width: 222px) 100vw, 222px\" \/><\/figure><\/div>\n\n\n\n<p>Um deine Schulausbildung so individuell wie m\u00f6glich zu gestalten, bieten wir dir eine Auswahl an Zusatzqualifikationen. Diese sind in der regul\u00e4ren Stundentafel im Ausma\u00df von zwei Wochenstunden integriert. Ob du deine Kenntnisse im <strong>kulinarischen<\/strong> Bereich (Kaffeekenner:in und Jungpatissier:iere, Vegan-vegetarische Fachkraft), oder im <strong>sozialen<\/strong> Bereich (Kinderbetreuer:in) vertiefst, kannst du selbst entscheiden.<\/p>\n\n\n\n<div style=\"height:25px\" aria-hidden=\"true\" class=\"wp-block-spacer\"><\/div>\n\n\n\n<div class=\"wp-block-uagb-tabs uagb-block-1db14f07 uagb-tabs__wrap uagb-tabs__vstyle6-desktop uagb-tabs__vstyle6-tablet uagb-tabs__vstyle6-mobile\" data-tab-active=\"0\"><ul class=\"uagb-tabs__panel uagb-tabs__align-left\"><li class=\"uagb-tab uagb-tabs__active\"><a href=\"#uagb-tabs__tab0\" class=\"uagb-tabs-list uagb-tabs__icon-position-left\" data-tab=\"0\"><span>Kulinarisch<\/span><\/a><\/li><li class=\"uagb-tab \"><a href=\"#uagb-tabs__tab1\" class=\"uagb-tabs-list uagb-tabs__icon-position-left\" data-tab=\"1\"><span>Sozial<\/span><\/a><\/li><\/ul><div class=\"uagb-tabs__body-wrap\">\n<div class=\"wp-block-uagb-tabs-child uagb-tabs__body-container uagb-tabs__inner-tab uagb-inner-tab-0\"><div class=\"uagb-blocks__077b6fe5 uagb-tabs__body\" aria-labelledby=\"uagb-tabs__tab0\">\n<h3 class=\"coralle wp-block-heading\" id=\"jungpatissier-iere\">Jungpatissier:iere <\/h3>\n\n\n\n<h3 class=\"coralle wp-block-heading\" id=\"block-c49b7029-4fb9-4ec2-9cad-08fe9993f9d1\">Kaffeekenner:in<\/h3>\n\n\n\n<h3 class=\"coralle wp-block-heading\" id=\"vegan-vegetarische-fachkraft\">Vegan-vegetarische Fachkraft<\/h3>\n<\/div><\/div>\n\n\n\n<div class=\"wp-block-uagb-tabs-child uagb-tabs__body-container uagb-tabs__inner-tab uagb-inner-tab-1\"><div class=\"uagb-blocks__322215db uagb-tabs__body\" aria-labelledby=\"uagb-tabs__tab1\">\n<h3 class=\"coralle wp-block-heading\" id=\"kinderbetreuer-in\">Kinderbetreuer:in<\/h3>\n<\/div><\/div>\n<\/div><\/div>\n\n\n\n<div style=\"height:18px\" aria-hidden=\"true\" class=\"wp-block-spacer\"><\/div>\n\n\n\n<figure class=\"wp-block-gallery has-nested-images columns-default is-cropped wp-block-gallery-1 is-layout-flex wp-block-gallery-is-layout-flex\">\n<figure class=\"wp-block-image size-full is-style-rounded\"><img loading=\"lazy\" decoding=\"async\" width=\"330\" height=\"330\" data-id=\"16357\" src=\"https:\/\/hlwhollabrunn.ac.at\/web2\/wp-content\/uploads\/2022\/02\/zusatz1_compressed.jpg\" alt=\"Zusatzqualifikationen FW\" class=\"wp-image-16357\" srcset=\"https:\/\/hlwhollabrunn.ac.at\/web2\/wp-content\/uploads\/2022\/02\/zusatz1_compressed.jpg 330w, https:\/\/hlwhollabrunn.ac.at\/web2\/wp-content\/uploads\/2022\/02\/zusatz1_compressed-200x200.jpg 200w\" sizes=\"auto, (max-width: 330px) 100vw, 330px\" \/><\/figure>\n\n\n\n<figure class=\"wp-block-image size-large is-style-rounded\"><img loading=\"lazy\" decoding=\"async\" width=\"330\" height=\"330\" data-id=\"16356\" src=\"https:\/\/hlwhollabrunn.ac.at\/web2\/wp-content\/uploads\/2022\/02\/zusatz2_compressed.jpg\" alt=\"\" class=\"wp-image-16356\" srcset=\"https:\/\/hlwhollabrunn.ac.at\/web2\/wp-content\/uploads\/2022\/02\/zusatz2_compressed.jpg 330w, https:\/\/hlwhollabrunn.ac.at\/web2\/wp-content\/uploads\/2022\/02\/zusatz2_compressed-200x200.jpg 200w\" sizes=\"auto, (max-width: 330px) 100vw, 330px\" \/><\/figure>\n\n\n\n<figure class=\"wp-block-image size-large is-style-rounded\"><img loading=\"lazy\" decoding=\"async\" width=\"330\" height=\"330\" data-id=\"16358\" src=\"https:\/\/hlwhollabrunn.ac.at\/web2\/wp-content\/uploads\/2022\/02\/zusatz3_compressed.jpg\" alt=\"Zusatzqualifikationen FW\" class=\"wp-image-16358\" srcset=\"https:\/\/hlwhollabrunn.ac.at\/web2\/wp-content\/uploads\/2022\/02\/zusatz3_compressed.jpg 330w, https:\/\/hlwhollabrunn.ac.at\/web2\/wp-content\/uploads\/2022\/02\/zusatz3_compressed-200x200.jpg 200w\" sizes=\"auto, (max-width: 330px) 100vw, 330px\" \/><\/figure>\n<\/figure>\n","protected":false},"excerpt":{"rendered":"<p>Um deine Schulausbildung so individuell wie m\u00f6glich zu gestalten, bieten wir dir eine Auswahl an Zusatzqualifikationen. Diese sind in der regul\u00e4ren Stundentafel im Ausma\u00df von &#8230; <\/p>\n<p class=\"read-more-container\"><a title=\"Zusatzqualifikationen\" class=\"read-more button\" href=\"https:\/\/hlwhollabrunn.ac.at\/web2\/fachschule\/zusatzqualifikationen\/#more-2761\" aria-label=\"Mehr Informationen \u00fcber Zusatzqualifikationen\">Weiterlesen &#8230;<\/a><\/p>\n","protected":false},"author":1,"featured_media":0,"parent":545,"menu_order":3,"comment_status":"closed","ping_status":"closed","template":"","meta":{"_uag_custom_page_level_css":"","footnotes":""},"wf_page_folders":[113],"class_list":{"0":"post-2761","1":"page","2":"type-page","3":"status-publish","5":"no-featured-image-padding"},"uagb_featured_image_src":{"full":false,"thumbnail":false,"medium":false,"medium_large":false,"large":false,"1536x1536":false,"2048x2048":false,"sow-carousel-default":false},"uagb_author_info":{"display_name":"Leo Ertl - HLW Hollabrunn","author_link":"https:\/\/hlwhollabrunn.ac.at\/web2\/author\/leoertl_cupar_17\/"},"uagb_comment_info":0,"uagb_excerpt":"Um deine Schulausbildung so individuell wie m\u00f6glich zu gestalten, bieten wir dir eine Auswahl an Zusatzqualifikationen. Diese sind in der regul\u00e4ren Stundentafel im Ausma\u00df von ... Weiterlesen ...","_links":{"self":[{"href":"https:\/\/hlwhollabrunn.ac.at\/web2\/wp-json\/wp\/v2\/pages\/2761","targetHints":{"allow":["GET"]}}],"collection":[{"href":"https:\/\/hlwhollabrunn.ac.at\/web2\/wp-json\/wp\/v2\/pages"}],"about":[{"href":"https:\/\/hlwhollabrunn.ac.at\/web2\/wp-json\/wp\/v2\/types\/page"}],"author":[{"embeddable":true,"href":"https:\/\/hlwhollabrunn.ac.at\/web2\/wp-json\/wp\/v2\/users\/1"}],"replies":[{"embeddable":true,"href":"https:\/\/hlwhollabrunn.ac.at\/web2\/wp-json\/wp\/v2\/comments?post=2761"}],"version-history":[{"count":14,"href":"https:\/\/hlwhollabrunn.ac.at\/web2\/wp-json\/wp\/v2\/pages\/2761\/revisions"}],"predecessor-version":[{"id":16868,"href":"https:\/\/hlwhollabrunn.ac.at\/web2\/wp-json\/wp\/v2\/pages\/2761\/revisions\/16868"}],"up":[{"embeddable":true,"href":"https:\/\/hlwhollabrunn.ac.at\/web2\/wp-json\/wp\/v2\/pages\/545"}],"wp:attachment":[{"href":"https:\/\/hlwhollabrunn.ac.at\/web2\/wp-json\/wp\/v2\/media?parent=2761"}],"wp:term":[{"taxonomy":"wf_page_folders","embeddable":true,"href":"https:\/\/hlwhollabrunn.ac.at\/web2\/wp-json\/wp\/v2\/wf_page_folders?post=2761"}],"curies":[{"name":"wp","href":"https:\/\/api.w.org\/{rel}","templated":true}]}}