{"id":2759,"date":"2020-10-16T15:43:05","date_gmt":"2020-10-16T13:43:05","guid":{"rendered":"http:\/\/www.dubisthlwhollabrunn.at\/?page_id=194"},"modified":"2022-03-08T22:35:34","modified_gmt":"2022-03-08T21:35:34","slug":"sprachen","status":"publish","type":"page","link":"https:\/\/hlwhollabrunn.ac.at\/web2\/hlw\/sprachen\/","title":{"rendered":"Sprachen"},"content":{"rendered":"\n<h5 class=\"sketch petrol wp-block-heading\" id=\"du-bist-an-fremdsprachen-interessiert-u\"><strong>Du bist an Fremdsprachen interessiert und m\u00f6chtest eine neue Sprache erlernen?<\/strong><\/h5>\n\n\n\n<p><span class=\"hervor\">Englisch<\/span> als erste lebende Fremdsprache ist Pflicht, bei der zweiten Fremdsprache kannst du zwischen <span class=\"hervor\">Franz\u00f6sisch, Russisch und Spanisch<\/span> w\u00e4hlen. Dort erreichst du in f\u00fcnf Jahren Unterricht das Sprachniveau B1, das dir erm\u00f6glicht, dich in einer Vielzahl von Situationen sowohl schriftlich als auch m\u00fcndlich auszudr\u00fccken. Selbstverst\u00e4ndlich kannst du in all diesen Sprachen auch zur Reife- und Diplompr\u00fcfung antreten.<\/p>\n\n\n\n<figure class=\"wp-block-gallery has-nested-images columns-2 is-cropped wp-block-gallery-1 is-layout-flex wp-block-gallery-is-layout-flex\">\n<figure class=\"wp-block-image size-full\"><a href=\"https:\/\/hlwhollabrunn.ac.at\/web2\/wp-content\/uploads\/2022\/01\/a_sprachen-englisch_compressed.jpg\"><img loading=\"lazy\" decoding=\"async\" width=\"600\" height=\"400\" data-id=\"15929\" src=\"https:\/\/hlwhollabrunn.ac.at\/web2\/wp-content\/uploads\/2022\/01\/a_sprachen-englisch_compressed.jpg\" alt=\"Englisch\" class=\"wp-image-15929\" srcset=\"https:\/\/hlwhollabrunn.ac.at\/web2\/wp-content\/uploads\/2022\/01\/a_sprachen-englisch_compressed.jpg 600w, https:\/\/hlwhollabrunn.ac.at\/web2\/wp-content\/uploads\/2022\/01\/a_sprachen-englisch_compressed-200x133.jpg 200w, https:\/\/hlwhollabrunn.ac.at\/web2\/wp-content\/uploads\/2022\/01\/a_sprachen-englisch_compressed-272x182.jpg 272w\" sizes=\"auto, (max-width: 600px) 100vw, 600px\" \/><\/a><figcaption>Englisch<\/figcaption><\/figure>\n\n\n\n<figure class=\"wp-block-image size-full\"><a href=\"https:\/\/hlwhollabrunn.ac.at\/web2\/wp-content\/uploads\/2022\/01\/a_sprachen-franzoesisch_compressed.jpg\"><img loading=\"lazy\" decoding=\"async\" width=\"600\" height=\"400\" data-id=\"15931\" src=\"https:\/\/hlwhollabrunn.ac.at\/web2\/wp-content\/uploads\/2022\/01\/a_sprachen-franzoesisch_compressed.jpg\" alt=\"Franz\u00f6sisch\" class=\"wp-image-15931\" srcset=\"https:\/\/hlwhollabrunn.ac.at\/web2\/wp-content\/uploads\/2022\/01\/a_sprachen-franzoesisch_compressed.jpg 600w, https:\/\/hlwhollabrunn.ac.at\/web2\/wp-content\/uploads\/2022\/01\/a_sprachen-franzoesisch_compressed-200x133.jpg 200w, https:\/\/hlwhollabrunn.ac.at\/web2\/wp-content\/uploads\/2022\/01\/a_sprachen-franzoesisch_compressed-272x182.jpg 272w\" sizes=\"auto, (max-width: 600px) 100vw, 600px\" \/><\/a><figcaption>Franz\u00f6sisch<\/figcaption><\/figure>\n\n\n\n<figure class=\"wp-block-image size-full\"><a href=\"https:\/\/hlwhollabrunn.ac.at\/web2\/wp-content\/uploads\/2022\/01\/a_sprachen-spanisch_compressed.jpg\"><img loading=\"lazy\" decoding=\"async\" width=\"600\" height=\"400\" data-id=\"15930\" src=\"https:\/\/hlwhollabrunn.ac.at\/web2\/wp-content\/uploads\/2022\/01\/a_sprachen-spanisch_compressed.jpg\" alt=\"Spanisch\" class=\"wp-image-15930\" srcset=\"https:\/\/hlwhollabrunn.ac.at\/web2\/wp-content\/uploads\/2022\/01\/a_sprachen-spanisch_compressed.jpg 600w, https:\/\/hlwhollabrunn.ac.at\/web2\/wp-content\/uploads\/2022\/01\/a_sprachen-spanisch_compressed-200x133.jpg 200w, https:\/\/hlwhollabrunn.ac.at\/web2\/wp-content\/uploads\/2022\/01\/a_sprachen-spanisch_compressed-272x182.jpg 272w\" sizes=\"auto, (max-width: 600px) 100vw, 600px\" \/><\/a><figcaption>Spanisch<\/figcaption><\/figure>\n\n\n\n<figure class=\"wp-block-image size-medium\"><a href=\"https:\/\/hlwhollabrunn.ac.at\/web2\/wp-content\/uploads\/2022\/01\/a_sprachen-russisch_compressed.jpg\"><img loading=\"lazy\" decoding=\"async\" width=\"632\" height=\"421\" data-id=\"15932\" src=\"https:\/\/hlwhollabrunn.ac.at\/web2\/wp-content\/uploads\/2022\/01\/a_sprachen-russisch_compressed-632x421.jpg\" alt=\"Russisch\" class=\"wp-image-15932\" srcset=\"https:\/\/hlwhollabrunn.ac.at\/web2\/wp-content\/uploads\/2022\/01\/a_sprachen-russisch_compressed-632x421.jpg 632w, https:\/\/hlwhollabrunn.ac.at\/web2\/wp-content\/uploads\/2022\/01\/a_sprachen-russisch_compressed-936x624.jpg 936w, https:\/\/hlwhollabrunn.ac.at\/web2\/wp-content\/uploads\/2022\/01\/a_sprachen-russisch_compressed-200x133.jpg 200w, https:\/\/hlwhollabrunn.ac.at\/web2\/wp-content\/uploads\/2022\/01\/a_sprachen-russisch_compressed-768x512.jpg 768w, https:\/\/hlwhollabrunn.ac.at\/web2\/wp-content\/uploads\/2022\/01\/a_sprachen-russisch_compressed-272x182.jpg 272w, https:\/\/hlwhollabrunn.ac.at\/web2\/wp-content\/uploads\/2022\/01\/a_sprachen-russisch_compressed.jpg 1536w\" sizes=\"auto, (max-width: 632px) 100vw, 632px\" \/><\/a><figcaption>Russisch<\/figcaption><\/figure>\n<\/figure>\n\n\n\n<div style=\"height:14px\" aria-hidden=\"true\" class=\"wp-block-spacer\"><\/div>\n\n\n\n<div class=\"wp-block-uagb-info-box rahmen_petrol uagb-infobox__outer-wrap uagb-block-0d4428ab\"><div class=\"uagb-infobox__content-wrap uagb-infobox uagb-infobox-has-icon uagb-infobox-icon-left-title uagb-infobox-left uagb-infobox-image-valign-top uagb-infobox-enable-border-radius \"><div class=\"uagb-ifb-left-right-wrap\"><div class=\"uagb-ifb-content\"><div class=\"uagb-ifb-left-title-image\"><div class=\"uagb-ifb-image-icon-content uagb-ifb-imgicon-wrap\"><div class=\"uagb-ifb-icon-wrap\"><span class=\"uagb-ifb-icon\"><svg xmlns=\"http:\/\/www.w3.org\/2000\/svg\" viewbox=\"0 0 384 512\"><path d=\"M97.12 362.63c-8.69-8.69-4.16-6.24-25.12-11.85-9.51-2.55-17.87-7.45-25.43-13.32L1.2 448.7c-4.39 10.77 3.81 22.47 15.43 22.03l52.69-2.01L105.56 507c8 8.44 22.04 5.81 26.43-4.96l52.05-127.62c-10.84 6.04-22.87 9.58-35.31 9.58-19.5 0-37.82-7.59-51.61-21.37zM382.8 448.7l-45.37-111.24c-7.56 5.88-15.92 10.77-25.43 13.32-21.07 5.64-16.45 3.18-25.12 11.85-13.79 13.78-32.12 21.37-51.62 21.37-12.44 0-24.47-3.55-35.31-9.58L252 502.04c4.39 10.77 18.44 13.4 26.43 4.96l36.25-38.28 52.69 2.01c11.62.44 19.82-11.27 15.43-22.03zM263 340c15.28-15.55 17.03-14.21 38.79-20.14 13.89-3.79 24.75-14.84 28.47-28.98 7.48-28.4 5.54-24.97 25.95-45.75 10.17-10.35 14.14-25.44 10.42-39.58-7.47-28.38-7.48-24.42 0-52.83 3.72-14.14-.25-29.23-10.42-39.58-20.41-20.78-18.47-17.36-25.95-45.75-3.72-14.14-14.58-25.19-28.47-28.98-27.88-7.61-24.52-5.62-44.95-26.41-10.17-10.35-25-14.4-38.89-10.61-27.87 7.6-23.98 7.61-51.9 0-13.89-3.79-28.72.25-38.89 10.61-20.41 20.78-17.05 18.8-44.94 26.41-13.89 3.79-24.75 14.84-28.47 28.98-7.47 28.39-5.54 24.97-25.95 45.75-10.17 10.35-14.15 25.44-10.42 39.58 7.47 28.36 7.48 24.4 0 52.82-3.72 14.14.25 29.23 10.42 39.59 20.41 20.78 18.47 17.35 25.95 45.75 3.72 14.14 14.58 25.19 28.47 28.98C104.6 325.96 106.27 325 121 340c13.23 13.47 33.84 15.88 49.74 5.82a39.676 39.676 0 0 1 42.53 0c15.89 10.06 36.5 7.65 49.73-5.82zM97.66 175.96c0-53.03 42.24-96.02 94.34-96.02s94.34 42.99 94.34 96.02-42.24 96.02-94.34 96.02-94.34-42.99-94.34-96.02z\"><\/path><\/svg><\/span><\/div><\/div><div class=\"uagb-ifb-title-wrap\"><span class=\"uagb-ifb-title-prefix\"><strong>Zusatzqualifikation<\/strong><\/span><h3 class=\"uagb-ifb-title\"><strong><mark style=\"background-color:rgba(0, 0, 0, 0)\" class=\"has-inline-color has-black-color\">Business English Certificate<\/mark><\/strong><\/h3><\/div><\/div><div class=\"uagb-ifb-separator-parent\"><div class=\"uagb-ifb-separator\"><\/div><\/div><div class=\"uagb-ifb-text-wrap\"><p class=\"uagb-ifb-desc\"><mark style=\"background-color:rgba(0, 0, 0, 0)\" class=\"has-inline-color has-black-color\">Du m\u00f6chtest deine Kompetenzen im Business English verbessern?<\/mark><br><mark style=\"background-color:rgba(0, 0, 0, 0)\" class=\"has-inline-color has-black-color\"><br>\u2022 This voluntary additional course in business English is aimed at our students who are particularly talented in the English language.<br>\u2022 We especially offer preparation classes for the Cambridge Business English Certificate (BEC Vantage) in the 5th form.<\/mark><br><a href=\"https:\/\/hlwhollabrunn.ac.at\/web2\/hlw\/zusatzqualifikationen\/business-english\/\">Mehr &#8230;<\/a><\/p><\/div><\/div><\/div><\/div><\/div>\n\n\n\n<hr class=\"wp-block-separator has-text-color has-background has-petrol-background-color has-petrol-color is-style-dots\"\/>\n\n\n\n<div class=\"wp-block-uagb-testimonial uagb-testomonial__outer-wrap uagb-slick-carousel uagb-tm__arrow-outside uagb-block-add47e9c\"><div class=\"is-carousel uagb-tm__columns-1 uagb-tm__items\"><div class=\"uagb-testimonial__wrap  uagb-tm__imgicon-style-circle uagb-tm__image-position-left uagb-tm__image-aligned-top uagb-tm-stacked-tablet uagb-tm__bg-type-undefined \"><div class=\"uagb-tm__content\"><div class=\"uagb-tm__overlay\"><\/div><div class=\"uagb-tm__image-content\"><div class=\"uagb-tm__image\"><img decoding=\"async\" class=\"uagb-tm-img-src\" src=\"https:\/\/hlwhollabrunn.ac.at\/web2\/wp-content\/uploads\/2022\/01\/Felix_Katharina_430_compressed.jpg\" alt=\"Katharina Felix\"\/><\/div><\/div><div class=\"uagb-tm__text-wrap\"><div class=\"uagb-testinomial-text-wrap\"><div class=\"uagb-tm__desc\">Ich habe mich f\u00fcr die HLW Hollabrunn entschieden, weil mich das Angebot an Sprachen (Englisch, Franz\u00f6sisch) sehr angesprochen hat.<\/div><\/div><div class=\"uagb-tm__meta\"><div class=\"uagb-tm__meta-inner\"><div class=\"uagb-testimonial-details\"><span class=\"uagb-tm__author-name\">Katharina<\/span><span class=\"uagb-tm__company\">3DHLW<\/span><\/div><\/div><\/div><\/div><\/div><\/div><div class=\"uagb-testimonial__wrap  uagb-tm__imgicon-style-circle uagb-tm__image-position-left uagb-tm__image-aligned-top uagb-tm-stacked-tablet uagb-tm__bg-type-undefined \"><div class=\"uagb-tm__content\"><div class=\"uagb-tm__overlay\"><\/div><div class=\"uagb-tm__image-content\"><div class=\"uagb-tm__image\"><img decoding=\"async\" class=\"uagb-tm-img-src\" src=\"https:\/\/hlwhollabrunn.ac.at\/web2\/wp-content\/uploads\/2022\/01\/Geiter_Anja_430_compressed.jpg\" alt=\"Anja Geiter\"\/><\/div><\/div><div class=\"uagb-tm__text-wrap\"><div class=\"uagb-testinomial-text-wrap\"><div class=\"uagb-tm__desc\">Ich finde es toll, dass an der HLW auch Russisch als 2. lebende Fremdsprache angeboten wird.<\/div><\/div><div class=\"uagb-tm__meta\"><div class=\"uagb-tm__meta-inner\"><div class=\"uagb-testimonial-details\"><span class=\"uagb-tm__author-name\">Anja<\/span><span class=\"uagb-tm__company\">2BHLW<\/span><\/div><\/div><\/div><\/div><\/div><\/div><div class=\"uagb-testimonial__wrap  uagb-tm__imgicon-style-circle uagb-tm__image-position-left uagb-tm__image-aligned-top uagb-tm-stacked-tablet uagb-tm__bg-type-undefined \"><div class=\"uagb-tm__content\"><div class=\"uagb-tm__overlay\"><\/div><div class=\"uagb-tm__image-content\"><div class=\"uagb-tm__image\"><img decoding=\"async\" class=\"uagb-tm-img-src\" src=\"https:\/\/hlwhollabrunn.ac.at\/web2\/wp-content\/uploads\/2022\/01\/Greil_Theresa_430_compressed.jpg\" alt=\"Theresa Greil\"\/><\/div><\/div><div class=\"uagb-tm__text-wrap\"><div class=\"uagb-testinomial-text-wrap\"><div class=\"uagb-tm__desc\">Es gef\u00e4llt mir sehr, dass die HLW lebende Fremdsprachen und keine ausgestorbenen Sprachen wie beispielsweise Latein anbietet.\u00a0<\/div><\/div><div class=\"uagb-tm__meta\"><div class=\"uagb-tm__meta-inner\"><div class=\"uagb-testimonial-details\"><span class=\"uagb-tm__author-name\">Theresa<\/span><span class=\"uagb-tm__company\">5BHLW<\/span><\/div><\/div><\/div><\/div><\/div><\/div><\/div><\/div>\n","protected":false},"excerpt":{"rendered":"<p>Du bist an Fremdsprachen interessiert und m\u00f6chtest eine neue Sprache erlernen? Englisch als erste lebende Fremdsprache ist Pflicht, bei der zweiten Fremdsprache kannst du zwischen &#8230; <\/p>\n<p class=\"read-more-container\"><a title=\"Sprachen\" class=\"read-more button\" href=\"https:\/\/hlwhollabrunn.ac.at\/web2\/hlw\/sprachen\/#more-2759\" aria-label=\"Mehr Informationen \u00fcber Sprachen\">Weiterlesen &#8230;<\/a><\/p>\n","protected":false},"author":1,"featured_media":0,"parent":546,"menu_order":1,"comment_status":"closed","ping_status":"closed","template":"","meta":{"_uag_custom_page_level_css":"","footnotes":""},"wf_page_folders":[112],"class_list":{"0":"post-2759","1":"page","2":"type-page","3":"status-publish","5":"no-featured-image-padding"},"uagb_featured_image_src":{"full":false,"thumbnail":false,"medium":false,"medium_large":false,"large":false,"1536x1536":false,"2048x2048":false,"sow-carousel-default":false},"uagb_author_info":{"display_name":"Leo Ertl - HLW Hollabrunn","author_link":"https:\/\/hlwhollabrunn.ac.at\/web2\/author\/leoertl_cupar_17\/"},"uagb_comment_info":0,"uagb_excerpt":"Du bist an Fremdsprachen interessiert und m\u00f6chtest eine neue Sprache erlernen? Englisch als erste lebende Fremdsprache ist Pflicht, bei der zweiten Fremdsprache kannst du zwischen ... Weiterlesen ...","_links":{"self":[{"href":"https:\/\/hlwhollabrunn.ac.at\/web2\/wp-json\/wp\/v2\/pages\/2759","targetHints":{"allow":["GET"]}}],"collection":[{"href":"https:\/\/hlwhollabrunn.ac.at\/web2\/wp-json\/wp\/v2\/pages"}],"about":[{"href":"https:\/\/hlwhollabrunn.ac.at\/web2\/wp-json\/wp\/v2\/types\/page"}],"author":[{"embeddable":true,"href":"https:\/\/hlwhollabrunn.ac.at\/web2\/wp-json\/wp\/v2\/users\/1"}],"replies":[{"embeddable":true,"href":"https:\/\/hlwhollabrunn.ac.at\/web2\/wp-json\/wp\/v2\/comments?post=2759"}],"version-history":[{"count":51,"href":"https:\/\/hlwhollabrunn.ac.at\/web2\/wp-json\/wp\/v2\/pages\/2759\/revisions"}],"predecessor-version":[{"id":17218,"href":"https:\/\/hlwhollabrunn.ac.at\/web2\/wp-json\/wp\/v2\/pages\/2759\/revisions\/17218"}],"up":[{"embeddable":true,"href":"https:\/\/hlwhollabrunn.ac.at\/web2\/wp-json\/wp\/v2\/pages\/546"}],"wp:attachment":[{"href":"https:\/\/hlwhollabrunn.ac.at\/web2\/wp-json\/wp\/v2\/media?parent=2759"}],"wp:term":[{"taxonomy":"wf_page_folders","embeddable":true,"href":"https:\/\/hlwhollabrunn.ac.at\/web2\/wp-json\/wp\/v2\/wf_page_folders?post=2759"}],"curies":[{"name":"wp","href":"https:\/\/api.w.org\/{rel}","templated":true}]}}