{"id":2756,"date":"2020-10-09T15:57:19","date_gmt":"2020-10-09T13:57:19","guid":{"rendered":"http:\/\/www.dubisthlwhollabrunn.at\/?page_id=100"},"modified":"2022-03-08T23:10:54","modified_gmt":"2022-03-08T22:10:54","slug":"digitale-kompetenz","status":"publish","type":"page","link":"https:\/\/hlwhollabrunn.ac.at\/web2\/fachschule\/vertiefungen\/digitale-kompetenz\/","title":{"rendered":"Digitale Kompetenz"},"content":{"rendered":"\n<p>Der Umgang mit digitalen Medien und Programmen ist aus dem Berufsalltag nicht mehr wegzudenken und digitale Kompetenzen werden vorausgesetzt. Im geblockten Unterricht erh\u00e4ltst du das Know-How f\u00fcr die Bereiche:<\/p>\n\n\n\n<div class=\"wp-block-image is-style-rounded\"><figure class=\"alignright size-full\"><img loading=\"lazy\" decoding=\"async\" width=\"396\" height=\"396\" src=\"https:\/\/hlwhollabrunn.ac.at\/web2\/wp-content\/uploads\/2022\/02\/digk_compressed.jpg\" alt=\"\" class=\"wp-image-16331\" srcset=\"https:\/\/hlwhollabrunn.ac.at\/web2\/wp-content\/uploads\/2022\/02\/digk_compressed.jpg 396w, https:\/\/hlwhollabrunn.ac.at\/web2\/wp-content\/uploads\/2022\/02\/digk_compressed-200x200.jpg 200w\" sizes=\"auto, (max-width: 396px) 100vw, 396px\" \/><figcaption>Digitale Kompetenz<\/figcaption><\/figure><\/div>\n\n\n\n<ul class=\"wp-block-list\"><li>Daily Business (Kommunikation im B\u00fcroalltag): Gesch\u00e4ftsbriefe und Telefonate, E-Banking, Protokolle schreiben, richtiger Mailverkehr, Dateimanagement, IT-Grundlagen (ein wichtiger Meilenstein Richtung DCP-Zertifikat), Postkorb\u00fcbungen, Umgang mit Social Media <\/li><\/ul>\n\n\n\n<ul class=\"wp-block-list\"><li>Mediendesign (Layout): Fotografie, Layout, Gestaltung (Photoshop, etc.), Power Point, CMS<\/li><\/ul>\n\n\n\n<ul class=\"wp-block-list\"><li>Organisation: Projektmanagement, Zeitmanagement, Konfliktmanagement (Mediation), Service Design, etc. Zum Abschluss hast du die M\u00f6glichkeit, deinen Lebenslauf stark \u201eaufzupeppen\u201c, indem du z.B. das DCP Zertifikat (Digital Competence Pass) absolvierst. <\/li><\/ul>\n\n\n\n<p>BONUS: Exkursionen, Projekte und Workshops mit externen Spezialisten!<\/p>\n\n\n\n<div class=\"wp-block-uagb-testimonial uagb-slick-carousel uagb-tm__arrow-outside uagb-block-09ad30dd\"><div class=\"is-carousel uagb-tm__columns-1 uagb-tm__items\"><div class=\"uagb-testimonial__wrap  uagb-tm__imgicon-style-circle uagb-tm__image-position-left uagb-tm__image-aligned-top uagb-tm-stacked-tablet uagb-tm__bg-type-undefined \"><div class=\"uagb-tm__content\"><div class=\"uagb-tm__overlay\"><\/div><div class=\"uagb-tm__text-wrap\"><div class=\"uagb-tm__desc\">Mich hat die Vertiefung \u201eDigitale Kompetenz\u201c sofort angesprochen, da man sich in diesem Bereich gut weiterbilden kann.<\/div><div class=\"uagb-tm__meta-inner\"><div class=\"uagb-testimonial-details\"><span class=\"uagb-tm__author-name\">Lea<\/span><span class=\"uagb-tm__company\">2AFW<\/span><\/div><\/div><\/div><\/div><\/div><div class=\"uagb-testimonial__wrap  uagb-tm__imgicon-style-circle uagb-tm__image-position-left uagb-tm__image-aligned-top uagb-tm-stacked-tablet uagb-tm__bg-type-undefined \"><div class=\"uagb-tm__content\"><div class=\"uagb-tm__overlay\"><\/div><div class=\"uagb-tm__text-wrap\"><div class=\"uagb-tm__desc\">Ich habe mich f\u00fcr diese Vertiefung entschieden, da mich diese Sparte interessiert. Besonders gef\u00e4llt mir die Vielf\u00e4ltigkeit, sodass f\u00fcr jeden etwas dabei ist.<\/div><div class=\"uagb-tm__meta-inner\"><div class=\"uagb-testimonial-details\"><span class=\"uagb-tm__author-name\">Azran<\/span><span class=\"uagb-tm__company\">2AFW<\/span><\/div><\/div><\/div><\/div><\/div><\/div><\/div>\n\n\n\n<p><a href=\"https:\/\/hlwhollabrunn.ac.at\/web2\/fachschule\/vertiefungen\/gesundheit-soziales\/\">Vertiefung Gesundheit &amp; Soziales<\/a><\/p>\n","protected":false},"excerpt":{"rendered":"<p>Der Umgang mit digitalen Medien und Programmen ist aus dem Berufsalltag nicht mehr wegzudenken und digitale Kompetenzen werden vorausgesetzt. Im geblockten Unterricht erh\u00e4ltst du das &#8230; <\/p>\n<p class=\"read-more-container\"><a title=\"Digitale Kompetenz\" class=\"read-more button\" href=\"https:\/\/hlwhollabrunn.ac.at\/web2\/fachschule\/vertiefungen\/digitale-kompetenz\/#more-2756\" aria-label=\"Mehr Informationen \u00fcber Digitale Kompetenz\">Weiterlesen &#8230;<\/a><\/p>\n","protected":false},"author":1,"featured_media":0,"parent":2760,"menu_order":1,"comment_status":"closed","ping_status":"closed","template":"","meta":{"_uag_custom_page_level_css":"","footnotes":""},"wf_page_folders":[113],"class_list":{"0":"post-2756","1":"page","2":"type-page","3":"status-publish","5":"no-featured-image-padding"},"uagb_featured_image_src":{"full":false,"thumbnail":false,"medium":false,"medium_large":false,"large":false,"1536x1536":false,"2048x2048":false,"sow-carousel-default":false},"uagb_author_info":{"display_name":"Leo Ertl - HLW Hollabrunn","author_link":"https:\/\/hlwhollabrunn.ac.at\/web2\/author\/leoertl_cupar_17\/"},"uagb_comment_info":0,"uagb_excerpt":"Der Umgang mit digitalen Medien und Programmen ist aus dem Berufsalltag nicht mehr wegzudenken und digitale Kompetenzen werden vorausgesetzt. Im geblockten Unterricht erh\u00e4ltst du das ... Weiterlesen ...","_links":{"self":[{"href":"https:\/\/hlwhollabrunn.ac.at\/web2\/wp-json\/wp\/v2\/pages\/2756","targetHints":{"allow":["GET"]}}],"collection":[{"href":"https:\/\/hlwhollabrunn.ac.at\/web2\/wp-json\/wp\/v2\/pages"}],"about":[{"href":"https:\/\/hlwhollabrunn.ac.at\/web2\/wp-json\/wp\/v2\/types\/page"}],"author":[{"embeddable":true,"href":"https:\/\/hlwhollabrunn.ac.at\/web2\/wp-json\/wp\/v2\/users\/1"}],"replies":[{"embeddable":true,"href":"https:\/\/hlwhollabrunn.ac.at\/web2\/wp-json\/wp\/v2\/comments?post=2756"}],"version-history":[{"count":4,"href":"https:\/\/hlwhollabrunn.ac.at\/web2\/wp-json\/wp\/v2\/pages\/2756\/revisions"}],"predecessor-version":[{"id":17019,"href":"https:\/\/hlwhollabrunn.ac.at\/web2\/wp-json\/wp\/v2\/pages\/2756\/revisions\/17019"}],"up":[{"embeddable":true,"href":"https:\/\/hlwhollabrunn.ac.at\/web2\/wp-json\/wp\/v2\/pages\/2760"}],"wp:attachment":[{"href":"https:\/\/hlwhollabrunn.ac.at\/web2\/wp-json\/wp\/v2\/media?parent=2756"}],"wp:term":[{"taxonomy":"wf_page_folders","embeddable":true,"href":"https:\/\/hlwhollabrunn.ac.at\/web2\/wp-json\/wp\/v2\/wf_page_folders?post=2756"}],"curies":[{"name":"wp","href":"https:\/\/api.w.org\/{rel}","templated":true}]}}