{"id":2755,"date":"2020-10-09T15:33:55","date_gmt":"2020-10-09T13:33:55","guid":{"rendered":"http:\/\/www.dubisthlwhollabrunn.at\/?page_id=98"},"modified":"2022-02-13T23:19:39","modified_gmt":"2022-02-13T22:19:39","slug":"kinderbetreuer-in","status":"publish","type":"page","link":"https:\/\/hlwhollabrunn.ac.at\/web2\/fachschule\/zusatzqualifikationen\/kinderbetreuer-in\/","title":{"rendered":"Kinderbetreuer:in"},"content":{"rendered":"\n<div class=\"wp-block-image is-style-rounded\"><figure class=\"alignright size-full\"><img loading=\"lazy\" decoding=\"async\" width=\"330\" height=\"330\" src=\"https:\/\/hlwhollabrunn.ac.at\/web2\/wp-content\/uploads\/2022\/02\/kinderbetreuer1_compressed.jpg\" alt=\"Kinderbetreuer:in\" class=\"wp-image-16378\" srcset=\"https:\/\/hlwhollabrunn.ac.at\/web2\/wp-content\/uploads\/2022\/02\/kinderbetreuer1_compressed.jpg 330w, https:\/\/hlwhollabrunn.ac.at\/web2\/wp-content\/uploads\/2022\/02\/kinderbetreuer1_compressed-200x200.jpg 200w\" sizes=\"auto, (max-width: 330px) 100vw, 330px\" \/><\/figure><\/div>\n\n\n\n<h5 class=\"sketch coralle wp-block-heading\" id=\"du-hast-kinder-gerne-und-willst-mit-kindern-arbeiten\">Du hast Kinder gerne und willst mit Kindern arbeiten?<\/h5>\n\n\n\n<p>In der 3.\u202fKlasse der Fachschule haben die Sch\u00fclerinnen und Sch\u00fcler die M\u00f6glichkeit, die Zusatzausbildung zur Kinderbetreuerin bzw. zum Kinderbetreue<strong><mark style=\"background-color:rgba(0, 0, 0, 0);color:#ea5354\" class=\"has-inline-color\">r<\/mark> <\/strong>zu absolvieren. Die abschlie\u00dfende kommissionelle Pr\u00fcfung berechtigt zur Aus\u00fcbung des Berufs der Kinderbetreuerin bzw. Kinderbetreuer an&nbsp;N\u00d6\u202fLandeskinderg\u00e4rten und vielen privaten Institutionen.&nbsp;<\/p>\n\n\n\n<p>Theoretische Inhalte wie das N\u00d6\u202fKindergartengesetz, Aufgaben und Pflichten einer Kinderbetreuerin\/eines Kinderbetreuers, der Bildungsplan f\u00fcr N\u00d6\u202fLandeskinderg\u00e4rten, Entwicklungspsychologie, Kommunikation, Konfliktmanagement, Arbeiten im Team, der Tagesablauf, Sozialformen, Erzieherverhalten werden durch Praxistage, die in einem N\u00d6\u202fLandeskindergarten absolviert werden m\u00fcssen, erg\u00e4nzt. Die Sch\u00fclerinnen und Sch\u00fcler haben dadurch die M\u00f6glichkeit, das theoretische Wissen umgehend in der Praxis zu erproben.&nbsp;<\/p>\n\n\n\n<div class=\"wp-block-image is-style-rounded\"><figure class=\"alignright size-full\"><img loading=\"lazy\" decoding=\"async\" width=\"330\" height=\"330\" src=\"https:\/\/hlwhollabrunn.ac.at\/web2\/wp-content\/uploads\/2022\/02\/kinderbetreuer2_compressed.jpg\" alt=\"Kinderbetreuer:in\" class=\"wp-image-16380\" srcset=\"https:\/\/hlwhollabrunn.ac.at\/web2\/wp-content\/uploads\/2022\/02\/kinderbetreuer2_compressed.jpg 330w, https:\/\/hlwhollabrunn.ac.at\/web2\/wp-content\/uploads\/2022\/02\/kinderbetreuer2_compressed-200x200.jpg 200w\" sizes=\"auto, (max-width: 330px) 100vw, 330px\" \/><\/figure><\/div>\n\n\n\n<p>Viele der genannten Inhalte sind Bestandteil des Regellehrplanes der Fachschule. Die spezifisch didaktischen und p\u00e4dagogischen Themenbereiche werden in 10\u202fNachmittagen zu je 3\u202fStunden im N\u00d6\u202fLandeskindergarten Robert-L\u00f6ffler-Stra\u00dfe, Hollabrunn, gemeinsam mit der Kindergartenleiterin Judith Paul gestaltet. Die im Lehrplan des Landes Nieder\u00f6sterreich vorgeschriebenen 8\u202fPraxistage m\u00fcssen in einem N\u00d6\u202fLandeskindergarten in der Woche vor den Semesterferien und in den 3\u202fTagen nach den Osterferien absolviert werden. Die kommissionelle Pr\u00fcfung findet zwischen der praktischen und m\u00fcndlichen Abschlusspr\u00fcfung statt.\u00a0<\/p>\n\n\n\n<p><a href=\"https:\/\/hlwhollabrunn.ac.at\/web2\/fachschule\/zusatzqualifikationen\/jungpatissieriere\/\">Jungpatissier:i\u00e9re<\/a> | <a href=\"https:\/\/hlwhollabrunn.ac.at\/web2\/fachschule\/zusatzqualifikationen\/kaffeekenner-in-und-jungpatissier-iere\/\">Kaffeekenner:in<\/a> | <a href=\"https:\/\/hlwhollabrunn.ac.at\/web2\/fachschule\/zusatzqualifikationen\/vegan-vegetarische-fachkragz\/\">Vegan-vegetarische Fachkraft<\/a><\/p>\n","protected":false},"excerpt":{"rendered":"<p>Du hast Kinder gerne und willst mit Kindern arbeiten? In der 3.\u202fKlasse der Fachschule haben die Sch\u00fclerinnen und Sch\u00fcler die M\u00f6glichkeit, die Zusatzausbildung zur Kinderbetreuerin &#8230; <\/p>\n<p class=\"read-more-container\"><a title=\"Kinderbetreuer:in\" class=\"read-more button\" href=\"https:\/\/hlwhollabrunn.ac.at\/web2\/fachschule\/zusatzqualifikationen\/kinderbetreuer-in\/#more-2755\" aria-label=\"Mehr Informationen \u00fcber Kinderbetreuer:in\">Weiterlesen &#8230;<\/a><\/p>\n","protected":false},"author":1,"featured_media":0,"parent":2761,"menu_order":2,"comment_status":"closed","ping_status":"closed","template":"","meta":{"_uag_custom_page_level_css":"","footnotes":""},"wf_page_folders":[113],"class_list":{"0":"post-2755","1":"page","2":"type-page","3":"status-publish","5":"no-featured-image-padding"},"uagb_featured_image_src":{"full":false,"thumbnail":false,"medium":false,"medium_large":false,"large":false,"1536x1536":false,"2048x2048":false,"sow-carousel-default":false},"uagb_author_info":{"display_name":"Leo Ertl - HLW Hollabrunn","author_link":"https:\/\/hlwhollabrunn.ac.at\/web2\/author\/leoertl_cupar_17\/"},"uagb_comment_info":0,"uagb_excerpt":"Du hast Kinder gerne und willst mit Kindern arbeiten? In der 3.\u202fKlasse der Fachschule haben die Sch\u00fclerinnen und Sch\u00fcler die M\u00f6glichkeit, die Zusatzausbildung zur Kinderbetreuerin ... Weiterlesen ...","_links":{"self":[{"href":"https:\/\/hlwhollabrunn.ac.at\/web2\/wp-json\/wp\/v2\/pages\/2755","targetHints":{"allow":["GET"]}}],"collection":[{"href":"https:\/\/hlwhollabrunn.ac.at\/web2\/wp-json\/wp\/v2\/pages"}],"about":[{"href":"https:\/\/hlwhollabrunn.ac.at\/web2\/wp-json\/wp\/v2\/types\/page"}],"author":[{"embeddable":true,"href":"https:\/\/hlwhollabrunn.ac.at\/web2\/wp-json\/wp\/v2\/users\/1"}],"replies":[{"embeddable":true,"href":"https:\/\/hlwhollabrunn.ac.at\/web2\/wp-json\/wp\/v2\/comments?post=2755"}],"version-history":[{"count":10,"href":"https:\/\/hlwhollabrunn.ac.at\/web2\/wp-json\/wp\/v2\/pages\/2755\/revisions"}],"predecessor-version":[{"id":17026,"href":"https:\/\/hlwhollabrunn.ac.at\/web2\/wp-json\/wp\/v2\/pages\/2755\/revisions\/17026"}],"up":[{"embeddable":true,"href":"https:\/\/hlwhollabrunn.ac.at\/web2\/wp-json\/wp\/v2\/pages\/2761"}],"wp:attachment":[{"href":"https:\/\/hlwhollabrunn.ac.at\/web2\/wp-json\/wp\/v2\/media?parent=2755"}],"wp:term":[{"taxonomy":"wf_page_folders","embeddable":true,"href":"https:\/\/hlwhollabrunn.ac.at\/web2\/wp-json\/wp\/v2\/wf_page_folders?post=2755"}],"curies":[{"name":"wp","href":"https:\/\/api.w.org\/{rel}","templated":true}]}}