{"id":2754,"date":"2020-10-09T15:28:40","date_gmt":"2020-10-09T13:28:40","guid":{"rendered":"http:\/\/www.dubisthlwhollabrunn.at\/?page_id=90"},"modified":"2022-03-08T22:27:59","modified_gmt":"2022-03-08T21:27:59","slug":"business-english","status":"publish","type":"page","link":"https:\/\/hlwhollabrunn.ac.at\/web2\/hlw\/zusatzqualifikationen\/business-english\/","title":{"rendered":"Business Englisch"},"content":{"rendered":"\n<h5 class=\"sketch petrol wp-block-heading\" id=\"hast-du-dich-schon-immer-fur-englisch-interessiert-mochtest-du-deine-kompetenzen-im-business-english-verbessern-hast-du-spass-an-der-kommunikation-in-der-englischen-sprache\">Hast du dich schon immer f\u00fcr Englisch interessiert?<br>M\u00f6chtest du deine Kompetenzen im Business English verbessern?<br>Hast du Spa\u00df an der Kommunikation in der englischen Sprache?<\/h5>\n\n\n\n<p>Then let\u2019s switch to English immediately!<\/p>\n\n\n\n<p>Here are some facts about the English BEC Vantage course:<\/p>\n\n\n\n<ul class=\"wp-block-list\"><li>This voluntary additional course in business English is aimed at our students who are particularly talented in the English language. You will acquire many special skills which are necessary for being successful in international business life.<\/li><li>We especially offer preparation classes for the Cambridge Business English Certificate (BEC Vantage), which is an international exam and will upgrade your CV when you apply for a job after school.<\/li><li>You can attend this class in the 5<sup>th<\/sup> year and it will take place every week on Wednesday afternoon. It will last 2 periods throughout the school-year.<\/li><li>The Cambridge exam BEC Vantage can then be taken at the Cambridge Institute at the beginning of June.<\/li><li>In the preparation classes we teach and, of course, practise the necessary competences of reading, listening, speaking and writing in the same way you will need them for the exam.<\/li><\/ul>\n\n\n\n<p>Have we roused your interest? Is your English grade a 1, 2 or 3?<br>Then don\u2019t hesitate and apply for this additional course to improve your business English!<\/p>\n\n\n\n<p>We are looking forward to meeting you there!<\/p>\n\n\n\n<hr class=\"wp-block-separator is-style-dots\"\/>\n\n\n\n<div class=\"wp-block-uagb-testimonial uagb-testomonial__outer-wrap uagb-slick-carousel uagb-tm__arrow-outside uagb-block-93c5e25e\"><div class=\"is-carousel uagb-tm__columns-1 uagb-tm__items\"><div class=\"uagb-testimonial__wrap  uagb-tm__imgicon-style-circle uagb-tm__image-position-left uagb-tm__image-aligned-top uagb-tm-stacked-tablet uagb-tm__bg-type-undefined \"><div class=\"uagb-tm__content\"><div class=\"uagb-tm__overlay\"><\/div><div class=\"uagb-tm__image-content\"><div class=\"uagb-tm__image\"><img decoding=\"async\" class=\"uagb-tm-img-src\" src=\"https:\/\/hlwhollabrunn.ac.at\/web2\/wp-content\/uploads\/2022\/02\/Selma_430_compressed.jpg\" alt=\"Selma\"\/><\/div><\/div><div class=\"uagb-tm__text-wrap\"><div class=\"uagb-testinomial-text-wrap\"><div class=\"uagb-tm__desc\">Ich habe mich f\u00fcr Business English entschieden, weil das Zertifikat international anerkannt wird und ich glaube, dass es mir einige Vorteile in der Zukunft bringen kann.<\/div><\/div><div class=\"uagb-tm__meta\"><div class=\"uagb-tm__meta-inner\"><div class=\"uagb-testimonial-details\"><span class=\"uagb-tm__author-name\">Selma<\/span><span class=\"uagb-tm__company\">5DHLW<\/span><\/div><\/div><\/div><\/div><\/div><\/div><\/div><\/div>\n\n\n\n<p><a href=\"https:\/\/hlwhollabrunn.ac.at\/web2\/hlw\/zusatzqualifikationen\/buchhaltungsprogramm-bmd\/\">ZQ BMD<\/a> | <a href=\"https:\/\/hlwhollabrunn.ac.at\/web2\/hlw\/zusatzqualifikationen\/business-english\/\">ZQ Business English<\/a> | <a href=\"https:\/\/hlwhollabrunn.ac.at\/web2\/hlw\/zusatzqualifikationen\/instruktor-fit-animation\/\">ZQ Instruktur Fit Animation<\/a> | <a href=\"https:\/\/hlwhollabrunn.ac.at\/web2\/hlw\/zusatzqualifikationen\/jungbarkeeper-in\/\">ZQ Jungbaarkeeper:in<\/a> | <a href=\"https:\/\/hlwhollabrunn.ac.at\/web2\/hlw\/zusatzqualifikationen\/jungpatissier-iere\/\">Jungpatissier:i\u00e8re<\/a> | <a href=\"https:\/\/hlwhollabrunn.ac.at\/web2\/hlw\/zusatzqualifikationen\/jungsommelier\/\">ZQ Jungsommelier:i\u00e8re<\/a> | <a href=\"https:\/\/hlwhollabrunn.ac.at\/web2\/hlw\/zusatzqualifikationen\/kaffeekenner\/\">Kaffeekenner:in<\/a> | <a href=\"https:\/\/hlwhollabrunn.ac.at\/web2\/hlw\/zusatzqualifikationen\/kulturvermittler\/\">Kulturvermittler:in<\/a> | <a href=\"https:\/\/hlwhollabrunn.ac.at\/web2\/hlw\/zusatzqualifikationen\/peer-mediation\/\">ZQ Peer-Mediation<\/a> | <a href=\"https:\/\/hlwhollabrunn.ac.at\/web2\/hlw\/zusatzqualifikationen\/vegan-vegetarische-fachkraft\/\">ZQ Vegan-vegetarische Fachkraft<\/a><\/p>\n","protected":false},"excerpt":{"rendered":"<p>Hast du dich schon immer f\u00fcr Englisch interessiert?M\u00f6chtest du deine Kompetenzen im Business English verbessern?Hast du Spa\u00df an der Kommunikation in der englischen Sprache? Then &#8230; <\/p>\n<p class=\"read-more-container\"><a title=\"Business Englisch\" class=\"read-more button\" href=\"https:\/\/hlwhollabrunn.ac.at\/web2\/hlw\/zusatzqualifikationen\/business-english\/#more-2754\" aria-label=\"Mehr Informationen \u00fcber Business Englisch\">Weiterlesen &#8230;<\/a><\/p>\n","protected":false},"author":1,"featured_media":0,"parent":544,"menu_order":7,"comment_status":"closed","ping_status":"closed","template":"","meta":{"_uag_custom_page_level_css":"","footnotes":""},"wf_page_folders":[112],"class_list":{"0":"post-2754","1":"page","2":"type-page","3":"status-publish","5":"no-featured-image-padding"},"uagb_featured_image_src":{"full":false,"thumbnail":false,"medium":false,"medium_large":false,"large":false,"1536x1536":false,"2048x2048":false,"sow-carousel-default":false},"uagb_author_info":{"display_name":"Leo Ertl - HLW Hollabrunn","author_link":"https:\/\/hlwhollabrunn.ac.at\/web2\/author\/leoertl_cupar_17\/"},"uagb_comment_info":0,"uagb_excerpt":"Hast du dich schon immer f\u00fcr Englisch interessiert?M\u00f6chtest du deine Kompetenzen im Business English verbessern?Hast du Spa\u00df an der Kommunikation in der englischen Sprache? Then ... Weiterlesen ...","_links":{"self":[{"href":"https:\/\/hlwhollabrunn.ac.at\/web2\/wp-json\/wp\/v2\/pages\/2754","targetHints":{"allow":["GET"]}}],"collection":[{"href":"https:\/\/hlwhollabrunn.ac.at\/web2\/wp-json\/wp\/v2\/pages"}],"about":[{"href":"https:\/\/hlwhollabrunn.ac.at\/web2\/wp-json\/wp\/v2\/types\/page"}],"author":[{"embeddable":true,"href":"https:\/\/hlwhollabrunn.ac.at\/web2\/wp-json\/wp\/v2\/users\/1"}],"replies":[{"embeddable":true,"href":"https:\/\/hlwhollabrunn.ac.at\/web2\/wp-json\/wp\/v2\/comments?post=2754"}],"version-history":[{"count":11,"href":"https:\/\/hlwhollabrunn.ac.at\/web2\/wp-json\/wp\/v2\/pages\/2754\/revisions"}],"predecessor-version":[{"id":17188,"href":"https:\/\/hlwhollabrunn.ac.at\/web2\/wp-json\/wp\/v2\/pages\/2754\/revisions\/17188"}],"up":[{"embeddable":true,"href":"https:\/\/hlwhollabrunn.ac.at\/web2\/wp-json\/wp\/v2\/pages\/544"}],"wp:attachment":[{"href":"https:\/\/hlwhollabrunn.ac.at\/web2\/wp-json\/wp\/v2\/media?parent=2754"}],"wp:term":[{"taxonomy":"wf_page_folders","embeddable":true,"href":"https:\/\/hlwhollabrunn.ac.at\/web2\/wp-json\/wp\/v2\/wf_page_folders?post=2754"}],"curies":[{"name":"wp","href":"https:\/\/api.w.org\/{rel}","templated":true}]}}