{"id":21569,"date":"2026-02-03T08:19:30","date_gmt":"2026-02-03T07:19:30","guid":{"rendered":"https:\/\/hlwhollabrunn.ac.at\/web2\/?page_id=21569"},"modified":"2026-02-03T08:20:32","modified_gmt":"2026-02-03T07:20:32","slug":"4-unvergessliche-tage-in-der-goldenen-stadt-prag","status":"publish","type":"page","link":"https:\/\/hlwhollabrunn.ac.at\/web2\/4-unvergessliche-tage-in-der-goldenen-stadt-prag\/","title":{"rendered":"4 unvergessliche Tage in der goldenen Stadt Prag"},"content":{"rendered":"\n<p>Wir, die 3DHL, verbrachten vier spannende Projekttage in der tschechischen Hauptstadt Prag. Dabei erwartete uns ein abwechslungsreiches Programm aus Kultur und Geschichte, aber es blieb uns auch ausreichend Zeit, um die Stadt selbst zu erkunden.<\/p>\n\n\n\n<p>Bei einer gef\u00fchrten Stadttour lernten wir viele Sehensw\u00fcrdigkeiten und historische Hintergr\u00fcnde dazu kennen. Besonders eindrucksvoll war die Untergrund-F\u00fchrung, bei der wir mehr \u00fcber alte Legenden und das mittelalterliche Leben in Prag erfuhren.<\/p>\n\n\n\n<p>Ein kultureller H\u00f6hepunkt war der Besuch des Kafka-Museums, wo wir uns mit dem Leben und den Werken Kafkas besch\u00e4ftigten. Am Abend konnten wir Prag w\u00e4hrend einer Kreuzfahrt auf der Moldau aus einer ganz besonderen Perspektive erleben.<\/p>\n\n\n\n<p>F\u00fcr viel Spa\u00df sorgte au\u00dferdem das Museum der fantastischen Illusionen mit seiner interaktiven Ausstellung. Neben dem Programm blieb auch Zeit, die Stadt selbst zu erkunden und als Klasse gemeinsame Erinnerungen zu sammeln.<\/p>\n\n\n\n<p>Insgesamt waren die Projekttage in Prag sehr abwechslungsreich und interessant. Wir konnten viel \u00fcber Geschichte und Kunst lernen. Die Reise wird uns als Klasse bestimmt noch lange in Erinnerung bleiben.<\/p>\n\n\n\n<figure class=\"wp-block-gallery has-nested-images columns-default is-cropped wp-block-gallery-1 is-layout-flex wp-block-gallery-is-layout-flex\">\n<figure class=\"wp-block-image size-large\"><a href=\"https:\/\/hlwhollabrunn.ac.at\/web2\/wp-content\/uploads\/2026\/02\/Image-16.jpg\"><img loading=\"lazy\" decoding=\"async\" width=\"936\" height=\"527\" data-id=\"21568\" src=\"https:\/\/hlwhollabrunn.ac.at\/web2\/wp-content\/uploads\/2026\/02\/Image-16-936x527.jpg\" alt=\"\" class=\"wp-image-21568\" srcset=\"https:\/\/hlwhollabrunn.ac.at\/web2\/wp-content\/uploads\/2026\/02\/Image-16-936x527.jpg 936w, https:\/\/hlwhollabrunn.ac.at\/web2\/wp-content\/uploads\/2026\/02\/Image-16-632x356.jpg 632w, https:\/\/hlwhollabrunn.ac.at\/web2\/wp-content\/uploads\/2026\/02\/Image-16-200x113.jpg 200w, https:\/\/hlwhollabrunn.ac.at\/web2\/wp-content\/uploads\/2026\/02\/Image-16-768x433.jpg 768w, https:\/\/hlwhollabrunn.ac.at\/web2\/wp-content\/uploads\/2026\/02\/Image-16.jpg 1024w\" sizes=\"auto, (max-width: 936px) 100vw, 936px\" \/><\/a><\/figure>\n\n\n\n<figure class=\"wp-block-image size-large\"><a href=\"https:\/\/hlwhollabrunn.ac.at\/web2\/wp-content\/uploads\/2026\/02\/Image.jpg\"><img loading=\"lazy\" decoding=\"async\" width=\"577\" height=\"1024\" data-id=\"21566\" src=\"https:\/\/hlwhollabrunn.ac.at\/web2\/wp-content\/uploads\/2026\/02\/Image.jpg\" alt=\"\" class=\"wp-image-21566\" srcset=\"https:\/\/hlwhollabrunn.ac.at\/web2\/wp-content\/uploads\/2026\/02\/Image.jpg 577w, https:\/\/hlwhollabrunn.ac.at\/web2\/wp-content\/uploads\/2026\/02\/Image-200x355.jpg 200w\" sizes=\"auto, (max-width: 577px) 100vw, 577px\" \/><\/a><\/figure>\n\n\n\n<figure class=\"wp-block-image size-large\"><a href=\"https:\/\/hlwhollabrunn.ac.at\/web2\/wp-content\/uploads\/2026\/02\/Image-15.jpg\"><img loading=\"lazy\" decoding=\"async\" width=\"936\" height=\"527\" data-id=\"21567\" src=\"https:\/\/hlwhollabrunn.ac.at\/web2\/wp-content\/uploads\/2026\/02\/Image-15-936x527.jpg\" alt=\"\" class=\"wp-image-21567\" srcset=\"https:\/\/hlwhollabrunn.ac.at\/web2\/wp-content\/uploads\/2026\/02\/Image-15-936x527.jpg 936w, https:\/\/hlwhollabrunn.ac.at\/web2\/wp-content\/uploads\/2026\/02\/Image-15-632x356.jpg 632w, https:\/\/hlwhollabrunn.ac.at\/web2\/wp-content\/uploads\/2026\/02\/Image-15-200x113.jpg 200w, https:\/\/hlwhollabrunn.ac.at\/web2\/wp-content\/uploads\/2026\/02\/Image-15-768x433.jpg 768w, https:\/\/hlwhollabrunn.ac.at\/web2\/wp-content\/uploads\/2026\/02\/Image-15.jpg 1024w\" sizes=\"auto, (max-width: 936px) 100vw, 936px\" \/><\/a><\/figure>\n<\/figure>\n","protected":false},"excerpt":{"rendered":"<p>Wir, die 3DHL, verbrachten vier spannende Projekttage in der tschechischen Hauptstadt Prag. Dabei erwartete uns ein abwechslungsreiches Programm aus Kultur und Geschichte, aber es blieb &#8230; <\/p>\n<p class=\"read-more-container\"><a title=\"4 unvergessliche Tage in der goldenen Stadt Prag\" class=\"read-more button\" href=\"https:\/\/hlwhollabrunn.ac.at\/web2\/4-unvergessliche-tage-in-der-goldenen-stadt-prag\/#more-21569\" aria-label=\"Mehr Informationen \u00fcber 4 unvergessliche Tage in der goldenen Stadt Prag\">Weiterlesen &#8230;<\/a><\/p>\n","protected":false},"author":4,"featured_media":21567,"parent":0,"menu_order":0,"comment_status":"closed","ping_status":"closed","template":"","meta":{"_uag_custom_page_level_css":"","footnotes":""},"wf_page_folders":[],"class_list":{"0":"post-21569","1":"page","2":"type-page","3":"status-publish","4":"has-post-thumbnail","6":"no-featured-image-padding"},"uagb_featured_image_src":{"full":["https:\/\/hlwhollabrunn.ac.at\/web2\/wp-content\/uploads\/2026\/02\/Image-15.jpg",1024,577,false],"thumbnail":["https:\/\/hlwhollabrunn.ac.at\/web2\/wp-content\/uploads\/2026\/02\/Image-15-200x113.jpg",200,113,true],"medium":["https:\/\/hlwhollabrunn.ac.at\/web2\/wp-content\/uploads\/2026\/02\/Image-15-632x356.jpg",632,356,true],"medium_large":["https:\/\/hlwhollabrunn.ac.at\/web2\/wp-content\/uploads\/2026\/02\/Image-15-768x433.jpg",768,433,true],"large":["https:\/\/hlwhollabrunn.ac.at\/web2\/wp-content\/uploads\/2026\/02\/Image-15-936x527.jpg",936,527,true],"1536x1536":["https:\/\/hlwhollabrunn.ac.at\/web2\/wp-content\/uploads\/2026\/02\/Image-15.jpg",1024,577,false],"2048x2048":["https:\/\/hlwhollabrunn.ac.at\/web2\/wp-content\/uploads\/2026\/02\/Image-15.jpg",1024,577,false],"sow-carousel-default":["https:\/\/hlwhollabrunn.ac.at\/web2\/wp-content\/uploads\/2026\/02\/Image-15-272x182.jpg",272,182,true]},"uagb_author_info":{"display_name":"Christina Heimberger","author_link":"https:\/\/hlwhollabrunn.ac.at\/web2\/author\/c_heimberger\/"},"uagb_comment_info":0,"uagb_excerpt":"Wir, die 3DHL, verbrachten vier spannende Projekttage in der tschechischen Hauptstadt Prag. Dabei erwartete uns ein abwechslungsreiches Programm aus Kultur und Geschichte, aber es blieb ... Weiterlesen ...","_links":{"self":[{"href":"https:\/\/hlwhollabrunn.ac.at\/web2\/wp-json\/wp\/v2\/pages\/21569","targetHints":{"allow":["GET"]}}],"collection":[{"href":"https:\/\/hlwhollabrunn.ac.at\/web2\/wp-json\/wp\/v2\/pages"}],"about":[{"href":"https:\/\/hlwhollabrunn.ac.at\/web2\/wp-json\/wp\/v2\/types\/page"}],"author":[{"embeddable":true,"href":"https:\/\/hlwhollabrunn.ac.at\/web2\/wp-json\/wp\/v2\/users\/4"}],"replies":[{"embeddable":true,"href":"https:\/\/hlwhollabrunn.ac.at\/web2\/wp-json\/wp\/v2\/comments?post=21569"}],"version-history":[{"count":1,"href":"https:\/\/hlwhollabrunn.ac.at\/web2\/wp-json\/wp\/v2\/pages\/21569\/revisions"}],"predecessor-version":[{"id":21570,"href":"https:\/\/hlwhollabrunn.ac.at\/web2\/wp-json\/wp\/v2\/pages\/21569\/revisions\/21570"}],"wp:featuredmedia":[{"embeddable":true,"href":"https:\/\/hlwhollabrunn.ac.at\/web2\/wp-json\/wp\/v2\/media\/21567"}],"wp:attachment":[{"href":"https:\/\/hlwhollabrunn.ac.at\/web2\/wp-json\/wp\/v2\/media?parent=21569"}],"wp:term":[{"taxonomy":"wf_page_folders","embeddable":true,"href":"https:\/\/hlwhollabrunn.ac.at\/web2\/wp-json\/wp\/v2\/wf_page_folders?post=21569"}],"curies":[{"name":"wp","href":"https:\/\/api.w.org\/{rel}","templated":true}]}}