{"id":21378,"date":"2025-11-17T10:35:33","date_gmt":"2025-11-17T09:35:33","guid":{"rendered":"https:\/\/hlwhollabrunn.ac.at\/web2\/?page_id=21378"},"modified":"2025-11-18T19:21:44","modified_gmt":"2025-11-18T18:21:44","slug":"elternverein","status":"publish","type":"page","link":"https:\/\/hlwhollabrunn.ac.at\/web2\/elternverein\/","title":{"rendered":"Elternverein"},"content":{"rendered":"\n<h1 class=\"wp-block-heading\">Liebe Eltern, sehr geehrte Erziehungsberechtigte!<\/h1>\n\n\n\n<p>Herzlich willkommen auf der Website des Elternvereins der HLW Hollabrunn.<br>Der Elternverein der HLW Hollabrunn versteht sich als Interessensvertretung der Eltern in einer lebendigen Schulgemeinschaft. Um unseren Kindern eine bestm\u00f6gliche Bildung \u2013 im Sinne von Wissensvermittlung wie auch der Entwicklung sozialer und pers\u00f6nlicher F\u00e4higkeiten &nbsp;\u2013 zu erm\u00f6glichen, sehen wir unsere Aufgabe darin, die Schule in ihrem Bildungsauftrag tatkr\u00e4ftig zu unterst\u00fctzen. In einem Klima der konstruktiven Zusammenarbeit und des Dialogs wird dies von allen Schulpartnern gelebt.<br>Wir unterst\u00fctzen unsere Sch\u00fcler bei Exkursionen, Projekten, Schulveranstaltungen (wie z.B. dem allj\u00e4hrlichen Schulball) sowie bei der Anschaffung von Materialien und Utensilien, die allen Sch\u00fclern zugute kommen (beispielsweise im Service- und K\u00fcchenbereich). Mit Ihrer finanziellen Unterst\u00fctzung in Form des Elternbeitrages tragen Sie dazu bei, all dies zu erm\u00f6glichen. Herzlichen Dank daf\u00fcr!<\/p>\n\n\n\n<p>Andrea Gr\u00e4f<br>Obfrau des Elternvereins<\/p>\n\n\n\n<h1 class=\"wp-block-heading\">Elternverein wozu?<\/h1>\n\n\n\n<p>Das \u00f6sterreichische Schulunterrichtsgesetz definiert Elternrechte im Rahmen der sogenannten Schulpartnerschaft. Um diese Rechte wahrzunehmen und die Interessen der Eltern zum Besten der Kinder an der Schule zu artikulieren und umzusetzen, ist ein Elternverein eine wesentliche, ja unverzichtbare Hilfe.<\/p>\n\n\n\n<p>Ein Elternverein muss als gemeinn\u00fctziger Verein nach den geltenden Bestimmungen des \u00f6sterreichischen Vereinsrechts konstituiert sein.<\/p>\n\n\n\n<p>Zu unseren Aufgaben geh\u00f6rt:<\/p>\n\n\n\n<ul class=\"wp-block-list\">\n<li>Die Wahrung der Elterninteressen innerhalb der Schule<\/li>\n\n\n\n<li>Die Wahrung der Elterninteressen bzw. Schulinteressen nach au\u00dfen.<\/li>\n<\/ul>\n\n\n\n<p>Die finanzielle Unterst\u00fctzung von einzelnen Sch\u00fclerInnen und die Sch\u00fclerbeihilfe sieht der Elternverein nur in Akutf\u00e4llen als seine Aufgabe.<br>Ein Antragsformular finden Sie <a href=\"https:\/\/hlwhollabrunn.ac.at\/ev\/images\/Unterstuetzungsantrag_Schueler_EV.doc\">hier<\/a>.<br>Der erste Schritt sollte das Ansuchen an die N\u00d6 Landesregierung sein. Den Link dazu finden Sie unter &#8222;Themen&#8220;.<\/p>\n\n\n\n<h1 class=\"wp-block-heading\">Sch\u00fclerbeihilfe<\/h1>\n\n\n\n<p><a href=\"http:\/\/www.noe.gv.at\/Bildung\/Stipendien-Beihilfen\/Schuelerbeihilfe.html\">http:\/\/www.noe.gv.at\/Bildung\/Stipendien-Beihilfen\/Schuelerbeihilfe.html<\/a><\/p>\n\n\n\n<h3 class=\"wp-block-heading\">Wer wird gef\u00f6rdert?<\/h3>\n\n\n\n<ul class=\"wp-block-list\">\n<li>Sch\u00fclerinnen\/Sch\u00fcler der 1. bis 5. Klasse einer allgemein bildenden h\u00f6heren Schule (AHS) und Sch\u00fclerinnen\/Sch\u00fcler der 1. Klasse einer Bildungsanstalt f\u00fcr Kindergartenp\u00e4dagogik &#8211; zust\u00e4ndig ist das Amt der N\u00d6 Landesregierung<\/li>\n\n\n\n<li>Sch\u00fclerinnen\/Sch\u00fcler einer mittleren oder h\u00f6heren Schule ab der 10. Schulstufe: zust\u00e4ndig ist der Landesschulrat f\u00fcr Nieder\u00f6sterreich bzw. das Bundesministerium f\u00fcr Unterricht, Kunst und Kultur<\/li>\n<\/ul>\n\n\n\n<h3 class=\"wp-block-heading\">Welche Voraussetzungen m\u00fcssen erf\u00fcllt sein?<\/h3>\n\n\n\n<p>Die Sch\u00fclerin\/Der Sch\u00fcler muss<\/p>\n\n\n\n<ul class=\"wp-block-list\">\n<li>\u00d6sterreichischer Staatsb\u00fcrger oder EU-B\u00fcrger sein und seinen ordentlichen Wohnsitz in Nieder\u00f6sterreich haben,<\/li>\n\n\n\n<li>einen guten Schulerfolg aufweisen (dieser ist gegeben, wenn der Notendurchschnitt im Jahresabschlusszeugnis 2,80 nicht \u00fcbersteigt und keine Note 5 aufscheint) und ein einwandfreies Verhalten an den Tag legen.<\/li>\n\n\n\n<li>sozial bed\u00fcrftig sein (Kriterien sind das Familieneinkommen und die Familiengr\u00f6\u00dfe).<\/li>\n<\/ul>\n\n\n\n<h3 class=\"wp-block-heading\">Wie erfolgt die Antragstellung?<\/h3>\n\n\n\n<p>Antragsformulare und die detaillierten Richtlinien k\u00f6nnen unter obigem Link heruntergeladen werden bzw. liegen in den Schulen auf und m\u00fcssen bis Ende des Kalenderjahres (31. Dezember) beim Amt der N\u00d6 Landesregierung, Abt. Schulen eingebracht werden.<\/p>\n\n\n\n<h1 class=\"wp-block-heading\">Der Elternverein der HLW Hollabrunn<\/h1>\n\n\n\n<figure class=\"wp-block-table\"><table class=\"has-fixed-layout\"><tbody><tr><td>Obfrau<\/td><td>Andrea Gr\u00e4f<\/td><\/tr><tr><td>Kassier<\/td><td>Christina Sattler<\/td><\/tr><tr><td>Schriftf\u00fchrerin<\/td><td>Michaela Gilli-Brickl<\/td><\/tr><\/tbody><\/table><\/figure>\n\n\n\n<p><em>Verein: Elternverein der HLW Hollabrunn<br>Eintragung im Vereinsregister unter ZVR: 603806396<\/em><\/p>\n\n\n\n<p><\/p>\n","protected":false},"excerpt":{"rendered":"<p>Liebe Eltern, sehr geehrte Erziehungsberechtigte! Herzlich willkommen auf der Website des Elternvereins der HLW Hollabrunn.Der Elternverein der HLW Hollabrunn versteht sich als Interessensvertretung der Eltern &#8230; <\/p>\n<p class=\"read-more-container\"><a title=\"Elternverein\" class=\"read-more button\" href=\"https:\/\/hlwhollabrunn.ac.at\/web2\/elternverein\/#more-21378\" aria-label=\"Mehr Informationen \u00fcber Elternverein\">Weiterlesen &#8230;<\/a><\/p>\n","protected":false},"author":4,"featured_media":0,"parent":0,"menu_order":0,"comment_status":"closed","ping_status":"closed","template":"","meta":{"_uag_custom_page_level_css":"","footnotes":""},"wf_page_folders":[],"class_list":{"0":"post-21378","1":"page","2":"type-page","3":"status-publish","5":"no-featured-image-padding"},"uagb_featured_image_src":{"full":false,"thumbnail":false,"medium":false,"medium_large":false,"large":false,"1536x1536":false,"2048x2048":false,"sow-carousel-default":false},"uagb_author_info":{"display_name":"Christina Heimberger","author_link":"https:\/\/hlwhollabrunn.ac.at\/web2\/author\/c_heimberger\/"},"uagb_comment_info":0,"uagb_excerpt":"Liebe Eltern, sehr geehrte Erziehungsberechtigte! Herzlich willkommen auf der Website des Elternvereins der HLW Hollabrunn.Der Elternverein der HLW Hollabrunn versteht sich als Interessensvertretung der Eltern ... Weiterlesen ...","_links":{"self":[{"href":"https:\/\/hlwhollabrunn.ac.at\/web2\/wp-json\/wp\/v2\/pages\/21378","targetHints":{"allow":["GET"]}}],"collection":[{"href":"https:\/\/hlwhollabrunn.ac.at\/web2\/wp-json\/wp\/v2\/pages"}],"about":[{"href":"https:\/\/hlwhollabrunn.ac.at\/web2\/wp-json\/wp\/v2\/types\/page"}],"author":[{"embeddable":true,"href":"https:\/\/hlwhollabrunn.ac.at\/web2\/wp-json\/wp\/v2\/users\/4"}],"replies":[{"embeddable":true,"href":"https:\/\/hlwhollabrunn.ac.at\/web2\/wp-json\/wp\/v2\/comments?post=21378"}],"version-history":[{"count":2,"href":"https:\/\/hlwhollabrunn.ac.at\/web2\/wp-json\/wp\/v2\/pages\/21378\/revisions"}],"predecessor-version":[{"id":21389,"href":"https:\/\/hlwhollabrunn.ac.at\/web2\/wp-json\/wp\/v2\/pages\/21378\/revisions\/21389"}],"wp:attachment":[{"href":"https:\/\/hlwhollabrunn.ac.at\/web2\/wp-json\/wp\/v2\/media?parent=21378"}],"wp:term":[{"taxonomy":"wf_page_folders","embeddable":true,"href":"https:\/\/hlwhollabrunn.ac.at\/web2\/wp-json\/wp\/v2\/wf_page_folders?post=21378"}],"curies":[{"name":"wp","href":"https:\/\/api.w.org\/{rel}","templated":true}]}}