{"id":21163,"date":"2025-09-24T06:43:06","date_gmt":"2025-09-24T05:43:06","guid":{"rendered":"https:\/\/hlwhollabrunn.ac.at\/web2\/?page_id=21163"},"modified":"2025-09-24T06:49:17","modified_gmt":"2025-09-24T05:49:17","slug":"schulpsychologin","status":"publish","type":"page","link":"https:\/\/hlwhollabrunn.ac.at\/web2\/schulpsychologin\/","title":{"rendered":"Schulpsychologin"},"content":{"rendered":"\n<p><strong>Mag.<sup>a<\/sup><\/strong> Rosa Michel<\/p>\n\n\n\n<h3 class=\"wp-block-heading has-petrol-color has-text-color has-link-color wp-elements-0ade276664697d737694d5f120b34940\"><strong>Termine<\/strong><\/h3>\n\n\n\n<ul class=\"wp-block-list\">\n<li> 06.10.2025<\/li>\n\n\n\n<li>03.11.2025<\/li>\n\n\n\n<li>01.12.2025<\/li>\n\n\n\n<li>12.01.2025<\/li>\n\n\n\n<li>09.02.2025<\/li>\n<\/ul>\n\n\n\n<p><strong>Wer kann zu einem Gespr\u00e4ch kommen?<\/strong><\/p>\n\n\n\n<ul class=\"wp-block-list\">\n<li>Sch\u00fclerinnen und Sch\u00fcler<\/li>\n\n\n\n<li>Lehrerinnen und Lehrer<\/li>\n\n\n\n<li>Eltern\/Erziehungsberechtigte<\/li>\n<\/ul>\n\n\n\n<h3 class=\"wp-block-heading\">Themen und Schwierigkeiten:<\/h3>\n\n\n\n<ul class=\"wp-block-list\">\n<li>Pers\u00f6nliches, Liebeskummer<\/li>\n\n\n\n<li>Pr\u00fcfungsangst, Problem mit Schule<\/li>\n\n\n\n<li>Lernschwierigkeiten<\/li>\n\n\n\n<li>soziale Konflikte, Mobbing<\/li>\n\n\n\n<li>famili\u00e4re Probleme<\/li>\n\n\n\n<li>etc.<\/li>\n<\/ul>\n\n\n\n<p>Die Anmeldung f\u00fcr das Gespr\u00e4ch ist im Sekretariat der schulpsychologischen Beratungsstelle m\u00f6glich unter <strong>02952\/3303 <\/strong>oder pers\u00f6nlich unter <strong><a href=\"mailto:rosa.michel@bildung-noe.gv.at\">rosa.michel@bildung-noe.gv.at<\/a>.<\/strong><\/p>\n\n\n\n<p><strong>Anmeldeschluss ist jeweils am Donnerstag bis 12 Uhr vor der Sprechstunde.<\/strong><\/p>\n\n\n\n<p>Den Termin mit der unterrichtenden Lehrperson bitte absprechen.<\/p>\n\n\n\n<p><\/p>\n","protected":false},"excerpt":{"rendered":"<p>Mag.a Rosa Michel Termine Wer kann zu einem Gespr\u00e4ch kommen? Themen und Schwierigkeiten: Die Anmeldung f\u00fcr das Gespr\u00e4ch ist im Sekretariat der schulpsychologischen Beratungsstelle m\u00f6glich &#8230; <\/p>\n<p class=\"read-more-container\"><a title=\"Schulpsychologin\" class=\"read-more button\" href=\"https:\/\/hlwhollabrunn.ac.at\/web2\/schulpsychologin\/#more-21163\" aria-label=\"Mehr Informationen \u00fcber Schulpsychologin\">Weiterlesen &#8230;<\/a><\/p>\n","protected":false},"author":4,"featured_media":0,"parent":0,"menu_order":0,"comment_status":"closed","ping_status":"closed","template":"","meta":{"_uag_custom_page_level_css":"","footnotes":""},"wf_page_folders":[],"class_list":{"0":"post-21163","1":"page","2":"type-page","3":"status-publish","5":"no-featured-image-padding"},"uagb_featured_image_src":{"full":false,"thumbnail":false,"medium":false,"medium_large":false,"large":false,"1536x1536":false,"2048x2048":false,"sow-carousel-default":false},"uagb_author_info":{"display_name":"Christina Heimberger","author_link":"https:\/\/hlwhollabrunn.ac.at\/web2\/author\/c_heimberger\/"},"uagb_comment_info":0,"uagb_excerpt":"Mag.a Rosa Michel Termine Wer kann zu einem Gespr\u00e4ch kommen? Themen und Schwierigkeiten: Die Anmeldung f\u00fcr das Gespr\u00e4ch ist im Sekretariat der schulpsychologischen Beratungsstelle m\u00f6glich ... Weiterlesen ...","_links":{"self":[{"href":"https:\/\/hlwhollabrunn.ac.at\/web2\/wp-json\/wp\/v2\/pages\/21163","targetHints":{"allow":["GET"]}}],"collection":[{"href":"https:\/\/hlwhollabrunn.ac.at\/web2\/wp-json\/wp\/v2\/pages"}],"about":[{"href":"https:\/\/hlwhollabrunn.ac.at\/web2\/wp-json\/wp\/v2\/types\/page"}],"author":[{"embeddable":true,"href":"https:\/\/hlwhollabrunn.ac.at\/web2\/wp-json\/wp\/v2\/users\/4"}],"replies":[{"embeddable":true,"href":"https:\/\/hlwhollabrunn.ac.at\/web2\/wp-json\/wp\/v2\/comments?post=21163"}],"version-history":[{"count":2,"href":"https:\/\/hlwhollabrunn.ac.at\/web2\/wp-json\/wp\/v2\/pages\/21163\/revisions"}],"predecessor-version":[{"id":21167,"href":"https:\/\/hlwhollabrunn.ac.at\/web2\/wp-json\/wp\/v2\/pages\/21163\/revisions\/21167"}],"wp:attachment":[{"href":"https:\/\/hlwhollabrunn.ac.at\/web2\/wp-json\/wp\/v2\/media?parent=21163"}],"wp:term":[{"taxonomy":"wf_page_folders","embeddable":true,"href":"https:\/\/hlwhollabrunn.ac.at\/web2\/wp-json\/wp\/v2\/wf_page_folders?post=21163"}],"curies":[{"name":"wp","href":"https:\/\/api.w.org\/{rel}","templated":true}]}}