{"id":2088,"date":"2021-10-08T08:35:44","date_gmt":"2021-10-08T06:35:44","guid":{"rendered":"https:\/\/www.dubisthlwhollabrunn.at\/?page_id=2088"},"modified":"2021-10-08T08:35:44","modified_gmt":"2021-10-08T06:35:44","slug":"leitbild","status":"publish","type":"page","link":"https:\/\/hlwhollabrunn.ac.at\/web2\/ueberuns\/leitbild\/","title":{"rendered":"Leitbild"},"content":{"rendered":"\n<p>Die Ausbildung an unserer Schule zeichnet sich durch ihre ganz besondere Vielf\u00e4ltigkeit und die vielen Wahlm\u00f6glichkeiten aus. Diese Vielfalt ist die Basis f\u00fcr unsere Sch\u00fcler:innen, ihre pers\u00f6nlichen St\u00e4rken zu finden und zu entfalten und erm\u00f6glicht die von der Wirtschaft geforderte berufliche Mobilit\u00e4t und Flexibilit\u00e4t.&nbsp;<\/p>\n\n\n\n<p>Im Zentrum unserer p\u00e4dagogischen Arbeit steht die Person jeder einzelnen Sch\u00fclerin und jedes einzelnen Sch\u00fclers, ihnen allen bieten wir eine ganzheitliche Ausbildung an. Wir f\u00f6rdern neben den intellektuellen F\u00e4higkeiten auch die soziale und emotionale Kompetenz.&nbsp; Gem\u00e4\u00df unserem Motto&nbsp;<strong>\u201efit for my future\u201c<\/strong>&nbsp;sind wir gegen\u00fcber neuen Technologien und gesellschaftlichen Entwicklungen aufgeschlossen. Dar\u00fcber hinaus f\u00f6rdern wir das nachhaltige Bewusstsein f\u00fcr \u00d6kologie, Konsumverhalten und Gesundheit.&nbsp;<\/p>\n\n\n\n<p>Schl\u00fcsselqualifikationen wie Team- und Kommunikationsf\u00e4higkeit, Engagement, Innovationsfreude und Kreativit\u00e4t bilden Kernkompetenzen unserer Schule. Wir legen Wert auf Toleranz, interkulturelles Verst\u00e4ndnis, vern\u00fcnftigen Umgang mit der eigenen Gesundheit und f\u00f6rdern die Bereitschaft f\u00fcr lebenslanges Lernen. Wir vergessen aber auch nicht auf jene traditionellen Werte wie H\u00f6flichkeit, Verl\u00e4sslichkeit, Ausdauer und P\u00fcnktlichkeit, die sowohl f\u00fcr die Pers\u00f6nlichkeitsbildung als auch im modernen Berufsleben unerl\u00e4sslich sind.&nbsp;<\/p>\n\n\n\n<p>Die Eltern und Erziehungsberechtigten unserer Sch\u00fcler:innen sind wichtige Partner, um diese Ziele zu erreichen. &nbsp;<\/p>\n\n\n\n<p>Wir nehmen alle Sch\u00fcler:innen in ihrer Individualit\u00e4t ernst, arbeiten verantwortungsbewusst und schaffen eine Atmosph\u00e4re, in der sich jede:r Sch\u00fcler:in als Person akzeptiert f\u00fchlt.&nbsp;<\/p>\n","protected":false},"excerpt":{"rendered":"<p>Die Ausbildung an unserer Schule zeichnet sich durch ihre ganz besondere Vielf\u00e4ltigkeit und die vielen Wahlm\u00f6glichkeiten aus. Diese Vielfalt ist die Basis f\u00fcr unsere Sch\u00fcler:innen, &#8230; <\/p>\n<p class=\"read-more-container\"><a title=\"Leitbild\" class=\"read-more button\" href=\"https:\/\/hlwhollabrunn.ac.at\/web2\/ueberuns\/leitbild\/#more-2088\" aria-label=\"Mehr Informationen \u00fcber Leitbild\">Weiterlesen &#8230;<\/a><\/p>\n","protected":false},"author":1,"featured_media":0,"parent":683,"menu_order":4,"comment_status":"closed","ping_status":"closed","template":"","meta":{"_uag_custom_page_level_css":"","footnotes":""},"wf_page_folders":[114],"class_list":{"0":"post-2088","1":"page","2":"type-page","3":"status-publish","5":"no-featured-image-padding"},"uagb_featured_image_src":{"full":false,"thumbnail":false,"medium":false,"medium_large":false,"large":false,"1536x1536":false,"2048x2048":false,"sow-carousel-default":false},"uagb_author_info":{"display_name":"Leo Ertl - HLW Hollabrunn","author_link":"https:\/\/hlwhollabrunn.ac.at\/web2\/author\/leoertl_cupar_17\/"},"uagb_comment_info":0,"uagb_excerpt":"Die Ausbildung an unserer Schule zeichnet sich durch ihre ganz besondere Vielf\u00e4ltigkeit und die vielen Wahlm\u00f6glichkeiten aus. Diese Vielfalt ist die Basis f\u00fcr unsere Sch\u00fcler:innen, ... Weiterlesen ...","_links":{"self":[{"href":"https:\/\/hlwhollabrunn.ac.at\/web2\/wp-json\/wp\/v2\/pages\/2088","targetHints":{"allow":["GET"]}}],"collection":[{"href":"https:\/\/hlwhollabrunn.ac.at\/web2\/wp-json\/wp\/v2\/pages"}],"about":[{"href":"https:\/\/hlwhollabrunn.ac.at\/web2\/wp-json\/wp\/v2\/types\/page"}],"author":[{"embeddable":true,"href":"https:\/\/hlwhollabrunn.ac.at\/web2\/wp-json\/wp\/v2\/users\/1"}],"replies":[{"embeddable":true,"href":"https:\/\/hlwhollabrunn.ac.at\/web2\/wp-json\/wp\/v2\/comments?post=2088"}],"version-history":[{"count":0,"href":"https:\/\/hlwhollabrunn.ac.at\/web2\/wp-json\/wp\/v2\/pages\/2088\/revisions"}],"up":[{"embeddable":true,"href":"https:\/\/hlwhollabrunn.ac.at\/web2\/wp-json\/wp\/v2\/pages\/683"}],"wp:attachment":[{"href":"https:\/\/hlwhollabrunn.ac.at\/web2\/wp-json\/wp\/v2\/media?parent=2088"}],"wp:term":[{"taxonomy":"wf_page_folders","embeddable":true,"href":"https:\/\/hlwhollabrunn.ac.at\/web2\/wp-json\/wp\/v2\/wf_page_folders?post=2088"}],"curies":[{"name":"wp","href":"https:\/\/api.w.org\/{rel}","templated":true}]}}