{"id":19797,"date":"2024-08-18T18:25:29","date_gmt":"2024-08-18T17:25:29","guid":{"rendered":"https:\/\/hlwhollabrunn.ac.at\/web2\/?page_id=19797"},"modified":"2024-08-18T18:45:05","modified_gmt":"2024-08-18T17:45:05","slug":"erasmus-schulbildung-gruppen-und-einzelmobilitaeten","status":"publish","type":"page","link":"https:\/\/hlwhollabrunn.ac.at\/web2\/erasmus-schulbildung-gruppen-und-einzelmobilitaeten\/","title":{"rendered":"Erasmus+ Schulbildung: Gruppen- und Einzelmobilit\u00e4ten"},"content":{"rendered":"\n<figure class=\"wp-block-image size-large\"><img loading=\"lazy\" decoding=\"async\" width=\"936\" height=\"702\" src=\"https:\/\/hlwhollabrunn.ac.at\/web2\/wp-content\/uploads\/2024\/08\/Erasmus_Schulbildung_Akkreditierung-936x702.jpg\" alt=\"Erasmus+\" class=\"wp-image-19794\" srcset=\"https:\/\/hlwhollabrunn.ac.at\/web2\/wp-content\/uploads\/2024\/08\/Erasmus_Schulbildung_Akkreditierung-936x702.jpg 936w, https:\/\/hlwhollabrunn.ac.at\/web2\/wp-content\/uploads\/2024\/08\/Erasmus_Schulbildung_Akkreditierung-632x474.jpg 632w, https:\/\/hlwhollabrunn.ac.at\/web2\/wp-content\/uploads\/2024\/08\/Erasmus_Schulbildung_Akkreditierung-200x150.jpg 200w, https:\/\/hlwhollabrunn.ac.at\/web2\/wp-content\/uploads\/2024\/08\/Erasmus_Schulbildung_Akkreditierung-768x576.jpg 768w, https:\/\/hlwhollabrunn.ac.at\/web2\/wp-content\/uploads\/2024\/08\/Erasmus_Schulbildung_Akkreditierung-1536x1152.jpg 1536w, https:\/\/hlwhollabrunn.ac.at\/web2\/wp-content\/uploads\/2024\/08\/Erasmus_Schulbildung_Akkreditierung-2048x1536.jpg 2048w\" sizes=\"auto, (max-width: 936px) 100vw, 936px\" \/><\/figure>\n\n\n\n<h5 class=\"wp-block-heading sketch petrol\">M\u00f6chtest du internationale Erfahrungen sammeln, neue Kulturen entdecken und deine Sprachkenntnisse verbessern? Dann ist das Erasmus-Programm genau das Richtige f\u00fcr dich!<\/h5>\n\n\n\n<p>Das Erasmus+ Programm Schulbildung bietet Sch\u00fcler:innen der HLW Hollabrunn die Gelegenheit, im Rahmen von Auslandsaufenthalten ihre Bildung zu bereichern und wichtige interkulturelle Kompetenzen zu erwerben. Durch Aufenthalte an Partnerschulen in ganz Europa werden nicht nur die Sprachkenntnisse vertieft, sondern auch das Verst\u00e4ndnis f\u00fcr andere Kulturen und Bildungssysteme gef\u00f6rdert. Die Teilnahme am Erasmus-Programm st\u00e4rkt deine Pers\u00f6nlichkeit, erweitert deinen Horizont und bereitet dich optimal auf die Herausforderungen einer globalisierten Welt vor.<\/p>\n\n\n\n<p>Sch\u00fcler:innen und Lehrer der HLW Hollabrunn arbeiten mit Schulen in verschiedenen europ\u00e4ischen L\u00e4ndern zusammen. Diese Kooperationen erm\u00f6glichen es, gemeinsame Projekte durchzuf\u00fchren, in denen du als Sch\u00fcler:in aktiv beteiligt bist und Verantwortung \u00fcbernimmst. Die erlernten F\u00e4higkeiten und Kompetenzen, wie Teamarbeit, Probleml\u00f6sung und Anpassungsf\u00e4higkeit, sind in der heutigen Berufswelt von unsch\u00e4tzbarem Wert. Die gewonnenen Erfahrungen und Eindr\u00fccke aus dem Ausland bereichern nicht nur deine schulische Laufbahn, sondern auch dein pers\u00f6nliches Wachstum.<\/p>\n\n\n\n<p>Die HLW Hollabrunn unterst\u00fctzt u.a. Gruppenmobilit\u00e4ten und langfristige Lernmobilit\u00e4ten.<\/p>\n\n\n\n<p>Bei einer Gruppenmobilit\u00e4t von Sch\u00fcler:innen ist das Ziel das gemeinsame Lernen mit Sch\u00fcler:innen (Peers) aus anderen L\u00e4ndern. Die Aufenthaltsdauer betr\u00e4gt mind. 2 bis 30 Tage. Die entsendende Schule konzipiert Lernaktivit\u00e4ten in Zusammenarbeit mit einer Partnerschule im aufnehmenden Land, Lehrkr\u00e4fte begleiten die Sch\u00fcler:innen w\u00e4hrend der gesamten Dauer der Aktivit\u00e4t begleiten und leiten ihren Lernprozess an.<\/p>\n\n\n\n<p>Langfristige Lernmobilit\u00e4t bedeutet, dass Sch\u00fcler:innen einen Auslandsaufenthalt zwischen 30 und 365 Tagen absolvieren, um in einer Partnerschule zu lernen. F\u00fcr jeden Teilnehmenden muss ein individuelles Lernprogramm aufgestellt werden.<\/p>\n\n\n\n<p>Am Foto freuen sich <strong>Direktorin Mag. Marion Hofmann<\/strong> und Erasmus-Koordinatorin <strong>Mag. Doris Kurzbauer<\/strong> \u00fcber die erhaltene Erasmus+ Akkreditierung im Bereich Schulbildung gemeinsam mit einem engagierten Lehrer:innenteam, die Auslandsreisen im Jahr 2024 durchf\u00fchren:<\/p>\n\n\n\n<p><strong>Jana Tunkova und Doris Kurzbauer<\/strong> besuchten im Juni 2024 im Rahmen eines kurzfristigen Projektes OA, VO\u0160Z und SZ\u0160, SO\u0160S Jihlava sowie die St\u0159edn\u00ed \u0161kola Str\u00e1\u017enice, Tschechien.<\/p>\n\n\n\n<p><strong>Anna Zimmerl und Daniel Hasenzagl<\/strong> planen eine Belgien-Reise der 3. Klassen Fachschule im September 2024 zur Partnerschule De Wijnpers, Leuven, und den gemeinsamen Besuch der Europ\u00e4ischen Institutionen in Br\u00fcssel.<\/p>\n\n\n\n<p><strong>Nicole Guttenbrunner und Alexander Thomasitz<\/strong> werden mit den Lehrkr\u00e4ften und Sch\u00fcler:innen des Lyc\u00e9e Benjamin Franklin, Auray, Frankreich, kooperieren.<\/p>\n\n\n\n<p><a href=\"https:\/\/hlwhollabrunn.ac.at\/web2\/kultureller-austausch-und-praktisches-lernen\/\">Kultureller Austausch und praktisches Lernen<\/a><\/p>\n","protected":false},"excerpt":{"rendered":"<p>M\u00f6chtest du internationale Erfahrungen sammeln, neue Kulturen entdecken und deine Sprachkenntnisse verbessern? Dann ist das Erasmus-Programm genau das Richtige f\u00fcr dich! Das Erasmus+ Programm Schulbildung &#8230; <\/p>\n<p class=\"read-more-container\"><a title=\"Erasmus+ Schulbildung: Gruppen- und Einzelmobilit\u00e4ten\" class=\"read-more button\" href=\"https:\/\/hlwhollabrunn.ac.at\/web2\/erasmus-schulbildung-gruppen-und-einzelmobilitaeten\/#more-19797\" aria-label=\"Mehr Informationen \u00fcber Erasmus+ Schulbildung: Gruppen- und Einzelmobilit\u00e4ten\">Weiterlesen &#8230;<\/a><\/p>\n","protected":false},"author":1,"featured_media":0,"parent":0,"menu_order":0,"comment_status":"closed","ping_status":"closed","template":"","meta":{"_uag_custom_page_level_css":"","footnotes":""},"wf_page_folders":[123],"class_list":{"0":"post-19797","1":"page","2":"type-page","3":"status-publish","5":"no-featured-image-padding"},"uagb_featured_image_src":{"full":false,"thumbnail":false,"medium":false,"medium_large":false,"large":false,"1536x1536":false,"2048x2048":false,"sow-carousel-default":false},"uagb_author_info":{"display_name":"Leo Ertl - HLW Hollabrunn","author_link":"https:\/\/hlwhollabrunn.ac.at\/web2\/author\/leoertl_cupar_17\/"},"uagb_comment_info":0,"uagb_excerpt":"M\u00f6chtest du internationale Erfahrungen sammeln, neue Kulturen entdecken und deine Sprachkenntnisse verbessern? Dann ist das Erasmus-Programm genau das Richtige f\u00fcr dich! Das Erasmus+ Programm Schulbildung ... Weiterlesen ...","_links":{"self":[{"href":"https:\/\/hlwhollabrunn.ac.at\/web2\/wp-json\/wp\/v2\/pages\/19797","targetHints":{"allow":["GET"]}}],"collection":[{"href":"https:\/\/hlwhollabrunn.ac.at\/web2\/wp-json\/wp\/v2\/pages"}],"about":[{"href":"https:\/\/hlwhollabrunn.ac.at\/web2\/wp-json\/wp\/v2\/types\/page"}],"author":[{"embeddable":true,"href":"https:\/\/hlwhollabrunn.ac.at\/web2\/wp-json\/wp\/v2\/users\/1"}],"replies":[{"embeddable":true,"href":"https:\/\/hlwhollabrunn.ac.at\/web2\/wp-json\/wp\/v2\/comments?post=19797"}],"version-history":[{"count":4,"href":"https:\/\/hlwhollabrunn.ac.at\/web2\/wp-json\/wp\/v2\/pages\/19797\/revisions"}],"predecessor-version":[{"id":19816,"href":"https:\/\/hlwhollabrunn.ac.at\/web2\/wp-json\/wp\/v2\/pages\/19797\/revisions\/19816"}],"wp:attachment":[{"href":"https:\/\/hlwhollabrunn.ac.at\/web2\/wp-json\/wp\/v2\/media?parent=19797"}],"wp:term":[{"taxonomy":"wf_page_folders","embeddable":true,"href":"https:\/\/hlwhollabrunn.ac.at\/web2\/wp-json\/wp\/v2\/wf_page_folders?post=19797"}],"curies":[{"name":"wp","href":"https:\/\/api.w.org\/{rel}","templated":true}]}}