{"id":19780,"date":"2024-08-18T18:02:36","date_gmt":"2024-08-18T17:02:36","guid":{"rendered":"https:\/\/hlwhollabrunn.ac.at\/web2\/?page_id=19780"},"modified":"2024-08-18T18:32:20","modified_gmt":"2024-08-18T17:32:20","slug":"erasmus","status":"publish","type":"page","link":"https:\/\/hlwhollabrunn.ac.at\/web2\/erasmus\/","title":{"rendered":"Erasmus+"},"content":{"rendered":"\n<figure class=\"wp-block-image size-large\"><img loading=\"lazy\" decoding=\"async\" width=\"936\" height=\"197\" src=\"https:\/\/hlwhollabrunn.ac.at\/web2\/wp-content\/uploads\/2024\/08\/Erasmus_Logo_Englisch-1-936x197.webp\" alt=\"Erasmus+\" class=\"wp-image-19784\" srcset=\"https:\/\/hlwhollabrunn.ac.at\/web2\/wp-content\/uploads\/2024\/08\/Erasmus_Logo_Englisch-1-936x197.webp 936w, https:\/\/hlwhollabrunn.ac.at\/web2\/wp-content\/uploads\/2024\/08\/Erasmus_Logo_Englisch-1-632x133.webp 632w, https:\/\/hlwhollabrunn.ac.at\/web2\/wp-content\/uploads\/2024\/08\/Erasmus_Logo_Englisch-1-200x42.webp 200w, https:\/\/hlwhollabrunn.ac.at\/web2\/wp-content\/uploads\/2024\/08\/Erasmus_Logo_Englisch-1-768x161.webp 768w, https:\/\/hlwhollabrunn.ac.at\/web2\/wp-content\/uploads\/2024\/08\/Erasmus_Logo_Englisch-1.webp 1200w\" sizes=\"auto, (max-width: 936px) 100vw, 936px\" \/><\/figure>\n\n\n\n<h5 class=\"wp-block-heading sketch petrol\">M\u00f6chtest du internationale Bildungserfahrungen sammeln und deine Zukunft aktiv gestalten? Dann ist das Erasmus+ Programm genau das Richtige f\u00fcr dich!<\/h5>\n\n\n\n<p><strong>Was ist Erasmus+?<\/strong>&nbsp;Erasmus+ ist ein F\u00f6rderprogramm der Europ\u00e4ischen Union, das u.a. Sch\u00fcler:innen und Lehrkr\u00e4ften die M\u00f6glichkeit bietet, im europ\u00e4ischen Ausland zu lernen, zu lehren und wertvolle interkulturelle Erfahrungen zu sammeln.<\/p>\n\n\n\n<p><strong>Erasmus+ ist das EU-Programm zur F\u00f6rderung von allgemeiner und beruflicher Bildung, Jugend und Sport in Europa. \u200d<\/strong>Schwerpunkte des Programms 2021\u20132027 sind soziale Inklusion, der gr\u00fcne und digitale Wandel und die F\u00f6rderung der Teilhabe junger Menschen am demokratischen Leben.<\/p>\n\n\n\n<p>Das Erasmus+ Programm verfolgt mehrere wichtige Ziele:<\/p>\n\n\n\n<p>Durch den Aufenthalt im Ausland werden Sprachkenntnisse vertieft und die interkulturelle Kommunikation gef\u00f6rdert. Teilnehmer:innen sollen ein besseres Verst\u00e4ndnis f\u00fcr andere Kulturen entwickeln und ihre sozialen und interkulturellen F\u00e4higkeiten ausbauen. Praktika und Jobshadowing bieten wertvolle Einblicke in internationale Berufsfelder und verbessern die beruflichen Chancen, Schulen und Bildungseinrichtungen sollen europaweit vernetzt werden, um gemeinsame Projekte und den Austausch bew\u00e4hrter Praktiken zu unterst\u00fctzen.<\/p>\n\n\n\n<p>Die HLW Hollabrunn ist sowohl im Bereich Schulbildung als auch Berufsbildung akkreditiert und hat dadurch die M\u00f6glichkeit, finanzielle Unterst\u00fctzung f\u00fcr Sch\u00fcler:innen und Lehrkr\u00e4fte zu beantragen. Mit der Teilnahme an Erasmus+ Projekten sollen Sch\u00fcler:innen bestm\u00f6glich auf die Herausforderungen einer globalisierten Welt vorbereitet werden.<\/p>\n\n\n\n<p>Durch die vielf\u00e4ltigen Erfahrungen im Ausland werden Kreativit\u00e4t, Offenheit und Anpassungsf\u00e4higkeit gef\u00f6rdert, und die Sch\u00fcler:innen werden motiviert, ihre Zukunft aktiv und selbstbewusst zu gestalten.<\/p>\n\n\n\n<p>Bei Fragen wende dich ans Erasmus+ Team: <a href=\"mailto:erasmus@hlwhollabrunn.ac.at\"><u>erasmus@hlwhollabrunn.ac.at<\/u><\/a><\/p>\n\n\n\n<hr class=\"wp-block-separator has-alpha-channel-opacity is-style-default\"\/>\n\n\n\n<div class=\"wp-block-media-text is-stacked-on-mobile\"><figure class=\"wp-block-media-text__media\"><img loading=\"lazy\" decoding=\"async\" width=\"936\" height=\"197\" src=\"https:\/\/hlwhollabrunn.ac.at\/web2\/wp-content\/uploads\/2024\/08\/Erasmus_Logo_Englisch-1-936x197.webp\" alt=\"Erasmus+\" class=\"wp-image-19784 size-full\" srcset=\"https:\/\/hlwhollabrunn.ac.at\/web2\/wp-content\/uploads\/2024\/08\/Erasmus_Logo_Englisch-1-936x197.webp 936w, https:\/\/hlwhollabrunn.ac.at\/web2\/wp-content\/uploads\/2024\/08\/Erasmus_Logo_Englisch-1-632x133.webp 632w, https:\/\/hlwhollabrunn.ac.at\/web2\/wp-content\/uploads\/2024\/08\/Erasmus_Logo_Englisch-1-200x42.webp 200w, https:\/\/hlwhollabrunn.ac.at\/web2\/wp-content\/uploads\/2024\/08\/Erasmus_Logo_Englisch-1-768x161.webp 768w, https:\/\/hlwhollabrunn.ac.at\/web2\/wp-content\/uploads\/2024\/08\/Erasmus_Logo_Englisch-1.webp 1200w\" sizes=\"auto, (max-width: 936px) 100vw, 936px\" \/><\/figure><div class=\"wp-block-media-text__content\">\n<p><em>\u201eVon der Europ\u00e4ischen Union finanziert. Die ge\u00e4u\u00dferten Ansichten und Meinungen entsprechen jedoch ausschlie\u00dflich denen des Autors bzw. der Autoren und spiegeln nicht zwingend die der Europ\u00e4ischen Union oder der OeAD-GmbH wider. Weder die Europ\u00e4ische Union noch die OeAD-GmbH k\u00f6nnen daf\u00fcr verantwortlich gemacht werden.\u201c<\/em><\/p>\n<\/div><\/div>\n","protected":false},"excerpt":{"rendered":"<p>M\u00f6chtest du internationale Bildungserfahrungen sammeln und deine Zukunft aktiv gestalten? Dann ist das Erasmus+ Programm genau das Richtige f\u00fcr dich! Was ist Erasmus+?&nbsp;Erasmus+ ist ein &#8230; <\/p>\n<p class=\"read-more-container\"><a title=\"Erasmus+\" class=\"read-more button\" href=\"https:\/\/hlwhollabrunn.ac.at\/web2\/erasmus\/#more-19780\" aria-label=\"Mehr Informationen \u00fcber Erasmus+\">Weiterlesen &#8230;<\/a><\/p>\n","protected":false},"author":1,"featured_media":0,"parent":0,"menu_order":0,"comment_status":"closed","ping_status":"closed","template":"","meta":{"_uag_custom_page_level_css":"","footnotes":""},"wf_page_folders":[123],"class_list":{"0":"post-19780","1":"page","2":"type-page","3":"status-publish","5":"no-featured-image-padding"},"uagb_featured_image_src":{"full":false,"thumbnail":false,"medium":false,"medium_large":false,"large":false,"1536x1536":false,"2048x2048":false,"sow-carousel-default":false},"uagb_author_info":{"display_name":"Leo Ertl - HLW Hollabrunn","author_link":"https:\/\/hlwhollabrunn.ac.at\/web2\/author\/leoertl_cupar_17\/"},"uagb_comment_info":0,"uagb_excerpt":"M\u00f6chtest du internationale Bildungserfahrungen sammeln und deine Zukunft aktiv gestalten? Dann ist das Erasmus+ Programm genau das Richtige f\u00fcr dich! Was ist Erasmus+?&nbsp;Erasmus+ ist ein ... Weiterlesen ...","_links":{"self":[{"href":"https:\/\/hlwhollabrunn.ac.at\/web2\/wp-json\/wp\/v2\/pages\/19780","targetHints":{"allow":["GET"]}}],"collection":[{"href":"https:\/\/hlwhollabrunn.ac.at\/web2\/wp-json\/wp\/v2\/pages"}],"about":[{"href":"https:\/\/hlwhollabrunn.ac.at\/web2\/wp-json\/wp\/v2\/types\/page"}],"author":[{"embeddable":true,"href":"https:\/\/hlwhollabrunn.ac.at\/web2\/wp-json\/wp\/v2\/users\/1"}],"replies":[{"embeddable":true,"href":"https:\/\/hlwhollabrunn.ac.at\/web2\/wp-json\/wp\/v2\/comments?post=19780"}],"version-history":[{"count":8,"href":"https:\/\/hlwhollabrunn.ac.at\/web2\/wp-json\/wp\/v2\/pages\/19780\/revisions"}],"predecessor-version":[{"id":19802,"href":"https:\/\/hlwhollabrunn.ac.at\/web2\/wp-json\/wp\/v2\/pages\/19780\/revisions\/19802"}],"wp:attachment":[{"href":"https:\/\/hlwhollabrunn.ac.at\/web2\/wp-json\/wp\/v2\/media?parent=19780"}],"wp:term":[{"taxonomy":"wf_page_folders","embeddable":true,"href":"https:\/\/hlwhollabrunn.ac.at\/web2\/wp-json\/wp\/v2\/wf_page_folders?post=19780"}],"curies":[{"name":"wp","href":"https:\/\/api.w.org\/{rel}","templated":true}]}}