{"id":1958,"date":"2021-10-03T07:34:49","date_gmt":"2021-10-03T05:34:49","guid":{"rendered":"https:\/\/www.dubisthlwhollabrunn.at\/?page_id=1958"},"modified":"2024-12-06T15:56:50","modified_gmt":"2024-12-06T14:56:50","slug":"datenschutzerklaerung","status":"publish","type":"page","link":"https:\/\/hlwhollabrunn.ac.at\/web2\/absolventenverein\/datenschutzerklaerung\/","title":{"rendered":"Datenschutzerkl\u00e4rung"},"content":{"rendered":"\n<h3 class=\"wp-block-heading\" id=\"verein-der-absolvent-innen-und-forderer-innen-der-hlw-hollabrunn\"><strong>Verein der Absolvent:innen und F\u00f6rderer:innen der HLW Hollabrunn<\/strong><\/h3>\n\n\n\n<p><strong>Information gem. Art. 13 DSGVO \u00fcber die Verwendung personenbezogener Daten\/Datenschutzerkl\u00e4rung<\/strong><\/p>\n\n\n\n<p>Mit meiner Unterschrift nehme ich zur Kenntnis, dass meine personenbezogenen Daten (Vorname, Nachname, Geburtsdatum, Adresse, PLZ, Ort, Stra\u00dfe, Haus-Nr., Abschlussjahr und -klasse, Telefonnummer, E-Mail-Adresse, Eintrittsdatum, Mitgliedschaft, eventuell Funktion) gem. Art 6 Abs 1 lit b auf vertraglicher Grundlage (Mitgliedschaft) innerhalb des Vereins elektronisch und manuell verarbeitet werden.<\/p>\n\n\n\n<p>Die Zwecke der Verarbeitung sind: organisatorische und fachliche Administration und finanzielle Abwicklung, Mitgliederverwaltung, Zusendung von Vereinsinformationen, Informationen zu Veranstaltungen, zur Mitgliedschaft bzw. Einladungen sowie Versand einer allf\u00e4lligen Vereinszeitschrift.<\/p>\n\n\n\n<p>Der Verein der Absolvent:innen und F\u00f6rderer:innen der H\u00f6heren Bundeslehranstalt f\u00fcr wirtschaftliche Berufe Hollabrunn, 2020 Hollabrunn, M\u00fchlgasse 35, www.hlwhollabrunn.ac.at, absolventen@hlwhollabrunn.ac.at, ist Verantwortlicher f\u00fcr die hier dargelegten Verarbeitungst\u00e4tigkeiten. Die Bereitstellung der Daten ist zur Erf\u00fcllung des Vereinszwecks gem\u00e4\u00df Statuten erforderlich, bei Nichtbereitstellung ist eine Mitgliedschaft im Verein nicht m\u00f6glich.<\/p>\n\n\n\n<p>Mit meiner Unterschrift nehme ich zur Kenntnis, dass im Zuge von Vereinsveranstaltungen Foto- bzw. Videoaufnahmen von mir zum Zweck der \u00d6ffentlichkeitsarbeit des Vereins angefertigt, zu diesem Zweck eingesetzt und via Live-Stream (\u00dcbertragung \u00fcber das Internet zum Zeitpunkt der Aufnahmen, keine Speicherung), via Internet (jederzeit weltweit durch jedermann abrufbar) und in sozialen Medien (jederzeit weltweit durch jedermann abrufbar) ver\u00f6ffentlicht werden k\u00f6nnen. Diese Verarbeitung ist gem\u00e4\u00df Art 6 Abs 1 lit f DSGVO zur Wahrung der berechtigten Interessen des Vereins erforderlich.<br>Die Verarbeitung dient ausschlie\u00dflich Marketingzwecken durch Ausn\u00fctzung moderner Medien unter Verwendung von Bild- und\/oder Videomaterial inkl. Audioaufnahmen und sichert auf essentielle Weise die Hauptt\u00e4tigkeiten der des Vereins. Die Verwendung erfolgt nur im f\u00fcr den Vereinszweck erforderlichen Ausma\u00df und in nachvollziehbarer Art und Weise sowie unter Einhaltung entsprechender technisch-organisatorischer Sicherheitsma\u00dfnahmen zum Schutz der Daten. Aus dieser Nutzung von Bild-\/Foto\/Videoaufnahmen k\u00f6nnen keine Rechte (z.B. Entgelt) abgeleitet werden.<\/p>\n\n\n\n<p>Personenbezogene Daten finden vom Verein nur f\u00fcr die dargelegten Zwecke Verwendung.<br>Bei Vereinsaustritt werden alle Daten, die auch nicht zur Geltendmachung, Aus\u00fcbung oder Verteidigung von Rechtsanspr\u00fcchen des Vereins ben\u00f6tigt werden und keine l\u00e4ngere Aufbewahrung der Daten gesetzlich angeordnet ist, sp\u00e4testens binnen drei Jahren ab Austritt gel\u00f6scht.<\/p>\n\n\n\n<p>Die Rechte im Zusammenhang mit datenschutzrechtlichen Vorschriften erstrecken sich auf das<\/p>\n\n\n\n<ul class=\"wp-block-list\"><li>Recht auf Auskunft<\/li><li>Recht auf Berichtigung<\/li><li>Recht auf L\u00f6schung<\/li><li>Recht auf Einschr\u00e4nkung<\/li><li>Recht auf Daten\u00fcbertragbarkeit und<\/li><li>Recht auf Wiederspruch gegen die Verarbeitung.<\/li><\/ul>\n\n\n\n<p>Des Weiteren stehen jedem Mitglied ein Beschwerderecht bei \u00d6sterreichischen Datenschutzbeh\u00f6rde zu:<br><a href=\"https:\/\/www.dsb.gv.at\">https:\/\/www.dsb.gv.at<\/a> 1080 Wien, Wickenburggasse 8, Tel.: +43 1 52152-0, E-Mail: dsb@dsb.gv.at.<br>Vollst\u00e4ndige und aktuelle Informationen zur Verarbeitung von personenbezogenen Daten sind immer der aktuellen Datenschutzerkl\u00e4rung auf der Vereins-Website zu entnehmen.<br>Ich akzeptiere mit meiner Unterschrift die Statuten des Absolvent:innen- und F\u00f6rderer:innen-Vereins der HLW Hollabrunn.<br>F\u00fcr alle Fragen zur Vereinsmitgliedschaft und zum Datenschutz <a href=\"mailto:absolventen@hlwhollabrunn.ac.at\">absolventen@hlwhollabrunn.ac.at<\/a>.<br><\/p>\n\n\n\n<p>Die Mitgliedschaft l\u00e4uft unbefristet und kann mit einer Frist von vier Wochen jeweils zum Monatsletzten eines jeden Kalendermonats schriftlich gek\u00fcndigt werden.<\/p>\n\n\n\n<hr class=\"wp-block-separator has-text-color has-background is-style-wide\" style=\"background-color:#1f96a2;color:#1f96a2\"\/>\n\n\n\n<h3 class=\"wp-block-heading\" id=\"kontaktdaten\">Kontaktdaten<\/h3>\n\n\n\n<p>M\u00fchlgasse 35, 2020 Hollabrunn, <a href=\"http:\/\/www.hlwhollabrunn.ac.at\">www.hlwhollabrunn.ac.at<\/a>, <a href=\"mailto:absolventen@hlwhollabrunn.ac.at\">absolventen@hlwhollabrunn.ac.at<br><\/a>ZVR-Zahl: 1697479186<\/p>\n","protected":false},"excerpt":{"rendered":"<p>Verein der Absolvent:innen und F\u00f6rderer:innen der HLW Hollabrunn Information gem. Art. 13 DSGVO \u00fcber die Verwendung personenbezogener Daten\/Datenschutzerkl\u00e4rung Mit meiner Unterschrift nehme ich zur Kenntnis, &#8230; <\/p>\n<p class=\"read-more-container\"><a title=\"Datenschutzerkl\u00e4rung\" class=\"read-more button\" href=\"https:\/\/hlwhollabrunn.ac.at\/web2\/absolventenverein\/datenschutzerklaerung\/#more-1958\" aria-label=\"Mehr Informationen \u00fcber Datenschutzerkl\u00e4rung\">Weiterlesen &#8230;<\/a><\/p>\n","protected":false},"author":1,"featured_media":0,"parent":1806,"menu_order":2,"comment_status":"closed","ping_status":"closed","template":"","meta":{"_uag_custom_page_level_css":"","footnotes":""},"wf_page_folders":[118],"class_list":{"0":"post-1958","1":"page","2":"type-page","3":"status-publish","5":"no-featured-image-padding"},"uagb_featured_image_src":{"full":false,"thumbnail":false,"medium":false,"medium_large":false,"large":false,"1536x1536":false,"2048x2048":false,"sow-carousel-default":false},"uagb_author_info":{"display_name":"Leo Ertl - HLW Hollabrunn","author_link":"https:\/\/hlwhollabrunn.ac.at\/web2\/author\/leoertl_cupar_17\/"},"uagb_comment_info":0,"uagb_excerpt":"Verein der Absolvent:innen und F\u00f6rderer:innen der HLW Hollabrunn Information gem. Art. 13 DSGVO \u00fcber die Verwendung personenbezogener Daten\/Datenschutzerkl\u00e4rung Mit meiner Unterschrift nehme ich zur Kenntnis, ... Weiterlesen ...","_links":{"self":[{"href":"https:\/\/hlwhollabrunn.ac.at\/web2\/wp-json\/wp\/v2\/pages\/1958","targetHints":{"allow":["GET"]}}],"collection":[{"href":"https:\/\/hlwhollabrunn.ac.at\/web2\/wp-json\/wp\/v2\/pages"}],"about":[{"href":"https:\/\/hlwhollabrunn.ac.at\/web2\/wp-json\/wp\/v2\/types\/page"}],"author":[{"embeddable":true,"href":"https:\/\/hlwhollabrunn.ac.at\/web2\/wp-json\/wp\/v2\/users\/1"}],"replies":[{"embeddable":true,"href":"https:\/\/hlwhollabrunn.ac.at\/web2\/wp-json\/wp\/v2\/comments?post=1958"}],"version-history":[{"count":3,"href":"https:\/\/hlwhollabrunn.ac.at\/web2\/wp-json\/wp\/v2\/pages\/1958\/revisions"}],"predecessor-version":[{"id":16789,"href":"https:\/\/hlwhollabrunn.ac.at\/web2\/wp-json\/wp\/v2\/pages\/1958\/revisions\/16789"}],"up":[{"embeddable":true,"href":"https:\/\/hlwhollabrunn.ac.at\/web2\/wp-json\/wp\/v2\/pages\/1806"}],"wp:attachment":[{"href":"https:\/\/hlwhollabrunn.ac.at\/web2\/wp-json\/wp\/v2\/media?parent=1958"}],"wp:term":[{"taxonomy":"wf_page_folders","embeddable":true,"href":"https:\/\/hlwhollabrunn.ac.at\/web2\/wp-json\/wp\/v2\/wf_page_folders?post=1958"}],"curies":[{"name":"wp","href":"https:\/\/api.w.org\/{rel}","templated":true}]}}