{"id":1906,"date":"2021-10-02T17:00:12","date_gmt":"2021-10-02T15:00:12","guid":{"rendered":"https:\/\/www.dubisthlwhollabrunn.at\/?page_id=1906"},"modified":"2025-10-06T16:28:03","modified_gmt":"2025-10-06T15:28:03","slug":"beitrittsformular","status":"publish","type":"page","link":"https:\/\/hlwhollabrunn.ac.at\/web2\/absolventenverein\/beitrittsformular\/","title":{"rendered":"Beitrittsformular"},"content":{"rendered":"\n<h5 class=\"wp-block-heading petrol sketch\" id=\"du-bist-absolventin-oder-absolvent-der-hlw-fw-hollabrunn-wir-freuen-uns-wenn-du-mit-uns-kontakt-aufnimmst-unser-beitrittsformular-ausfullst-und-mitglied-wirst\">Du bist Absolventin oder Absolvent der HLW | FW Hollabrunn?<\/h5>\n\n\n\n<p id=\"du-bist-absolventin-oder-absolvent-der-hlw-fw-hollabrunn-wir-freuen-uns-wenn-du-mit-uns-kontakt-aufnimmst-unser-beitrittsformular-ausfullst-und-mitglied-wirst\">Wir freuen uns, wenn du mit uns Kontakt aufnimmst, unser Beitrittsformular ausf\u00fcllst und Mitglied wirst.<\/p>\n\n\n\n<div class=\"wp-block-uagb-forms uagb-forms__outer-wrap uagb-block-c7342060 uagb-forms__medium-btn\"><form class=\"uagb-forms-main-form\" method=\"post\" autocomplete=\"on\" name=\"uagb-form-c7342060\">\n<div class=\"wp-block-uagb-forms-name uagb-forms-name-wrap uagb-forms-field-set uagb-block-05624bc1\"><div class=\"uagb-forms-name-label  uagb-forms-input-label\" id=\"05624bc1\">Anrede<\/div><input type=\"text\" placeholder=\"\" class=\"uagb-forms-name-input uagb-forms-input\" name=\"05624bc1\" autocomplete=\"given-name\"\/><\/div>\n\n\n\n<div class=\"wp-block-uagb-forms-name uagb-forms-name-wrap uagb-forms-field-set uagb-block-97a41ad4\"><div class=\"uagb-forms-name-label  uagb-forms-input-label\" id=\"97a41ad4\">Titel<\/div><input type=\"text\" placeholder=\"\" class=\"uagb-forms-name-input uagb-forms-input\" name=\"97a41ad4\" autocomplete=\"given-name\"\/><\/div>\n\n\n\n<div class=\"wp-block-uagb-forms-name uagb-forms-name-wrap uagb-forms-field-set uagb-block-dc6308cf\"><div class=\"uagb-forms-name-label  uagb-forms-input-label\" id=\"dc6308cf\">akademischer Grad vorangestellt<\/div><input type=\"text\" placeholder=\"\" class=\"uagb-forms-name-input uagb-forms-input\" name=\"dc6308cf\" autocomplete=\"given-name\"\/><\/div>\n\n\n\n<div class=\"wp-block-uagb-forms-name uagb-forms-name-wrap uagb-forms-field-set uagb-block-34e4eb04\"><div class=\"uagb-forms-name-label  uagb-forms-input-label\" id=\"34e4eb04\">akademischer Grad nachgestellt<\/div><input type=\"text\" placeholder=\"\" class=\"uagb-forms-name-input uagb-forms-input\" name=\"34e4eb04\" autocomplete=\"given-name\"\/><\/div>\n\n\n\n<div class=\"wp-block-uagb-forms-name uagb-forms-name-wrap uagb-forms-field-set uagb-block-35d84ea2\"><div class=\"uagb-forms-name-label required uagb-forms-input-label\" id=\"35d84ea2\">Vorname<\/div><input type=\"text\" placeholder=\"\" required class=\"uagb-forms-name-input uagb-forms-input\" name=\"35d84ea2\" autocomplete=\"given-name\"\/><\/div>\n\n\n\n<div class=\"wp-block-uagb-forms-name uagb-forms-name-wrap uagb-forms-field-set uagb-block-d1bf59d9\"><div class=\"uagb-forms-name-label required uagb-forms-input-label\" id=\"d1bf59d9\">Familienname<\/div><input type=\"text\" placeholder=\"\" required class=\"uagb-forms-name-input uagb-forms-input\" name=\"d1bf59d9\" autocomplete=\"family-name\"\/><\/div>\n\n\n\n<div class=\"wp-block-uagb-forms-name uagb-forms-name-wrap uagb-forms-field-set uagb-block-acf78625\"><div class=\"uagb-forms-name-label required uagb-forms-input-label\" id=\"acf78625\">lediger Name<\/div><input type=\"text\" placeholder=\"\" required class=\"uagb-forms-name-input uagb-forms-input\" name=\"acf78625\" autocomplete=\"family-name\"\/><\/div>\n\n\n\n<div class=\"wp-block-uagb-forms-name uagb-forms-name-wrap uagb-forms-field-set uagb-block-d69a71d1\"><div class=\"uagb-forms-name-label required uagb-forms-input-label\" id=\"d69a71d1\">Geburtsdatum<\/div><input type=\"text\" placeholder=\"\" required class=\"uagb-forms-name-input uagb-forms-input\" name=\"d69a71d1\" autocomplete=\"family-name\"\/><\/div>\n\n\n\n<div class=\"wp-block-uagb-forms-name uagb-forms-name-wrap uagb-forms-field-set uagb-block-11127680\"><div class=\"uagb-forms-name-label required uagb-forms-input-label\" id=\"11127680\">Stra\u00dfe\/Nr.<\/div><input type=\"text\" placeholder=\"\" required class=\"uagb-forms-name-input uagb-forms-input\" name=\"11127680\" autocomplete=\"family-name\"\/><\/div>\n\n\n\n<div class=\"wp-block-uagb-forms-name uagb-forms-name-wrap uagb-forms-field-set uagb-block-b1fb7e33\"><div class=\"uagb-forms-name-label required uagb-forms-input-label\" id=\"b1fb7e33\">PLZ\/Ort<\/div><input type=\"text\" placeholder=\"\" required class=\"uagb-forms-name-input uagb-forms-input\" name=\"b1fb7e33\" autocomplete=\"family-name\"\/><\/div>\n\n\n\n<div class=\"wp-block-uagb-forms-email uagb-forms-email-wrap uagb-forms-field-set uagb-block-f63719a0\"><div class=\"uagb-forms-email-label required uagb-forms-input-label\" id=\"f63719a0\">E-Mail-Adresse<\/div><input type=\"email\" class=\"uagb-forms-email-input uagb-forms-input\" placeholder=\"\" required name=\"f63719a0\" autocomplete=\"email\"\/><\/div>\n\n\n\n<div class=\"wp-block-uagb-forms-name uagb-forms-name-wrap uagb-forms-field-set uagb-block-ef71c9eb\"><div class=\"uagb-forms-name-label required uagb-forms-input-label\" id=\"ef71c9eb\">Telefon\/Mobil<\/div><input type=\"text\" placeholder=\"\" required class=\"uagb-forms-name-input uagb-forms-input\" name=\"ef71c9eb\" autocomplete=\"name\"\/><\/div>\n\n\n\n<div class=\"wp-block-uagb-forms-name uagb-forms-name-wrap uagb-forms-field-set uagb-block-a92c4c50\"><div class=\"uagb-forms-name-label required uagb-forms-input-label\" id=\"a92c4c50\">Abschlussjahr<\/div><input type=\"text\" placeholder=\"\" required class=\"uagb-forms-name-input uagb-forms-input\" name=\"a92c4c50\" autocomplete=\"name\"\/><\/div>\n\n\n\n<div class=\"wp-block-uagb-forms-name uagb-forms-name-wrap uagb-forms-field-set uagb-block-9f556968\"><div class=\"uagb-forms-name-label  uagb-forms-input-label\" id=\"9f556968\">Jahrgang\/Klasse<\/div><input type=\"text\" placeholder=\"\" class=\"uagb-forms-name-input uagb-forms-input\" name=\"9f556968\" autocomplete=\"name\"\/><\/div>\n\n\n\n<div class=\"wp-block-uagb-forms-name uagb-forms-name-wrap uagb-forms-field-set uagb-block-116983c3\"><div class=\"uagb-forms-name-label required uagb-forms-input-label\" id=\"116983c3\">Ausbildung\/Studium<\/div><input type=\"text\" placeholder=\"\" required class=\"uagb-forms-name-input uagb-forms-input\" name=\"116983c3\" autocomplete=\"name\"\/><\/div>\n\n\n\n<div class=\"wp-block-uagb-forms-name uagb-forms-name-wrap uagb-forms-field-set uagb-block-b673be28\"><div class=\"uagb-forms-name-label required uagb-forms-input-label\" id=\"b673be28\">Arbeitgeber\/Position<\/div><input type=\"text\" placeholder=\"\" required class=\"uagb-forms-name-input uagb-forms-input\" name=\"b673be28\" autocomplete=\"name\"\/><\/div>\n\n\n\n<div class=\"wp-block-uagb-forms-checkbox uagb-forms-checkbox-wrap uagb-forms-field-set uagb-block-dfade216\"><div class=\"uagb-forms-checkbox-label required uagb-forms-input-label\" id=\"dfade216\">Ich m\u00f6chte mit aktuellen Informationen \u00fcber den Absolventen- und F\u00f6rderverein der HLW Hollabrunn versorgt werden und stimme der Verwendung meines Vor- und Nachnamens und meiner Daten zu diesem Zweck zu (Zutreffendes bitte ankreuzen).<\/div><input type=\"checkbox\" class=\"uagb-forms-checkbox\" id=\"checkbox-ja-dfade216\" name=\"Ich m\u00f6chte mit aktuellen Informationen \u00fcber den Absolventen- und F\u00f6rderverein der HLW Hollabrunn versorgt werden und stimme der Verwendung meines Vor- und Nachnamens und meiner Daten zu diesem Zweck zu (Zutreffendes bitte ankreuzen).[]\" value=\"Ja\" required\/><label for=\"checkbox-ja-dfade216\">Ja<\/label><br\/><input type=\"checkbox\" class=\"uagb-forms-checkbox\" id=\"checkbox-nein-dfade216\" name=\"Ich m\u00f6chte mit aktuellen Informationen \u00fcber den Absolventen- und F\u00f6rderverein der HLW Hollabrunn versorgt werden und stimme der Verwendung meines Vor- und Nachnamens und meiner Daten zu diesem Zweck zu (Zutreffendes bitte ankreuzen).[]\" value=\"Nein\" required\/><label for=\"checkbox-nein-dfade216\">Nein<\/label><br\/><\/div>\n\n\n\n<div class=\"wp-block-uagb-forms-checkbox uagb-forms-checkbox-wrap uagb-forms-field-set uagb-block-2f6168af\"><div class=\"uagb-forms-checkbox-label required uagb-forms-input-label\" id=\"2f6168af\">Ich m\u00f6chte mit aktuellen Informationen \u00fcber den Absolventen- und F\u00f6rderverein der HLW Hollabrunn versorgt werden und stimme der Verwendung meines Vor- und Nachnamens und meiner Daten zu diesem Zweck zu (Zutreffendes bitte ankreuzen).<\/div><input type=\"checkbox\" class=\"uagb-forms-checkbox\" id=\"checkbox-ja-2f6168af\" name=\"Ich m\u00f6chte mit aktuellen Informationen \u00fcber den Absolventen- und F\u00f6rderverein der HLW Hollabrunn versorgt werden und stimme der Verwendung meines Vor- und Nachnamens und meiner Daten zu diesem Zweck zu (Zutreffendes bitte ankreuzen).[]\" value=\"Ja\" required\/><label for=\"checkbox-ja-2f6168af\">Ja<\/label><br\/><input type=\"checkbox\" class=\"uagb-forms-checkbox\" id=\"checkbox-nein-2f6168af\" name=\"Ich m\u00f6chte mit aktuellen Informationen \u00fcber den Absolventen- und F\u00f6rderverein der HLW Hollabrunn versorgt werden und stimme der Verwendung meines Vor- und Nachnamens und meiner Daten zu diesem Zweck zu (Zutreffendes bitte ankreuzen).[]\" value=\"Nein\" required\/><label for=\"checkbox-nein-2f6168af\">Nein<\/label><br\/><\/div>\n\n\n\n<div class=\"wp-block-uagb-forms-checkbox uagb-forms-checkbox-wrap uagb-forms-field-set uagb-block-b6a21336\"><div class=\"uagb-forms-checkbox-label required uagb-forms-input-label\" id=\"b6a21336\">Ich habe die Informationen gem. Art. 13 DSGVO \u00fcber die Verwendung personenbezogener Daten, die auf der Website gepostet sind, gelesen und akzeptiere diese.<\/div><input type=\"checkbox\" class=\"uagb-forms-checkbox\" id=\"checkbox-ja-b6a21336\" name=\"Ich habe die Informationen gem. Art. 13 DSGVO \u00fcber die Verwendung personenbezogener Daten, die auf der Website gepostet sind, gelesen und akzeptiere diese.[]\" value=\"Ja\" required\/><label for=\"checkbox-ja-b6a21336\">Ja<\/label><br\/><\/div>\n\n\n\n<div class=\"wp-block-uagb-forms-name uagb-forms-name-wrap uagb-forms-field-set uagb-block-92a4c71f\"><div class=\"uagb-forms-name-label required uagb-forms-input-label\" id=\"92a4c71f\">Datum<\/div><input type=\"text\" placeholder=\"\" required class=\"uagb-forms-name-input uagb-forms-input\" name=\"92a4c71f\" autocomplete=\"name\"\/><\/div>\n<div class=\"uagb-forms-form-hidden-data\"><input type=\"hidden\" class=\"uagb_forms_form_label\" value=\"Spectra Form\"\/><input type=\"hidden\" class=\"uagb_forms_form_id\" value=\"uagb-form-c7342060\"\/><\/div><div class=\"uagb-form-reacaptcha-error-c7342060\"><\/div><div class=\"uagb-forms-main-submit-button-wrap wp-block-button\"><button class=\"uagb-forms-main-submit-button wp-block-button__link\"><div class=\"uagb-forms-main-submit-button-text\">Absenden<\/div><\/button><\/div><\/form><div class=\"uagb-forms-success-message-c7342060 uagb-forms-submit-message-hide\"><span>The form has been submitted successfully!<\/span><\/div><div class=\"uagb-forms-failed-message-c7342060 uagb-forms-submit-message-hide\"><span>There has been some error while submitting the form. Please verify all form fields again.<\/span><\/div><\/div>\n\n\n\n<hr class=\"wp-block-separator has-text-color has-css-opacity has-background is-style-wide\" style=\"background-color:#1f96a2;color:#1f96a2\"\/>\n\n\n\n<div class=\"wp-block-buttons is-layout-flex wp-block-buttons-is-layout-flex\">\n<div class=\"wp-block-button has-custom-width wp-block-button__width-75 is-style-outline is-style-outline--1\"><a class=\"wp-block-button__link has-white-color has-text-color has-background has-medium-font-size has-custom-font-size wp-element-button\" href=\"https:\/\/forms.office.com\/Pages\/ResponsePage.aspx?id=dy7CRJOZ00ydfZf9UCol8k1qZIaKxI5PvmEdl4YrUIBUNlRNREVVRE5XRjZTS0lGVTZEVzlTRVRZQS4u\" style=\"background-color:#1f96a2\" target=\"_blank\" rel=\"noreferrer noopener\">Beitrittsformular f\u00fcr das HANDY<\/a><\/div>\n<\/div>\n\n\n\n<div class=\"wp-block-group alignwide\"><div class=\"wp-block-group__inner-container is-layout-constrained wp-block-group-is-layout-constrained\">\n<div class=\"wp-block-columns alignwide is-layout-flex wp-container-core-columns-is-layout-9d6595d7 wp-block-columns-is-layout-flex\">\n<div class=\"wp-block-column is-layout-flow wp-block-column-is-layout-flow\" style=\"flex-basis:50%\">\n<div class=\"wp-block-uagb-image alignright uagb-block-b3cf8578 wp-block-uagb-image--layout-default wp-block-uagb-image--effect-static wp-block-uagb-image--align-right is-resized is-style-default\"><figure class=\"wp-block-uagb-image__figure\"><a class=\"\" href=\"https:\/\/hlwhollabrunn.ac.at\/web2\/wp-content\/uploads\/2022\/02\/QR-Code-Beitrittsformular_Absolventen-1-640x640-1.png\" target=\"\" rel=\"noopener\"><img decoding=\"async\"  sizes=\"auto, (max-width: 480px) 150px\" src=\"https:\/\/hlwhollabrunn.ac.at\/web2\/wp-content\/uploads\/2022\/02\/QR-Code-Beitrittsformular_Absolventen-1-640x640-1.png\" alt=\"\" width=\"310\" height=\"310\" title=\"\" loading=\"lazy\" role=\"img\"\/><\/a><\/figure><\/div>\n<\/div>\n<\/div>\n<\/div><\/div>\n\n\n\n<hr class=\"wp-block-separator has-text-color has-css-opacity has-background is-style-wide\" style=\"background-color:#1f96a2;color:#1f96a2\"\/>\n\n\n\n<h3 class=\"wp-block-heading\" id=\"du-mochtest-die-beitrittserklarung-downloaden\">Du m\u00f6chtest die Beitrittserkl\u00e4rung downloaden?<\/h3>\n\n\n\n<p>Sende das ausgef\u00fcllte Formular bitte an:<br><a href=\"mailto:absolventen@hlwhollabrunn.ac.at\">absolventen@hlwhollabrunn.ac.at<\/a><\/p>\n\n\n\n<div class=\"wp-block-buttons is-layout-flex wp-block-buttons-is-layout-flex\">\n<div class=\"wp-block-button has-custom-width wp-block-button__width-75 is-style-outline is-style-outline--2\"><a class=\"wp-block-button__link has-white-color has-text-color has-background has-medium-font-size has-custom-font-size wp-element-button\" href=\"https:\/\/hlwhollabrunn.ac.at\/web2\/wp-content\/uploads\/2022\/02\/beitritt_docx.docx\" style=\"background-color:#1f96a2\" target=\"_blank\" rel=\"noreferrer noopener\">Beitrittsformular (Bildschirmformular) downloaden<\/a><\/div>\n\n\n\n<div class=\"wp-block-button has-custom-width wp-block-button__width-75 is-style-outline is-style-outline--3\"><a class=\"wp-block-button__link has-white-color has-text-color has-background has-medium-font-size has-custom-font-size wp-element-button\" href=\"https:\/\/hlwhollabrunn.ac.at\/web2\/wp-content\/uploads\/2022\/02\/beitritt_pdf.pdf\" style=\"background-color:#1f96a2\" target=\"_blank\" rel=\"noreferrer noopener\">Beitrittsformular (PDF-Datei) downloaden<\/a><\/div>\n<\/div>\n\n\n\n<p><\/p>\n","protected":false},"excerpt":{"rendered":"<p>Du bist Absolventin oder Absolvent der HLW | FW Hollabrunn? Wir freuen uns, wenn du mit uns Kontakt aufnimmst, unser Beitrittsformular ausf\u00fcllst und Mitglied wirst. &#8230; <\/p>\n<p class=\"read-more-container\"><a title=\"Beitrittsformular\" class=\"read-more button\" href=\"https:\/\/hlwhollabrunn.ac.at\/web2\/absolventenverein\/beitrittsformular\/#more-1906\" aria-label=\"Mehr Informationen \u00fcber Beitrittsformular\">Weiterlesen &#8230;<\/a><\/p>\n","protected":false},"author":1,"featured_media":0,"parent":1806,"menu_order":3,"comment_status":"closed","ping_status":"closed","template":"","meta":{"_uag_custom_page_level_css":"","footnotes":""},"wf_page_folders":[118],"class_list":{"0":"post-1906","1":"page","2":"type-page","3":"status-publish","5":"no-featured-image-padding"},"uagb_featured_image_src":{"full":false,"thumbnail":false,"medium":false,"medium_large":false,"large":false,"1536x1536":false,"2048x2048":false,"sow-carousel-default":false},"uagb_author_info":{"display_name":"Leo Ertl - HLW Hollabrunn","author_link":"https:\/\/hlwhollabrunn.ac.at\/web2\/author\/leoertl_cupar_17\/"},"uagb_comment_info":0,"uagb_excerpt":"Du bist Absolventin oder Absolvent der HLW | FW Hollabrunn? Wir freuen uns, wenn du mit uns Kontakt aufnimmst, unser Beitrittsformular ausf\u00fcllst und Mitglied wirst. ... Weiterlesen ...","_links":{"self":[{"href":"https:\/\/hlwhollabrunn.ac.at\/web2\/wp-json\/wp\/v2\/pages\/1906","targetHints":{"allow":["GET"]}}],"collection":[{"href":"https:\/\/hlwhollabrunn.ac.at\/web2\/wp-json\/wp\/v2\/pages"}],"about":[{"href":"https:\/\/hlwhollabrunn.ac.at\/web2\/wp-json\/wp\/v2\/types\/page"}],"author":[{"embeddable":true,"href":"https:\/\/hlwhollabrunn.ac.at\/web2\/wp-json\/wp\/v2\/users\/1"}],"replies":[{"embeddable":true,"href":"https:\/\/hlwhollabrunn.ac.at\/web2\/wp-json\/wp\/v2\/comments?post=1906"}],"version-history":[{"count":23,"href":"https:\/\/hlwhollabrunn.ac.at\/web2\/wp-json\/wp\/v2\/pages\/1906\/revisions"}],"predecessor-version":[{"id":21253,"href":"https:\/\/hlwhollabrunn.ac.at\/web2\/wp-json\/wp\/v2\/pages\/1906\/revisions\/21253"}],"up":[{"embeddable":true,"href":"https:\/\/hlwhollabrunn.ac.at\/web2\/wp-json\/wp\/v2\/pages\/1806"}],"wp:attachment":[{"href":"https:\/\/hlwhollabrunn.ac.at\/web2\/wp-json\/wp\/v2\/media?parent=1906"}],"wp:term":[{"taxonomy":"wf_page_folders","embeddable":true,"href":"https:\/\/hlwhollabrunn.ac.at\/web2\/wp-json\/wp\/v2\/wf_page_folders?post=1906"}],"curies":[{"name":"wp","href":"https:\/\/api.w.org\/{rel}","templated":true}]}}