{"id":18541,"date":"2023-05-26T05:44:21","date_gmt":"2023-05-26T04:44:21","guid":{"rendered":"https:\/\/hlwhollabrunn.ac.at\/web2\/?page_id=18541"},"modified":"2024-03-20T20:54:55","modified_gmt":"2024-03-20T19:54:55","slug":"umweltzeichen","status":"publish","type":"page","link":"https:\/\/hlwhollabrunn.ac.at\/web2\/umweltzeichen\/","title":{"rendered":"Das Umweltzeichen an der HLW Hollabrunn"},"content":{"rendered":"\n<p><strong>Seit 2012 ist die HLW Hollabrunn Tr\u00e4ger des \u00d6sterreichischen Umweltzeichens. Mit der Verleihung dieser Auszeichnung wird der Schule ein auf Qualit\u00e4t ausgerichtetes Bildungsangebot best\u00e4tigt, in dem auch umweltorientierter Unterricht und ein \u00f6kologisches Bildungsumfeld Themen sind.<\/strong><\/p>\n\n\n\n<figure class=\"wp-block-image size-full\"><img loading=\"lazy\" decoding=\"async\" width=\"936\" height=\"585\" src=\"https:\/\/hlwhollabrunn.ac.at\/web2\/wp-content\/uploads\/2024\/03\/bb_umweltzeichen.webp\" alt=\"Umweltzeichen an der HLW Hollabrunn\" class=\"wp-image-19272\" srcset=\"https:\/\/hlwhollabrunn.ac.at\/web2\/wp-content\/uploads\/2024\/03\/bb_umweltzeichen.webp 936w, https:\/\/hlwhollabrunn.ac.at\/web2\/wp-content\/uploads\/2024\/03\/bb_umweltzeichen-632x395.webp 632w, https:\/\/hlwhollabrunn.ac.at\/web2\/wp-content\/uploads\/2024\/03\/bb_umweltzeichen-200x125.webp 200w, https:\/\/hlwhollabrunn.ac.at\/web2\/wp-content\/uploads\/2024\/03\/bb_umweltzeichen-768x480.webp 768w\" sizes=\"auto, (max-width: 936px) 100vw, 936px\" \/><\/figure>\n\n\n\n<p>Dieses erhalten vor allem Schulen, aber auch Bildungseinrichtungen, die sich besonders f\u00fcr die Bereiche Umweltbewusstsein, Gesundheit, Energie, Au\u00dfenraumgestaltung, Nachhaltigkeit etc. einsetzen.<\/p>\n\n\n\n<h3 class=\"wp-block-heading\">Was zeichnet unsere Schule aus?<\/h3>\n\n\n\n<ol class=\"wp-block-list\">\n<li>Qualit\u00e4tsmanagement<br>Unsere Schule hat ein \u00f6kologisches Schulprogramm und ein Leitbild. Wir befinden uns in einem kontinuierlichen Verbesserungsprozess, erm\u00f6glichen Feedback, binden die Sch\u00fcler:innen, Eltern und das Personal in Planungen und Umsetzung ein. Durch F\u00f6rderung der Weiterbildung von Lehrer:innen und Mitarbeiter:innen werden neue Impulse gesetzt.<\/li>\n\n\n\n<li>Lust auf gemeinsames Lernen<br>Wissen wird zus\u00e4tzlich zum Fachunterricht, aktiv in Form von Projekten, Exkursionen oder Informationsveranstaltungen vermittelt. Die Sch\u00fcler:innen erhalten damit die M\u00f6glichkeit sich selbstst\u00e4ndig mit den Lehrinhalten auseinanderzusetzen. Unsere Zusatzangebote tragen dazu bei, individuelle Begabungen und Interessen zu wecken und zu f\u00f6rdern.<\/li>\n\n\n\n<li>Gesundheitsf\u00f6rderung<br>Unserer Schule ist ein gesundes und soziales Arbeitsklima ein wichtiges Anliegen. Besonderes Augenmerk gilt dabei der tats\u00e4chlichen Umsetzung von gesundheitsf\u00f6rdernden Ma\u00dfnahmen. Im Rahmen der Aktion \u201eKlassenfit\u201c beispielsweise lernen die Sch\u00fcler:innen in den ersten Jahrg\u00e4ngen, wie sie durch kurze Fitness\u00fcbungen einfach und schnell ihre Konzentrationsf\u00e4higkeit trainieren k\u00f6nnen.<\/li>\n\n\n\n<li>Effiziente Nutzung von Energie, Wasser oder Papier<br>An unserer Schule setzen sich das Lehrerteam, die Mitarbeiter:innen und die Sch\u00fcler:innen mit ihrem Ressourcenbedarf auseinander und entwickeln gemeinsame L\u00f6sungswege f\u00fcr<br>\u00f6konomische Verbesserungen.<\/li>\n\n\n\n<li>F\u00f6rderung der Nachhaltigkeit<br>Als mit dem Umweltzeichen ausgezeichnete Schule wollen wir alle am Schulleben Beteiligten dazu anregen, f\u00fcr sich und ihr Handeln Verantwortung zu \u00fcbernehmen und \u00fcber den Schulalltag hinaus im Sinne einer nachhaltigen Zukunft aktiv zu werden.<br>Mit dem \u00d6sterreichische Umweltzeichen wird das Wissen und Handeln zu Umweltschutz, Klimaschutz, Gesundheit und Bildungsqualit\u00e4t in Schulen gef\u00f6rdert.<\/li>\n<\/ol>\n\n\n\n<h3 class=\"wp-block-heading\">Wof\u00fcr steht das Umweltzeichen an unserer Schule?<\/h3>\n\n\n\n<ul class=\"wp-block-list\">\n<li>f\u00fcr den Wohlf\u00fchlfaktor an unserer Schule<\/li>\n\n\n\n<li>f\u00fcr ein besseres Lernklima<\/li>\n\n\n\n<li>f\u00fcr Teamarbeit und gute Kommunikation zwischen Lehrenden und Lernenden<\/li>\n\n\n\n<li>f\u00fcr die kreative Gestaltung unserer Klassenr\u00e4ume<\/li>\n\n\n\n<li>f\u00fcr die Einsparungen von Wasser, Energie, Papier und Kopierkosten<\/li>\n\n\n\n<li>f\u00fcr die richtige Trennung, Entsorgung und Reduktion von M\u00fcll<\/li>\n\n\n\n<li>f\u00fcr das Angebot an regionalen &amp; biologischen Produkten bei Buffet und Mittagessen<\/li>\n\n\n\n<li>f\u00fcr die sportliche Jugend<\/li>\n\n\n\n<li>f\u00fcr die Hinf\u00fchrung zu nachhaltigem Denken und Handeln<\/li>\n<\/ul>\n\n\n\n<p>Wir fokussieren uns auf die Ziele der Agenda 2030, um genau zu sein, auf die Erreichung der sogenannten Sustainable Development Goals oder Nachhaltigkeitsziele. Ziel ist es, dass alle am schulischen Alltag beteiligten Personengruppen, die \u00f6kologische Verantwortung zum Schutz einer lebenswerten Umwelt ernst nehmen und nachhaltige wirtschaftliche, soziale und \u00f6kologische Entwicklungen vorantreiben.<\/p>\n\n\n\n<p>Im Lehrerteam sind Marion Hofmann (Direktorin), Melanie Bayer-Prix (Gesamtkoordination), Katharina Eckl (Ern\u00e4hrung; Abfall), Daniel Hasenzagl (UDLM; Umwelttag), Anna Zimmerl (P\u00e4dagogik), Ulrike Huber (UDLM; Umwelttag), Katharina Eigner (Sport) und Claudia B\u00f6hm (Verkehr, Energie) die Hauptverantwortlichen im jeweiligen Bereich. Sie koordinieren und dokumentieren die Aktivit\u00e4ten im Sinne des Umweltzeichens.<\/p>\n\n\n\n<p>Von Sch\u00fcler:innen-Seite sind heuer Pia Hess, Julian Loidolt, Lena Stadler, Magdalena Brunner, Emma Schulz, Lisa Zakostelsky, Karina Gschladt, Karin Groihs, Stefanie Loicht, Lisa Uitz, Ruby Fangmeyer, Simone Treu Simon, Kohl, Christina Pfeifer, Celine Schallgruber, Magdalena Lifka und Laura Widhalm f\u00fcr das Umweltzeichen und damit verbundene Projekte im UDLM- Unterricht verantwortlich. Auch das Schulsprecher:innen-Team tr\u00e4gt Entscheidungen mit und bringt Ideen ein.<\/p>\n\n\n\n<p>Die Elternvertreter:innen Stefan Gamper, Christina Sattler und Andrea Gr\u00e4f unterst\u00fctzen die Belange des Umweltzeichens im SGA.<\/p>\n\n\n\n<p>Unsere Schulwartin Anna Sienel ist eine wichtige Ansprechpartnerin in den Bereichen Beschaffung, Reinigung, Chemie, Verkehr und Au\u00dfenanlage.<\/p>\n\n\n\n<p>Birgit Hogl ist als Rechnungsf\u00fchrerin f\u00fcr die Beschaffung von Materialien im Sinne des Umweltzeichens verantwortlich und beh\u00e4lt alle Daten im \u00dcberblick.<\/p>\n\n\n\n<figure class=\"wp-block-embed is-type-video is-provider-youtube wp-block-embed-youtube wp-embed-aspect-16-9 wp-has-aspect-ratio\"><div class=\"wp-block-embed__wrapper\">\n<iframe loading=\"lazy\" title=\"Umweltzeichen\" width=\"1200\" height=\"675\" src=\"https:\/\/www.youtube.com\/embed\/HC5AfoUIkmY?feature=oembed\" frameborder=\"0\" allow=\"accelerometer; autoplay; clipboard-write; encrypted-media; gyroscope; picture-in-picture; web-share\" allowfullscreen><\/iframe>\n<\/div><\/figure>\n","protected":false},"excerpt":{"rendered":"<p>Seit 2012 ist die HLW Hollabrunn Tr\u00e4ger des \u00d6sterreichischen Umweltzeichens. Mit der Verleihung dieser Auszeichnung wird der Schule ein auf Qualit\u00e4t ausgerichtetes Bildungsangebot best\u00e4tigt, in &#8230; <\/p>\n<p class=\"read-more-container\"><a title=\"Das Umweltzeichen an der HLW Hollabrunn\" class=\"read-more button\" href=\"https:\/\/hlwhollabrunn.ac.at\/web2\/umweltzeichen\/#more-18541\" aria-label=\"Mehr Informationen \u00fcber Das Umweltzeichen an der HLW Hollabrunn\">Weiterlesen &#8230;<\/a><\/p>\n","protected":false},"author":1,"featured_media":0,"parent":0,"menu_order":0,"comment_status":"closed","ping_status":"closed","template":"","meta":{"_uag_custom_page_level_css":"","footnotes":""},"wf_page_folders":[115],"class_list":{"0":"post-18541","1":"page","2":"type-page","3":"status-publish","5":"no-featured-image-padding"},"uagb_featured_image_src":{"full":false,"thumbnail":false,"medium":false,"medium_large":false,"large":false,"1536x1536":false,"2048x2048":false,"sow-carousel-default":false},"uagb_author_info":{"display_name":"Leo Ertl - HLW Hollabrunn","author_link":"https:\/\/hlwhollabrunn.ac.at\/web2\/author\/leoertl_cupar_17\/"},"uagb_comment_info":0,"uagb_excerpt":"Seit 2012 ist die HLW Hollabrunn Tr\u00e4ger des \u00d6sterreichischen Umweltzeichens. Mit der Verleihung dieser Auszeichnung wird der Schule ein auf Qualit\u00e4t ausgerichtetes Bildungsangebot best\u00e4tigt, in ... Weiterlesen ...","_links":{"self":[{"href":"https:\/\/hlwhollabrunn.ac.at\/web2\/wp-json\/wp\/v2\/pages\/18541","targetHints":{"allow":["GET"]}}],"collection":[{"href":"https:\/\/hlwhollabrunn.ac.at\/web2\/wp-json\/wp\/v2\/pages"}],"about":[{"href":"https:\/\/hlwhollabrunn.ac.at\/web2\/wp-json\/wp\/v2\/types\/page"}],"author":[{"embeddable":true,"href":"https:\/\/hlwhollabrunn.ac.at\/web2\/wp-json\/wp\/v2\/users\/1"}],"replies":[{"embeddable":true,"href":"https:\/\/hlwhollabrunn.ac.at\/web2\/wp-json\/wp\/v2\/comments?post=18541"}],"version-history":[{"count":11,"href":"https:\/\/hlwhollabrunn.ac.at\/web2\/wp-json\/wp\/v2\/pages\/18541\/revisions"}],"predecessor-version":[{"id":19377,"href":"https:\/\/hlwhollabrunn.ac.at\/web2\/wp-json\/wp\/v2\/pages\/18541\/revisions\/19377"}],"wp:attachment":[{"href":"https:\/\/hlwhollabrunn.ac.at\/web2\/wp-json\/wp\/v2\/media?parent=18541"}],"wp:term":[{"taxonomy":"wf_page_folders","embeddable":true,"href":"https:\/\/hlwhollabrunn.ac.at\/web2\/wp-json\/wp\/v2\/wf_page_folders?post=18541"}],"curies":[{"name":"wp","href":"https:\/\/api.w.org\/{rel}","templated":true}]}}