{"id":18530,"date":"2023-05-26T05:31:08","date_gmt":"2023-05-26T04:31:08","guid":{"rendered":"https:\/\/hlwhollabrunn.ac.at\/web2\/?page_id=18530"},"modified":"2024-06-12T07:51:04","modified_gmt":"2024-06-12T06:51:04","slug":"singende-klingende-schule","status":"publish","type":"page","link":"https:\/\/hlwhollabrunn.ac.at\/web2\/highlights\/auszeichnungen\/singende-klingende-schule\/","title":{"rendered":"Singende klingende Schule"},"content":{"rendered":"\n<div class=\"wp-block-columns is-layout-flex wp-container-core-columns-is-layout-9d6595d7 wp-block-columns-is-layout-flex\">\n<div class=\"wp-block-column is-layout-flow wp-block-column-is-layout-flow\">\n<figure class=\"wp-block-image size-full\"><img loading=\"lazy\" decoding=\"async\" width=\"618\" height=\"600\" src=\"https:\/\/hlwhollabrunn.ac.at\/web2\/wp-content\/uploads\/2023\/05\/01_Singende_Klingende_Schule.webp\" alt=\"Singende klingende Schule\" class=\"wp-image-18532\" srcset=\"https:\/\/hlwhollabrunn.ac.at\/web2\/wp-content\/uploads\/2023\/05\/01_Singende_Klingende_Schule.webp 618w, https:\/\/hlwhollabrunn.ac.at\/web2\/wp-content\/uploads\/2023\/05\/01_Singende_Klingende_Schule-200x194.webp 200w\" sizes=\"auto, (max-width: 618px) 100vw, 618px\" \/><\/figure>\n<\/div>\n\n\n\n<div class=\"wp-block-column is-layout-flow wp-block-column-is-layout-flow\">\n<p><strong>HLW Hollabrunn wurde erstmalig mit dem G\u00fctesiegel &#8222;Singende klingende Schule&#8220; in GOLD ausgezeichnet<\/strong><\/p>\n\n\n\n<p>Nachdem der HLW Hollabrunn bereits f\u00fcnf Mal in Folge das G\u00fctesiegel \u201eSINGENDE-KLINGENDE-SCHULE. Musik und Kreativit\u00e4t\u201c von der Bildungsdirektion f\u00fcr Nieder\u00f6sterreich in Kooperation mit dem Land N\u00d6 verliehen wurde, durfte sie sich heuer erstmalig \u00fcber diese Auszeichnung in&nbsp;<strong>GOLD&nbsp;<\/strong>freuen.<\/p>\n\n\n\n<p>Mag. Michael Wirthner und Frau Dir. Mag. Marion Hofmann nahmen am 29.5.2024 die Urkunde von Landesr\u00e4tin Mag. Christiane Teschl-Hofmeister, Bildungsdirektor HR Mag. Karl Fritthum und Mag. Andreas Gruber, Fachinspektor f\u00fcr Musik und Kreativit\u00e4t, in St. P\u00f6lten entgegen.&nbsp;<\/p>\n\n\n\n<p>Wir freuen uns \u00fcber diese besondere Auszeichnung f\u00fcr unsere musikalischen Leistungen im Schuljahr 2023\/24 und sind stolz auf unsere musikalischen Talente.<\/p>\n<\/div>\n<\/div>\n","protected":false},"excerpt":{"rendered":"<p>HLW Hollabrunn wurde erstmalig mit dem G\u00fctesiegel &#8222;Singende klingende Schule&#8220; in GOLD ausgezeichnet Nachdem der HLW Hollabrunn bereits f\u00fcnf Mal in Folge das G\u00fctesiegel \u201eSINGENDE-KLINGENDE-SCHULE. &#8230; <\/p>\n<p class=\"read-more-container\"><a title=\"Singende klingende Schule\" class=\"read-more button\" href=\"https:\/\/hlwhollabrunn.ac.at\/web2\/highlights\/auszeichnungen\/singende-klingende-schule\/#more-18530\" aria-label=\"Mehr Informationen \u00fcber Singende klingende Schule\">Weiterlesen &#8230;<\/a><\/p>\n","protected":false},"author":1,"featured_media":0,"parent":18481,"menu_order":0,"comment_status":"closed","ping_status":"closed","template":"","meta":{"_uag_custom_page_level_css":"","footnotes":""},"wf_page_folders":[115],"class_list":{"0":"post-18530","1":"page","2":"type-page","3":"status-publish","5":"no-featured-image-padding"},"uagb_featured_image_src":{"full":false,"thumbnail":false,"medium":false,"medium_large":false,"large":false,"1536x1536":false,"2048x2048":false,"sow-carousel-default":false},"uagb_author_info":{"display_name":"Leo Ertl - HLW Hollabrunn","author_link":"https:\/\/hlwhollabrunn.ac.at\/web2\/author\/leoertl_cupar_17\/"},"uagb_comment_info":0,"uagb_excerpt":"HLW Hollabrunn wurde erstmalig mit dem G\u00fctesiegel &#8222;Singende klingende Schule&#8220; in GOLD ausgezeichnet Nachdem der HLW Hollabrunn bereits f\u00fcnf Mal in Folge das G\u00fctesiegel \u201eSINGENDE-KLINGENDE-SCHULE. ... Weiterlesen ...","_links":{"self":[{"href":"https:\/\/hlwhollabrunn.ac.at\/web2\/wp-json\/wp\/v2\/pages\/18530","targetHints":{"allow":["GET"]}}],"collection":[{"href":"https:\/\/hlwhollabrunn.ac.at\/web2\/wp-json\/wp\/v2\/pages"}],"about":[{"href":"https:\/\/hlwhollabrunn.ac.at\/web2\/wp-json\/wp\/v2\/types\/page"}],"author":[{"embeddable":true,"href":"https:\/\/hlwhollabrunn.ac.at\/web2\/wp-json\/wp\/v2\/users\/1"}],"replies":[{"embeddable":true,"href":"https:\/\/hlwhollabrunn.ac.at\/web2\/wp-json\/wp\/v2\/comments?post=18530"}],"version-history":[{"count":5,"href":"https:\/\/hlwhollabrunn.ac.at\/web2\/wp-json\/wp\/v2\/pages\/18530\/revisions"}],"predecessor-version":[{"id":19656,"href":"https:\/\/hlwhollabrunn.ac.at\/web2\/wp-json\/wp\/v2\/pages\/18530\/revisions\/19656"}],"up":[{"embeddable":true,"href":"https:\/\/hlwhollabrunn.ac.at\/web2\/wp-json\/wp\/v2\/pages\/18481"}],"wp:attachment":[{"href":"https:\/\/hlwhollabrunn.ac.at\/web2\/wp-json\/wp\/v2\/media?parent=18530"}],"wp:term":[{"taxonomy":"wf_page_folders","embeddable":true,"href":"https:\/\/hlwhollabrunn.ac.at\/web2\/wp-json\/wp\/v2\/wf_page_folders?post=18530"}],"curies":[{"name":"wp","href":"https:\/\/api.w.org\/{rel}","templated":true}]}}