{"id":18520,"date":"2023-05-26T05:17:03","date_gmt":"2023-05-26T04:17:03","guid":{"rendered":"https:\/\/hlwhollabrunn.ac.at\/web2\/?page_id=18520"},"modified":"2023-05-26T05:30:06","modified_gmt":"2023-05-26T04:30:06","slug":"eeducation-expert-schule","status":"publish","type":"page","link":"https:\/\/hlwhollabrunn.ac.at\/web2\/highlights\/auszeichnungen\/eeducation-expert-schule\/","title":{"rendered":"eEducation EXPERT+.SCHULE"},"content":{"rendered":"\n<figure class=\"wp-block-image size-large\"><img loading=\"lazy\" decoding=\"async\" width=\"936\" height=\"572\" src=\"https:\/\/hlwhollabrunn.ac.at\/web2\/wp-content\/uploads\/2023\/05\/02_expert_plus-936x572.webp\" alt=\"EXPERT+.SCHULE\" class=\"wp-image-18523\" srcset=\"https:\/\/hlwhollabrunn.ac.at\/web2\/wp-content\/uploads\/2023\/05\/02_expert_plus-936x572.webp 936w, https:\/\/hlwhollabrunn.ac.at\/web2\/wp-content\/uploads\/2023\/05\/02_expert_plus-632x386.webp 632w, https:\/\/hlwhollabrunn.ac.at\/web2\/wp-content\/uploads\/2023\/05\/02_expert_plus-200x122.webp 200w, https:\/\/hlwhollabrunn.ac.at\/web2\/wp-content\/uploads\/2023\/05\/02_expert_plus-768x469.webp 768w, https:\/\/hlwhollabrunn.ac.at\/web2\/wp-content\/uploads\/2023\/05\/02_expert_plus.webp 1200w\" sizes=\"auto, (max-width: 936px) 100vw, 936px\" \/><\/figure>\n\n\n\n<div class=\"wp-block-columns is-layout-flex wp-container-core-columns-is-layout-9d6595d7 wp-block-columns-is-layout-flex\">\n<div class=\"wp-block-column is-layout-flow wp-block-column-is-layout-flow\">\n<figure class=\"wp-block-image size-full\"><a href=\"https:\/\/hlwhollabrunn.ac.at\/web2\/wp-content\/uploads\/2023\/05\/01_expert_plus-1.webp\"><img loading=\"lazy\" decoding=\"async\" width=\"724\" height=\"1024\" src=\"https:\/\/hlwhollabrunn.ac.at\/web2\/wp-content\/uploads\/2023\/05\/01_expert_plus-1.webp\" alt=\"EXPERT+.SCHULE\" class=\"wp-image-18522\" srcset=\"https:\/\/hlwhollabrunn.ac.at\/web2\/wp-content\/uploads\/2023\/05\/01_expert_plus-1.webp 724w, https:\/\/hlwhollabrunn.ac.at\/web2\/wp-content\/uploads\/2023\/05\/01_expert_plus-1-632x894.webp 632w, https:\/\/hlwhollabrunn.ac.at\/web2\/wp-content\/uploads\/2023\/05\/01_expert_plus-1-200x283.webp 200w\" sizes=\"auto, (max-width: 724px) 100vw, 724px\" \/><\/a><\/figure>\n<\/div>\n\n\n\n<div class=\"wp-block-column is-layout-flow wp-block-column-is-layout-flow\">\n<p><strong>Seit 18. April 2023 ist die HLW Hollabrunn eine Expert.Plus-Schule. Diese Auszeichnung wird vom Bildungsministerium f\u00fcr Bildung, Wissenschaft und Forschung aufgrund von erbrachten und nachgewiesenen Leistungen zur digitalen und informatischen Bildung verliehen. Die HLW Hollabrunn tr\u00e4gt diese Auslobung als einzige Schule in Hollabrunn.<\/strong><\/p>\n<\/div>\n<\/div>\n\n\n\n<p>Zum dritten Mal in Folge konnte die HLW Hollabrunn im Bereich der eEducation den Expert.Status erreichen, mit der Auslobung Expert.Plus werden Schulen ausgezeichnet, die Nachweise aus s\u00e4mtlichen Aktivit\u00e4ts-Kategorien erbringen. So werden digitale Medien im Unterricht eingesetzt, E-Learning-Szenarien entwickelt und erprobt, innovative Lerntechnologien und Lehrmethoden eingesetzt, digitale Kompetenzen erworben und erweitert. So wurden auch heuer wieder Safer-Internet-Workshops f\u00fcr alle 1. Klassen durchgef\u00fchrt, mehrere Lehrkr\u00e4fte haben an (Online-) Seminaren teilgenommen und die schuleigene Vertiefung \u201eDigitale Kompetenz\u201c hat sich mittlerweile neben \u201eGesundheit und Soziales\u201c mehr als etabliert. <\/p>\n\n\n\n<p>Besonders stolz sind wir darauf, dass wir im heurigen Schuljahr auch eine schul\u00fcbergreifende Veranstaltung mit der Mittelschule Hollabrunn auf die Beine stellen konnten sowie im Bereich der Schulentwicklung unterschiedlichste Projekte umsetzen und weiterentwickeln konnten (Fortbildungen f\u00fcr Lehrkr\u00e4fte zum Thema \u201eFlipped Classroom\u201c, Entwickeln von Konzepten f\u00fcr den Standort, etc.).<\/p>\n\n\n\n<p>Insgesamt f\u00fchrten die 31 eingereichten Aktivit\u00e4ten zu 290 Punkten, damit haben wir die ben\u00f6tigten 150 Punkte locker \u00fcbertroffen. F\u00fcr den Expert.Plus-Status sind allerdings Aktivit\u00e4ten aus allen Kategorien einzureichen, das haben wir heuer erstmals geschafft. Wir freuen uns \u00fcber die Verleihung und hoffen, diese hohen Standards auch im n\u00e4chsten Schuljahr wieder zu erreichen.<\/p>\n","protected":false},"excerpt":{"rendered":"<p>Seit 18. April 2023 ist die HLW Hollabrunn eine Expert.Plus-Schule. Diese Auszeichnung wird vom Bildungsministerium f\u00fcr Bildung, Wissenschaft und Forschung aufgrund von erbrachten und nachgewiesenen &#8230; <\/p>\n<p class=\"read-more-container\"><a title=\"eEducation EXPERT+.SCHULE\" class=\"read-more button\" href=\"https:\/\/hlwhollabrunn.ac.at\/web2\/highlights\/auszeichnungen\/eeducation-expert-schule\/#more-18520\" aria-label=\"Mehr Informationen \u00fcber eEducation EXPERT+.SCHULE\">Weiterlesen &#8230;<\/a><\/p>\n","protected":false},"author":1,"featured_media":0,"parent":18481,"menu_order":0,"comment_status":"closed","ping_status":"closed","template":"","meta":{"_uag_custom_page_level_css":"","footnotes":""},"wf_page_folders":[115],"class_list":{"0":"post-18520","1":"page","2":"type-page","3":"status-publish","5":"no-featured-image-padding"},"uagb_featured_image_src":{"full":false,"thumbnail":false,"medium":false,"medium_large":false,"large":false,"1536x1536":false,"2048x2048":false,"sow-carousel-default":false},"uagb_author_info":{"display_name":"Leo Ertl - HLW Hollabrunn","author_link":"https:\/\/hlwhollabrunn.ac.at\/web2\/author\/leoertl_cupar_17\/"},"uagb_comment_info":0,"uagb_excerpt":"Seit 18. April 2023 ist die HLW Hollabrunn eine Expert.Plus-Schule. Diese Auszeichnung wird vom Bildungsministerium f\u00fcr Bildung, Wissenschaft und Forschung aufgrund von erbrachten und nachgewiesenen ... Weiterlesen ...","_links":{"self":[{"href":"https:\/\/hlwhollabrunn.ac.at\/web2\/wp-json\/wp\/v2\/pages\/18520","targetHints":{"allow":["GET"]}}],"collection":[{"href":"https:\/\/hlwhollabrunn.ac.at\/web2\/wp-json\/wp\/v2\/pages"}],"about":[{"href":"https:\/\/hlwhollabrunn.ac.at\/web2\/wp-json\/wp\/v2\/types\/page"}],"author":[{"embeddable":true,"href":"https:\/\/hlwhollabrunn.ac.at\/web2\/wp-json\/wp\/v2\/users\/1"}],"replies":[{"embeddable":true,"href":"https:\/\/hlwhollabrunn.ac.at\/web2\/wp-json\/wp\/v2\/comments?post=18520"}],"version-history":[{"count":4,"href":"https:\/\/hlwhollabrunn.ac.at\/web2\/wp-json\/wp\/v2\/pages\/18520\/revisions"}],"predecessor-version":[{"id":18529,"href":"https:\/\/hlwhollabrunn.ac.at\/web2\/wp-json\/wp\/v2\/pages\/18520\/revisions\/18529"}],"up":[{"embeddable":true,"href":"https:\/\/hlwhollabrunn.ac.at\/web2\/wp-json\/wp\/v2\/pages\/18481"}],"wp:attachment":[{"href":"https:\/\/hlwhollabrunn.ac.at\/web2\/wp-json\/wp\/v2\/media?parent=18520"}],"wp:term":[{"taxonomy":"wf_page_folders","embeddable":true,"href":"https:\/\/hlwhollabrunn.ac.at\/web2\/wp-json\/wp\/v2\/wf_page_folders?post=18520"}],"curies":[{"name":"wp","href":"https:\/\/api.w.org\/{rel}","templated":true}]}}