{"id":18510,"date":"2023-05-25T05:51:52","date_gmt":"2023-05-25T04:51:52","guid":{"rendered":"https:\/\/hlwhollabrunn.ac.at\/web2\/?page_id=18510"},"modified":"2023-05-25T05:58:37","modified_gmt":"2023-05-25T04:58:37","slug":"mit-dem-werkstatt-in-der-schule-guetesiegel-ausgezeichnet","status":"publish","type":"page","link":"https:\/\/hlwhollabrunn.ac.at\/web2\/highlights\/auszeichnungen\/mit-dem-werkstatt-in-der-schule-guetesiegel-ausgezeichnet\/","title":{"rendered":"Mit dem \u201eWERKSTATT in der SCHULE\u201c-G\u00fctesiegel ausgezeichnet"},"content":{"rendered":"\n<figure class=\"wp-block-image size-large\"><img loading=\"lazy\" decoding=\"async\" width=\"936\" height=\"699\" src=\"https:\/\/hlwhollabrunn.ac.at\/web2\/wp-content\/uploads\/2023\/05\/bb_werkstatt_logo_2022-936x699.webp\" alt=\"Werkstatt in der Schule G\u00fctesiegel\" class=\"wp-image-18512\" srcset=\"https:\/\/hlwhollabrunn.ac.at\/web2\/wp-content\/uploads\/2023\/05\/bb_werkstatt_logo_2022-936x699.webp 936w, https:\/\/hlwhollabrunn.ac.at\/web2\/wp-content\/uploads\/2023\/05\/bb_werkstatt_logo_2022-632x472.webp 632w, https:\/\/hlwhollabrunn.ac.at\/web2\/wp-content\/uploads\/2023\/05\/bb_werkstatt_logo_2022-200x149.webp 200w, https:\/\/hlwhollabrunn.ac.at\/web2\/wp-content\/uploads\/2023\/05\/bb_werkstatt_logo_2022-768x574.webp 768w, https:\/\/hlwhollabrunn.ac.at\/web2\/wp-content\/uploads\/2023\/05\/bb_werkstatt_logo_2022.webp 965w\" sizes=\"auto, (max-width: 936px) 100vw, 936px\" \/><\/figure>\n\n\n\n<p>2022 wurde seitens der Bildungsdirektion N\u00d6 erstmals ein G\u00fctesiegel f\u00fcr Schulen mit Werkunterricht ausgeschrieben. Zwar gibt es an unserem Schultyp HLW kein Unterrichtsfach \u201eTechnik und Design\u201c (so wird Werken in Zukunft hei\u00dfen) \u2013 jedoch ist Technik und Design in der Schule eng mit der Produktgestaltung verkn\u00fcpft. Speziell in unserer Vertiefung Kreativwerkstatt finden immer wieder Kooperationen mit Verlagen und Firmen statt, die gemeinsam mit den Sch\u00fcler:innen Produkte entwerfen und produzieren.<\/p>\n\n\n\n<figure class=\"wp-block-image size-large\"><img loading=\"lazy\" decoding=\"async\" width=\"936\" height=\"624\" src=\"https:\/\/hlwhollabrunn.ac.at\/web2\/wp-content\/uploads\/2023\/05\/01_werkstatt-936x624.webp\" alt=\"Werstatt in der Schule-G\u00fctesiegel\" class=\"wp-image-18517\" srcset=\"https:\/\/hlwhollabrunn.ac.at\/web2\/wp-content\/uploads\/2023\/05\/01_werkstatt-936x624.webp 936w, https:\/\/hlwhollabrunn.ac.at\/web2\/wp-content\/uploads\/2023\/05\/01_werkstatt-632x421.webp 632w, https:\/\/hlwhollabrunn.ac.at\/web2\/wp-content\/uploads\/2023\/05\/01_werkstatt-200x133.webp 200w, https:\/\/hlwhollabrunn.ac.at\/web2\/wp-content\/uploads\/2023\/05\/01_werkstatt-768x512.webp 768w, https:\/\/hlwhollabrunn.ac.at\/web2\/wp-content\/uploads\/2023\/05\/01_werkstatt-272x182.webp 272w, https:\/\/hlwhollabrunn.ac.at\/web2\/wp-content\/uploads\/2023\/05\/01_werkstatt.webp 1200w\" sizes=\"auto, (max-width: 936px) 100vw, 936px\" \/><\/figure>\n\n\n\n<p>Die HLW reichte die beiden Projekte<strong>&nbsp;\u201e150 Jahre Nordwestbahn\u201c<\/strong>&nbsp;(ein mit knapp 1000 St\u00fcck aufgelegtes Jubil\u00e4ums-Fachbuch \u00fcber die Bahnlinie zwischen Wien und Znaim) und&nbsp;<strong>\u201eA K\u00f6llapartie\u201c<\/strong>&nbsp;(ein bereits entworfenes und im Herbst mit 1000 St\u00fcck produziertes Brettspiel anl\u00e4sslich 100 Jahre N\u00d6) ein. Weil diese beiden Produkte f\u00fcr eine reale Umsetzung in der Kreativwerkstatt entwickelt wurden, erhielt die HLW Hollabrunn f\u00fcr die Gestaltung in der Vertiefung schon im ersten Jahr der Verleihung das G\u00fctesiegel&nbsp;<strong>\u201eWERKSTATT in der SCHULE\u201c<\/strong>. Unter nur 24 ausgezeichneten Schulen in ganz N\u00d6 ist die HLW Hollabrunn die einzige BHS mit diesem G\u00fctesiegel.<\/p>\n","protected":false},"excerpt":{"rendered":"<p>2022 wurde seitens der Bildungsdirektion N\u00d6 erstmals ein G\u00fctesiegel f\u00fcr Schulen mit Werkunterricht ausgeschrieben. Zwar gibt es an unserem Schultyp HLW kein Unterrichtsfach \u201eTechnik und &#8230; <\/p>\n<p class=\"read-more-container\"><a title=\"Mit dem \u201eWERKSTATT in der SCHULE\u201c-G\u00fctesiegel ausgezeichnet\" class=\"read-more button\" href=\"https:\/\/hlwhollabrunn.ac.at\/web2\/highlights\/auszeichnungen\/mit-dem-werkstatt-in-der-schule-guetesiegel-ausgezeichnet\/#more-18510\" aria-label=\"Mehr Informationen \u00fcber Mit dem \u201eWERKSTATT in der SCHULE\u201c-G\u00fctesiegel ausgezeichnet\">Weiterlesen &#8230;<\/a><\/p>\n","protected":false},"author":1,"featured_media":0,"parent":18481,"menu_order":0,"comment_status":"closed","ping_status":"closed","template":"","meta":{"_uag_custom_page_level_css":"","footnotes":""},"wf_page_folders":[115],"class_list":{"0":"post-18510","1":"page","2":"type-page","3":"status-publish","5":"no-featured-image-padding"},"uagb_featured_image_src":{"full":false,"thumbnail":false,"medium":false,"medium_large":false,"large":false,"1536x1536":false,"2048x2048":false,"sow-carousel-default":false},"uagb_author_info":{"display_name":"Leo Ertl - HLW Hollabrunn","author_link":"https:\/\/hlwhollabrunn.ac.at\/web2\/author\/leoertl_cupar_17\/"},"uagb_comment_info":0,"uagb_excerpt":"2022 wurde seitens der Bildungsdirektion N\u00d6 erstmals ein G\u00fctesiegel f\u00fcr Schulen mit Werkunterricht ausgeschrieben. Zwar gibt es an unserem Schultyp HLW kein Unterrichtsfach \u201eTechnik und ... Weiterlesen ...","_links":{"self":[{"href":"https:\/\/hlwhollabrunn.ac.at\/web2\/wp-json\/wp\/v2\/pages\/18510","targetHints":{"allow":["GET"]}}],"collection":[{"href":"https:\/\/hlwhollabrunn.ac.at\/web2\/wp-json\/wp\/v2\/pages"}],"about":[{"href":"https:\/\/hlwhollabrunn.ac.at\/web2\/wp-json\/wp\/v2\/types\/page"}],"author":[{"embeddable":true,"href":"https:\/\/hlwhollabrunn.ac.at\/web2\/wp-json\/wp\/v2\/users\/1"}],"replies":[{"embeddable":true,"href":"https:\/\/hlwhollabrunn.ac.at\/web2\/wp-json\/wp\/v2\/comments?post=18510"}],"version-history":[{"count":4,"href":"https:\/\/hlwhollabrunn.ac.at\/web2\/wp-json\/wp\/v2\/pages\/18510\/revisions"}],"predecessor-version":[{"id":18518,"href":"https:\/\/hlwhollabrunn.ac.at\/web2\/wp-json\/wp\/v2\/pages\/18510\/revisions\/18518"}],"up":[{"embeddable":true,"href":"https:\/\/hlwhollabrunn.ac.at\/web2\/wp-json\/wp\/v2\/pages\/18481"}],"wp:attachment":[{"href":"https:\/\/hlwhollabrunn.ac.at\/web2\/wp-json\/wp\/v2\/media?parent=18510"}],"wp:term":[{"taxonomy":"wf_page_folders","embeddable":true,"href":"https:\/\/hlwhollabrunn.ac.at\/web2\/wp-json\/wp\/v2\/wf_page_folders?post=18510"}],"curies":[{"name":"wp","href":"https:\/\/api.w.org\/{rel}","templated":true}]}}