{"id":18504,"date":"2023-05-25T05:37:51","date_gmt":"2023-05-25T04:37:51","guid":{"rendered":"https:\/\/hlwhollabrunn.ac.at\/web2\/?page_id=18504"},"modified":"2023-05-25T05:40:41","modified_gmt":"2023-05-25T04:40:41","slug":"hlw-hollabrunn-ist-erste-hilfe-fit","status":"publish","type":"page","link":"https:\/\/hlwhollabrunn.ac.at\/web2\/highlights\/auszeichnungen\/hlw-hollabrunn-ist-erste-hilfe-fit\/","title":{"rendered":"HLW Hollabrunn ist ERSTE HILFE FIT!"},"content":{"rendered":"\n<figure class=\"wp-block-image size-full\"><img decoding=\"async\" src=\"https:\/\/hlwhollabrunn.ac.at\/web2\/wp-content\/uploads\/2023\/05\/bb_erstehilfe_fit-1.webp\" alt=\"Erste Hilfe fit\" class=\"wp-image-18506\"\/><\/figure>\n\n\n\n<p><strong>Der HLW Hollabrunn wurde das G\u00fctesiegel \u201eErste Hilfe FIT\u201c \u00fcberreicht, das vom \u00d6sterreichischen Jugendrotkreuz, der AUVA und dem Bundesministerium f\u00fcr Bildung und Frauen vergeben wird.<\/strong><\/p>\n\n\n\n<p>Da unsere Schule sicherer werden soll, sollen alle wissen, was Erste Hilfe ist und welche Ma\u00dfnahmen zu ergreifen sind, wenn es zu einem Notfall kommt. Alle Personen, die sich in der Schule aufhalten \u2013 dazu geh\u00f6ren Lehrerinnen und Lehrer, das Schulpersonal sowie alle Sch\u00fclerinnen und Sch\u00fcler, sollen die M\u00f6glichkeit haben, ihre Erste-Hilfe-Kenntnisse mithilfe von Angeboten und Kursen zu erweitern und aufzufrischen. <\/p>\n","protected":false},"excerpt":{"rendered":"<p>Der HLW Hollabrunn wurde das G\u00fctesiegel \u201eErste Hilfe FIT\u201c \u00fcberreicht, das vom \u00d6sterreichischen Jugendrotkreuz, der AUVA und dem Bundesministerium f\u00fcr Bildung und Frauen vergeben wird. &#8230; <\/p>\n<p class=\"read-more-container\"><a title=\"HLW Hollabrunn ist ERSTE HILFE FIT!\" class=\"read-more button\" href=\"https:\/\/hlwhollabrunn.ac.at\/web2\/highlights\/auszeichnungen\/hlw-hollabrunn-ist-erste-hilfe-fit\/#more-18504\" aria-label=\"Mehr Informationen \u00fcber HLW Hollabrunn ist ERSTE HILFE FIT!\">Weiterlesen &#8230;<\/a><\/p>\n","protected":false},"author":1,"featured_media":0,"parent":18481,"menu_order":0,"comment_status":"closed","ping_status":"closed","template":"","meta":{"_uag_custom_page_level_css":"","footnotes":""},"wf_page_folders":[115],"class_list":{"0":"post-18504","1":"page","2":"type-page","3":"status-publish","5":"no-featured-image-padding"},"uagb_featured_image_src":{"full":false,"thumbnail":false,"medium":false,"medium_large":false,"large":false,"1536x1536":false,"2048x2048":false,"sow-carousel-default":false},"uagb_author_info":{"display_name":"Leo Ertl - HLW Hollabrunn","author_link":"https:\/\/hlwhollabrunn.ac.at\/web2\/author\/leoertl_cupar_17\/"},"uagb_comment_info":0,"uagb_excerpt":"Der HLW Hollabrunn wurde das G\u00fctesiegel \u201eErste Hilfe FIT\u201c \u00fcberreicht, das vom \u00d6sterreichischen Jugendrotkreuz, der AUVA und dem Bundesministerium f\u00fcr Bildung und Frauen vergeben wird. ... Weiterlesen ...","_links":{"self":[{"href":"https:\/\/hlwhollabrunn.ac.at\/web2\/wp-json\/wp\/v2\/pages\/18504","targetHints":{"allow":["GET"]}}],"collection":[{"href":"https:\/\/hlwhollabrunn.ac.at\/web2\/wp-json\/wp\/v2\/pages"}],"about":[{"href":"https:\/\/hlwhollabrunn.ac.at\/web2\/wp-json\/wp\/v2\/types\/page"}],"author":[{"embeddable":true,"href":"https:\/\/hlwhollabrunn.ac.at\/web2\/wp-json\/wp\/v2\/users\/1"}],"replies":[{"embeddable":true,"href":"https:\/\/hlwhollabrunn.ac.at\/web2\/wp-json\/wp\/v2\/comments?post=18504"}],"version-history":[{"count":2,"href":"https:\/\/hlwhollabrunn.ac.at\/web2\/wp-json\/wp\/v2\/pages\/18504\/revisions"}],"predecessor-version":[{"id":18507,"href":"https:\/\/hlwhollabrunn.ac.at\/web2\/wp-json\/wp\/v2\/pages\/18504\/revisions\/18507"}],"up":[{"embeddable":true,"href":"https:\/\/hlwhollabrunn.ac.at\/web2\/wp-json\/wp\/v2\/pages\/18481"}],"wp:attachment":[{"href":"https:\/\/hlwhollabrunn.ac.at\/web2\/wp-json\/wp\/v2\/media?parent=18504"}],"wp:term":[{"taxonomy":"wf_page_folders","embeddable":true,"href":"https:\/\/hlwhollabrunn.ac.at\/web2\/wp-json\/wp\/v2\/wf_page_folders?post=18504"}],"curies":[{"name":"wp","href":"https:\/\/api.w.org\/{rel}","templated":true}]}}