{"id":17713,"date":"2022-11-09T06:37:06","date_gmt":"2022-11-09T05:37:06","guid":{"rendered":"https:\/\/hlwhollabrunn.ac.at\/web2\/?page_id=17713"},"modified":"2022-11-15T21:53:17","modified_gmt":"2022-11-15T20:53:17","slug":"was-dann","status":"publish","type":"page","link":"https:\/\/hlwhollabrunn.ac.at\/web2\/hlw\/was-dann\/","title":{"rendered":"Was dann?"},"content":{"rendered":"\n<h5 class=\"sketch petrol wp-block-heading\"><mark style=\"background-color:rgba(0, 0, 0, 0)\" class=\"has-inline-color has-petrol-color\">Der Abschluss der\u00a0HLW erm\u00f6glicht\u00a0 \u2026<\/mark><\/h5>\n\n\n\n<div class=\"wp-block-buttons is-layout-flex wp-block-buttons-is-layout-flex\">\n<div class=\"wp-block-button has-custom-width wp-block-button__width-100 petrol is-style-outline is-style-outline--1\"><a class=\"wp-block-button__link wp-element-button\" style=\"border-radius:0px\">Studium an Universit\u00e4ten und&nbsp;Fachhochschulen<\/a><\/div>\n<\/div>\n\n\n\n<div class=\"wp-block-buttons is-layout-flex wp-block-buttons-is-layout-flex\">\n<div class=\"wp-block-button has-custom-width wp-block-button__width-100 is-style-outline petrol is-style-outline--2\"><a class=\"wp-block-button__link wp-element-button\" style=\"border-radius:0px\">Direkten Einstieg ins Berufsleben\u00a0(kaufm\u00e4nnische Berufe, Hotel- und\u00a0Gastgewerbe, soziale Berufe, etc.)<\/a><\/div>\n<\/div>\n\n\n\n<div class=\"wp-block-buttons is-layout-flex wp-block-buttons-is-layout-flex\">\n<div class=\"wp-block-button has-custom-width wp-block-button__width-100 is-style-outline petrol is-style-outline--3\"><a class=\"wp-block-button__link wp-element-button\" style=\"border-radius:0px\">Selbstst\u00e4ndigkeit&nbsp;(Ersatz der Unternehmerpr\u00fcfung \u2013&nbsp;nach Berufspraxis)<\/a><\/div>\n<\/div>\n\n\n\n<div class=\"wp-block-buttons is-layout-flex wp-block-buttons-is-layout-flex\">\n<div class=\"wp-block-button has-custom-width wp-block-button__width-100 is-style-outline petrol is-style-outline--4\"><a class=\"wp-block-button__link wp-element-button\" style=\"border-radius:0px\">Bef\u00e4higungsnachweis f\u00fcr das&nbsp;Gastgewerbe (ehem. Konzession f\u00fcr&nbsp;Gastgewerbe) sowie Gleichhaltung&nbsp;mit den Lehrberufen Koch, Hotel- und&nbsp;&nbsp;Restaurantfachmann\u200b<\/a><\/div>\n<\/div>\n\n\n\n<div style=\"height:42px\" aria-hidden=\"true\" class=\"wp-block-spacer\"><\/div>\n\n\n\n<div class=\"wp-block-media-text alignwide is-stacked-on-mobile is-vertically-aligned-top\"><figure class=\"wp-block-media-text__media\"><img loading=\"lazy\" decoding=\"async\" width=\"600\" height=\"400\" src=\"https:\/\/hlwhollabrunn.ac.at\/web2\/wp-content\/uploads\/2022\/11\/lehrerinwerden.jpg\" alt=\"\" class=\"wp-image-17749 size-full\" srcset=\"https:\/\/hlwhollabrunn.ac.at\/web2\/wp-content\/uploads\/2022\/11\/lehrerinwerden.jpg 600w, https:\/\/hlwhollabrunn.ac.at\/web2\/wp-content\/uploads\/2022\/11\/lehrerinwerden-200x133.jpg 200w, https:\/\/hlwhollabrunn.ac.at\/web2\/wp-content\/uploads\/2022\/11\/lehrerinwerden-272x182.jpg 272w\" sizes=\"auto, (max-width: 600px) 100vw, 600px\" \/><\/figure><div class=\"wp-block-media-text__content\">\n<h4 class=\"wp-block-heading\"><a href=\"https:\/\/klassejob.at\/\" target=\"_blank\" rel=\"noreferrer noopener\">KLASSE JOB &#8211; Jetzt als Lehrer\/in durchstarten!<\/a><\/h4>\n\n\n\n<p>Ich will Beruf und Berufung \u2013 Lehrer\/in? Auch als zweite Perspektive gefragt! Ich habe einen Job, den ich gerne weiterhin aus\u00fcben will, gleichzeitig m\u00f6chte ich jungen Menschen mein wertvolles Wissen vermitteln \u2013 mit meiner zweiten beruflichen Perspektive als Lehrer\/in kann ich genau das machen!<\/p>\n\n\n\n<p>klassejob.at<\/p>\n<\/div><\/div>\n","protected":false},"excerpt":{"rendered":"<p>Der Abschluss der\u00a0HLW erm\u00f6glicht\u00a0 \u2026 KLASSE JOB &#8211; Jetzt als Lehrer\/in durchstarten! Ich will Beruf und Berufung \u2013 Lehrer\/in? Auch als zweite Perspektive gefragt! Ich &#8230; <\/p>\n<p class=\"read-more-container\"><a title=\"Was dann?\" class=\"read-more button\" href=\"https:\/\/hlwhollabrunn.ac.at\/web2\/hlw\/was-dann\/#more-17713\" aria-label=\"Mehr Informationen \u00fcber Was dann?\">Weiterlesen &#8230;<\/a><\/p>\n","protected":false},"author":1,"featured_media":0,"parent":546,"menu_order":0,"comment_status":"closed","ping_status":"closed","template":"","meta":{"_uag_custom_page_level_css":"","footnotes":""},"wf_page_folders":[112],"class_list":{"0":"post-17713","1":"page","2":"type-page","3":"status-publish","5":"no-featured-image-padding"},"uagb_featured_image_src":{"full":false,"thumbnail":false,"medium":false,"medium_large":false,"large":false,"1536x1536":false,"2048x2048":false,"sow-carousel-default":false},"uagb_author_info":{"display_name":"Leo Ertl - HLW Hollabrunn","author_link":"https:\/\/hlwhollabrunn.ac.at\/web2\/author\/leoertl_cupar_17\/"},"uagb_comment_info":0,"uagb_excerpt":"Der Abschluss der\u00a0HLW erm\u00f6glicht\u00a0 \u2026 KLASSE JOB &#8211; Jetzt als Lehrer\/in durchstarten! Ich will Beruf und Berufung \u2013 Lehrer\/in? Auch als zweite Perspektive gefragt! Ich ... Weiterlesen ...","_links":{"self":[{"href":"https:\/\/hlwhollabrunn.ac.at\/web2\/wp-json\/wp\/v2\/pages\/17713","targetHints":{"allow":["GET"]}}],"collection":[{"href":"https:\/\/hlwhollabrunn.ac.at\/web2\/wp-json\/wp\/v2\/pages"}],"about":[{"href":"https:\/\/hlwhollabrunn.ac.at\/web2\/wp-json\/wp\/v2\/types\/page"}],"author":[{"embeddable":true,"href":"https:\/\/hlwhollabrunn.ac.at\/web2\/wp-json\/wp\/v2\/users\/1"}],"replies":[{"embeddable":true,"href":"https:\/\/hlwhollabrunn.ac.at\/web2\/wp-json\/wp\/v2\/comments?post=17713"}],"version-history":[{"count":23,"href":"https:\/\/hlwhollabrunn.ac.at\/web2\/wp-json\/wp\/v2\/pages\/17713\/revisions"}],"predecessor-version":[{"id":17763,"href":"https:\/\/hlwhollabrunn.ac.at\/web2\/wp-json\/wp\/v2\/pages\/17713\/revisions\/17763"}],"up":[{"embeddable":true,"href":"https:\/\/hlwhollabrunn.ac.at\/web2\/wp-json\/wp\/v2\/pages\/546"}],"wp:attachment":[{"href":"https:\/\/hlwhollabrunn.ac.at\/web2\/wp-json\/wp\/v2\/media?parent=17713"}],"wp:term":[{"taxonomy":"wf_page_folders","embeddable":true,"href":"https:\/\/hlwhollabrunn.ac.at\/web2\/wp-json\/wp\/v2\/wf_page_folders?post=17713"}],"curies":[{"name":"wp","href":"https:\/\/api.w.org\/{rel}","templated":true}]}}