{"id":16894,"date":"2022-02-13T12:06:20","date_gmt":"2022-02-13T11:06:20","guid":{"rendered":"https:\/\/hlwhollabrunn.ac.at\/web2\/?page_id=16894"},"modified":"2025-02-25T10:01:40","modified_gmt":"2025-02-25T09:01:40","slug":"bibliothek","status":"publish","type":"page","link":"https:\/\/hlwhollabrunn.ac.at\/web2\/sonstige\/bibliothek\/","title":{"rendered":"Bibliothek"},"content":{"rendered":"<div class=\"wp-block-image is-style-rounded\">\n<figure class=\"alignright size-full\"><img loading=\"lazy\" decoding=\"async\" width=\"330\" height=\"330\" src=\"https:\/\/hlwhollabrunn.ac.at\/web2\/wp-content\/uploads\/2022\/02\/bibliothek02_compressed.jpg\" alt=\"Bibliothek\" class=\"wp-image-16898\" srcset=\"https:\/\/hlwhollabrunn.ac.at\/web2\/wp-content\/uploads\/2022\/02\/bibliothek02_compressed.jpg 330w, https:\/\/hlwhollabrunn.ac.at\/web2\/wp-content\/uploads\/2022\/02\/bibliothek02_compressed-200x200.jpg 200w\" sizes=\"auto, (max-width: 330px) 100vw, 330px\" \/><\/figure><\/div>\n\n\n<p>Du kannst dir w\u00e4hrend der \u00d6ffnungszeiten B\u00fccher, Zeitschriften, DVDs ausborgen. Die Bibliothekarinnen stehen dir gerne bei Fragen zur Verf\u00fcgung.<br><br>Au\u00dferdem bietet unsere Bibliothek auch ein breites Angebot an Lernunterlagen sowie fachspezifische B\u00fccher, die vor allem im Hinblick auf die abschlie\u00dfenden Pr\u00fcfungen (Abschluss- bzw. Diplomarbeit) wichtig sind.<\/p>\n\n\n\n<h3 class=\"wp-block-heading\" id=\"die-offnungszeiten\">Die \u00d6ffnungszeiten<\/h3>\n\n\n\n<figure class=\"wp-block-table\"><table class=\"has-fixed-layout\"><tbody><tr><td>\u202f&nbsp;<\/td><td>Montag&nbsp;<\/td><td>Dienstag&nbsp;<\/td><td>Mittwoch&nbsp;<\/td><td>Donnerstag&nbsp;<\/td><td>Freitag&nbsp;<\/td><\/tr><tr><td>1. Stunde&nbsp;<\/td><td>\u202f&nbsp;<\/td><td>\u202f&nbsp;<\/td><td>\u202f&nbsp;<\/td><td>\u202f&nbsp;<\/td><td>\u202f&nbsp;<\/td><\/tr><tr><td>2. Stunde&nbsp;<\/td><td><strong>GOLV<\/strong>\u00a0<\/td><td>\u202f&nbsp;<\/td><td>\u202f&nbsp;<\/td><td>\u202f&nbsp;<\/td><td>\u202f&nbsp;<\/td><\/tr><tr><td>3. Stunde&nbsp;<\/td><td><strong>FISB<\/strong><\/td><td><strong>\u202f<\/strong>&nbsp;<\/td><td><\/td><td><strong>\u202f<\/strong>&nbsp;<\/td><td><strong>\u202fDEIM<\/strong>&nbsp;<\/td><\/tr><tr><td><strong>PAUSE<\/strong>&nbsp;<\/td><td><strong>DEIM<\/strong>&nbsp;<\/td><td><\/td><td><strong>FISB<\/strong>&nbsp;<\/td><td><strong>DEIM<\/strong>&nbsp;<\/td><td><strong>GOLV<\/strong>&nbsp;<\/td><\/tr><tr><td>4. Stunde&nbsp;<\/td><td><strong><\/strong>&nbsp;<\/td><td><strong>\u202f<\/strong>&nbsp;<\/td><td><strong>\u202f<\/strong>&nbsp;<\/td><td><strong>DEIM<\/strong><\/td><td><strong>GOLV<\/strong>&nbsp;<\/td><\/tr><tr><td>5. Stunde&nbsp;<\/td><td><strong><\/strong>&nbsp;<\/td><td><strong>\u202f<\/strong>&nbsp;<\/td><td><strong>\u202f<\/strong>&nbsp;<\/td><td><strong>\u202f<\/strong>&nbsp;<\/td><td><strong>\u202f<\/strong>&nbsp;<\/td><\/tr><tr><td>6. Stunde&nbsp;<\/td><td><strong>\u202f<\/strong>&nbsp;<\/td><td><strong>DEIM<\/strong>&nbsp;<\/td><td><strong>\u202f<\/strong>&nbsp;<\/td><td><\/td><td><strong>\u202f<\/strong>&nbsp;<\/td><\/tr><tr><td>7. Stunde&nbsp;<\/td><td><strong>FISB<\/strong><\/td><td><strong>DEIM<\/strong>&nbsp;<\/td><td><strong>\u202f<\/strong>&nbsp;<\/td><td><\/td><td><strong>\u202f<\/strong>&nbsp;<\/td><\/tr><\/tbody><\/table><\/figure>\n","protected":false},"excerpt":{"rendered":"<p>Du kannst dir w\u00e4hrend der \u00d6ffnungszeiten B\u00fccher, Zeitschriften, DVDs ausborgen. Die Bibliothekarinnen stehen dir gerne bei Fragen zur Verf\u00fcgung. Au\u00dferdem bietet unsere Bibliothek auch ein &#8230; <\/p>\n<p class=\"read-more-container\"><a title=\"Bibliothek\" class=\"read-more button\" href=\"https:\/\/hlwhollabrunn.ac.at\/web2\/sonstige\/bibliothek\/#more-16894\" aria-label=\"Mehr Informationen \u00fcber Bibliothek\">Weiterlesen &#8230;<\/a><\/p>\n","protected":false},"author":1,"featured_media":0,"parent":16902,"menu_order":0,"comment_status":"closed","ping_status":"closed","template":"","meta":{"_uag_custom_page_level_css":"","footnotes":""},"wf_page_folders":[119],"class_list":{"0":"post-16894","1":"page","2":"type-page","3":"status-publish","5":"no-featured-image-padding"},"uagb_featured_image_src":{"full":false,"thumbnail":false,"medium":false,"medium_large":false,"large":false,"1536x1536":false,"2048x2048":false,"sow-carousel-default":false},"uagb_author_info":{"display_name":"Leo Ertl - HLW Hollabrunn","author_link":"https:\/\/hlwhollabrunn.ac.at\/web2\/author\/leoertl_cupar_17\/"},"uagb_comment_info":0,"uagb_excerpt":"Du kannst dir w\u00e4hrend der \u00d6ffnungszeiten B\u00fccher, Zeitschriften, DVDs ausborgen. Die Bibliothekarinnen stehen dir gerne bei Fragen zur Verf\u00fcgung. Au\u00dferdem bietet unsere Bibliothek auch ein ... Weiterlesen ...","_links":{"self":[{"href":"https:\/\/hlwhollabrunn.ac.at\/web2\/wp-json\/wp\/v2\/pages\/16894","targetHints":{"allow":["GET"]}}],"collection":[{"href":"https:\/\/hlwhollabrunn.ac.at\/web2\/wp-json\/wp\/v2\/pages"}],"about":[{"href":"https:\/\/hlwhollabrunn.ac.at\/web2\/wp-json\/wp\/v2\/types\/page"}],"author":[{"embeddable":true,"href":"https:\/\/hlwhollabrunn.ac.at\/web2\/wp-json\/wp\/v2\/users\/1"}],"replies":[{"embeddable":true,"href":"https:\/\/hlwhollabrunn.ac.at\/web2\/wp-json\/wp\/v2\/comments?post=16894"}],"version-history":[{"count":7,"href":"https:\/\/hlwhollabrunn.ac.at\/web2\/wp-json\/wp\/v2\/pages\/16894\/revisions"}],"predecessor-version":[{"id":20536,"href":"https:\/\/hlwhollabrunn.ac.at\/web2\/wp-json\/wp\/v2\/pages\/16894\/revisions\/20536"}],"up":[{"embeddable":true,"href":"https:\/\/hlwhollabrunn.ac.at\/web2\/wp-json\/wp\/v2\/pages\/16902"}],"wp:attachment":[{"href":"https:\/\/hlwhollabrunn.ac.at\/web2\/wp-json\/wp\/v2\/media?parent=16894"}],"wp:term":[{"taxonomy":"wf_page_folders","embeddable":true,"href":"https:\/\/hlwhollabrunn.ac.at\/web2\/wp-json\/wp\/v2\/wf_page_folders?post=16894"}],"curies":[{"name":"wp","href":"https:\/\/api.w.org\/{rel}","templated":true}]}}