{"id":1204,"date":"2020-11-18T18:22:17","date_gmt":"2020-11-18T17:22:17","guid":{"rendered":"https:\/\/www.dubisthlwhollabrunn.at\/?page_id=1204"},"modified":"2022-02-11T19:44:49","modified_gmt":"2022-02-11T18:44:49","slug":"praktikum","status":"publish","type":"page","link":"https:\/\/hlwhollabrunn.ac.at\/web2\/fachpraxis\/praktikum\/","title":{"rendered":"Praktikum"},"content":{"rendered":"\n<p>Nach dem 3. Jahrgang in der Schulform HLW absolvierst du ein 3-monatiges Pflichtpraktikum.<br>In der Schulform FW hast du ein 8-w\u00f6chiges Pflichtpraktikum bereits nach der 2. Klasse anzutreten.<br>Auf Grund eines verk\u00fcrzten Schuljahres bleiben dennoch vier Wochen Sommerferien \u00fcbrig.<\/p>\n\n\n\n<div class=\"wp-block-image\"><figure class=\"alignleft size-full is-resized\"><img loading=\"lazy\" decoding=\"async\" src=\"https:\/\/hlwhollabrunn.ac.at\/web2\/wp-content\/uploads\/2022\/02\/praktikum.png\" alt=\"Praktikum\" class=\"wp-image-16543\" width=\"740\" height=\"773\"\/><\/figure><\/div>\n","protected":false},"excerpt":{"rendered":"<p>Nach dem 3. Jahrgang in der Schulform HLW absolvierst du ein 3-monatiges Pflichtpraktikum.In der Schulform FW hast du ein 8-w\u00f6chiges Pflichtpraktikum bereits nach der 2. &#8230; <\/p>\n<p class=\"read-more-container\"><a title=\"Praktikum\" class=\"read-more button\" href=\"https:\/\/hlwhollabrunn.ac.at\/web2\/fachpraxis\/praktikum\/#more-1204\" aria-label=\"Mehr Informationen \u00fcber Praktikum\">Weiterlesen &#8230;<\/a><\/p>\n","protected":false},"author":1,"featured_media":0,"parent":543,"menu_order":1,"comment_status":"closed","ping_status":"closed","template":"","meta":{"_uag_custom_page_level_css":"","footnotes":""},"wf_page_folders":[116],"class_list":{"0":"post-1204","1":"page","2":"type-page","3":"status-publish","5":"no-featured-image-padding"},"uagb_featured_image_src":{"full":false,"thumbnail":false,"medium":false,"medium_large":false,"large":false,"1536x1536":false,"2048x2048":false,"sow-carousel-default":false},"uagb_author_info":{"display_name":"Leo Ertl - HLW Hollabrunn","author_link":"https:\/\/hlwhollabrunn.ac.at\/web2\/author\/leoertl_cupar_17\/"},"uagb_comment_info":0,"uagb_excerpt":"Nach dem 3. Jahrgang in der Schulform HLW absolvierst du ein 3-monatiges Pflichtpraktikum.In der Schulform FW hast du ein 8-w\u00f6chiges Pflichtpraktikum bereits nach der 2. ... Weiterlesen ...","_links":{"self":[{"href":"https:\/\/hlwhollabrunn.ac.at\/web2\/wp-json\/wp\/v2\/pages\/1204","targetHints":{"allow":["GET"]}}],"collection":[{"href":"https:\/\/hlwhollabrunn.ac.at\/web2\/wp-json\/wp\/v2\/pages"}],"about":[{"href":"https:\/\/hlwhollabrunn.ac.at\/web2\/wp-json\/wp\/v2\/types\/page"}],"author":[{"embeddable":true,"href":"https:\/\/hlwhollabrunn.ac.at\/web2\/wp-json\/wp\/v2\/users\/1"}],"replies":[{"embeddable":true,"href":"https:\/\/hlwhollabrunn.ac.at\/web2\/wp-json\/wp\/v2\/comments?post=1204"}],"version-history":[{"count":5,"href":"https:\/\/hlwhollabrunn.ac.at\/web2\/wp-json\/wp\/v2\/pages\/1204\/revisions"}],"predecessor-version":[{"id":16874,"href":"https:\/\/hlwhollabrunn.ac.at\/web2\/wp-json\/wp\/v2\/pages\/1204\/revisions\/16874"}],"up":[{"embeddable":true,"href":"https:\/\/hlwhollabrunn.ac.at\/web2\/wp-json\/wp\/v2\/pages\/543"}],"wp:attachment":[{"href":"https:\/\/hlwhollabrunn.ac.at\/web2\/wp-json\/wp\/v2\/media?parent=1204"}],"wp:term":[{"taxonomy":"wf_page_folders","embeddable":true,"href":"https:\/\/hlwhollabrunn.ac.at\/web2\/wp-json\/wp\/v2\/wf_page_folders?post=1204"}],"curies":[{"name":"wp","href":"https:\/\/api.w.org\/{rel}","templated":true}]}}